{"id":10329,"date":"2026-02-20T15:32:14","date_gmt":"2026-02-20T14:32:14","guid":{"rendered":"https:\/\/agora.xtec.cat\/ieslabastida\/?page_id=10329"},"modified":"2026-04-17T12:18:10","modified_gmt":"2026-04-17T10:18:10","slug":"preinscripcio-i-matricula-ensenyaments-esportius","status":"publish","type":"page","link":"https:\/\/agora.xtec.cat\/ieslabastida\/preinscripcio-i-matricula-ensenyaments-esportius\/","title":{"rendered":"Preinscripci\u00f3 i matr\u00edcula Batxillerat esportiu i Ensenyaments Esportius"},"content":{"rendered":"\n<p>Especialitats esportives que oferim:<\/p>\n\n\n\n<ul class=\"wp-block-list\">\n<li><a href=\"https:\/\/agora.xtec.cat\/ieslabastida\/ensenyaments-esportius\/cfgm-salvament-i-socorrisme\/\">Salvament i socorrisme cicle inicial (intensiu)<\/a><\/li>\n\n\n\n<li><a href=\"https:\/\/agora.xtec.cat\/ieslabastida\/ensenyaments-esportius\/cfgm-salvament-i-socorrisme\/\">Salvament i socorrisme cicle final<\/a><\/li>\n\n\n\n<li><a href=\"https:\/\/agora.xtec.cat\/ieslabastida\/cfgm-handbol\/\">Handbol cicle inicial<\/a><\/li>\n<\/ul>\n\n\n\n<p><strong>Ensenyaments esportius &#8211; Intensiu &#8211; Quart per\u00edode 25-26<\/strong><\/p>\n\n\n\n<figure class=\"wp-block-table\"><table class=\"has-fixed-layout\"><tbody><tr><td><\/td><td>Fases de la preinscripci\u00f3<\/td><td>Aplicaci\u00f3<\/td><td>Dates<\/td><td colspan=\"2\">Observacions<\/td><\/tr><tr><td rowspan=\"8\">Quart per\u00edode curs 25-26 (intensiu d&#8217;estiu)<\/td><td>Publicaci\u00f3 de l\u2019oferta de places<\/td><td>WEB<\/td><td>19 de febrer<\/td><td>Publicat<\/td><td>30 places per especialitat amb un m\u00ednim de 8<\/td><\/tr><tr><td>Presentaci\u00f3 de sol\u00b7licituds<\/td><td>WEB<\/td><td>20\/02\/26 al 13\/03\/26<\/td><td>Termini tancat<\/td><td><\/td><\/tr><tr><td>Sorteig de desempat<\/td><td>WEB<\/td><td>17 de mar\u00e7<\/td><td>No s\u2019escau<\/td><td><\/td><\/tr><tr><td>Publicaci\u00f3 de la llista provisional<\/td><td>WEB<\/td><td>19 de mar\u00e7<\/td><td><a href=\"https:\/\/drive.google.com\/file\/d\/1wK_dD2FOPmO_bUZAwo-qus7Ob2mKajyF\/view?usp=sharing\" target=\"_blank\" rel=\"noreferrer noopener\"><em>Enlla\u00e7 a la publicaci\u00f3<\/em><\/a><\/td><td><\/td><\/tr><tr><td>Termini de reclamacions<\/td><td>WEB<\/td><td>20 al 26 de mar\u00e7<\/td><td>Termini tancat<\/td><td><\/td><\/tr><tr><td>Llista de puntuaci\u00f3 definitiva<\/td><td>WEB<\/td><td>7 d\u2019abril<\/td><td><a href=\"https:\/\/drive.google.com\/file\/d\/1jfpjBmPIP78ZMcL7pFn_fTKDcoEpQHIL\/view?usp=sharing\" target=\"_blank\" rel=\"noreferrer noopener\"><em>Enlla\u00e7 a la publicaci\u00f3<\/em><\/a><\/td><td><\/td><\/tr><tr><td>Publicaci\u00f3 oficial del llistat d\u2019admesos<\/td><td>WEB<\/td><td>8 d\u2019abril<\/td><td><a href=\"https:\/\/drive.google.com\/file\/d\/1rZUe0MD6-Koia9LjpQx2v4arrrJ46DLg\/view?usp=sharing\" target=\"_blank\" rel=\"noreferrer noopener\"><em>Enlla\u00e7 a la publicaci\u00f3<\/em><\/a><\/td><td><\/td><\/tr><tr><td>Per\u00edode de matr\u00edcula<\/td><td>WEB<\/td><td>Des del 9 d\u2019abril<\/td><td>Obert<\/td><td><a href=\"https:\/\/script.google.com\/macros\/s\/AKfycbxs-eRtnGtqu9tl2BE7PtmZ7-UUEVaCrTjBS814iC1k593iXK9KwMC61uoUgtJyTvw\/exec\" target=\"_blank\" rel=\"noreferrer noopener\">ENLLA\u00c7 APLICATIU DE MATR\u00cdCULA<\/a><\/td><\/tr><\/tbody><\/table><\/figure>\n\n\n\n<p><\/p>\n\n\n\n<p><strong>Batxillerat esportiu i Ensenyaments esportius &#8211; Primer per\u00edode 26-27<\/strong><\/p>\n\n\n\n<figure class=\"wp-block-table\"><table class=\"has-fixed-layout\"><tbody><tr><td><\/td><td>Fases de la preinscripci\u00f3<\/td><td>Aplicaci\u00f3<\/td><td>Dates<\/td><td>Estat<\/td><td>Observacions<\/td><\/tr><tr><td rowspan=\"11\">Primer per\u00edode Batxillerat esportiu i ensenyaments esporitus 2026-2027<\/td><td>Publicaci\u00f3 del calendari<\/td><td>WEB<\/td><td>Abans del 13 d&#8217;abril<\/td><td><\/td><td><\/td><\/tr><tr><td>Publicaci\u00f3 de l\u2019oferta de places Batxillerat esportiu<\/td><td>WEB<\/td><td>13 abril<\/td><td><\/td><td>15 places en total, amb un m\u00ednim de 4 inscripcions per especialitat<\/td><\/tr><tr><td>Publicaci\u00f3 de l\u2019oferta de places Ensenyaments esportius<\/td><td>WEB<\/td><td>13 abril<\/td><td><\/td><td>30 places per especialitat, amb un m\u00ednim de 8 per especialitat<\/td><\/tr><tr><td>Presentaci\u00f3 de sol\u00b7licituds de preinscripci\u00f3<\/td><td>WEB<\/td><td>Del 27 d&#8217;abril al 6 de maig<\/td><td><\/td><td><a href=\"https:\/\/agora.xtec.cat\/ieslabastida\/preinscipcio-i-matricula\/\" data-type=\"link\" data-id=\"https:\/\/agora.xtec.cat\/ieslabastida\/preinscipcio-i-matricula\/\">Enlla\u00e7 al procediment de sol\u00b7licitud<\/a><\/td><\/tr><tr><td>Sorteig de desempat<\/td><td>WEB<\/td><td>7 de maig<\/td><td><\/td><td><\/td><\/tr><tr><td>Publicaci\u00f3 de la llista provisional<\/td><td>WEB<\/td><td>8 de maig<\/td><td><\/td><td><\/td><\/tr><tr><td>Termini de reclamacions<\/td><td>WEB<\/td><td>De l&#8217;11 al 15 de maig<\/td><td><\/td><td><\/td><\/tr><tr><td>Llista de puntuaci\u00f3 definitiva<\/td><td>WEB<\/td><td>25 de maig<\/td><td><\/td><td><\/td><\/tr><tr><td>Publicaci\u00f3 oficial del llistat d\u2019admesos<\/td><td>WEB<\/td><td>25 de maig<\/td><td><\/td><td><\/td><\/tr><tr><td>Per\u00edode de matr\u00edcula<\/td><td>WEB<\/td><td>De l\u201910 al 16 de juliol<\/td><td><\/td><td>Enlla\u00e7 a l&#8217;aplicatiu de matr\u00edcula<\/td><\/tr><tr><td>Finalitzaci\u00f3<\/td><td>WEB<\/td><td>Abans del 3 de setembre<\/td><td><\/td><td><\/td><\/tr><\/tbody><\/table><\/figure>\n\n\n\n<p><\/p>\n\n\n\n<p><strong><strong>Ensenyaments esportius &#8211; Segona tanda del primer per\u00edode 26-27<\/strong><\/strong><\/p>\n\n\n\n<figure class=\"wp-block-table\"><table class=\"has-fixed-layout\"><tbody><tr><td><\/td><td>Fases de la preinscripci\u00f3<\/td><td>Aplicaci\u00f3<\/td><td>Dates<\/td><td>Estat<\/td><td>Observacions<\/td><\/tr><tr><td rowspan=\"10\">Segona tanda del Primer per\u00edode Ensenyaments esportius (sense Batxillerat) 2026-2027<\/td><td>Publicaci\u00f3 del calendari<\/td><td>WEB<\/td><td>Abans del 13 d&#8217;abril<\/td><td><\/td><td><\/td><\/tr><tr><td>Publicaci\u00f3 de l\u2019oferta de places<\/td><td>WEB<\/td><td>13 abril<\/td><td><\/td><td>30 places per especialitat, amb un m\u00ednim de 8 per especialitat<\/td><\/tr><tr><td>Presentaci\u00f3 de sol\u00b7licituds de preinscripci\u00f3<\/td><td>WEB<\/td><td>Del 26 de maig a l1 de juny<\/td><td><\/td><td><a href=\"https:\/\/agora.xtec.cat\/ieslabastida\/preinscipcio-i-matricula\/\" data-type=\"link\" data-id=\"https:\/\/agora.xtec.cat\/ieslabastida\/preinscipcio-i-matricula\/\">Enlla\u00e7 al procediment de sol\u00b7licitud<\/a><\/td><\/tr><tr><td>Sorteig de desempat<\/td><td>WEB<\/td><td>2 de juny<\/td><td><\/td><td><\/td><\/tr><tr><td>Publicaci\u00f3 de la llista provisional<\/td><td>WEB<\/td><td>3 de juny<\/td><td><\/td><td><\/td><\/tr><tr><td>Termini de reclamacions<\/td><td>WEB<\/td><td>Del 4 al 10 de juny<\/td><td><\/td><td><\/td><\/tr><tr><td>Llista de puntuaci\u00f3 definitiva<\/td><td>WEB<\/td><td>18 de juny<\/td><td><\/td><td><\/td><\/tr><tr><td>Publicaci\u00f3 oficial del llistat d\u2019admesos<\/td><td>WEB<\/td><td>18 de juny<\/td><td><\/td><td><\/td><\/tr><tr><td>Per\u00edode de matr\u00edcula<\/td><td>WEB<\/td><td>De l\u201910 al 16 de juliol<\/td><td><\/td><td>Enlla\u00e7 a l&#8217;aplicatiu de matr\u00edcula<\/td><\/tr><tr><td>Finalitzaci\u00f3<\/td><td>WEB<\/td><td>Abans del 3 de setembre<\/td><td><\/td><td><\/td><\/tr><\/tbody><\/table><\/figure>\n\n\n\n<p><\/p>\n","protected":false},"excerpt":{"rendered":"<p>Especialitats esportives que oferim: Ensenyaments esportius &#8211; Intensiu &#8211; Quart per\u00edode 25-26 Fases de la preinscripci\u00f3 Aplicaci\u00f3 Dates Observacions Quart [&hellip;]<\/p>\n","protected":false},"author":80,"featured_media":0,"parent":0,"menu_order":0,"comment_status":"closed","ping_status":"close","template":"","meta":{"_bbp_topic_count":0,"_bbp_reply_count":0,"_bbp_total_topic_count":0,"_bbp_total_reply_count":0,"_bbp_voice_count":0,"_bbp_anonymous_reply_count":0,"_bbp_topic_count_hidden":0,"_bbp_reply_count_hidden":0,"_bbp_forum_subforum_count":0,"site-sidebar-layout":"no-sidebar","site-content-layout":"","ast-site-content-layout":"normal-width-container","site-content-style":"default","site-sidebar-style":"default","ast-global-header-display":"","ast-banner-title-visibility":"","ast-main-header-display":"","ast-hfb-above-header-display":"","ast-hfb-below-header-display":"","ast-hfb-mobile-header-display":"","site-post-title":"","ast-breadcrumbs-content":"","ast-featured-img":"","footer-sml-layout":"","theme-transparent-header-meta":"","adv-header-id-meta":"","stick-header-meta":"","header-above-stick-meta":"","header-main-stick-meta":"","header-below-stick-meta":"","astra-migrate-meta-layouts":"set","ast-page-background-enabled":"default","ast-page-background-meta":{"desktop":{"background-color":"var(--ast-global-color-4)","background-image":"","background-repeat":"repeat","background-position":"center center","background-size":"auto","background-attachment":"scroll","background-type":"","background-media":"","overlay-type":"","overlay-color":"","overlay-opacity":"","overlay-gradient":""},"tablet":{"background-color":"","background-image":"","background-repeat":"repeat","background-position":"center center","background-size":"auto","background-attachment":"scroll","background-type":"","background-media":"","overlay-type":"","overlay-color":"","overlay-opacity":"","overlay-gradient":""},"mobile":{"background-color":"","background-image":"","background-repeat":"repeat","background-position":"center center","background-size":"auto","background-attachment":"scroll","background-type":"","background-media":"","overlay-type":"","overlay-color":"","overlay-opacity":"","overlay-gradient":""}},"ast-content-background-meta":{"desktop":{"background-color":"var(--ast-global-color-5)","background-image":"","background-repeat":"repeat","background-position":"center center","background-size":"auto","background-attachment":"scroll","background-type":"","background-media":"","overlay-type":"","overlay-color":"","overlay-opacity":"","overlay-gradient":""},"tablet":{"background-color":"var(--ast-global-color-5)","background-image":"","background-repeat":"repeat","background-position":"center center","background-size":"auto","background-attachment":"scroll","background-type":"","background-media":"","overlay-type":"","overlay-color":"","overlay-opacity":"","overlay-gradient":""},"mobile":{"background-color":"var(--ast-global-color-5)","background-image":"","background-repeat":"repeat","background-position":"center center","background-size":"auto","background-attachment":"scroll","background-type":"","background-media":"","overlay-type":"","overlay-color":"","overlay-opacity":"","overlay-gradient":""}},"footnotes":""},"class_list":["post-10329","page","type-page","status-publish","hentry"],"post_mailing_queue_ids":[],"_links":{"self":[{"href":"https:\/\/agora.xtec.cat\/ieslabastida\/wp-json\/wp\/v2\/pages\/10329","targetHints":{"allow":["GET"]}}],"collection":[{"href":"https:\/\/agora.xtec.cat\/ieslabastida\/wp-json\/wp\/v2\/pages"}],"about":[{"href":"https:\/\/agora.xtec.cat\/ieslabastida\/wp-json\/wp\/v2\/types\/page"}],"author":[{"embeddable":true,"href":"https:\/\/agora.xtec.cat\/ieslabastida\/wp-json\/wp\/v2\/users\/80"}],"replies":[{"embeddable":true,"href":"https:\/\/agora.xtec.cat\/ieslabastida\/wp-json\/wp\/v2\/comments?post=10329"}],"version-history":[{"count":6,"href":"https:\/\/agora.xtec.cat\/ieslabastida\/wp-json\/wp\/v2\/pages\/10329\/revisions"}],"predecessor-version":[{"id":10716,"href":"https:\/\/agora.xtec.cat\/ieslabastida\/wp-json\/wp\/v2\/pages\/10329\/revisions\/10716"}],"wp:attachment":[{"href":"https:\/\/agora.xtec.cat\/ieslabastida\/wp-json\/wp\/v2\/media?parent=10329"}],"curies":[{"name":"wp","href":"https:\/\/api.w.org\/{rel}","templated":true}]}}