{"id":10197,"date":"2026-02-10T19:03:39","date_gmt":"2026-02-10T18:03:39","guid":{"rendered":"https:\/\/agora.xtec.cat\/ieslabastida\/?page_id=10197"},"modified":"2026-02-25T16:40:37","modified_gmt":"2026-02-25T15:40:37","slug":"organitzacio-del-centre","status":"publish","type":"page","link":"https:\/\/agora.xtec.cat\/ieslabastida\/organitzacio-del-centre\/","title":{"rendered":"Organitzaci\u00f3 del centre"},"content":{"rendered":"\n<p>En aquesta p\u00e0gina pots consultar la informaci\u00f3 fonamentals que regeix el funcionament del nostre institut, aix\u00ed com els documents oficials que defineixen la nostra l\u00ednia pedag\u00f2gica i de gesti\u00f3. Tamb\u00e9 hi trobareu informaci\u00f3 actualitzada sobre el Consell Escolar, l&#8217;\u00f2rgan m\u00e0xim de participaci\u00f3 de l&#8217;alumnat, les fam\u00edlies i el professorat.<\/p>\n\n\n\n<p>Exploreu els seg\u00fcents apartats per con\u00e8ixer com treballem dia a dia per oferir una formaci\u00f3 professional de qualitat.<\/p>\n\n\n\n<figure class=\"wp-block-gallery has-nested-images columns-4 is-cropped wp-block-gallery-1 is-layout-flex wp-block-gallery-is-layout-flex\">\n<figure class=\"wp-block-image size-full\"><a href=\"https:\/\/docs.google.com\/document\/d\/1eyy1KfEU78GuG-hAAj2H5fTOBjwS0F0jfCMuCmHylRQ\/edit?tab=t.0\"><img loading=\"lazy\" decoding=\"async\" width=\"707\" height=\"354\" data-id=\"10200\" src=\"https:\/\/agora.xtec.cat\/ieslabastida\/wp-content\/uploads\/usu1265\/2026\/02\/base-taronja-comunicats-generals.png\" alt=\"Bot\u00f3 Projecte Educatiu de Centre\" class=\"wp-image-10200\" srcset=\"https:\/\/agora.xtec.cat\/ieslabastida\/wp-content\/uploads\/usu1265\/2026\/02\/base-taronja-comunicats-generals.png 707w, https:\/\/agora.xtec.cat\/ieslabastida\/wp-content\/uploads\/usu1265\/2026\/02\/base-taronja-comunicats-generals-300x150.png 300w\" sizes=\"auto, (max-width: 707px) 100vw, 707px\" \/><\/a><\/figure>\n\n\n\n<figure class=\"wp-block-image size-full\"><a href=\"https:\/\/docs.google.com\/document\/d\/1PrP110hBuU2An1l4ym2u7JAlSKLmPvxSMxc0Hi98-Bc\/edit?tab=t.0\"><img loading=\"lazy\" decoding=\"async\" width=\"707\" height=\"354\" data-id=\"10198\" src=\"https:\/\/agora.xtec.cat\/ieslabastida\/wp-content\/uploads\/usu1265\/2026\/02\/base-taronja-comunicats-generals-2.png\" alt=\"Bot\u00f3 Normes d'organitzaci\u00f3 i funcionament del centre\" class=\"wp-image-10198\" srcset=\"https:\/\/agora.xtec.cat\/ieslabastida\/wp-content\/uploads\/usu1265\/2026\/02\/base-taronja-comunicats-generals-2.png 707w, https:\/\/agora.xtec.cat\/ieslabastida\/wp-content\/uploads\/usu1265\/2026\/02\/base-taronja-comunicats-generals-2-300x150.png 300w\" sizes=\"auto, (max-width: 707px) 100vw, 707px\" \/><\/a><\/figure>\n\n\n\n<figure class=\"wp-block-image size-full\"><a href=\"https:\/\/drive.google.com\/file\/d\/1v-cKO38fuaNhNFzshKeEWB_m5ZOHzYsj\/view?pli=1\"><img loading=\"lazy\" decoding=\"async\" width=\"707\" height=\"354\" data-id=\"10203\" src=\"https:\/\/agora.xtec.cat\/ieslabastida\/wp-content\/uploads\/usu1265\/2026\/02\/base-taronja-comunicats-generals-3.png\" alt=\"Bot\u00f3 Prihecte de direcci\u00f3 2022-2026\" class=\"wp-image-10203\" srcset=\"https:\/\/agora.xtec.cat\/ieslabastida\/wp-content\/uploads\/usu1265\/2026\/02\/base-taronja-comunicats-generals-3.png 707w, https:\/\/agora.xtec.cat\/ieslabastida\/wp-content\/uploads\/usu1265\/2026\/02\/base-taronja-comunicats-generals-3-300x150.png 300w\" sizes=\"auto, (max-width: 707px) 100vw, 707px\" \/><\/a><\/figure>\n\n\n\n<figure class=\"wp-block-image size-full\"><a href=\"https:\/\/agora.xtec.cat\/ieslabastida\/linstitut\/consell-escolar\/\"><img loading=\"lazy\" decoding=\"async\" width=\"708\" height=\"354\" data-id=\"10202\" src=\"https:\/\/agora.xtec.cat\/ieslabastida\/wp-content\/uploads\/usu1265\/2026\/02\/base-taronja-comunicats-generals-6.png\" alt=\"Bot\u00f3 consell escolar\" class=\"wp-image-10202\" srcset=\"https:\/\/agora.xtec.cat\/ieslabastida\/wp-content\/uploads\/usu1265\/2026\/02\/base-taronja-comunicats-generals-6.png 708w, https:\/\/agora.xtec.cat\/ieslabastida\/wp-content\/uploads\/usu1265\/2026\/02\/base-taronja-comunicats-generals-6-300x150.png 300w\" sizes=\"auto, (max-width: 708px) 100vw, 708px\" \/><\/a><\/figure>\n<\/figure>\n\n\n\n<figure class=\"wp-block-gallery has-nested-images columns-4 is-cropped wp-block-gallery-2 is-layout-flex wp-block-gallery-is-layout-flex\">\n<figure class=\"wp-block-image size-full\"><a href=\"https:\/\/agora.xtec.cat\/ieslabastida\/llei-de-transparencia\/\"><img loading=\"lazy\" decoding=\"async\" width=\"472\" height=\"236\" data-id=\"10348\" src=\"https:\/\/agora.xtec.cat\/ieslabastida\/wp-content\/uploads\/usu1265\/2026\/02\/base-taronja-comunicats-generals-3.jpg\" alt=\"Bot\u00f3 Llei de transpar\u00e8ncia\" class=\"wp-image-10348\" srcset=\"https:\/\/agora.xtec.cat\/ieslabastida\/wp-content\/uploads\/usu1265\/2026\/02\/base-taronja-comunicats-generals-3.jpg 472w, https:\/\/agora.xtec.cat\/ieslabastida\/wp-content\/uploads\/usu1265\/2026\/02\/base-taronja-comunicats-generals-3-300x150.jpg 300w\" sizes=\"auto, (max-width: 472px) 100vw, 472px\" \/><\/a><\/figure>\n\n\n\n<figure class=\"wp-block-image size-full\"><a href=\"https:\/\/agora.xtec.cat\/ieslabastida\/qualitat\/\"><img loading=\"lazy\" decoding=\"async\" width=\"472\" height=\"236\" data-id=\"9253\" src=\"https:\/\/agora.xtec.cat\/ieslabastida\/wp-content\/uploads\/usu1265\/2025\/06\/base-taronja-comunicats-generals-3-2.png\" alt=\"\" class=\"wp-image-9253\" srcset=\"https:\/\/agora.xtec.cat\/ieslabastida\/wp-content\/uploads\/usu1265\/2025\/06\/base-taronja-comunicats-generals-3-2.png 472w, https:\/\/agora.xtec.cat\/ieslabastida\/wp-content\/uploads\/usu1265\/2025\/06\/base-taronja-comunicats-generals-3-2-300x150.png 300w\" sizes=\"auto, (max-width: 472px) 100vw, 472px\" \/><\/a><\/figure>\n\n\n\n<figure class=\"wp-block-image size-full\"><a href=\"https:\/\/agora.xtec.cat\/ieslabastida\/linstitut\/organigrama\/\"><img loading=\"lazy\" decoding=\"async\" width=\"707\" height=\"354\" data-id=\"10199\" src=\"https:\/\/agora.xtec.cat\/ieslabastida\/wp-content\/uploads\/usu1265\/2026\/02\/base-taronja-comunicats-generals-5.png\" alt=\"Bot\u00f3 Organigrama\" class=\"wp-image-10199\" srcset=\"https:\/\/agora.xtec.cat\/ieslabastida\/wp-content\/uploads\/usu1265\/2026\/02\/base-taronja-comunicats-generals-5.png 707w, https:\/\/agora.xtec.cat\/ieslabastida\/wp-content\/uploads\/usu1265\/2026\/02\/base-taronja-comunicats-generals-5-300x150.png 300w\" sizes=\"auto, (max-width: 707px) 100vw, 707px\" \/><\/a><\/figure>\n\n\n\n<figure class=\"wp-block-image size-full\"><a href=\"https:\/\/docs.google.com\/spreadsheets\/d\/13m8BK1omj0KTdD0z2QjEovTuNHATzV8KtBN5NfijpwI\/edit?gid=1194479981#gid=1194479981\"><img loading=\"lazy\" decoding=\"async\" width=\"707\" height=\"354\" data-id=\"10201\" src=\"https:\/\/agora.xtec.cat\/ieslabastida\/wp-content\/uploads\/usu1265\/2026\/02\/base-taronja-comunicats-generals-4.png\" alt=\"Bot\u00f3 Estrat\u00e8gia digital de centre\" class=\"wp-image-10201\" srcset=\"https:\/\/agora.xtec.cat\/ieslabastida\/wp-content\/uploads\/usu1265\/2026\/02\/base-taronja-comunicats-generals-4.png 707w, https:\/\/agora.xtec.cat\/ieslabastida\/wp-content\/uploads\/usu1265\/2026\/02\/base-taronja-comunicats-generals-4-300x150.png 300w\" sizes=\"auto, (max-width: 707px) 100vw, 707px\" \/><\/a><\/figure>\n<\/figure>\n\n\n\n<p><\/p>\n","protected":false},"excerpt":{"rendered":"<p>En aquesta p\u00e0gina pots consultar la informaci\u00f3 fonamentals que regeix el funcionament del nostre institut, aix\u00ed com els documents oficials [&hellip;]<\/p>\n","protected":false},"author":80,"featured_media":0,"parent":0,"menu_order":0,"comment_status":"closed","ping_status":"close","template":"","meta":{"_bbp_topic_count":0,"_bbp_reply_count":0,"_bbp_total_topic_count":0,"_bbp_total_reply_count":0,"_bbp_voice_count":0,"_bbp_anonymous_reply_count":0,"_bbp_topic_count_hidden":0,"_bbp_reply_count_hidden":0,"_bbp_forum_subforum_count":0,"site-sidebar-layout":"no-sidebar","site-content-layout":"","ast-site-content-layout":"normal-width-container","site-content-style":"default","site-sidebar-style":"default","ast-global-header-display":"","ast-banner-title-visibility":"","ast-main-header-display":"","ast-hfb-above-header-display":"","ast-hfb-below-header-display":"","ast-hfb-mobile-header-display":"","site-post-title":"","ast-breadcrumbs-content":"","ast-featured-img":"","footer-sml-layout":"","theme-transparent-header-meta":"","adv-header-id-meta":"","stick-header-meta":"","header-above-stick-meta":"","header-main-stick-meta":"","header-below-stick-meta":"","astra-migrate-meta-layouts":"set","ast-page-background-enabled":"default","ast-page-background-meta":{"desktop":{"background-color":"var(--ast-global-color-4)","background-image":"","background-repeat":"repeat","background-position":"center center","background-size":"auto","background-attachment":"scroll","background-type":"","background-media":"","overlay-type":"","overlay-color":"","overlay-opacity":"","overlay-gradient":""},"tablet":{"background-color":"","background-image":"","background-repeat":"repeat","background-position":"center center","background-size":"auto","background-attachment":"scroll","background-type":"","background-media":"","overlay-type":"","overlay-color":"","overlay-opacity":"","overlay-gradient":""},"mobile":{"background-color":"","background-image":"","background-repeat":"repeat","background-position":"center center","background-size":"auto","background-attachment":"scroll","background-type":"","background-media":"","overlay-type":"","overlay-color":"","overlay-opacity":"","overlay-gradient":""}},"ast-content-background-meta":{"desktop":{"background-color":"var(--ast-global-color-5)","background-image":"","background-repeat":"repeat","background-position":"center center","background-size":"auto","background-attachment":"scroll","background-type":"","background-media":"","overlay-type":"","overlay-color":"","overlay-opacity":"","overlay-gradient":""},"tablet":{"background-color":"var(--ast-global-color-5)","background-image":"","background-repeat":"repeat","background-position":"center center","background-size":"auto","background-attachment":"scroll","background-type":"","background-media":"","overlay-type":"","overlay-color":"","overlay-opacity":"","overlay-gradient":""},"mobile":{"background-color":"var(--ast-global-color-5)","background-image":"","background-repeat":"repeat","background-position":"center center","background-size":"auto","background-attachment":"scroll","background-type":"","background-media":"","overlay-type":"","overlay-color":"","overlay-opacity":"","overlay-gradient":""}},"footnotes":""},"class_list":["post-10197","page","type-page","status-publish","hentry"],"post_mailing_queue_ids":[],"_links":{"self":[{"href":"https:\/\/agora.xtec.cat\/ieslabastida\/wp-json\/wp\/v2\/pages\/10197","targetHints":{"allow":["GET"]}}],"collection":[{"href":"https:\/\/agora.xtec.cat\/ieslabastida\/wp-json\/wp\/v2\/pages"}],"about":[{"href":"https:\/\/agora.xtec.cat\/ieslabastida\/wp-json\/wp\/v2\/types\/page"}],"author":[{"embeddable":true,"href":"https:\/\/agora.xtec.cat\/ieslabastida\/wp-json\/wp\/v2\/users\/80"}],"replies":[{"embeddable":true,"href":"https:\/\/agora.xtec.cat\/ieslabastida\/wp-json\/wp\/v2\/comments?post=10197"}],"version-history":[{"count":6,"href":"https:\/\/agora.xtec.cat\/ieslabastida\/wp-json\/wp\/v2\/pages\/10197\/revisions"}],"predecessor-version":[{"id":10373,"href":"https:\/\/agora.xtec.cat\/ieslabastida\/wp-json\/wp\/v2\/pages\/10197\/revisions\/10373"}],"wp:attachment":[{"href":"https:\/\/agora.xtec.cat\/ieslabastida\/wp-json\/wp\/v2\/media?parent=10197"}],"curies":[{"name":"wp","href":"https:\/\/api.w.org\/{rel}","templated":true}]}}