{"id":10078,"date":"2026-01-28T10:22:46","date_gmt":"2026-01-28T09:22:46","guid":{"rendered":"https:\/\/agora.xtec.cat\/ieslabastida\/?page_id=10078"},"modified":"2026-01-28T16:11:32","modified_gmt":"2026-01-28T15:11:32","slug":"ateca-2","status":"publish","type":"page","link":"https:\/\/agora.xtec.cat\/ieslabastida\/ateca-2\/","title":{"rendered":"Aula ATECA &#8211; 2"},"content":{"rendered":"\n<p class=\"has-text-align-right has-small-font-size\">28\/01\/2026<\/p>\n\n\n\n<figure class=\"wp-block-image aligncenter size-large\"><a href=\"https:\/\/agora.xtec.cat\/ieslabastida\/wp-content\/uploads\/usu1265\/2025\/11\/Brown-White-Minimalist-Blank-A4-Document-Horizontal-1.png\"><img loading=\"lazy\" decoding=\"async\" width=\"1024\" height=\"724\" src=\"https:\/\/agora.xtec.cat\/ieslabastida\/wp-content\/uploads\/usu1265\/2025\/11\/Brown-White-Minimalist-Blank-A4-Document-Horizontal-1-1024x724.png\" alt=\"\" class=\"wp-image-9808\" srcset=\"https:\/\/agora.xtec.cat\/ieslabastida\/wp-content\/uploads\/usu1265\/2025\/11\/Brown-White-Minimalist-Blank-A4-Document-Horizontal-1-1024x724.png 1024w, https:\/\/agora.xtec.cat\/ieslabastida\/wp-content\/uploads\/usu1265\/2025\/11\/Brown-White-Minimalist-Blank-A4-Document-Horizontal-1-300x212.png 300w, https:\/\/agora.xtec.cat\/ieslabastida\/wp-content\/uploads\/usu1265\/2025\/11\/Brown-White-Minimalist-Blank-A4-Document-Horizontal-1-768x543.png 768w, https:\/\/agora.xtec.cat\/ieslabastida\/wp-content\/uploads\/usu1265\/2025\/11\/Brown-White-Minimalist-Blank-A4-Document-Horizontal-1.png 1500w\" sizes=\"auto, (max-width: 1024px) 100vw, 1024px\" \/><\/a><\/figure>\n\n\n\n<p>Estrenem nova aula ATECA: aula de tecnologia aplicada al servei de la Formaci\u00f3 Professional.<\/p>\n\n\n\n<p>L\u2019aula ATECA-2 de l\u2019Institut La Bastida \u00e9s un espai dissenyat per potenciar les compet\u00e8ncies digitals, professionals i emprenedores de l\u2019alumnat. El seu entorn flexible i polivalent incorpora tecnologia avan\u00e7ada per facilitar la simulaci\u00f3 professional i el desenvolupament de projectes transversals.<\/p>\n\n\n\n<h2 class=\"wp-block-heading has-medium-font-size\"><strong>Un espai f\u00edsic pensat per aprendre amb tecnologia<\/strong><\/h2>\n\n\n\n<p>L\u2019aula est\u00e0 equipada amb armaris de c\u00e0rrega per a la gesti\u00f3 del material tecnol\u00f2gic i s\u2019ha dissenyat a partir d\u2019un estudi espec\u00edfic de les necessitats de cada cicle formatiu.<br>Aquest plantejament ha perm\u00e8s crear un espai que s\u2019adapta a diferents metodologies i fomenta l\u2019aprenentatge immersiu.<\/p>\n\n\n\n<h2 class=\"wp-block-heading has-medium-font-size\"><strong>Simulaci\u00f3 professional amb ulleres VR Pico 4 Ultra Enterprise<\/strong><\/h2>\n\n\n\n<p>L\u2019\u00fas de la realitat virtual permet recrear entorns reals on l\u2019alumnat pot practicar habilitats professionals de manera segura i interactiva.<\/p>\n\n\n\n<figure class=\"wp-block-gallery has-nested-images columns-default is-cropped wp-block-gallery-1 is-layout-flex wp-block-gallery-is-layout-flex\">\n<figure class=\"wp-block-image size-large\"><a href=\"https:\/\/agora.xtec.cat\/ieslabastida\/wp-content\/uploads\/usu1265\/2025\/11\/9.jpg\"><img loading=\"lazy\" decoding=\"async\" width=\"1024\" height=\"596\" data-id=\"10012\" src=\"https:\/\/agora.xtec.cat\/ieslabastida\/wp-content\/uploads\/usu1265\/2025\/11\/9-1024x596.jpg\" alt=\"\" class=\"wp-image-10012\" srcset=\"https:\/\/agora.xtec.cat\/ieslabastida\/wp-content\/uploads\/usu1265\/2025\/11\/9-1024x596.jpg 1024w, https:\/\/agora.xtec.cat\/ieslabastida\/wp-content\/uploads\/usu1265\/2025\/11\/9-300x175.jpg 300w, https:\/\/agora.xtec.cat\/ieslabastida\/wp-content\/uploads\/usu1265\/2025\/11\/9-768x447.jpg 768w, https:\/\/agora.xtec.cat\/ieslabastida\/wp-content\/uploads\/usu1265\/2025\/11\/9.jpg 1485w\" sizes=\"auto, (max-width: 1024px) 100vw, 1024px\" \/><\/a><\/figure>\n\n\n\n<figure class=\"wp-block-image size-large\"><a href=\"https:\/\/agora.xtec.cat\/ieslabastida\/wp-content\/uploads\/usu1265\/2025\/11\/10.jpg\"><img loading=\"lazy\" decoding=\"async\" width=\"1024\" height=\"596\" data-id=\"10013\" src=\"https:\/\/agora.xtec.cat\/ieslabastida\/wp-content\/uploads\/usu1265\/2025\/11\/10-1024x596.jpg\" alt=\"\" class=\"wp-image-10013\" srcset=\"https:\/\/agora.xtec.cat\/ieslabastida\/wp-content\/uploads\/usu1265\/2025\/11\/10-1024x596.jpg 1024w, https:\/\/agora.xtec.cat\/ieslabastida\/wp-content\/uploads\/usu1265\/2025\/11\/10-300x175.jpg 300w, https:\/\/agora.xtec.cat\/ieslabastida\/wp-content\/uploads\/usu1265\/2025\/11\/10-768x447.jpg 768w, https:\/\/agora.xtec.cat\/ieslabastida\/wp-content\/uploads\/usu1265\/2025\/11\/10.jpg 1485w\" sizes=\"auto, (max-width: 1024px) 100vw, 1024px\" \/><\/a><\/figure>\n\n\n\n<figure class=\"wp-block-image size-large\"><a href=\"https:\/\/agora.xtec.cat\/ieslabastida\/wp-content\/uploads\/usu1265\/2025\/11\/11.jpg\"><img loading=\"lazy\" decoding=\"async\" width=\"1024\" height=\"596\" data-id=\"10014\" src=\"https:\/\/agora.xtec.cat\/ieslabastida\/wp-content\/uploads\/usu1265\/2025\/11\/11-1024x596.jpg\" alt=\"\" class=\"wp-image-10014\" srcset=\"https:\/\/agora.xtec.cat\/ieslabastida\/wp-content\/uploads\/usu1265\/2025\/11\/11-1024x596.jpg 1024w, https:\/\/agora.xtec.cat\/ieslabastida\/wp-content\/uploads\/usu1265\/2025\/11\/11-300x175.jpg 300w, https:\/\/agora.xtec.cat\/ieslabastida\/wp-content\/uploads\/usu1265\/2025\/11\/11-768x447.jpg 768w, https:\/\/agora.xtec.cat\/ieslabastida\/wp-content\/uploads\/usu1265\/2025\/11\/11.jpg 1485w\" sizes=\"auto, (max-width: 1024px) 100vw, 1024px\" \/><\/a><\/figure>\n<\/figure>\n\n\n\n<p><strong>\u00c0rea sanit\u00e0ria<\/strong><br>\u2022 Pr\u00e0ctica de procediments assistencials amb el <em>Simulador d\u2019Auxiliar d\u2019Infermeria \u2013 T\u00e8cniques B\u00e0siques (II)<\/em>. Utilitzat principalment pel cicle d&#8217;Atenci\u00f3 a les persones en situaci\u00f3 de depend\u00e8ncia.<\/p>\n\n\n\n<p><strong>\u00c0rea d\u2019imatge personal<\/strong><br>\u2022 Entrenament en est\u00e8tica i atenci\u00f3 al client amb el <em>Simulador de Perruqueria i Est\u00e8tica<\/em> dirigit al cicle d&#8217;Est\u00e8tica i bellesa.<\/p>\n\n\n\n<p><strong>Emerg\u00e8ncies sanit\u00e0ries<\/strong><br>\u2022 Formaci\u00f3 en primers auxilis amb <em>Laerdal AED Trainer<\/em> i <em>Little Anne QCPR<\/em>, que ofereixen <em>feedback<\/em> digital immediat. Equipament d&#8217;\u00fas transversal per a tots els cicles de totes les fam\u00edlies de l&#8217;institut.<\/p>\n\n\n\n<h2 class=\"wp-block-heading has-medium-font-size\"><strong>Tecnologia per millorar el rendiment i el benestar<\/strong><\/h2>\n\n\n\n<p>L\u2019aula integra dispositius d\u2019an\u00e0lisi corporal i d\u2019entrenament avan\u00e7at que utilitzen els cicles d\u2019activitats f\u00edsicoesportives:<\/p>\n\n\n\n<p>\u2022 Mesuradors de bioimped\u00e0ncia <br>\u2022 Armilles de <strong>tracking esportiu<\/strong><br>\u2022 Plataforma de contacte amb <strong>encoder<\/strong><br>\u2022 Dispositius d\u2019electroestimulaci\u00f3 <strong>Compex SP 8.0<\/strong><br>\u2022 Rellotges <strong>Garmin Instinct 3<\/strong> per monitoritzar rutes i activitats a l\u2019aire lliure<\/p>\n\n\n\n<figure class=\"wp-block-gallery has-nested-images columns-default is-cropped wp-block-gallery-2 is-layout-flex wp-block-gallery-is-layout-flex\">\n<figure class=\"wp-block-image size-large\"><a href=\"https:\/\/agora.xtec.cat\/ieslabastida\/wp-content\/uploads\/usu1265\/2025\/11\/4.jpg\"><img loading=\"lazy\" decoding=\"async\" width=\"1024\" height=\"595\" data-id=\"9999\" src=\"https:\/\/agora.xtec.cat\/ieslabastida\/wp-content\/uploads\/usu1265\/2025\/11\/4-1024x595.jpg\" alt=\"\" class=\"wp-image-9999\" srcset=\"https:\/\/agora.xtec.cat\/ieslabastida\/wp-content\/uploads\/usu1265\/2025\/11\/4-1024x595.jpg 1024w, https:\/\/agora.xtec.cat\/ieslabastida\/wp-content\/uploads\/usu1265\/2025\/11\/4-300x174.jpg 300w, https:\/\/agora.xtec.cat\/ieslabastida\/wp-content\/uploads\/usu1265\/2025\/11\/4-768x447.jpg 768w, https:\/\/agora.xtec.cat\/ieslabastida\/wp-content\/uploads\/usu1265\/2025\/11\/4.jpg 1350w\" sizes=\"auto, (max-width: 1024px) 100vw, 1024px\" \/><\/a><\/figure>\n\n\n\n<figure class=\"wp-block-image size-large\"><a href=\"https:\/\/agora.xtec.cat\/ieslabastida\/wp-content\/uploads\/usu1265\/2025\/11\/1.jpg\"><img loading=\"lazy\" decoding=\"async\" width=\"1024\" height=\"595\" data-id=\"9996\" src=\"https:\/\/agora.xtec.cat\/ieslabastida\/wp-content\/uploads\/usu1265\/2025\/11\/1-1024x595.jpg\" alt=\"\" class=\"wp-image-9996\" srcset=\"https:\/\/agora.xtec.cat\/ieslabastida\/wp-content\/uploads\/usu1265\/2025\/11\/1-1024x595.jpg 1024w, https:\/\/agora.xtec.cat\/ieslabastida\/wp-content\/uploads\/usu1265\/2025\/11\/1-300x174.jpg 300w, https:\/\/agora.xtec.cat\/ieslabastida\/wp-content\/uploads\/usu1265\/2025\/11\/1-768x447.jpg 768w, https:\/\/agora.xtec.cat\/ieslabastida\/wp-content\/uploads\/usu1265\/2025\/11\/1.jpg 1350w\" sizes=\"auto, (max-width: 1024px) 100vw, 1024px\" \/><\/a><\/figure>\n\n\n\n<figure class=\"wp-block-image size-large\"><a href=\"https:\/\/agora.xtec.cat\/ieslabastida\/wp-content\/uploads\/usu1265\/2025\/11\/2.jpg\"><img loading=\"lazy\" decoding=\"async\" width=\"1024\" height=\"595\" data-id=\"9997\" src=\"https:\/\/agora.xtec.cat\/ieslabastida\/wp-content\/uploads\/usu1265\/2025\/11\/2-1024x595.jpg\" alt=\"\" class=\"wp-image-9997\" srcset=\"https:\/\/agora.xtec.cat\/ieslabastida\/wp-content\/uploads\/usu1265\/2025\/11\/2-1024x595.jpg 1024w, https:\/\/agora.xtec.cat\/ieslabastida\/wp-content\/uploads\/usu1265\/2025\/11\/2-300x174.jpg 300w, https:\/\/agora.xtec.cat\/ieslabastida\/wp-content\/uploads\/usu1265\/2025\/11\/2-768x447.jpg 768w, https:\/\/agora.xtec.cat\/ieslabastida\/wp-content\/uploads\/usu1265\/2025\/11\/2.jpg 1350w\" sizes=\"auto, (max-width: 1024px) 100vw, 1024px\" \/><\/a><\/figure>\n\n\n\n<figure class=\"wp-block-image size-large\"><a href=\"https:\/\/agora.xtec.cat\/ieslabastida\/wp-content\/uploads\/usu1265\/2025\/11\/5.jpg\"><img loading=\"lazy\" decoding=\"async\" width=\"1350\" height=\"785\" data-id=\"10000\" src=\"https:\/\/agora.xtec.cat\/ieslabastida\/wp-content\/uploads\/usu1265\/2025\/11\/5-1024x595.jpg\" alt=\"\" class=\"wp-image-10000\" srcset=\"https:\/\/agora.xtec.cat\/ieslabastida\/wp-content\/uploads\/usu1265\/2025\/11\/5-1024x595.jpg 1024w, https:\/\/agora.xtec.cat\/ieslabastida\/wp-content\/uploads\/usu1265\/2025\/11\/5-300x174.jpg 300w, https:\/\/agora.xtec.cat\/ieslabastida\/wp-content\/uploads\/usu1265\/2025\/11\/5-768x447.jpg 768w, https:\/\/agora.xtec.cat\/ieslabastida\/wp-content\/uploads\/usu1265\/2025\/11\/5.jpg 1350w\" sizes=\"auto, (max-width: 1350px) 100vw, 1350px\" \/><\/a><\/figure>\n\n\n\n<figure class=\"wp-block-image size-large\"><a href=\"https:\/\/agora.xtec.cat\/ieslabastida\/wp-content\/uploads\/usu1265\/2025\/11\/3.jpg\"><img loading=\"lazy\" decoding=\"async\" width=\"1024\" height=\"595\" data-id=\"9998\" src=\"https:\/\/agora.xtec.cat\/ieslabastida\/wp-content\/uploads\/usu1265\/2025\/11\/3-1024x595.jpg\" alt=\"\" class=\"wp-image-9998\" srcset=\"https:\/\/agora.xtec.cat\/ieslabastida\/wp-content\/uploads\/usu1265\/2025\/11\/3-1024x595.jpg 1024w, https:\/\/agora.xtec.cat\/ieslabastida\/wp-content\/uploads\/usu1265\/2025\/11\/3-300x174.jpg 300w, https:\/\/agora.xtec.cat\/ieslabastida\/wp-content\/uploads\/usu1265\/2025\/11\/3-768x447.jpg 768w, https:\/\/agora.xtec.cat\/ieslabastida\/wp-content\/uploads\/usu1265\/2025\/11\/3.jpg 1350w\" sizes=\"auto, (max-width: 1024px) 100vw, 1024px\" \/><\/a><\/figure>\n<\/figure>\n\n\n\n<p>Aquests recursos permeten desenvolupar projectes basats en dades reals, estudiar h\u00e0bits saludables i analitzar el rendiment f\u00edsic de manera precisa.<\/p>\n\n\n\n<h2 class=\"wp-block-heading has-medium-font-size\"><strong>Producci\u00f3 audiovisual per impulsar projectes<\/strong><\/h2>\n\n\n\n<p>L\u2019aula tamb\u00e9 \u00e9s un punt de creaci\u00f3 audiovisual. Les imatges es processen i editen amb els port\u00e0tils habilitats a l\u2019aula.<br>Amb el dron <strong>DJI Flip<\/strong> i les c\u00e0meres <strong>DJI Osmo Pocket 3<\/strong>, l\u2019alumnat i el professorat poden enregistrar continguts per:<\/p>\n\n\n\n<figure class=\"wp-block-gallery has-nested-images columns-default is-cropped wp-block-gallery-3 is-layout-flex wp-block-gallery-is-layout-flex\">\n<figure class=\"wp-block-image size-full\"><a href=\"https:\/\/agora.xtec.cat\/ieslabastida\/wp-content\/uploads\/usu1265\/2025\/11\/6.jpg\"><img loading=\"lazy\" decoding=\"async\" width=\"1620\" height=\"942\" data-id=\"10003\" src=\"https:\/\/agora.xtec.cat\/ieslabastida\/wp-content\/uploads\/usu1265\/2025\/11\/6.jpg\" alt=\"\" class=\"wp-image-10003\" srcset=\"https:\/\/agora.xtec.cat\/ieslabastida\/wp-content\/uploads\/usu1265\/2025\/11\/6.jpg 1620w, https:\/\/agora.xtec.cat\/ieslabastida\/wp-content\/uploads\/usu1265\/2025\/11\/6-300x174.jpg 300w, https:\/\/agora.xtec.cat\/ieslabastida\/wp-content\/uploads\/usu1265\/2025\/11\/6-1024x595.jpg 1024w, https:\/\/agora.xtec.cat\/ieslabastida\/wp-content\/uploads\/usu1265\/2025\/11\/6-768x447.jpg 768w, https:\/\/agora.xtec.cat\/ieslabastida\/wp-content\/uploads\/usu1265\/2025\/11\/6-1536x893.jpg 1536w\" sizes=\"auto, (max-width: 1620px) 100vw, 1620px\" \/><\/a><\/figure>\n\n\n\n<figure class=\"wp-block-image size-full\"><a href=\"https:\/\/agora.xtec.cat\/ieslabastida\/wp-content\/uploads\/usu1265\/2025\/11\/8.jpg\"><img loading=\"lazy\" decoding=\"async\" width=\"1620\" height=\"942\" data-id=\"10005\" src=\"https:\/\/agora.xtec.cat\/ieslabastida\/wp-content\/uploads\/usu1265\/2025\/11\/8.jpg\" alt=\"\" class=\"wp-image-10005\" srcset=\"https:\/\/agora.xtec.cat\/ieslabastida\/wp-content\/uploads\/usu1265\/2025\/11\/8.jpg 1620w, https:\/\/agora.xtec.cat\/ieslabastida\/wp-content\/uploads\/usu1265\/2025\/11\/8-300x174.jpg 300w, https:\/\/agora.xtec.cat\/ieslabastida\/wp-content\/uploads\/usu1265\/2025\/11\/8-1024x595.jpg 1024w, https:\/\/agora.xtec.cat\/ieslabastida\/wp-content\/uploads\/usu1265\/2025\/11\/8-768x447.jpg 768w, https:\/\/agora.xtec.cat\/ieslabastida\/wp-content\/uploads\/usu1265\/2025\/11\/8-1536x893.jpg 1536w\" sizes=\"auto, (max-width: 1620px) 100vw, 1620px\" \/><\/a><\/figure>\n\n\n\n<figure class=\"wp-block-image size-full\"><a href=\"https:\/\/agora.xtec.cat\/ieslabastida\/wp-content\/uploads\/usu1265\/2025\/11\/7.jpg\"><img loading=\"lazy\" decoding=\"async\" width=\"1620\" height=\"942\" data-id=\"10004\" src=\"https:\/\/agora.xtec.cat\/ieslabastida\/wp-content\/uploads\/usu1265\/2025\/11\/7.jpg\" alt=\"\" class=\"wp-image-10004\" srcset=\"https:\/\/agora.xtec.cat\/ieslabastida\/wp-content\/uploads\/usu1265\/2025\/11\/7.jpg 1620w, https:\/\/agora.xtec.cat\/ieslabastida\/wp-content\/uploads\/usu1265\/2025\/11\/7-300x174.jpg 300w, https:\/\/agora.xtec.cat\/ieslabastida\/wp-content\/uploads\/usu1265\/2025\/11\/7-1024x595.jpg 1024w, https:\/\/agora.xtec.cat\/ieslabastida\/wp-content\/uploads\/usu1265\/2025\/11\/7-768x447.jpg 768w, https:\/\/agora.xtec.cat\/ieslabastida\/wp-content\/uploads\/usu1265\/2025\/11\/7-1536x893.jpg 1536w\" sizes=\"auto, (max-width: 1620px) 100vw, 1620px\" \/><\/a><\/figure>\n<\/figure>\n\n\n\n<p>\u2022 Promoure projectes d\u2019emprenedoria<br>\u2022 Difondre bones pr\u00e0ctiques dels diferents departaments del centre<br>\u2022 Documentar activitats i projectes internacionals, socials i esportius<\/p>\n\n\n\n<figure class=\"wp-block-image aligncenter size-large\"><a href=\"https:\/\/agora.xtec.cat\/ieslabastida\/wp-content\/uploads\/usu1265\/2025\/02\/LOGOTIPS-I-FRASE-MRR23-scaled.jpg\"><img loading=\"lazy\" decoding=\"async\" width=\"1024\" height=\"125\" src=\"https:\/\/agora.xtec.cat\/ieslabastida\/wp-content\/uploads\/usu1265\/2025\/02\/LOGOTIPS-I-FRASE-MRR23-1024x125.jpg\" alt=\"\" class=\"wp-image-8060\" srcset=\"https:\/\/agora.xtec.cat\/ieslabastida\/wp-content\/uploads\/usu1265\/2025\/02\/LOGOTIPS-I-FRASE-MRR23-1024x125.jpg 1024w, https:\/\/agora.xtec.cat\/ieslabastida\/wp-content\/uploads\/usu1265\/2025\/02\/LOGOTIPS-I-FRASE-MRR23-300x37.jpg 300w, https:\/\/agora.xtec.cat\/ieslabastida\/wp-content\/uploads\/usu1265\/2025\/02\/LOGOTIPS-I-FRASE-MRR23-768x94.jpg 768w, https:\/\/agora.xtec.cat\/ieslabastida\/wp-content\/uploads\/usu1265\/2025\/02\/LOGOTIPS-I-FRASE-MRR23-1536x188.jpg 1536w, https:\/\/agora.xtec.cat\/ieslabastida\/wp-content\/uploads\/usu1265\/2025\/02\/LOGOTIPS-I-FRASE-MRR23-2048x251.jpg 2048w\" sizes=\"auto, (max-width: 1024px) 100vw, 1024px\" \/><\/a><\/figure>\n","protected":false},"excerpt":{"rendered":"<p>28\/01\/2026 Estrenem nova aula ATECA: aula de tecnologia aplicada al servei de la Formaci\u00f3 Professional. L\u2019aula ATECA-2 de l\u2019Institut La [&hellip;]<\/p>\n","protected":false},"author":80,"featured_media":0,"parent":0,"menu_order":0,"comment_status":"closed","ping_status":"close","template":"","meta":{"_bbp_topic_count":0,"_bbp_reply_count":0,"_bbp_total_topic_count":0,"_bbp_total_reply_count":0,"_bbp_voice_count":0,"_bbp_anonymous_reply_count":0,"_bbp_topic_count_hidden":0,"_bbp_reply_count_hidden":0,"_bbp_forum_subforum_count":0,"site-sidebar-layout":"default","site-content-layout":"","ast-site-content-layout":"default","site-content-style":"default","site-sidebar-style":"default","ast-global-header-display":"","ast-banner-title-visibility":"","ast-main-header-display":"","ast-hfb-above-header-display":"","ast-hfb-below-header-display":"","ast-hfb-mobile-header-display":"","site-post-title":"","ast-breadcrumbs-content":"","ast-featured-img":"","footer-sml-layout":"","theme-transparent-header-meta":"","adv-header-id-meta":"","stick-header-meta":"","header-above-stick-meta":"","header-main-stick-meta":"","header-below-stick-meta":"","astra-migrate-meta-layouts":"set","ast-page-background-enabled":"default","ast-page-background-meta":{"desktop":{"background-color":"var(--ast-global-color-4)","background-image":"","background-repeat":"repeat","background-position":"center center","background-size":"auto","background-attachment":"scroll","background-type":"","background-media":"","overlay-type":"","overlay-color":"","overlay-opacity":"","overlay-gradient":""},"tablet":{"background-color":"","background-image":"","background-repeat":"repeat","background-position":"center center","background-size":"auto","background-attachment":"scroll","background-type":"","background-media":"","overlay-type":"","overlay-color":"","overlay-opacity":"","overlay-gradient":""},"mobile":{"background-color":"","background-image":"","background-repeat":"repeat","background-position":"center center","background-size":"auto","background-attachment":"scroll","background-type":"","background-media":"","overlay-type":"","overlay-color":"","overlay-opacity":"","overlay-gradient":""}},"ast-content-background-meta":{"desktop":{"background-color":"var(--ast-global-color-5)","background-image":"","background-repeat":"repeat","background-position":"center center","background-size":"auto","background-attachment":"scroll","background-type":"","background-media":"","overlay-type":"","overlay-color":"","overlay-opacity":"","overlay-gradient":""},"tablet":{"background-color":"var(--ast-global-color-5)","background-image":"","background-repeat":"repeat","background-position":"center center","background-size":"auto","background-attachment":"scroll","background-type":"","background-media":"","overlay-type":"","overlay-color":"","overlay-opacity":"","overlay-gradient":""},"mobile":{"background-color":"var(--ast-global-color-5)","background-image":"","background-repeat":"repeat","background-position":"center center","background-size":"auto","background-attachment":"scroll","background-type":"","background-media":"","overlay-type":"","overlay-color":"","overlay-opacity":"","overlay-gradient":""}},"footnotes":""},"class_list":["post-10078","page","type-page","status-publish","hentry"],"post_mailing_queue_ids":[],"_links":{"self":[{"href":"https:\/\/agora.xtec.cat\/ieslabastida\/wp-json\/wp\/v2\/pages\/10078","targetHints":{"allow":["GET"]}}],"collection":[{"href":"https:\/\/agora.xtec.cat\/ieslabastida\/wp-json\/wp\/v2\/pages"}],"about":[{"href":"https:\/\/agora.xtec.cat\/ieslabastida\/wp-json\/wp\/v2\/types\/page"}],"author":[{"embeddable":true,"href":"https:\/\/agora.xtec.cat\/ieslabastida\/wp-json\/wp\/v2\/users\/80"}],"replies":[{"embeddable":true,"href":"https:\/\/agora.xtec.cat\/ieslabastida\/wp-json\/wp\/v2\/comments?post=10078"}],"version-history":[{"count":3,"href":"https:\/\/agora.xtec.cat\/ieslabastida\/wp-json\/wp\/v2\/pages\/10078\/revisions"}],"predecessor-version":[{"id":10099,"href":"https:\/\/agora.xtec.cat\/ieslabastida\/wp-json\/wp\/v2\/pages\/10078\/revisions\/10099"}],"wp:attachment":[{"href":"https:\/\/agora.xtec.cat\/ieslabastida\/wp-json\/wp\/v2\/media?parent=10078"}],"curies":[{"name":"wp","href":"https:\/\/api.w.org\/{rel}","templated":true}]}}