{"id":10059,"date":"2026-01-27T20:04:31","date_gmt":"2026-01-27T19:04:31","guid":{"rendered":"https:\/\/agora.xtec.cat\/ieslabastida\/?page_id=10059"},"modified":"2026-01-28T09:22:20","modified_gmt":"2026-01-28T08:22:20","slug":"tallers-dimatge-personal","status":"publish","type":"page","link":"https:\/\/agora.xtec.cat\/ieslabastida\/tallers-dimatge-personal\/","title":{"rendered":"Tallers d&#8217;imatge personal"},"content":{"rendered":"\n<p><strong>Taller de maquillatge<\/strong><\/p>\n\n\n\n<p>A l\u2019Institut La Bastida comptem amb un taller de maquillatge completament equipat, pensat per a la formaci\u00f3 professionalitzadora dels nostres estudiants. El nostre espai inclou tots els elements necessaris per a la pr\u00e0ctica i l\u2019aprenentatge: taules de maquillatge, miralls amb llums, pinzells, productes i eines professionals de primera qualitat.<\/p>\n\n\n\n<p>Aquest taller permet als alumnes desenvolupar habilitats pr\u00e0ctiques i creatives, preparar-se per al m\u00f3n laboral i experimentar amb t\u00e8cniques actuals de maquillatge social, art\u00edstic i professional, tot en un entorn segur i controlat.<\/p>\n\n\n\n<figure class=\"wp-block-image aligncenter size-large\"><a href=\"https:\/\/agora.xtec.cat\/ieslabastida\/wp-content\/uploads\/usu1265\/2026\/01\/Bastida-fotos-horitzontals-5.jpg\"><img loading=\"lazy\" decoding=\"async\" width=\"1024\" height=\"596\" src=\"https:\/\/agora.xtec.cat\/ieslabastida\/wp-content\/uploads\/usu1265\/2026\/01\/Bastida-fotos-horitzontals-5-1024x596.jpg\" alt=\"\" class=\"wp-image-10061\" srcset=\"https:\/\/agora.xtec.cat\/ieslabastida\/wp-content\/uploads\/usu1265\/2026\/01\/Bastida-fotos-horitzontals-5-1024x596.jpg 1024w, https:\/\/agora.xtec.cat\/ieslabastida\/wp-content\/uploads\/usu1265\/2026\/01\/Bastida-fotos-horitzontals-5-300x175.jpg 300w, https:\/\/agora.xtec.cat\/ieslabastida\/wp-content\/uploads\/usu1265\/2026\/01\/Bastida-fotos-horitzontals-5-768x447.jpg 768w, https:\/\/agora.xtec.cat\/ieslabastida\/wp-content\/uploads\/usu1265\/2026\/01\/Bastida-fotos-horitzontals-5-1536x894.jpg 1536w, https:\/\/agora.xtec.cat\/ieslabastida\/wp-content\/uploads\/usu1265\/2026\/01\/Bastida-fotos-horitzontals-5.jpg 1755w\" sizes=\"auto, (max-width: 1024px) 100vw, 1024px\" \/><\/a><\/figure>\n\n\n\n<p><strong>Taller de manicura<\/strong><\/p>\n\n\n\n<p>Aquest espai est\u00e0 pensat per oferir una formaci\u00f3 pr\u00e0ctica i professionalitzadora, alineada amb les exig\u00e8ncies reals del sector de l\u2019est\u00e8tica i la cura de les ungles.<\/p>\n\n\n\n<p>El taller est\u00e0 equipat amb taules de manicura professionals, material espec\u00edfic per a manicura i pedicura, productes t\u00e8cnics (gels, esmalts semipermanents, acr\u00edlics, eines de decoraci\u00f3 i nail art) i sistemes d\u2019higiene i esterilitzaci\u00f3. Tot el material permet a l\u2019alumnat practicar t\u00e8cniques actuals amb criteris de seguretat, higiene i qualitat professional.<\/p>\n\n\n\n<p>Aquest espai facilita l\u2019aprenentatge de processos complets, des de la preparaci\u00f3 de l\u2019ungla fins a l\u2019acabat final, fomentant la precisi\u00f3, la creativitat i l\u2019atenci\u00f3 al client. El taller de manicura esdev\u00e9 aix\u00ed un entorn clau per desenvolupar compet\u00e8ncies t\u00e8cniques, comunicatives i d\u2019atenci\u00f3 personal, preparant l\u2019alumnat per a la inserci\u00f3 laboral o la continu\u00eftat formativa dins del sector de la imatge personal.<\/p>\n\n\n\n<figure class=\"wp-block-image aligncenter size-large\"><a href=\"https:\/\/agora.xtec.cat\/ieslabastida\/wp-content\/uploads\/usu1265\/2026\/01\/Bastida-fotos-horitzontals-6.jpg\"><img loading=\"lazy\" decoding=\"async\" width=\"1024\" height=\"595\" src=\"https:\/\/agora.xtec.cat\/ieslabastida\/wp-content\/uploads\/usu1265\/2026\/01\/Bastida-fotos-horitzontals-6-1024x595.jpg\" alt=\"\" class=\"wp-image-10067\" srcset=\"https:\/\/agora.xtec.cat\/ieslabastida\/wp-content\/uploads\/usu1265\/2026\/01\/Bastida-fotos-horitzontals-6-1024x595.jpg 1024w, https:\/\/agora.xtec.cat\/ieslabastida\/wp-content\/uploads\/usu1265\/2026\/01\/Bastida-fotos-horitzontals-6-300x174.jpg 300w, https:\/\/agora.xtec.cat\/ieslabastida\/wp-content\/uploads\/usu1265\/2026\/01\/Bastida-fotos-horitzontals-6-768x447.jpg 768w, https:\/\/agora.xtec.cat\/ieslabastida\/wp-content\/uploads\/usu1265\/2026\/01\/Bastida-fotos-horitzontals-6-1536x893.jpg 1536w, https:\/\/agora.xtec.cat\/ieslabastida\/wp-content\/uploads\/usu1265\/2026\/01\/Bastida-fotos-horitzontals-6.jpg 1890w\" sizes=\"auto, (max-width: 1024px) 100vw, 1024px\" \/><\/a><\/figure>\n\n\n\n<p><strong>Taller d&#8217;est\u00e8tica<\/strong><\/p>\n\n\n\n<p>Concebut com un espai d\u2019aprenentatge pr\u00e0ctic que reprodueix les condicions reals d\u2019un centre d\u2019est\u00e8tica.<\/p>\n\n\n\n<p>El taller est\u00e0 equipat amb lliteres i cadires ergon\u00f2miques, aparells d\u2019est\u00e8tica facial i corporal, depilaci\u00f3 i higiene facial. Tamb\u00e9 disposa de productes cosm\u00e8tics professionals, instrumental adequat i sistemes d\u2019higiene i esterilitzaci\u00f3 que garanteixen unes pr\u00e0ctiques segures i de qualitat.<\/p>\n\n\n\n<p>Aquest espai permet a l\u2019alumnat adquirir i perfeccionar t\u00e8cniques est\u00e8tiques, aplicar protocols complets de tractament i desenvolupar habiliats d\u2019atenci\u00f3 al client, assessorament personalitzat i comunicaci\u00f3 professional. El taller d\u2019est\u00e8tica esdev\u00e9 un entorn essencial per a la formaci\u00f3 integral de l\u2019alumnat i la seva preparaci\u00f3 per a la inserci\u00f3 laboral dins del sector de la imatge personal.<\/p>\n\n\n\n<figure class=\"wp-block-image aligncenter size-large\"><a href=\"https:\/\/agora.xtec.cat\/ieslabastida\/wp-content\/uploads\/usu1265\/2026\/01\/Bastida-fotos-horitzontals.png\"><img loading=\"lazy\" decoding=\"async\" width=\"1024\" height=\"595\" src=\"https:\/\/agora.xtec.cat\/ieslabastida\/wp-content\/uploads\/usu1265\/2026\/01\/Bastida-fotos-horitzontals-1024x595.png\" alt=\"\" class=\"wp-image-10068\" srcset=\"https:\/\/agora.xtec.cat\/ieslabastida\/wp-content\/uploads\/usu1265\/2026\/01\/Bastida-fotos-horitzontals-1024x595.png 1024w, https:\/\/agora.xtec.cat\/ieslabastida\/wp-content\/uploads\/usu1265\/2026\/01\/Bastida-fotos-horitzontals-300x174.png 300w, https:\/\/agora.xtec.cat\/ieslabastida\/wp-content\/uploads\/usu1265\/2026\/01\/Bastida-fotos-horitzontals-768x447.png 768w, https:\/\/agora.xtec.cat\/ieslabastida\/wp-content\/uploads\/usu1265\/2026\/01\/Bastida-fotos-horitzontals.png 1080w\" sizes=\"auto, (max-width: 1024px) 100vw, 1024px\" \/><\/a><\/figure>\n","protected":false},"excerpt":{"rendered":"<p>Taller de maquillatge A l\u2019Institut La Bastida comptem amb un taller de maquillatge completament equipat, pensat per a la formaci\u00f3 [&hellip;]<\/p>\n","protected":false},"author":80,"featured_media":0,"parent":0,"menu_order":0,"comment_status":"closed","ping_status":"close","template":"","meta":{"_bbp_topic_count":0,"_bbp_reply_count":0,"_bbp_total_topic_count":0,"_bbp_total_reply_count":0,"_bbp_voice_count":0,"_bbp_anonymous_reply_count":0,"_bbp_topic_count_hidden":0,"_bbp_reply_count_hidden":0,"_bbp_forum_subforum_count":0,"site-sidebar-layout":"default","site-content-layout":"","ast-site-content-layout":"default","site-content-style":"default","site-sidebar-style":"default","ast-global-header-display":"","ast-banner-title-visibility":"","ast-main-header-display":"","ast-hfb-above-header-display":"","ast-hfb-below-header-display":"","ast-hfb-mobile-header-display":"","site-post-title":"","ast-breadcrumbs-content":"","ast-featured-img":"","footer-sml-layout":"","theme-transparent-header-meta":"","adv-header-id-meta":"","stick-header-meta":"","header-above-stick-meta":"","header-main-stick-meta":"","header-below-stick-meta":"","astra-migrate-meta-layouts":"set","ast-page-background-enabled":"default","ast-page-background-meta":{"desktop":{"background-color":"var(--ast-global-color-4)","background-image":"","background-repeat":"repeat","background-position":"center center","background-size":"auto","background-attachment":"scroll","background-type":"","background-media":"","overlay-type":"","overlay-color":"","overlay-opacity":"","overlay-gradient":""},"tablet":{"background-color":"","background-image":"","background-repeat":"repeat","background-position":"center center","background-size":"auto","background-attachment":"scroll","background-type":"","background-media":"","overlay-type":"","overlay-color":"","overlay-opacity":"","overlay-gradient":""},"mobile":{"background-color":"","background-image":"","background-repeat":"repeat","background-position":"center center","background-size":"auto","background-attachment":"scroll","background-type":"","background-media":"","overlay-type":"","overlay-color":"","overlay-opacity":"","overlay-gradient":""}},"ast-content-background-meta":{"desktop":{"background-color":"var(--ast-global-color-5)","background-image":"","background-repeat":"repeat","background-position":"center center","background-size":"auto","background-attachment":"scroll","background-type":"","background-media":"","overlay-type":"","overlay-color":"","overlay-opacity":"","overlay-gradient":""},"tablet":{"background-color":"var(--ast-global-color-5)","background-image":"","background-repeat":"repeat","background-position":"center center","background-size":"auto","background-attachment":"scroll","background-type":"","background-media":"","overlay-type":"","overlay-color":"","overlay-opacity":"","overlay-gradient":""},"mobile":{"background-color":"var(--ast-global-color-5)","background-image":"","background-repeat":"repeat","background-position":"center center","background-size":"auto","background-attachment":"scroll","background-type":"","background-media":"","overlay-type":"","overlay-color":"","overlay-opacity":"","overlay-gradient":""}},"footnotes":""},"class_list":["post-10059","page","type-page","status-publish","hentry"],"post_mailing_queue_ids":[],"_links":{"self":[{"href":"https:\/\/agora.xtec.cat\/ieslabastida\/wp-json\/wp\/v2\/pages\/10059","targetHints":{"allow":["GET"]}}],"collection":[{"href":"https:\/\/agora.xtec.cat\/ieslabastida\/wp-json\/wp\/v2\/pages"}],"about":[{"href":"https:\/\/agora.xtec.cat\/ieslabastida\/wp-json\/wp\/v2\/types\/page"}],"author":[{"embeddable":true,"href":"https:\/\/agora.xtec.cat\/ieslabastida\/wp-json\/wp\/v2\/users\/80"}],"replies":[{"embeddable":true,"href":"https:\/\/agora.xtec.cat\/ieslabastida\/wp-json\/wp\/v2\/comments?post=10059"}],"version-history":[{"count":3,"href":"https:\/\/agora.xtec.cat\/ieslabastida\/wp-json\/wp\/v2\/pages\/10059\/revisions"}],"predecessor-version":[{"id":10069,"href":"https:\/\/agora.xtec.cat\/ieslabastida\/wp-json\/wp\/v2\/pages\/10059\/revisions\/10069"}],"wp:attachment":[{"href":"https:\/\/agora.xtec.cat\/ieslabastida\/wp-json\/wp\/v2\/media?parent=10059"}],"curies":[{"name":"wp","href":"https:\/\/api.w.org\/{rel}","templated":true}]}}