{"id":10036,"date":"2026-01-27T17:22:10","date_gmt":"2026-01-27T16:22:10","guid":{"rendered":"https:\/\/agora.xtec.cat\/ieslabastida\/?page_id=10036"},"modified":"2026-01-28T13:26:17","modified_gmt":"2026-01-28T12:26:17","slug":"aula-ateca-1","status":"publish","type":"page","link":"https:\/\/agora.xtec.cat\/ieslabastida\/aula-ateca-1\/","title":{"rendered":"Aula ATECA &#8211; 1"},"content":{"rendered":"\n<p class=\"has-text-align-right has-small-font-size\">28\/01\/2026<\/p>\n\n\n\n<p>L\u2019Aula ATECA-1 s\u2019ha dissenyat com un espai polivalent orientat a la comunicaci\u00f3 i la simulaci\u00f3, que integra \u00e0udio, v\u00eddeo, realitat virtual i streaming, facilitant metodologies actives, projectes interdisciplinaris i aprenentatges basats en la pr\u00e0ctica. L\u2019objectiu \u00e9s refor\u00e7ar les compet\u00e8ncies digitals, comunicatives i transversals pr\u00f2pies de la Formaci\u00f3 Professional.<\/p>\n\n\n\n<p><strong>Equip de gravaci\u00f3 i estudi de podcast<\/strong><\/p>\n\n\n\n<p>L\u2019aula disposa d\u2019un <strong>estudi complet de producci\u00f3 de podcast<\/strong>, que permet enregistraments amb qualitat professional:<\/p>\n\n\n\n<p>Aquest equipament permet a l\u2019alumnat crear podcasts educatius, entrevistes, debats, programes divulgatius i continguts comunicatius vinculats als m\u00f2duls formatius .<\/p>\n\n\n\n<p><\/p>\n\n\n\n<p><strong>Set de gravaci\u00f3 de v\u00eddeo i creaci\u00f3 audiovisual<\/strong><\/p>\n\n\n\n<p>L\u2019Aula ATECA-1 incorpora tamb\u00e9 un <strong>set de gravaci\u00f3 de v\u00eddeo<\/strong>, pensat per a la producci\u00f3 de continguts audiovisuals:<\/p>\n\n\n\n<ul class=\"wp-block-list\">\n<li><strong>Fons de croma<\/strong> per a escenaris virtuals<\/li>\n\n\n\n<li><strong>Sistema d\u2019il\u00b7luminaci\u00f3 professional<\/strong><\/li>\n\n\n\n<li><strong>C\u00e0meres de gravaci\u00f3 de v\u00eddeo<\/strong><\/li>\n\n\n\n<li><strong>Micr\u00f2fons espec\u00edfics per a producci\u00f3 audiovisual<\/strong><\/li>\n\n\n\n<li><strong>Pantalla interactiva Newline Elara Pro 86\u201d amb suport m\u00f2bil<\/strong><\/li>\n<\/ul>\n\n\n\n<figure class=\"wp-block-image aligncenter size-large\"><a href=\"https:\/\/agora.xtec.cat\/ieslabastida\/wp-content\/uploads\/usu1265\/2026\/01\/WhatsApp-Image-2026-01-27-at-15.05.12.jpeg\"><img loading=\"lazy\" decoding=\"async\" width=\"1024\" height=\"576\" src=\"https:\/\/agora.xtec.cat\/ieslabastida\/wp-content\/uploads\/usu1265\/2026\/01\/WhatsApp-Image-2026-01-27-at-15.05.12-1024x576.jpeg\" alt=\"\" class=\"wp-image-10037\" srcset=\"https:\/\/agora.xtec.cat\/ieslabastida\/wp-content\/uploads\/usu1265\/2026\/01\/WhatsApp-Image-2026-01-27-at-15.05.12-1024x576.jpeg 1024w, https:\/\/agora.xtec.cat\/ieslabastida\/wp-content\/uploads\/usu1265\/2026\/01\/WhatsApp-Image-2026-01-27-at-15.05.12-300x169.jpeg 300w, https:\/\/agora.xtec.cat\/ieslabastida\/wp-content\/uploads\/usu1265\/2026\/01\/WhatsApp-Image-2026-01-27-at-15.05.12-768x432.jpeg 768w, https:\/\/agora.xtec.cat\/ieslabastida\/wp-content\/uploads\/usu1265\/2026\/01\/WhatsApp-Image-2026-01-27-at-15.05.12-1536x864.jpeg 1536w, https:\/\/agora.xtec.cat\/ieslabastida\/wp-content\/uploads\/usu1265\/2026\/01\/WhatsApp-Image-2026-01-27-at-15.05.12.jpeg 2040w\" sizes=\"auto, (max-width: 1024px) 100vw, 1024px\" \/><\/a><\/figure>\n\n\n\n<p>Aquest set permet enregistrar v\u00eddeos explicatius, presentacions de projectes, materials formatius i continguts per a entorns digitals i xarxes socials.<\/p>\n\n\n\n<figure class=\"wp-block-image size-full\"><a href=\"https:\/\/agora.xtec.cat\/ieslabastida\/wp-content\/uploads\/usu1265\/2026\/01\/Bastida-fotos-horitzontals-7.jpg\"><img loading=\"lazy\" decoding=\"async\" width=\"1890\" height=\"1099\" src=\"https:\/\/agora.xtec.cat\/ieslabastida\/wp-content\/uploads\/usu1265\/2026\/01\/Bastida-fotos-horitzontals-7.jpg\" alt=\"\" class=\"wp-image-10097\" srcset=\"https:\/\/agora.xtec.cat\/ieslabastida\/wp-content\/uploads\/usu1265\/2026\/01\/Bastida-fotos-horitzontals-7.jpg 1890w, https:\/\/agora.xtec.cat\/ieslabastida\/wp-content\/uploads\/usu1265\/2026\/01\/Bastida-fotos-horitzontals-7-300x174.jpg 300w, https:\/\/agora.xtec.cat\/ieslabastida\/wp-content\/uploads\/usu1265\/2026\/01\/Bastida-fotos-horitzontals-7-1024x595.jpg 1024w, https:\/\/agora.xtec.cat\/ieslabastida\/wp-content\/uploads\/usu1265\/2026\/01\/Bastida-fotos-horitzontals-7-768x447.jpg 768w, https:\/\/agora.xtec.cat\/ieslabastida\/wp-content\/uploads\/usu1265\/2026\/01\/Bastida-fotos-horitzontals-7-1536x893.jpg 1536w\" sizes=\"auto, (max-width: 1890px) 100vw, 1890px\" \/><\/a><\/figure>\n\n\n\n<h3 class=\"wp-block-heading\"><strong>Zona de simulaci\u00f3 i realitat virtual<\/strong><\/h3>\n\n\n\n<p>L\u2019espai tamb\u00e9 inclou una <strong>zona de simulaci\u00f3 i realitat virtual<\/strong>, que amplia les possibilitats d\u2019aprenentatge immersiu:<\/p>\n\n\n\n<ul class=\"wp-block-list\">\n<li><strong>Simulador de Realitat Virtual d\u2019Entrevista Laboral<\/strong><\/li>\n\n\n\n<li><strong>Simulador de Realitat Virtual de Riscos Laborals<\/strong><\/li>\n\n\n\n<li><strong>Simulador Virtual de Primers Auxilis<\/strong><\/li>\n\n\n\n<li><strong>8 ulleres VR Pico 4 Ultra Enterprise<\/strong><\/li>\n\n\n\n<li><strong>2 PC d\u2019altes capacitats amb pantalle<\/strong>s<\/li>\n<\/ul>\n\n\n\n<figure class=\"wp-block-image aligncenter size-full\"><a href=\"https:\/\/agora.xtec.cat\/ieslabastida\/wp-content\/uploads\/usu1265\/2026\/01\/Bastida-fotos-horitzontals-3.jpg\"><img loading=\"lazy\" decoding=\"async\" width=\"1890\" height=\"1099\" src=\"https:\/\/agora.xtec.cat\/ieslabastida\/wp-content\/uploads\/usu1265\/2026\/01\/Bastida-fotos-horitzontals-3.jpg\" alt=\"\" class=\"wp-image-10041\" srcset=\"https:\/\/agora.xtec.cat\/ieslabastida\/wp-content\/uploads\/usu1265\/2026\/01\/Bastida-fotos-horitzontals-3.jpg 1890w, https:\/\/agora.xtec.cat\/ieslabastida\/wp-content\/uploads\/usu1265\/2026\/01\/Bastida-fotos-horitzontals-3-300x174.jpg 300w, https:\/\/agora.xtec.cat\/ieslabastida\/wp-content\/uploads\/usu1265\/2026\/01\/Bastida-fotos-horitzontals-3-1024x595.jpg 1024w, https:\/\/agora.xtec.cat\/ieslabastida\/wp-content\/uploads\/usu1265\/2026\/01\/Bastida-fotos-horitzontals-3-768x447.jpg 768w, https:\/\/agora.xtec.cat\/ieslabastida\/wp-content\/uploads\/usu1265\/2026\/01\/Bastida-fotos-horitzontals-3-1536x893.jpg 1536w\" sizes=\"auto, (max-width: 1890px) 100vw, 1890px\" \/><\/a><\/figure>\n\n\n\n<p>Aquests recursos permeten treballar situacions professionals reals en entorns segurs i controlats, millorant la preparaci\u00f3 de l\u2019alumnat per al m\u00f3n laboral.<\/p>\n\n\n\n<p><strong>Equipament de gravaci\u00f3 en moviment<\/strong><\/p>\n\n\n\n<p>Per completar la producci\u00f3 audiovisual, l\u2019Aula ATECA-1 disposa tamb\u00e9 de dispositius de gravaci\u00f3 port\u00e0til:<\/p>\n\n\n\n<ul class=\"wp-block-list\">\n<li><strong>GoPro HERO 12 Black (bundle d\u2019accessoris)<\/strong><\/li>\n\n\n\n<li><strong>INSTA360 X4 \u2013 Bullet Kit<\/strong><\/li>\n<\/ul>\n\n\n\n<p>Aquest material facilita la creaci\u00f3 de continguts din\u00e0mics, enregistraments d\u2019activitats pr\u00e0ctiques i projectes audiovisuals innovadors a trav\u00e9s dels quals l&#8217;alumnat pot visualitzar les seves activitats pr\u00e0ctiques.<\/p>\n\n\n\n<p><strong>Usos pedag\u00f2gics de l\u2019Aula ATECA-1<\/strong><\/p>\n\n\n\n<p>A l\u2019Aula ATECA-1 s\u2019hi desenvolupen activitats com:<\/p>\n\n\n\n<ul class=\"wp-block-list\">\n<li>Producci\u00f3 de podcasts educatius i divulgatius<\/li>\n\n\n\n<li>Gravaci\u00f3 de v\u00eddeos formatius i presentacions audiovisuals<\/li>\n\n\n\n<li>Simulacions professionals amb realitat virtual<\/li>\n\n\n\n<li>Projectes interdisciplinaris de comunicaci\u00f3 digital<\/li>\n\n\n\n<li>Creaci\u00f3 de continguts per a la difusi\u00f3 de projectes del centre<\/li>\n<\/ul>\n\n\n\n<p>Aquest treball refor\u00e7a compet\u00e8ncies com la comunicaci\u00f3 oral, la compet\u00e8ncia digital, el treball en equip i l\u2019autonomia de l\u2019alumnat.<\/p>\n\n\n\n<figure class=\"wp-block-image aligncenter size-large\"><a href=\"https:\/\/agora.xtec.cat\/ieslabastida\/wp-content\/uploads\/usu1265\/2025\/02\/LOGOTIPS-I-FRASE-MRR23-scaled.jpg\"><img loading=\"lazy\" decoding=\"async\" width=\"1024\" height=\"125\" src=\"https:\/\/agora.xtec.cat\/ieslabastida\/wp-content\/uploads\/usu1265\/2025\/02\/LOGOTIPS-I-FRASE-MRR23-1024x125.jpg\" alt=\"\" class=\"wp-image-8060\" srcset=\"https:\/\/agora.xtec.cat\/ieslabastida\/wp-content\/uploads\/usu1265\/2025\/02\/LOGOTIPS-I-FRASE-MRR23-1024x125.jpg 1024w, https:\/\/agora.xtec.cat\/ieslabastida\/wp-content\/uploads\/usu1265\/2025\/02\/LOGOTIPS-I-FRASE-MRR23-300x37.jpg 300w, https:\/\/agora.xtec.cat\/ieslabastida\/wp-content\/uploads\/usu1265\/2025\/02\/LOGOTIPS-I-FRASE-MRR23-768x94.jpg 768w, https:\/\/agora.xtec.cat\/ieslabastida\/wp-content\/uploads\/usu1265\/2025\/02\/LOGOTIPS-I-FRASE-MRR23-1536x188.jpg 1536w, https:\/\/agora.xtec.cat\/ieslabastida\/wp-content\/uploads\/usu1265\/2025\/02\/LOGOTIPS-I-FRASE-MRR23-2048x251.jpg 2048w\" sizes=\"auto, (max-width: 1024px) 100vw, 1024px\" \/><\/a><\/figure>\n","protected":false},"excerpt":{"rendered":"<p>28\/01\/2026 L\u2019Aula ATECA-1 s\u2019ha dissenyat com un espai polivalent orientat a la comunicaci\u00f3 i la simulaci\u00f3, que integra \u00e0udio, v\u00eddeo, [&hellip;]<\/p>\n","protected":false},"author":80,"featured_media":0,"parent":0,"menu_order":0,"comment_status":"closed","ping_status":"close","template":"","meta":{"_bbp_topic_count":0,"_bbp_reply_count":0,"_bbp_total_topic_count":0,"_bbp_total_reply_count":0,"_bbp_voice_count":0,"_bbp_anonymous_reply_count":0,"_bbp_topic_count_hidden":0,"_bbp_reply_count_hidden":0,"_bbp_forum_subforum_count":0,"site-sidebar-layout":"default","site-content-layout":"","ast-site-content-layout":"default","site-content-style":"default","site-sidebar-style":"default","ast-global-header-display":"","ast-banner-title-visibility":"","ast-main-header-display":"","ast-hfb-above-header-display":"","ast-hfb-below-header-display":"","ast-hfb-mobile-header-display":"","site-post-title":"","ast-breadcrumbs-content":"","ast-featured-img":"","footer-sml-layout":"","theme-transparent-header-meta":"","adv-header-id-meta":"","stick-header-meta":"","header-above-stick-meta":"","header-main-stick-meta":"","header-below-stick-meta":"","astra-migrate-meta-layouts":"set","ast-page-background-enabled":"default","ast-page-background-meta":{"desktop":{"background-color":"var(--ast-global-color-4)","background-image":"","background-repeat":"repeat","background-position":"center center","background-size":"auto","background-attachment":"scroll","background-type":"","background-media":"","overlay-type":"","overlay-color":"","overlay-opacity":"","overlay-gradient":""},"tablet":{"background-color":"","background-image":"","background-repeat":"repeat","background-position":"center center","background-size":"auto","background-attachment":"scroll","background-type":"","background-media":"","overlay-type":"","overlay-color":"","overlay-opacity":"","overlay-gradient":""},"mobile":{"background-color":"","background-image":"","background-repeat":"repeat","background-position":"center center","background-size":"auto","background-attachment":"scroll","background-type":"","background-media":"","overlay-type":"","overlay-color":"","overlay-opacity":"","overlay-gradient":""}},"ast-content-background-meta":{"desktop":{"background-color":"var(--ast-global-color-5)","background-image":"","background-repeat":"repeat","background-position":"center center","background-size":"auto","background-attachment":"scroll","background-type":"","background-media":"","overlay-type":"","overlay-color":"","overlay-opacity":"","overlay-gradient":""},"tablet":{"background-color":"var(--ast-global-color-5)","background-image":"","background-repeat":"repeat","background-position":"center center","background-size":"auto","background-attachment":"scroll","background-type":"","background-media":"","overlay-type":"","overlay-color":"","overlay-opacity":"","overlay-gradient":""},"mobile":{"background-color":"var(--ast-global-color-5)","background-image":"","background-repeat":"repeat","background-position":"center center","background-size":"auto","background-attachment":"scroll","background-type":"","background-media":"","overlay-type":"","overlay-color":"","overlay-opacity":"","overlay-gradient":""}},"footnotes":""},"class_list":["post-10036","page","type-page","status-publish","hentry"],"post_mailing_queue_ids":[],"_links":{"self":[{"href":"https:\/\/agora.xtec.cat\/ieslabastida\/wp-json\/wp\/v2\/pages\/10036","targetHints":{"allow":["GET"]}}],"collection":[{"href":"https:\/\/agora.xtec.cat\/ieslabastida\/wp-json\/wp\/v2\/pages"}],"about":[{"href":"https:\/\/agora.xtec.cat\/ieslabastida\/wp-json\/wp\/v2\/types\/page"}],"author":[{"embeddable":true,"href":"https:\/\/agora.xtec.cat\/ieslabastida\/wp-json\/wp\/v2\/users\/80"}],"replies":[{"embeddable":true,"href":"https:\/\/agora.xtec.cat\/ieslabastida\/wp-json\/wp\/v2\/comments?post=10036"}],"version-history":[{"count":5,"href":"https:\/\/agora.xtec.cat\/ieslabastida\/wp-json\/wp\/v2\/pages\/10036\/revisions"}],"predecessor-version":[{"id":10098,"href":"https:\/\/agora.xtec.cat\/ieslabastida\/wp-json\/wp\/v2\/pages\/10036\/revisions\/10098"}],"wp:attachment":[{"href":"https:\/\/agora.xtec.cat\/ieslabastida\/wp-json\/wp\/v2\/media?parent=10036"}],"curies":[{"name":"wp","href":"https:\/\/api.w.org\/{rel}","templated":true}]}}