{"id":7290,"date":"2023-12-20T10:10:19","date_gmt":"2023-12-20T09:10:19","guid":{"rendered":"https:\/\/agora.xtec.cat\/iesjulioantonio\/?page_id=7290"},"modified":"2023-12-20T10:10:19","modified_gmt":"2023-12-20T09:10:19","slug":"projecte-emd2","status":"publish","type":"page","link":"https:\/\/agora.xtec.cat\/iesjulioantonio\/projectes\/projecte-emd2\/","title":{"rendered":"Projecte E=MD^2"},"content":{"rendered":"<div class=\"elementor-element elementor-element-1ea293a1 elementor-widget elementor-widget-heading\" data-id=\"1ea293a1\" data-element_type=\"widget\" data-widget_type=\"heading.default\">\n<div class=\"elementor-widget-container\">\n<h3 class=\"elementor-heading-title elementor-size-default\">Descripci\u00f3 del projecte<\/h3>\n<\/div>\n<\/div>\n<div class=\"elementor-element elementor-element-3175bc1 elementor-widget elementor-widget-text-editor\" data-id=\"3175bc1\" data-element_type=\"widget\" data-widget_type=\"text-editor.default\">\n<div class=\"elementor-widget-container\">\n<p><span data-sheets-value=\"{&quot;1&quot;:2,&quot;2&quot;:&quot;E=MD^2: Excellence in Math Education through (e-) Debate and Diversity. \\n\\nEl projecte E= MD ^2 t\u00e9 com a objectiu millorar les habilitats matem\u00e0tiques dels joves estudiants, creant al mateix temps una aula inclusiva. A trav\u00e9s de les diferents maneres d\u2019ensenyar matem\u00e0tiques, es pret\u00e9n augmentar la motivaci\u00f3 dels estudiants que sovint creuen que aquesta assignatura \u00e9s dif\u00edcil i allunyada de la vida quotidiana. Una de les activitats que es fomenta \u00e9s el debat electr\u00f2nic, en el qual els alumnes poden opinar sobre el que han d\u2019aprendre. \\n\\nEn aquest projecte es pensa en la inclusi\u00f3, i en particular en les discapacitats mentals com la discalc\u00falia (una discapacitat que afecta directament al camp de les matem\u00e0tiques) es tenen en consideraci\u00f3 a l\u2019hora de generar els materials que s\u2019utilitzaran. Per millorar les habilitats tecnol\u00f2giques, es duen a terme algunes activitats a internet al camp d\u2019STEAM per animar els alumnes a desenvolupar les seves compet\u00e8ncies digitals. \\n\\nGRUPS DESTINATARIS\\n\\nEstudiants i professors de secund\u00e0ria\\nProfessionals i professors d'FP STEAM\\nMunicipis, mitjans de comunicaci\u00f3, responsables pol\u00edtics\\n&quot;}\" data-sheets-userformat=\"{&quot;2&quot;:33569219,&quot;3&quot;:{&quot;1&quot;:0,&quot;3&quot;:1},&quot;4&quot;:{&quot;1&quot;:2,&quot;2&quot;:14281427},&quot;9&quot;:0,&quot;10&quot;:1,&quot;11&quot;:3,&quot;14&quot;:{&quot;1&quot;:3,&quot;3&quot;:1},&quot;15&quot;:&quot;Calibri&quot;,&quot;16&quot;:10,&quot;28&quot;:1}\"><a href=\"https:\/\/excellenceinmath.eu\/es\/inicio\">E=MD^2: Excellence in Math Education through (e-) Debate and Diversity.<\/a><br \/>\n<\/span><\/p>\n<p><span data-sheets-value=\"{&quot;1&quot;:2,&quot;2&quot;:&quot;E=MD^2: Excellence in Math Education through (e-) Debate and Diversity. \\n\\nEl projecte E= MD ^2 t\u00e9 com a objectiu millorar les habilitats matem\u00e0tiques dels joves estudiants, creant al mateix temps una aula inclusiva. A trav\u00e9s de les diferents maneres d\u2019ensenyar matem\u00e0tiques, es pret\u00e9n augmentar la motivaci\u00f3 dels estudiants que sovint creuen que aquesta assignatura \u00e9s dif\u00edcil i allunyada de la vida quotidiana. Una de les activitats que es fomenta \u00e9s el debat electr\u00f2nic, en el qual els alumnes poden opinar sobre el que han d\u2019aprendre. \\n\\nEn aquest projecte es pensa en la inclusi\u00f3, i en particular en les discapacitats mentals com la discalc\u00falia (una discapacitat que afecta directament al camp de les matem\u00e0tiques) es tenen en consideraci\u00f3 a l\u2019hora de generar els materials que s\u2019utilitzaran. Per millorar les habilitats tecnol\u00f2giques, es duen a terme algunes activitats a internet al camp d\u2019STEAM per animar els alumnes a desenvolupar les seves compet\u00e8ncies digitals. \\n\\nGRUPS DESTINATARIS\\n\\nEstudiants i professors de secund\u00e0ria\\nProfessionals i professors d'FP STEAM\\nMunicipis, mitjans de comunicaci\u00f3, responsables pol\u00edtics\\n&quot;}\" data-sheets-userformat=\"{&quot;2&quot;:33569219,&quot;3&quot;:{&quot;1&quot;:0,&quot;3&quot;:1},&quot;4&quot;:{&quot;1&quot;:2,&quot;2&quot;:14281427},&quot;9&quot;:0,&quot;10&quot;:1,&quot;11&quot;:3,&quot;14&quot;:{&quot;1&quot;:3,&quot;3&quot;:1},&quot;15&quot;:&quot;Calibri&quot;,&quot;16&quot;:10,&quot;28&quot;:1}\">El projecte E= MD ^2 t\u00e9 com a objectiu millorar les habilitats matem\u00e0tiques dels joves estudiants, creant al mateix temps una aula inclusiva. A trav\u00e9s de les diferents maneres d\u2019ensenyar matem\u00e0tiques, es pret\u00e9n augmentar la motivaci\u00f3 dels estudiants que sovint creuen que aquesta assignatura \u00e9s dif\u00edcil i allunyada de la vida quotidiana. Una de les activitats que es fomenta \u00e9s el debat electr\u00f2nic, en el qual els alumnes poden opinar sobre el que han d\u2019aprendre.<br \/>\n<\/span><\/p>\n<p><span data-sheets-value=\"{&quot;1&quot;:2,&quot;2&quot;:&quot;E=MD^2: Excellence in Math Education through (e-) Debate and Diversity. \\n\\nEl projecte E= MD ^2 t\u00e9 com a objectiu millorar les habilitats matem\u00e0tiques dels joves estudiants, creant al mateix temps una aula inclusiva. A trav\u00e9s de les diferents maneres d\u2019ensenyar matem\u00e0tiques, es pret\u00e9n augmentar la motivaci\u00f3 dels estudiants que sovint creuen que aquesta assignatura \u00e9s dif\u00edcil i allunyada de la vida quotidiana. Una de les activitats que es fomenta \u00e9s el debat electr\u00f2nic, en el qual els alumnes poden opinar sobre el que han d\u2019aprendre. \\n\\nEn aquest projecte es pensa en la inclusi\u00f3, i en particular en les discapacitats mentals com la discalc\u00falia (una discapacitat que afecta directament al camp de les matem\u00e0tiques) es tenen en consideraci\u00f3 a l\u2019hora de generar els materials que s\u2019utilitzaran. Per millorar les habilitats tecnol\u00f2giques, es duen a terme algunes activitats a internet al camp d\u2019STEAM per animar els alumnes a desenvolupar les seves compet\u00e8ncies digitals. \\n\\nGRUPS DESTINATARIS\\n\\nEstudiants i professors de secund\u00e0ria\\nProfessionals i professors d'FP STEAM\\nMunicipis, mitjans de comunicaci\u00f3, responsables pol\u00edtics\\n&quot;}\" data-sheets-userformat=\"{&quot;2&quot;:33569219,&quot;3&quot;:{&quot;1&quot;:0,&quot;3&quot;:1},&quot;4&quot;:{&quot;1&quot;:2,&quot;2&quot;:14281427},&quot;9&quot;:0,&quot;10&quot;:1,&quot;11&quot;:3,&quot;14&quot;:{&quot;1&quot;:3,&quot;3&quot;:1},&quot;15&quot;:&quot;Calibri&quot;,&quot;16&quot;:10,&quot;28&quot;:1}\">En aquest projecte es pensa en la inclusi\u00f3, i en particular en les discapacitats mentals com la discalc\u00falia (una discapacitat que afecta directament al camp de les matem\u00e0tiques) es tenen en consideraci\u00f3 a l\u2019hora de generar els materials que s\u2019utilitzaran. Per millorar les habilitats tecnol\u00f2giques, es duen a terme algunes activitats a internet al camp d\u2019STEAM per animar els alumnes a desenvolupar les seves compet\u00e8ncies digitals.<\/span><\/p>\n<p><strong>GRUPS DESTINATARIS<\/strong><span data-sheets-value=\"{&quot;1&quot;:2,&quot;2&quot;:&quot;E=MD^2: Excellence in Math Education through (e-) Debate and Diversity. \\n\\nEl projecte E= MD ^2 t\u00e9 com a objectiu millorar les habilitats matem\u00e0tiques dels joves estudiants, creant al mateix temps una aula inclusiva. A trav\u00e9s de les diferents maneres d\u2019ensenyar matem\u00e0tiques, es pret\u00e9n augmentar la motivaci\u00f3 dels estudiants que sovint creuen que aquesta assignatura \u00e9s dif\u00edcil i allunyada de la vida quotidiana. Una de les activitats que es fomenta \u00e9s el debat electr\u00f2nic, en el qual els alumnes poden opinar sobre el que han d\u2019aprendre. \\n\\nEn aquest projecte es pensa en la inclusi\u00f3, i en particular en les discapacitats mentals com la discalc\u00falia (una discapacitat que afecta directament al camp de les matem\u00e0tiques) es tenen en consideraci\u00f3 a l\u2019hora de generar els materials que s\u2019utilitzaran. Per millorar les habilitats tecnol\u00f2giques, es duen a terme algunes activitats a internet al camp d\u2019STEAM per animar els alumnes a desenvolupar les seves compet\u00e8ncies digitals. \\n\\nGRUPS DESTINATARIS\\n\\nEstudiants i professors de secund\u00e0ria\\nProfessionals i professors d'FP STEAM\\nMunicipis, mitjans de comunicaci\u00f3, responsables pol\u00edtics\\n&quot;}\" data-sheets-userformat=\"{&quot;2&quot;:33569219,&quot;3&quot;:{&quot;1&quot;:0,&quot;3&quot;:1},&quot;4&quot;:{&quot;1&quot;:2,&quot;2&quot;:14281427},&quot;9&quot;:0,&quot;10&quot;:1,&quot;11&quot;:3,&quot;14&quot;:{&quot;1&quot;:3,&quot;3&quot;:1},&quot;15&quot;:&quot;Calibri&quot;,&quot;16&quot;:10,&quot;28&quot;:1}\"><br \/>\nEstudiants i professors de secund\u00e0ria<br \/>\nProfessionals i professors d\u2019FP STEAM<br \/>\nMunicipis, mitjans de comunicaci\u00f3, responsables pol\u00edtics<br \/>\n<\/span><\/p>\n<div class=\"elementor-element elementor-element-bd8c355 elementor-widget elementor-widget-heading\" data-id=\"bd8c355\" data-element_type=\"widget\" data-widget_type=\"heading.default\">\n<div class=\"elementor-widget-container\">\n<h3 class=\"elementor-heading-title elementor-size-default\">Socis del projecte<\/h3>\n<\/div>\n<\/div>\n<div class=\"elementor-element elementor-element-98f7497 elementor-widget elementor-widget-text-editor\" data-id=\"98f7497\" data-element_type=\"widget\" data-widget_type=\"text-editor.default\">\n<div class=\"elementor-widget-container\">\n<div class=\"jet-listing-dynamic-repeater__item\">\n<ul>\n<li><a href=\"https:\/\/openeurope.es\/\" target=\"_blank\" rel=\"noopener\">Associaci\u00f3 Programes Educatius Open Europe<\/a><\/li>\n<li><a href=\"https:\/\/ugd.edu.mk\/\" target=\"_blank\" rel=\"noopener\">Rep\u00fablica de Macedonia Universidad Estatal Goce Delcev Stip<\/a><\/li>\n<li><a href=\"https:\/\/openeurope.es\/projectes\/excellence-in-math\/\" target=\"_blank\" rel=\"noopener\">Escuela primaria municipal Ilinden<\/a><\/li>\n<li><a href=\"https:\/\/cms.org.cy\/\" target=\"_blank\" rel=\"noopener\">Kypriaki Mathimatiki Etaireia<\/a><\/li>\n<li><a href=\"https:\/\/sciagarbiceanuab.ro\/\" target=\"_blank\" rel=\"noopener\">Scoala Gimnaziala Ion Agarbiceanu Alba Iulia<\/a><\/li>\n<li><a href=\"https:\/\/or-vodice.skole.hr\/\" target=\"_blank\" rel=\"noopener\">Osnovna skola Vodice<\/a><\/li>\n<li><a href=\"https:\/\/iesjulioantonio.cat\/\" target=\"_blank\" rel=\"noopener\">Institut Julio Antonio<\/a><\/li>\n<\/ul>\n<\/div>\n<h3 class=\"elementor-heading-title elementor-size-default\">Objectius del projecte<\/h3>\n<\/div>\n<div><\/div>\n<\/div>\n<\/div>\n<\/div>\n<div class=\"elementor-element elementor-element-98f7497 elementor-widget elementor-widget-text-editor\" data-id=\"98f7497\" data-element_type=\"widget\" data-widget_type=\"text-editor.default\">\n<div class=\"elementor-widget-container\">\n<ul>\n<li><span data-sheets-value=\"{&quot;1&quot;:2,&quot;2&quot;:&quot;Buscar l\u2019excel\u00b7l\u00e8ncia a les matem\u00e0tiques i la motivaci\u00f3 per la inclusi\u00f3\\nMillorar el rendiment dels alumnes amb discapacitat\\nElevar el perfil dels professors de matem\u00e0tiques compartint el coneixement sobre les matem\u00e0tiques i les aules inclusives&quot;}\" data-sheets-userformat=\"{&quot;2&quot;:33569219,&quot;3&quot;:{&quot;1&quot;:0,&quot;3&quot;:1},&quot;4&quot;:{&quot;1&quot;:2,&quot;2&quot;:14281427},&quot;9&quot;:0,&quot;10&quot;:1,&quot;11&quot;:3,&quot;14&quot;:{&quot;1&quot;:3,&quot;3&quot;:1},&quot;15&quot;:&quot;Calibri&quot;,&quot;16&quot;:10,&quot;28&quot;:1}\">Buscar l\u2019excel\u00b7l\u00e8ncia a les matem\u00e0tiques i la motivaci\u00f3 per la inclusi\u00f3<\/span><\/li>\n<li>Millorar el rendiment dels alumnes amb discapacitat<\/li>\n<li>Elevar el perfil dels professors de matem\u00e0tiques compartint el coneixement sobre les matem\u00e0tiques i les aules inclusives<\/li>\n<\/ul>\n<\/div>\n<\/div>\n<div class=\"elementor-element elementor-element-702d117 elementor-widget elementor-widget-heading\" data-id=\"702d117\" data-element_type=\"widget\" data-widget_type=\"heading.default\">\n<div class=\"elementor-widget-container\">\n<h3 class=\"elementor-heading-title elementor-size-default\">Resultats del projecte<\/h3>\n<\/div>\n<\/div>\n<div class=\"elementor-element elementor-element-74d1b2c elementor-widget elementor-widget-text-editor\" data-id=\"74d1b2c\" data-element_type=\"widget\" data-widget_type=\"text-editor.default\">\n<div class=\"elementor-widget-container\">\n<ul>\n<li><span data-sheets-value=\"{&quot;1&quot;:2,&quot;2&quot;:&quot;An\u00e0lisi de la metodologia d\u2019ensenyament de les matem\u00e0tiques i selecci\u00f3 de bones pr\u00e0ctiques\\nDesenvolupament del nou m\u00e8tode d\u2019ensenyament E=MD2 i de la plataforma interactiva e- MATH DEBATE\\nDesenvolupament de cursos de formaci\u00f3 per a professors per la utilitzaci\u00f3 del m\u00e8tode E=MD^2, com a nou m\u00e8tode per augmentar la motivaci\u00f3 per l\u2019aprenentatge de les matem\u00e0tiques i la plataforma e- MATHDEBATE&quot;}\" data-sheets-userformat=\"{&quot;2&quot;:33569219,&quot;3&quot;:{&quot;1&quot;:0,&quot;3&quot;:1},&quot;4&quot;:{&quot;1&quot;:2,&quot;2&quot;:14281427},&quot;9&quot;:0,&quot;10&quot;:1,&quot;11&quot;:3,&quot;14&quot;:{&quot;1&quot;:3,&quot;3&quot;:1},&quot;15&quot;:&quot;Calibri&quot;,&quot;16&quot;:10,&quot;28&quot;:1}\">An\u00e0lisi de la metodologia d\u2019ensenyament de les matem\u00e0tiques i selecci\u00f3 de bones pr\u00e0ctiques<\/span><\/li>\n<li>Desenvolupament del nou m\u00e8tode d\u2019ensenyament E=MD2 i de la <a style=\"font-family: inherit; font-size: 1em;\" href=\"https:\/\/excellenceinmath.eu\/es\/inicio\">plataforma interactiva e- MATH DEBATE<\/a><\/li>\n<li>Desenvolupament de cursos de formaci\u00f3 per a professors per la utilitzaci\u00f3 del m\u00e8tode E=MD^2, com a nou m\u00e8tode per augmentar la motivaci\u00f3 per l\u2019aprenentatge de les matem\u00e0tiques i la plataforma e- MATHDEBATE<\/li>\n<\/ul>\n<\/div>\n<p><a href=\"https:\/\/agora.xtec.cat\/iesjulioantonio\/wp-content\/uploads\/usu942\/2023\/12\/20231220_Logo_EMD2.png\"><img loading=\"lazy\" decoding=\"async\" class=\"alignnone size-full wp-image-7295\" src=\"https:\/\/agora.xtec.cat\/iesjulioantonio\/wp-content\/uploads\/usu942\/2023\/12\/20231220_Logo_EMD2.png\" alt=\"\" width=\"207\" height=\"172\" \/><\/a> \u00a0\u00a0<a href=\"https:\/\/agora.xtec.cat\/iesjulioantonio\/wp-content\/uploads\/usu942\/2023\/12\/20231220_Logo_UE.png\"><img loading=\"lazy\" decoding=\"async\" class=\"alignnone size-full wp-image-7294\" src=\"https:\/\/agora.xtec.cat\/iesjulioantonio\/wp-content\/uploads\/usu942\/2023\/12\/20231220_Logo_UE.png\" alt=\"\" width=\"196\" height=\"177\" \/><\/a><\/p>\n<div class=\"elementor-element elementor-element-702d117 elementor-widget elementor-widget-heading\" data-id=\"702d117\" data-element_type=\"widget\" data-widget_type=\"heading.default\">\n<div class=\"elementor-widget-container\">\n<h3 class=\"elementor-heading-title elementor-size-default\">Newsletter<\/h3>\n<p><a href=\"https:\/\/agora.xtec.cat\/iesjulioantonio\/wp-content\/uploads\/usu942\/2023\/12\/20231220_SP_Newsletter1_EMD2.pdf\"><img loading=\"lazy\" decoding=\"async\" class=\"alignnone wp-image-7308\" src=\"https:\/\/agora.xtec.cat\/iesjulioantonio\/wp-content\/uploads\/usu942\/2023\/12\/20231220_N1.png\" alt=\"\" width=\"180\" height=\"256\" srcset=\"https:\/\/agora.xtec.cat\/iesjulioantonio\/wp-content\/uploads\/usu942\/2023\/12\/20231220_N1.png 672w, https:\/\/agora.xtec.cat\/iesjulioantonio\/wp-content\/uploads\/usu942\/2023\/12\/20231220_N1-210x300.png 210w\" sizes=\"auto, (max-width: 180px) 100vw, 180px\" \/><\/a> <a href=\"https:\/\/agora.xtec.cat\/iesjulioantonio\/wp-content\/uploads\/usu942\/2023\/12\/20231220_EMD2-Newsletter-2-\u2013-SP.pdf\"><img loading=\"lazy\" decoding=\"async\" class=\"alignnone wp-image-7307\" src=\"https:\/\/agora.xtec.cat\/iesjulioantonio\/wp-content\/uploads\/usu942\/2023\/12\/20231220_N2.png\" alt=\"\" width=\"180\" height=\"255\" srcset=\"https:\/\/agora.xtec.cat\/iesjulioantonio\/wp-content\/uploads\/usu942\/2023\/12\/20231220_N2.png 672w, https:\/\/agora.xtec.cat\/iesjulioantonio\/wp-content\/uploads\/usu942\/2023\/12\/20231220_N2-212x300.png 212w\" sizes=\"auto, (max-width: 180px) 100vw, 180px\" \/><\/a> <a href=\"https:\/\/agora.xtec.cat\/iesjulioantonio\/wp-content\/uploads\/usu942\/2023\/12\/20231220_ES-EMD^2-Newsletter-3-.pdf\"><img loading=\"lazy\" decoding=\"async\" class=\"alignnone wp-image-7304\" src=\"https:\/\/agora.xtec.cat\/iesjulioantonio\/wp-content\/uploads\/usu942\/2023\/12\/20231220_N3.png\" alt=\"\" width=\"180\" height=\"256\" srcset=\"https:\/\/agora.xtec.cat\/iesjulioantonio\/wp-content\/uploads\/usu942\/2023\/12\/20231220_N3.png 673w, https:\/\/agora.xtec.cat\/iesjulioantonio\/wp-content\/uploads\/usu942\/2023\/12\/20231220_N3-211x300.png 211w\" sizes=\"auto, (max-width: 180px) 100vw, 180px\" \/><\/a> <a href=\"https:\/\/agora.xtec.cat\/iesjulioantonio\/wp-content\/uploads\/usu942\/2023\/12\/20231220_ES_EMD^2-Newsletter-4.pdf\"><img loading=\"lazy\" decoding=\"async\" class=\"alignnone wp-image-7305\" src=\"https:\/\/agora.xtec.cat\/iesjulioantonio\/wp-content\/uploads\/usu942\/2023\/12\/20231220_N4.png\" alt=\"\" width=\"183\" height=\"257\" srcset=\"https:\/\/agora.xtec.cat\/iesjulioantonio\/wp-content\/uploads\/usu942\/2023\/12\/20231220_N4.png 678w, https:\/\/agora.xtec.cat\/iesjulioantonio\/wp-content\/uploads\/usu942\/2023\/12\/20231220_N4-214x300.png 214w\" sizes=\"auto, (max-width: 183px) 100vw, 183px\" \/><\/a><\/p>\n<\/div>\n<\/div>\n<\/div>\n","protected":false},"excerpt":{"rendered":"<p>Descripci\u00f3 del projecte E=MD^2: Excellence in Math Education through (e-) Debate and Diversity. El projecte E= MD ^2 t\u00e9 com a objectiu millorar les habilitats matem\u00e0tiques dels joves estudiants, creant al mateix temps una aula inclusiva. A trav\u00e9s de les diferents maneres d\u2019ensenyar matem\u00e0tiques, es pret\u00e9n augmentar la motivaci\u00f3 dels estudiants que sovint creuen que [&hellip;]<\/p>\n","protected":false},"author":14,"featured_media":0,"parent":3799,"menu_order":0,"comment_status":"closed","ping_status":"closed","template":"page-templates\/side-menu.php","meta":{"_bbp_topic_count":0,"_bbp_reply_count":0,"_bbp_total_topic_count":0,"_bbp_total_reply_count":0,"_bbp_voice_count":0,"_bbp_anonymous_reply_count":0,"_bbp_topic_count_hidden":0,"_bbp_reply_count_hidden":0,"_bbp_forum_subforum_count":0,"site-sidebar-layout":"default","site-content-layout":"","ast-site-content-layout":"","site-content-style":"default","site-sidebar-style":"default","ast-global-header-display":"","ast-banner-title-visibility":"","ast-main-header-display":"","ast-hfb-above-header-display":"","ast-hfb-below-header-display":"","ast-hfb-mobile-header-display":"","site-post-title":"","ast-breadcrumbs-content":"","ast-featured-img":"","footer-sml-layout":"","theme-transparent-header-meta":"","adv-header-id-meta":"","stick-header-meta":"","header-above-stick-meta":"","header-main-stick-meta":"","header-below-stick-meta":"","astra-migrate-meta-layouts":"default","ast-page-background-enabled":"default","ast-page-background-meta":{"desktop":{"background-color":"var(--ast-global-color-4)","background-image":"","background-repeat":"repeat","background-position":"center center","background-size":"auto","background-attachment":"scroll","background-type":"","background-media":"","overlay-type":"","overlay-color":"","overlay-opacity":"","overlay-gradient":""},"tablet":{"background-color":"","background-image":"","background-repeat":"repeat","background-position":"center center","background-size":"auto","background-attachment":"scroll","background-type":"","background-media":"","overlay-type":"","overlay-color":"","overlay-opacity":"","overlay-gradient":""},"mobile":{"background-color":"","background-image":"","background-repeat":"repeat","background-position":"center center","background-size":"auto","background-attachment":"scroll","background-type":"","background-media":"","overlay-type":"","overlay-color":"","overlay-opacity":"","overlay-gradient":""}},"ast-content-background-meta":{"desktop":{"background-color":"var(--ast-global-color-5)","background-image":"","background-repeat":"repeat","background-position":"center center","background-size":"auto","background-attachment":"scroll","background-type":"","background-media":"","overlay-type":"","overlay-color":"","overlay-opacity":"","overlay-gradient":""},"tablet":{"background-color":"var(--ast-global-color-5)","background-image":"","background-repeat":"repeat","background-position":"center center","background-size":"auto","background-attachment":"scroll","background-type":"","background-media":"","overlay-type":"","overlay-color":"","overlay-opacity":"","overlay-gradient":""},"mobile":{"background-color":"var(--ast-global-color-5)","background-image":"","background-repeat":"repeat","background-position":"center center","background-size":"auto","background-attachment":"scroll","background-type":"","background-media":"","overlay-type":"","overlay-color":"","overlay-opacity":"","overlay-gradient":""}},"footnotes":""},"class_list":["post-7290","page","type-page","status-publish","hentry"],"post_mailing_queue_ids":[],"_links":{"self":[{"href":"https:\/\/agora.xtec.cat\/iesjulioantonio\/wp-json\/wp\/v2\/pages\/7290","targetHints":{"allow":["GET"]}}],"collection":[{"href":"https:\/\/agora.xtec.cat\/iesjulioantonio\/wp-json\/wp\/v2\/pages"}],"about":[{"href":"https:\/\/agora.xtec.cat\/iesjulioantonio\/wp-json\/wp\/v2\/types\/page"}],"author":[{"embeddable":true,"href":"https:\/\/agora.xtec.cat\/iesjulioantonio\/wp-json\/wp\/v2\/users\/14"}],"replies":[{"embeddable":true,"href":"https:\/\/agora.xtec.cat\/iesjulioantonio\/wp-json\/wp\/v2\/comments?post=7290"}],"version-history":[{"count":6,"href":"https:\/\/agora.xtec.cat\/iesjulioantonio\/wp-json\/wp\/v2\/pages\/7290\/revisions"}],"predecessor-version":[{"id":7312,"href":"https:\/\/agora.xtec.cat\/iesjulioantonio\/wp-json\/wp\/v2\/pages\/7290\/revisions\/7312"}],"up":[{"embeddable":true,"href":"https:\/\/agora.xtec.cat\/iesjulioantonio\/wp-json\/wp\/v2\/pages\/3799"}],"wp:attachment":[{"href":"https:\/\/agora.xtec.cat\/iesjulioantonio\/wp-json\/wp\/v2\/media?parent=7290"}],"curies":[{"name":"wp","href":"https:\/\/api.w.org\/{rel}","templated":true}]}}