{"id":7154,"date":"2023-09-20T18:36:01","date_gmt":"2023-09-20T16:36:01","guid":{"rendered":"https:\/\/agora.xtec.cat\/iesjulioantonio\/?page_id=7154"},"modified":"2025-09-07T07:14:19","modified_gmt":"2025-09-07T05:14:19","slug":"siei","status":"publish","type":"page","link":"https:\/\/agora.xtec.cat\/iesjulioantonio\/alumnat\/siei\/","title":{"rendered":"SIEI i Aula d&#8217;Acollida"},"content":{"rendered":"<h5>SIEI<\/h5>\n<p>Els <strong>suports intensius per a l\u2019escolaritzaci\u00f3 inclusiva<\/strong> (SIEI), abans USEE; s\u00f3n dotacions extraordin\u00e0ries de professionals que s\u2019incoporen a les plantilles d\u2019escoles i instituts com a recursos intensius per atendre els alumnes amb necessitats educatives especials que ho necessitin.<\/p>\n<p>El SIEI \u00e9s un recurs per al centre, que se suma als suports universals i addicionals per a la inclusi\u00f3.<\/p>\n<p>A l&#8217;Institut Julio Antonio el SIEI est\u00e0 format pels seg\u00fcents professionals:<\/p>\n<ul>\n<li><strong>Laura Monta\u00f1a <\/strong>(orientadora SIEI, psicopedagoga)<\/li>\n<li><strong>Marina Llop <\/strong>(orientadora SIEI, psicopedagoga)<\/li>\n<li><strong>Agust\u00ed Cerveto<\/strong> (orientador)<\/li>\n<li><strong>Montse Pi\u00f1ol <\/strong>(educadora SIEI)<\/li>\n<\/ul>\n<p>En <a href=\"https:\/\/agora.xtec.cat\/iesjulioantonio\/wp-content\/uploads\/usu942\/2023\/09\/siei.pdf\">aquest document<\/a> podeu llegir-ne la presentaci\u00f3 i el servei que es dona a l&#8217;institut.<\/p>\n<h5>Aula d&#8217;Acollida<\/h5>\n<p>A l&#8217;Institut Julio Antonio l&#8217;Aula d&#8217;Acollida va a c\u00e0rrec de la <b>S\u00f2nia Fuguet.<\/b><\/p>\n","protected":false},"excerpt":{"rendered":"<p>SIEI Els suports intensius per a l\u2019escolaritzaci\u00f3 inclusiva (SIEI), abans USEE; s\u00f3n dotacions extraordin\u00e0ries de professionals que s\u2019incoporen a les plantilles d\u2019escoles i instituts com a recursos intensius per atendre els alumnes amb necessitats educatives especials que ho necessitin. El SIEI \u00e9s un recurs per al centre, que se suma als suports universals i addicionals [&hellip;]<\/p>\n","protected":false},"author":14,"featured_media":0,"parent":485,"menu_order":1,"comment_status":"closed","ping_status":"closed","template":"","meta":{"_bbp_topic_count":0,"_bbp_reply_count":0,"_bbp_total_topic_count":0,"_bbp_total_reply_count":0,"_bbp_voice_count":0,"_bbp_anonymous_reply_count":0,"_bbp_topic_count_hidden":0,"_bbp_reply_count_hidden":0,"_bbp_forum_subforum_count":0,"site-sidebar-layout":"default","site-content-layout":"","ast-site-content-layout":"default","site-content-style":"default","site-sidebar-style":"default","ast-global-header-display":"","ast-banner-title-visibility":"","ast-main-header-display":"","ast-hfb-above-header-display":"","ast-hfb-below-header-display":"","ast-hfb-mobile-header-display":"","site-post-title":"","ast-breadcrumbs-content":"","ast-featured-img":"","footer-sml-layout":"","theme-transparent-header-meta":"","adv-header-id-meta":"","stick-header-meta":"","header-above-stick-meta":"","header-main-stick-meta":"","header-below-stick-meta":"","astra-migrate-meta-layouts":"set","ast-page-background-enabled":"default","ast-page-background-meta":{"desktop":{"background-color":"var(--ast-global-color-4)","background-image":"","background-repeat":"repeat","background-position":"center center","background-size":"auto","background-attachment":"scroll","background-type":"","background-media":"","overlay-type":"","overlay-color":"","overlay-opacity":"","overlay-gradient":""},"tablet":{"background-color":"","background-image":"","background-repeat":"repeat","background-position":"center center","background-size":"auto","background-attachment":"scroll","background-type":"","background-media":"","overlay-type":"","overlay-color":"","overlay-opacity":"","overlay-gradient":""},"mobile":{"background-color":"","background-image":"","background-repeat":"repeat","background-position":"center center","background-size":"auto","background-attachment":"scroll","background-type":"","background-media":"","overlay-type":"","overlay-color":"","overlay-opacity":"","overlay-gradient":""}},"ast-content-background-meta":{"desktop":{"background-color":"var(--ast-global-color-5)","background-image":"","background-repeat":"repeat","background-position":"center center","background-size":"auto","background-attachment":"scroll","background-type":"","background-media":"","overlay-type":"","overlay-color":"","overlay-opacity":"","overlay-gradient":""},"tablet":{"background-color":"var(--ast-global-color-5)","background-image":"","background-repeat":"repeat","background-position":"center center","background-size":"auto","background-attachment":"scroll","background-type":"","background-media":"","overlay-type":"","overlay-color":"","overlay-opacity":"","overlay-gradient":""},"mobile":{"background-color":"var(--ast-global-color-5)","background-image":"","background-repeat":"repeat","background-position":"center center","background-size":"auto","background-attachment":"scroll","background-type":"","background-media":"","overlay-type":"","overlay-color":"","overlay-opacity":"","overlay-gradient":""}},"footnotes":""},"class_list":["post-7154","page","type-page","status-publish","hentry"],"post_mailing_queue_ids":[],"_links":{"self":[{"href":"https:\/\/agora.xtec.cat\/iesjulioantonio\/wp-json\/wp\/v2\/pages\/7154","targetHints":{"allow":["GET"]}}],"collection":[{"href":"https:\/\/agora.xtec.cat\/iesjulioantonio\/wp-json\/wp\/v2\/pages"}],"about":[{"href":"https:\/\/agora.xtec.cat\/iesjulioantonio\/wp-json\/wp\/v2\/types\/page"}],"author":[{"embeddable":true,"href":"https:\/\/agora.xtec.cat\/iesjulioantonio\/wp-json\/wp\/v2\/users\/14"}],"replies":[{"embeddable":true,"href":"https:\/\/agora.xtec.cat\/iesjulioantonio\/wp-json\/wp\/v2\/comments?post=7154"}],"version-history":[{"count":5,"href":"https:\/\/agora.xtec.cat\/iesjulioantonio\/wp-json\/wp\/v2\/pages\/7154\/revisions"}],"predecessor-version":[{"id":8736,"href":"https:\/\/agora.xtec.cat\/iesjulioantonio\/wp-json\/wp\/v2\/pages\/7154\/revisions\/8736"}],"up":[{"embeddable":true,"href":"https:\/\/agora.xtec.cat\/iesjulioantonio\/wp-json\/wp\/v2\/pages\/485"}],"wp:attachment":[{"href":"https:\/\/agora.xtec.cat\/iesjulioantonio\/wp-json\/wp\/v2\/media?parent=7154"}],"curies":[{"name":"wp","href":"https:\/\/api.w.org\/{rel}","templated":true}]}}