{"id":587,"date":"2014-08-03T22:09:52","date_gmt":"2014-08-03T21:09:52","guid":{"rendered":"http:\/\/iesjulioantonio.cat\/?page_id=587"},"modified":"2019-05-26T19:06:59","modified_gmt":"2019-05-26T17:06:59","slug":"batxillerat","status":"publish","type":"page","link":"https:\/\/agora.xtec.cat\/iesjulioantonio\/batxillerat\/","title":{"rendered":"Batxillerat"},"content":{"rendered":"<table dir=\"ltr\" width=\"429\" cellspacing=\"1\" cellpadding=\"1\" align=\"left\">\n<colgroup>\n<col width=\"296\" \/>\n<col width=\"59\" \/>\n<col width=\"61\" \/> <\/colgroup>\n<tbody>\n<tr>\n<td colspan=\"3\" width=\"423\">\n<p align=\"center\"><b>OFERTA BATXILLERAT<\/b><\/p>\n<p align=\"center\">\n<\/td>\n<\/tr>\n<tr>\n<td width=\"296\">\n<p align=\"center\"><b>Mat\u00e8ries comuns<\/b><\/p>\n<\/td>\n<td width=\"59\">\n<p align=\"center\"><b>1r curs<\/b><\/p>\n<\/td>\n<td width=\"61\">\n<p align=\"center\"><b>2n curs<\/b><\/p>\n<\/td>\n<\/tr>\n<tr>\n<td width=\"296\">Ci\u00e8ncies per al m\u00f3n contemporani<\/td>\n<td width=\"59\">\n<p align=\"center\">2 h.<\/p>\n<\/td>\n<td width=\"61\">\n<p align=\"center\">&#8211;<\/p>\n<\/td>\n<\/tr>\n<tr>\n<td width=\"296\">Llengua catalana i literatura<\/td>\n<td width=\"59\">\n<p align=\"center\">2 h.<\/p>\n<\/td>\n<td width=\"61\">\n<p align=\"center\">2 h.<\/p>\n<\/td>\n<\/tr>\n<tr>\n<td width=\"296\">Llengua castellana i literatura<\/td>\n<td width=\"59\">\n<p align=\"center\">2 h.<\/p>\n<\/td>\n<td width=\"61\">\n<p align=\"center\">2 h.<\/p>\n<\/td>\n<\/tr>\n<tr>\n<td width=\"296\">Llengua estrangera<\/td>\n<td width=\"59\">\n<p align=\"center\">3 h.<\/p>\n<\/td>\n<td width=\"61\">\n<p align=\"center\">3 h.<\/p>\n<\/td>\n<\/tr>\n<tr>\n<td width=\"296\">Filosofia i ciutadania<\/td>\n<td width=\"59\">\n<p align=\"center\">2 h.<\/p>\n<\/td>\n<td width=\"61\">\n<p align=\"center\">&#8211;<\/p>\n<\/td>\n<\/tr>\n<tr>\n<td width=\"296\">Hist\u00f2ria de la filosofia<\/td>\n<td width=\"59\"><\/td>\n<td width=\"61\">\n<p align=\"center\">3 h.<\/p>\n<\/td>\n<\/tr>\n<tr>\n<td width=\"296\">Hist\u00f2ria d&#8217;Espanya<\/td>\n<td width=\"59\">\n<p align=\"center\">&#8211;<\/p>\n<\/td>\n<td width=\"61\">\n<p align=\"center\">3 h.<\/p>\n<\/td>\n<\/tr>\n<tr>\n<td width=\"296\">Educaci\u00f3 f\u00edsica*<\/td>\n<td width=\"59\">\n<p align=\"center\">2 h.<\/p>\n<\/td>\n<td width=\"61\">\n<p align=\"center\">&#8211;<\/p>\n<\/td>\n<\/tr>\n<tr>\n<td width=\"296\">Treball de recerca (fora d\u2019horari lectiu)<\/td>\n<td width=\"59\">\n<p align=\"center\">1 h.<\/p>\n<\/td>\n<td width=\"61\">\n<p align=\"center\">1 h.<\/p>\n<\/td>\n<\/tr>\n<tr>\n<td width=\"296\">Tutoria<\/td>\n<td width=\"59\">\n<p align=\"center\">1 h.<\/p>\n<\/td>\n<td width=\"61\">\n<p align=\"center\">1 h.<\/p>\n<\/td>\n<\/tr>\n<\/tbody>\n<\/table>\n<p>&nbsp;<\/p>\n<table width=\"427\" cellspacing=\"1\" cellpadding=\"1\">\n<colgroup>\n<col width=\"297\" \/>\n<col width=\"57\" \/>\n<col width=\"61\" \/> <\/colgroup>\n<tbody>\n<tr>\n<td width=\"297\">\n<p lang=\"es-ES\" align=\"center\"><strong>Oferta HUMANITATS<\/strong><\/p>\n<\/td>\n<td width=\"57\">\n<p align=\"center\"><b>1r curs<\/b><\/p>\n<\/td>\n<td width=\"61\">\n<p align=\"center\"><b>2n curs<\/b><\/p>\n<\/td>\n<\/tr>\n<tr>\n<td width=\"297\">&#8211; Grec I i II<br \/>\n&#8211; Hist\u00f2ria de l\u2019art<br \/>\n&#8211; Hist\u00f2ria m\u00f3n contemporani \/Literatura universal<br \/>\n&#8211; Llat\u00ed I i II<br \/>\n&#8211; Literatura catalana<\/td>\n<\/tr>\n<\/tbody>\n<\/table>\n<p>&#8211; Literatura castellana<\/p>\n<p lang=\"es-ES\" align=\"center\">4 h<\/p>\n<p>&nbsp;<\/p>\n<p align=\"center\">4 h<\/p>\n<p lang=\"es-ES\" align=\"center\">4 h<\/p>\n<p lang=\"es-ES\" align=\"center\">4 h<\/p>\n<p>&nbsp;<\/p>\n<p lang=\"es-ES\" align=\"center\">4 h<br \/>\n4 h<\/p>\n<p>&nbsp;<\/p>\n<p align=\"center\">4 h<\/p>\n<p lang=\"es-ES\" align=\"center\">4 h<\/p>\n<p>&nbsp;<\/p>\n<p align=\"center\"><b>Oferta CI\u00c8NCIES JUT\u00cdDIQUES I SOCIALS<\/b><\/p>\n<p align=\"center\"><b>1r curs<\/b><\/p>\n<p align=\"center\"><b>2n curs<\/b><\/p>\n<p>&#8211; Economia de l\u2019empresa I i II \/ Llat\u00ed I i II<br \/>\n&#8211; Economia<br \/>\n&#8211; Geografia<br \/>\n&#8211; Matem\u00e0tiques aplicades a les ci\u00e8ncies socials I i II<\/p>\n<p>&nbsp;<\/p>\n<p>&#8211; Hist\u00f2ria de l&#8217;art<br \/>\n&#8211; Hist\u00f2ria m\u00f3n contemporani \/Literatura universal<\/p>\n<p align=\"center\">4 h<\/p>\n<p align=\"center\">4 h.<\/p>\n<p>&nbsp;<\/p>\n<p align=\"center\">4 h<\/p>\n<p align=\"center\">4 h<\/p>\n<p>&nbsp;<\/p>\n<p lang=\"es-ES\" align=\"center\">4 h<\/p>\n<p>4 h<br \/>\n4 h<\/p>\n<p>&nbsp;<\/p>\n<p lang=\"es-ES\" align=\"center\">4 h<\/p>\n<p>&nbsp;<\/p>\n<p align=\"center\"><b>Oferta CI\u00c8NCIES<\/b><\/p>\n<p align=\"center\"><b>1r curs<\/b><\/p>\n<p align=\"center\"><b>2n curs<\/b><\/p>\n<p>&#8211; Biologia I i II<br \/>\n&#8211; Ci\u00e8ncies de la terra i del medi ambient I i II \/ F\u00edsica I i II<br \/>\n&#8211; Matem\u00e0tiques I i II<br \/>\n&#8211; Qu\u00edmica I i II<\/p>\n<p align=\"center\">4 h<\/p>\n<p align=\"center\">4 h<\/p>\n<p align=\"center\">4 h<\/p>\n<p align=\"center\">4 h<\/p>\n<p lang=\"es-ES\" align=\"center\">4 h<\/p>\n<p align=\"center\">4 h<\/p>\n<p align=\"center\">4 h<\/p>\n<p align=\"center\">4 h<\/p>\n<p align=\"center\"><b>Oferta ENGINYERIES<\/b><\/p>\n<p align=\"center\"><b>1r curs<\/b><\/p>\n<p align=\"center\"><b>2n curs<\/b><\/p>\n<p>&#8211; Dibuix t\u00e8cnic I i II<br \/>\n&#8211; Electrot\u00e8cnia I i II<br \/>\n&#8211; Tecnologia industrial I i II<\/p>\n<p>&nbsp;<\/p>\n<p>&#8211; Ci\u00e8ncies de la terra i del medi ambient I i II \/ F\u00edsica I i II<\/p>\n<p align=\"center\">4 h<\/p>\n<p align=\"center\">4 h<\/p>\n<p align=\"center\">4 h<\/p>\n<p>&nbsp;<\/p>\n<p align=\"center\">4 h<\/p>\n<p>&nbsp;<\/p>\n<p align=\"center\">4h<\/p>\n<p align=\"center\">4 h<\/p>\n<p align=\"center\">4 h<\/p>\n<p>&nbsp;<\/p>\n<p align=\"center\">4 h<\/p>\n<p>&nbsp;<\/p>\n","protected":false},"excerpt":{"rendered":"<p>OFERTA BATXILLERAT Mat\u00e8ries comuns 1r curs 2n curs Ci\u00e8ncies per al m\u00f3n contemporani 2 h. &#8211; Llengua catalana i literatura 2 h. 2 h. Llengua castellana i literatura 2 h. 2 h. Llengua estrangera 3 h. 3 h. Filosofia i ciutadania 2 h. &#8211; Hist\u00f2ria de la filosofia 3 h. Hist\u00f2ria d&#8217;Espanya &#8211; 3 h. [&hellip;]<\/p>\n","protected":false},"author":1,"featured_media":0,"parent":0,"menu_order":0,"comment_status":"closed","ping_status":"closed","template":"","meta":{"_bbp_topic_count":0,"_bbp_reply_count":0,"_bbp_total_topic_count":0,"_bbp_total_reply_count":0,"_bbp_voice_count":0,"_bbp_anonymous_reply_count":0,"_bbp_topic_count_hidden":0,"_bbp_reply_count_hidden":0,"_bbp_forum_subforum_count":0,"site-sidebar-layout":"default","site-content-layout":"","ast-site-content-layout":"","site-content-style":"default","site-sidebar-style":"default","ast-global-header-display":"","ast-banner-title-visibility":"","ast-main-header-display":"","ast-hfb-above-header-display":"","ast-hfb-below-header-display":"","ast-hfb-mobile-header-display":"","site-post-title":"","ast-breadcrumbs-content":"","ast-featured-img":"","footer-sml-layout":"","theme-transparent-header-meta":"","adv-header-id-meta":"","stick-header-meta":"","header-above-stick-meta":"","header-main-stick-meta":"","header-below-stick-meta":"","astra-migrate-meta-layouts":"default","ast-page-background-enabled":"default","ast-page-background-meta":{"desktop":{"background-color":"var(--ast-global-color-4)","background-image":"","background-repeat":"repeat","background-position":"center center","background-size":"auto","background-attachment":"scroll","background-type":"","background-media":"","overlay-type":"","overlay-color":"","overlay-opacity":"","overlay-gradient":""},"tablet":{"background-color":"","background-image":"","background-repeat":"repeat","background-position":"center center","background-size":"auto","background-attachment":"scroll","background-type":"","background-media":"","overlay-type":"","overlay-color":"","overlay-opacity":"","overlay-gradient":""},"mobile":{"background-color":"","background-image":"","background-repeat":"repeat","background-position":"center center","background-size":"auto","background-attachment":"scroll","background-type":"","background-media":"","overlay-type":"","overlay-color":"","overlay-opacity":"","overlay-gradient":""}},"ast-content-background-meta":{"desktop":{"background-color":"var(--ast-global-color-5)","background-image":"","background-repeat":"repeat","background-position":"center center","background-size":"auto","background-attachment":"scroll","background-type":"","background-media":"","overlay-type":"","overlay-color":"","overlay-opacity":"","overlay-gradient":""},"tablet":{"background-color":"var(--ast-global-color-5)","background-image":"","background-repeat":"repeat","background-position":"center center","background-size":"auto","background-attachment":"scroll","background-type":"","background-media":"","overlay-type":"","overlay-color":"","overlay-opacity":"","overlay-gradient":""},"mobile":{"background-color":"var(--ast-global-color-5)","background-image":"","background-repeat":"repeat","background-position":"center center","background-size":"auto","background-attachment":"scroll","background-type":"","background-media":"","overlay-type":"","overlay-color":"","overlay-opacity":"","overlay-gradient":""}},"footnotes":""},"class_list":["post-587","page","type-page","status-publish","hentry"],"post_mailing_queue_ids":[],"_links":{"self":[{"href":"https:\/\/agora.xtec.cat\/iesjulioantonio\/wp-json\/wp\/v2\/pages\/587","targetHints":{"allow":["GET"]}}],"collection":[{"href":"https:\/\/agora.xtec.cat\/iesjulioantonio\/wp-json\/wp\/v2\/pages"}],"about":[{"href":"https:\/\/agora.xtec.cat\/iesjulioantonio\/wp-json\/wp\/v2\/types\/page"}],"author":[{"embeddable":true,"href":"https:\/\/agora.xtec.cat\/iesjulioantonio\/wp-json\/wp\/v2\/users\/1"}],"replies":[{"embeddable":true,"href":"https:\/\/agora.xtec.cat\/iesjulioantonio\/wp-json\/wp\/v2\/comments?post=587"}],"version-history":[{"count":1,"href":"https:\/\/agora.xtec.cat\/iesjulioantonio\/wp-json\/wp\/v2\/pages\/587\/revisions"}],"predecessor-version":[{"id":2809,"href":"https:\/\/agora.xtec.cat\/iesjulioantonio\/wp-json\/wp\/v2\/pages\/587\/revisions\/2809"}],"wp:attachment":[{"href":"https:\/\/agora.xtec.cat\/iesjulioantonio\/wp-json\/wp\/v2\/media?parent=587"}],"curies":[{"name":"wp","href":"https:\/\/api.w.org\/{rel}","templated":true}]}}