{"id":5615,"date":"2022-04-01T12:19:18","date_gmt":"2022-04-01T10:19:18","guid":{"rendered":"https:\/\/agora.xtec.cat\/iesjulioantonio\/?page_id=5615"},"modified":"2026-05-08T09:12:53","modified_gmt":"2026-05-08T07:12:53","slug":"preinscripcio-i-matricula-als-cicles-formatius-grau-basic-curs-2022-2023","status":"publish","type":"page","link":"https:\/\/agora.xtec.cat\/iesjulioantonio\/pagines-dinici\/pagina-dinici-buida\/preinscripcions\/preinscripcio-i-matricula-als-cicles-formatius-grau-basic-curs-2022-2023\/","title":{"rendered":"Preinscripci\u00f3 i Matr\u00edcula Cicles Formatius Grau B\u00e0sic. Curs 2026-2027"},"content":{"rendered":"<p>30-04-2026: <a href=\"https:\/\/agora.xtec.cat\/iesjulioantonio\/wp-content\/uploads\/usu942\/2026\/04\/Publicacio-de-loferta-inicial-de-places-1.pdf\">Publicaci\u00f3 de l&#8217;oferta inicial de places<\/a><\/p>\n<p>Tota la informaci\u00f3 sobre el proc\u00e9s de preinscripci\u00f3, com fer-la i la matricula la trobareu al Web per a la preinscripci\u00f3 en l\u00ednia: <a style=\"font-family: inherit; font-size: 1em;\" href=\"https:\/\/preinscripcio.gencat.cat\/ca\/estudis\/fp-basica\/inici\/\"><strong>preinscripcio.gencat.cat<\/strong><\/a><\/p>\n<h2 class=\"basic_title col-sm-12 pd-10\"><span style=\"text-decoration: underline;\">Documentaci\u00f3 imprescindible que cal annexar a la sol\u00b7licitud de preinscripci\u00f3<\/span><\/h2>\n<div class=\"col-xs-12 columna_esquerra\">\n<div class=\"cos_bloc basic_text_peq pd-15 link-dotted\">\n<p><strong>Informe que elabora el Consell Orientador del Centre,\u00a0<\/strong>que exposa les fam\u00edlies a les quals s&#8217;ha orientat l&#8217;alumne. L&#8217; alumne cal que demani en primera petici\u00f3 un cicle que pertanyi a una de les tres fam\u00edlies a les quals s&#8217;ha orientat a l\u2019alumne\/a mitjan\u00e7ant l&#8217;informe.\u00a0 Si es demana en primer lloc un cicle que no pertanyi a cap de les fam\u00edlies professionals indicades en el consell orientador, la sol\u00b7licitud quedar\u00e0 exclosa del proc\u00e9s de preinscripci\u00f3 per aquest motiu. Es poden indicar altres peticions en diversos centres i cicles, sempre ordenades per ordre de prefer\u00e8ncia.<\/p>\n<\/div>\n<\/div>\n<table style=\"width: 100%; border-collapse: collapse; background-color: #a3fff9; border-color: #9dcdcf;\">\n<tbody>\n<tr>\n<td style=\"width: 100%;\"><a href=\"https:\/\/agora.xtec.cat\/iesjulioantonio\/wp-content\/uploads\/usu942\/2024\/03\/ETAPA_FPGB_CA.pdf\"><strong>\u21d2<\/strong>Fitxa informativa del Cicle formatiu de Grau B\u00e0sic<\/a><a href=\"https:\/\/agora.xtec.cat\/iesjulioantonio\/wp-content\/uploads\/usu942\/2024\/03\/CFPB____IC10_CA-1.pdf\"><strong>\u21d2<\/strong><\/a><a href=\"https:\/\/agora.xtec.cat\/iesjulioantonio\/wp-content\/uploads\/usu942\/2024\/03\/CFPB____IC10_CA-1.pdf\">Fitxa informativa sobre el Cicle formatiu de grau b\u00e0sic d\u2019INFORM\u00c0TICA D\u2019OFICINA\u00a0 (fam\u00edlia professional d\u2019Inform\u00e0tica i comunicacions)<\/a><\/td>\n<\/tr>\n<\/tbody>\n<\/table>\n<div class=\"bloc-mobil\">\n<div class=\"descripcio link-dotted\">\n<div class=\"pd-15x\"><\/div>\n<\/div>\n<\/div>\n<p>Tota l\u2019oferta educativa del curs la trobar\u00e0s a: <a href=\"https:\/\/triaeducativa.gencat.cat\/ca\/inici\/\">triaeducativa.gencat.cat\u200b<\/a><\/p>\n","protected":false},"excerpt":{"rendered":"<p>30-04-2026: Publicaci\u00f3 de l&#8217;oferta inicial de places Tota la informaci\u00f3 sobre el proc\u00e9s de preinscripci\u00f3, com fer-la i la matricula la trobareu al Web per a la preinscripci\u00f3 en l\u00ednia: preinscripcio.gencat.cat Documentaci\u00f3 imprescindible que cal annexar a la sol\u00b7licitud de preinscripci\u00f3 Informe que elabora el Consell Orientador del Centre,\u00a0que exposa les fam\u00edlies a les quals [&hellip;]<\/p>\n","protected":false},"author":14,"featured_media":0,"parent":3517,"menu_order":0,"comment_status":"closed","ping_status":"closed","template":"","meta":{"_bbp_topic_count":0,"_bbp_reply_count":0,"_bbp_total_topic_count":0,"_bbp_total_reply_count":0,"_bbp_voice_count":0,"_bbp_anonymous_reply_count":0,"_bbp_topic_count_hidden":0,"_bbp_reply_count_hidden":0,"_bbp_forum_subforum_count":0,"site-sidebar-layout":"default","site-content-layout":"","ast-site-content-layout":"default","site-content-style":"default","site-sidebar-style":"default","ast-global-header-display":"","ast-banner-title-visibility":"","ast-main-header-display":"","ast-hfb-above-header-display":"","ast-hfb-below-header-display":"","ast-hfb-mobile-header-display":"","site-post-title":"","ast-breadcrumbs-content":"","ast-featured-img":"","footer-sml-layout":"","theme-transparent-header-meta":"","adv-header-id-meta":"","stick-header-meta":"","header-above-stick-meta":"","header-main-stick-meta":"","header-below-stick-meta":"","astra-migrate-meta-layouts":"set","ast-page-background-enabled":"default","ast-page-background-meta":{"desktop":{"background-color":"var(--ast-global-color-4)","background-image":"","background-repeat":"repeat","background-position":"center center","background-size":"auto","background-attachment":"scroll","background-type":"","background-media":"","overlay-type":"","overlay-color":"","overlay-opacity":"","overlay-gradient":""},"tablet":{"background-color":"","background-image":"","background-repeat":"repeat","background-position":"center center","background-size":"auto","background-attachment":"scroll","background-type":"","background-media":"","overlay-type":"","overlay-color":"","overlay-opacity":"","overlay-gradient":""},"mobile":{"background-color":"","background-image":"","background-repeat":"repeat","background-position":"center center","background-size":"auto","background-attachment":"scroll","background-type":"","background-media":"","overlay-type":"","overlay-color":"","overlay-opacity":"","overlay-gradient":""}},"ast-content-background-meta":{"desktop":{"background-color":"var(--ast-global-color-5)","background-image":"","background-repeat":"repeat","background-position":"center center","background-size":"auto","background-attachment":"scroll","background-type":"","background-media":"","overlay-type":"","overlay-color":"","overlay-opacity":"","overlay-gradient":""},"tablet":{"background-color":"var(--ast-global-color-5)","background-image":"","background-repeat":"repeat","background-position":"center center","background-size":"auto","background-attachment":"scroll","background-type":"","background-media":"","overlay-type":"","overlay-color":"","overlay-opacity":"","overlay-gradient":""},"mobile":{"background-color":"var(--ast-global-color-5)","background-image":"","background-repeat":"repeat","background-position":"center center","background-size":"auto","background-attachment":"scroll","background-type":"","background-media":"","overlay-type":"","overlay-color":"","overlay-opacity":"","overlay-gradient":""}},"footnotes":""},"class_list":["post-5615","page","type-page","status-publish","hentry"],"post_mailing_queue_ids":[],"_links":{"self":[{"href":"https:\/\/agora.xtec.cat\/iesjulioantonio\/wp-json\/wp\/v2\/pages\/5615","targetHints":{"allow":["GET"]}}],"collection":[{"href":"https:\/\/agora.xtec.cat\/iesjulioantonio\/wp-json\/wp\/v2\/pages"}],"about":[{"href":"https:\/\/agora.xtec.cat\/iesjulioantonio\/wp-json\/wp\/v2\/types\/page"}],"author":[{"embeddable":true,"href":"https:\/\/agora.xtec.cat\/iesjulioantonio\/wp-json\/wp\/v2\/users\/14"}],"replies":[{"embeddable":true,"href":"https:\/\/agora.xtec.cat\/iesjulioantonio\/wp-json\/wp\/v2\/comments?post=5615"}],"version-history":[{"count":6,"href":"https:\/\/agora.xtec.cat\/iesjulioantonio\/wp-json\/wp\/v2\/pages\/5615\/revisions"}],"predecessor-version":[{"id":9113,"href":"https:\/\/agora.xtec.cat\/iesjulioantonio\/wp-json\/wp\/v2\/pages\/5615\/revisions\/9113"}],"up":[{"embeddable":true,"href":"https:\/\/agora.xtec.cat\/iesjulioantonio\/wp-json\/wp\/v2\/pages\/3517"}],"wp:attachment":[{"href":"https:\/\/agora.xtec.cat\/iesjulioantonio\/wp-json\/wp\/v2\/media?parent=5615"}],"curies":[{"name":"wp","href":"https:\/\/api.w.org\/{rel}","templated":true}]}}