{"id":55,"date":"2014-09-17T16:59:49","date_gmt":"2014-09-17T16:59:49","guid":{"rendered":"http:\/\/agora.xtec.cat\/iesjulioantonio\/?page_id=55"},"modified":"2025-09-07T07:02:08","modified_gmt":"2025-09-07T05:02:08","slug":"horaris","status":"publish","type":"page","link":"https:\/\/agora.xtec.cat\/iesjulioantonio\/linstitut\/horaris\/","title":{"rendered":"Calendari escolar, 25-26"},"content":{"rendered":"<h4><\/h4>\n<table style=\"border-collapse: collapse; height: 164px; width: 700px;\" border=\"1\">\n<tbody>\n<tr>\n<td style=\"width: 44%;\"><strong>Curs escolar<\/strong><\/td>\n<td style=\"width: 59%;\"><span lang=\"ca-ES\">Del 1 de setembre d<\/span><span lang=\"ca-ES\">e 2025 a 31 d&#8217;agost de <\/span><span lang=\"ca-ES\">2026<\/span><\/td>\n<\/tr>\n<tr>\n<td style=\"width: 44%;\"><strong>Doc\u00e8ncia ESO i FP B\u00e0sica<\/strong><\/td>\n<td style=\"width: 59%;\">Del 8 de setembre de 2025 al 19 de juny de 2026<\/td>\n<\/tr>\n<tr>\n<td style=\"width: 44%;\"><strong>Doc\u00e8ncia Batxillerat, PFI, CFGS i CFGM<\/strong><\/td>\n<td style=\"width: 59%;\">Del 12 de setembre de 2025 al 19 de juny de 2026 (1r de BAT, els altres en funci\u00f3 d&#8217;altres)<\/td>\n<\/tr>\n<\/tbody>\n<\/table>\n<h4><\/h4>\n<h4>Festius<\/h4>\n<table style=\"border-collapse: collapse; height: 237px; width: 700px;\" border=\"1\">\n<tbody>\n<tr style=\"height: 32px;\">\n<td style=\"width: 44.0242%; height: 32px;\"><strong>Vacances de Nadal<\/strong><\/td>\n<td style=\"width: 59.5695%; height: 32px;\"><span lang=\"ca-ES\">Del 20 de desembre de 2025 al 7 de gener de 2026 (incl.)<\/span><\/td>\n<\/tr>\n<tr style=\"height: 65px;\">\n<td style=\"width: 44.0242%; height: 65px;\"><strong>Vacances Setmana Santa<\/strong><\/td>\n<td style=\"width: 59.5695%; height: 65px;\"><span lang=\"ca-ES\">Del 28 de mar\u00e7 al 6 d\u2019abril de 2026 (ambd\u00f3s inclosos)<\/span><\/td>\n<\/tr>\n<tr style=\"height: 30px;\">\n<td style=\"width: 44.0242%; height: 30px;\"><strong>Altres Festes laborals<\/strong><\/td>\n<td style=\"width: 59.5695%; height: 30px;\">\n<ul>\n<li style=\"list-style-type: none;\">\n<ul>\n<li>11 de setembre de 2025<\/li>\n<li><span lang=\"ca-ES\">3 de novembre de 2025<\/span><\/li>\n<li>8 de desembre de 2025<\/li>\n<li>1 de maig de 2026<\/li>\n<li>24 de juny de 2026<\/li>\n<\/ul>\n<\/li>\n<\/ul>\n<\/td>\n<\/tr>\n<tr style=\"height: 157px;\">\n<td style=\"width: 44.0242%; height: 110px;\"><strong>Dies de lliure disposici\u00f3<\/strong><\/td>\n<td style=\"width: 59.5695%; height: 110px;\">\n<ul>\n<li style=\"list-style-type: none;\">\n<ul>\n<li><span lang=\"ca-ES\">13 d&#8217;octubre de 2025<\/span><\/li>\n<li>3 de novembre de 2025<\/li>\n<li>5 de desembre de 2025<\/li>\n<li><span lang=\"ca-ES\">16 de febrer de 2026<\/span><\/li>\n<li><span lang=\"ca-ES\">30 d&#8217;abril de 2026<\/span><\/li>\n<li><span lang=\"ca-ES\">16 de gener de 2026 (Festa local)<\/span><\/li>\n<\/ul>\n<\/li>\n<\/ul>\n<\/td>\n<\/tr>\n<\/tbody>\n<\/table>\n","protected":false},"excerpt":{"rendered":"<p>Curs escolar Del 1 de setembre de 2025 a 31 d&#8217;agost de 2026 Doc\u00e8ncia ESO i FP B\u00e0sica Del 8 de setembre de 2025 al 19 de juny de 2026 Doc\u00e8ncia Batxillerat, PFI, CFGS i CFGM Del 12 de setembre de 2025 al 19 de juny de 2026 (1r de BAT, els altres en funci\u00f3 [&hellip;]<\/p>\n","protected":false},"author":1,"featured_media":0,"parent":19,"menu_order":10,"comment_status":"closed","ping_status":"closed","template":"","meta":{"_bbp_topic_count":0,"_bbp_reply_count":0,"_bbp_total_topic_count":0,"_bbp_total_reply_count":0,"_bbp_voice_count":0,"_bbp_anonymous_reply_count":0,"_bbp_topic_count_hidden":0,"_bbp_reply_count_hidden":0,"_bbp_forum_subforum_count":0,"site-sidebar-layout":"default","site-content-layout":"","ast-site-content-layout":"default","site-content-style":"default","site-sidebar-style":"default","ast-global-header-display":"","ast-banner-title-visibility":"","ast-main-header-display":"","ast-hfb-above-header-display":"","ast-hfb-below-header-display":"","ast-hfb-mobile-header-display":"","site-post-title":"","ast-breadcrumbs-content":"","ast-featured-img":"","footer-sml-layout":"","theme-transparent-header-meta":"","adv-header-id-meta":"","stick-header-meta":"","header-above-stick-meta":"","header-main-stick-meta":"","header-below-stick-meta":"","astra-migrate-meta-layouts":"set","ast-page-background-enabled":"default","ast-page-background-meta":{"desktop":{"background-color":"var(--ast-global-color-4)","background-image":"","background-repeat":"repeat","background-position":"center center","background-size":"auto","background-attachment":"scroll","background-type":"","background-media":"","overlay-type":"","overlay-color":"","overlay-opacity":"","overlay-gradient":""},"tablet":{"background-color":"","background-image":"","background-repeat":"repeat","background-position":"center center","background-size":"auto","background-attachment":"scroll","background-type":"","background-media":"","overlay-type":"","overlay-color":"","overlay-opacity":"","overlay-gradient":""},"mobile":{"background-color":"","background-image":"","background-repeat":"repeat","background-position":"center center","background-size":"auto","background-attachment":"scroll","background-type":"","background-media":"","overlay-type":"","overlay-color":"","overlay-opacity":"","overlay-gradient":""}},"ast-content-background-meta":{"desktop":{"background-color":"var(--ast-global-color-5)","background-image":"","background-repeat":"repeat","background-position":"center center","background-size":"auto","background-attachment":"scroll","background-type":"","background-media":"","overlay-type":"","overlay-color":"","overlay-opacity":"","overlay-gradient":""},"tablet":{"background-color":"var(--ast-global-color-5)","background-image":"","background-repeat":"repeat","background-position":"center center","background-size":"auto","background-attachment":"scroll","background-type":"","background-media":"","overlay-type":"","overlay-color":"","overlay-opacity":"","overlay-gradient":""},"mobile":{"background-color":"var(--ast-global-color-5)","background-image":"","background-repeat":"repeat","background-position":"center center","background-size":"auto","background-attachment":"scroll","background-type":"","background-media":"","overlay-type":"","overlay-color":"","overlay-opacity":"","overlay-gradient":""}},"footnotes":""},"class_list":["post-55","page","type-page","status-publish","hentry"],"post_mailing_queue_ids":[],"_links":{"self":[{"href":"https:\/\/agora.xtec.cat\/iesjulioantonio\/wp-json\/wp\/v2\/pages\/55","targetHints":{"allow":["GET"]}}],"collection":[{"href":"https:\/\/agora.xtec.cat\/iesjulioantonio\/wp-json\/wp\/v2\/pages"}],"about":[{"href":"https:\/\/agora.xtec.cat\/iesjulioantonio\/wp-json\/wp\/v2\/types\/page"}],"author":[{"embeddable":true,"href":"https:\/\/agora.xtec.cat\/iesjulioantonio\/wp-json\/wp\/v2\/users\/1"}],"replies":[{"embeddable":true,"href":"https:\/\/agora.xtec.cat\/iesjulioantonio\/wp-json\/wp\/v2\/comments?post=55"}],"version-history":[{"count":5,"href":"https:\/\/agora.xtec.cat\/iesjulioantonio\/wp-json\/wp\/v2\/pages\/55\/revisions"}],"predecessor-version":[{"id":8729,"href":"https:\/\/agora.xtec.cat\/iesjulioantonio\/wp-json\/wp\/v2\/pages\/55\/revisions\/8729"}],"up":[{"embeddable":true,"href":"https:\/\/agora.xtec.cat\/iesjulioantonio\/wp-json\/wp\/v2\/pages\/19"}],"wp:attachment":[{"href":"https:\/\/agora.xtec.cat\/iesjulioantonio\/wp-json\/wp\/v2\/media?parent=55"}],"curies":[{"name":"wp","href":"https:\/\/api.w.org\/{rel}","templated":true}]}}