{"id":5307,"date":"2021-10-06T10:08:41","date_gmt":"2021-10-06T08:08:41","guid":{"rendered":"https:\/\/agora.xtec.cat\/iesjulioantonio\/?page_id=5307"},"modified":"2024-02-16T10:59:20","modified_gmt":"2024-02-16T09:59:20","slug":"biblioteca","status":"publish","type":"page","link":"https:\/\/agora.xtec.cat\/iesjulioantonio\/linstitut\/biblioteca\/","title":{"rendered":"Biblioteca"},"content":{"rendered":"<p>A l&#8217;Institut Julio Antonio disposem d&#8217;una biblioteca al servei de la comunitat educativa del centre.<\/p>\n<p>En <a href=\"http:\/\/xtec.gencat.cat\/ca\/projectes\/biblioteca\/epergam\/entorn-consulta\/instituts\/\">aquest enlla\u00e7<\/a> podeu consultar el fons disponible.<\/p>\n<h2>Concurs de Bookface<\/h2>\n<p>La <strong>Biblioteca de l&#8217;institut Julio Antonio<\/strong> organitza la segona edici\u00f3 del <strong>concurs de Bookface<\/strong>, obert a tot l&#8217;alumnat del centre, professorat i PAS.<\/p>\n<p>Per participar heu d&#8217;enviar les vostres obres al correu biblioteca@iesjulioantonio.cat, juntament amb les vostres dades personals,<strong> abans del divendres 22 de mar\u00e7<\/strong>.<\/p>\n<p><a href=\"https:\/\/agora.xtec.cat\/iesjulioantonio\/wp-content\/uploads\/usu942\/2024\/02\/20240216_II-Concurs-de-Bookface.pdf\">Aqu\u00ed teniu tota la informaci\u00f3<\/a> i un <a href=\"https:\/\/drive.google.com\/file\/d\/1B9XzNztJZUjmxGIWJvej2teDyEudtSuI\/view?usp=sharing\">enlla\u00e7 a un v\u00eddeo<\/a> amb les fotos participants de la convocat\u00f2ria del curs passat.<\/p>\n<h2>Obres premiades al 1r concurs de textos de Terror (novembre 2023)<\/h2>\n<p><strong>SPECTRUM de N\u00faria Papiol (2n A ESO)<\/strong><br \/>\nHi my name is Spectrum and I am a ghost. This can be a little confusing but don\u2019t worry, I\u2019ll explain later. Today I was doing the usual: staying in the castle and doing ghost things, you know, well but something unusual happened, some weird energy wind came to me and made me fly away from my castle. Suddenly, I was in an ordinary house in the village. Inside the house, there was a family. They didn\u2019t notice me until a strange thing happened. The girl in the family noticed me. She could see me. I was stunned like her. She was the perfect girl, blue eyes, black hair, and oh, that body was perfect. She was in shock like me. I said to her \u2013\u201cHello\u201d- and she screamed so loudly. She screamed because I didn\u2019t notice I wasn\u2019t a ghost anymore.<\/p>\n<p><strong>REFLEJOS de Andrea Carabat (4t B ESO)<\/strong><br \/>\nPor senderos caminaba bajo aquel fr\u00edo invierno,<br \/>\nMis pies descalzos sangrados recordaban el sufrimiento,<br \/>\nUna plegar\u00eda a Dios para sacarme de aquel infierno,<br \/>\nFue el diablo quien respondi\u00f3 a mi desesperado intento.<\/p>\n<p>A\u00fan no entiendo en qu\u00e9 lugar he ca\u00eddo,<br \/>\n\u00bfPor qu\u00e9 estoy preso? Ning\u00fan delito he cometido,<br \/>\nEn sangre sumergido, ten\u00eda fr\u00edo y no busqu\u00e9 mi abrigo,<br \/>\nHe sido menos de lo que so\u00f1\u00e9 y me pregunt\u00e9: \u00bfc\u00f3mo puedo estar vivo?<\/p>\n<p>Otro reflejo del futuro observo de cara al espejo,<br \/>\nNo s\u00e9 qu\u00e9 sucede con el tiempo, no me veo estando viejo,<br \/>\nMiles de fracasos acampados en mi camino,<br \/>\nCientos de testigos jugando a ser divinos.<\/p>\n<p>\u00bfEste es el final? Vivir sabiendo que todo va a terminar,<br \/>\nVivir muriendo con ganas de nunca acabar,<br \/>\nVivir con un sentimiento que no va a funcionar,<br \/>\nMorir con ganas de vivir, vivir con ganas de amar&#8230;<\/p>\n<p><strong>FRAGMENTADO de Rayan El Ahmadi (4t B ESO)<\/strong><br \/>\nDos hermanos y su madre decidieron visitar un parque de atracciones algo descuidado en una noche de luna llena. Uno de los hermanos, Juan, se aventur\u00f3 a entrar en una sala de espejos mientras el otro, Pedro, carec\u00eda de inter\u00e9s por subirse a otra atracci\u00f3n y opt\u00f3 por esperar a su hermano. Dentro de la sala de espejos, Juan fue guiado por un gu\u00eda que parec\u00eda marginado, empobrecido, con problemas de salud y una apariencia descuidada. Tras un per\u00edodo prolongado, Juan finalmente logr\u00f3 salir de la sala de espejos y se reuni\u00f3 con su hermano Pedro y su madre, quienes hab\u00edan decidido encaminarse de vuelta a casa.<\/p>\n<p>Una vez en casa, Juan se lav\u00f3 la cara, y al mirarse en el espejo, not\u00f3 que no se reflejaba en \u00e9l; solo pod\u00eda ver el fondo del lavabo. La situaci\u00f3n se volvi\u00f3 a\u00fan m\u00e1s aterradora cuando Pedro y su madre comenzaron a llorar al recibir una devastadora noticia: un ni\u00f1o hab\u00eda perdido la vida debido a un accidente en una de las atracciones del parque, donde el techo hab\u00eda colapsado y lo hab\u00eda aplastado.<\/p>\n<p><strong>RENACER de Irene Gra\u00f1ena (1r A BAT)<\/strong><br \/>\nLa s\u00e1bana blanca<br \/>\nque por mi pasillo corre,<br \/>\ncual tetera de cocina,<br \/>\nse oye pasar.<\/p>\n<p>Pisadas de carb\u00f3n<br \/>\nque por mi puerta entran<br \/>\ny luces de fiesta<br \/>\nque llaman a mi coraz\u00f3n.<\/p>\n<p>Ventisca de viento fr\u00edo<br \/>\nInunda mi ser<br \/>\ny caudal de agua<br \/>\nsobre mi cad\u00e1ver desciende.<\/p>\n<p>Caj\u00f3n cerrado debajo suelo<br \/>\ny campana retumbadora.<br \/>\nMi luz blanca anhelada:<br \/>\nhoy vuelvo a nacer.<\/p>\n<p><strong>ESCAPANT DE LA F\u00c0BRICA MALE\u00cfDA de Belkacem Bencharef (1r A ESO)<\/strong><br \/>\nVet aqu\u00ed que una vegada hi havia tres xiquets que es deien Jordi, Ra\u00fcl i Alan i eren molt entremaliats. Un dia, despr\u00e9s d&#8217;un examen de m\u00fasica, van quedar per divertir-se una estona i passar el temps. Es van trobar en una f\u00e0brica que estava abandonada, amb les portes oxidades, vidres trencats i les parets desgastades. Van entrar a la f\u00e0brica. La porta es va bloquejar i no podien sortir. Desesperats van anar a explorar per veure si podien trobar una altra porta. Es van trobar una habitaci\u00f3 gran on hi havia un animatr\u00f2nic amb ulls sinistres i trencats. Tenia un somriure no gaire amigable i era molt alt. Quan van veure\u2019l, van tindre molta por. Quan va marxar l\u2019animatr\u00f2nic, els tres xiquets van entrar en p\u00e0nic, no s&#8217;ho podien creure. Van trobar la porta tancada, van entrar per uns conductes plens de pols, despr\u00e9s de caminar uns metres es trobaren sang pel cam\u00ed i quan es van girar per tornar, es van trobar l&#8217;animatr\u00f2nic que els perseguia.<\/p>\n<p>L&#8217;animatr\u00f2nic cridava com una cabra i tenia un somriure molt sinistre. Un dels amics va caure i el monstre el va devorar en un instant. Un altre li va tirar una pedra, el monstre es va enfadar i va acabar amb la seva vida, tot colpejant-lo contra la paret de ferro. L&#8217;\u00faltim nen va sortir del conducte i va ficar unes barres met\u00e0l\u00b7liques perqu\u00e8 el monstre no pogu\u00e9s sortir. El nen es va amagar en una zona fosca i es va trobar el monstre. Finalment, el monstre va trobar el nen entre unes caixes i el va estrangular. Despr\u00e9s de 10 anys d\u2019aquests fets, van entrar un grup d&#8217;investigadors i va trobar els cossos dels nens. Actualment la f\u00e0brica es troba en perill d\u2019esfondrament. Moralitat: no entreu als llocs sense perm\u00eds.<\/p>\n<p><strong>MIRA AMB LES ORELLES de Noelia Artigues (2n B BAT)<\/strong><br \/>\nEl Dan obre la porta i veu el caos de la sala. Al lloc on solen haver-hi reclusos jugant a cartes o explicant-se hist\u00f2ries, ara hi ha taules trencades, fluorescents mig despenjats del sostre, homes corrent amunt i avall i baralles sobtades. Ell nom\u00e9s havia marxat dos minuts per a fer-se un caf\u00e8, \u00e9s el torn de nit i fa nom\u00e9s dues setmanes que ha comen\u00e7at, necessitava alguna cosa per aguantar la resta de la jornada i, al tornar, es troba amb la pres\u00f3 sencera potes enlaire. On s\u00f3n els altres guardes? On s\u2019ha ficat tothom? Qu\u00e8 ha passat?<\/p>\n<p>El Dan corre a buscar el Cai, el seu company, per\u00f2, de sobte, tot es queda a les fosques, es senten crits, cops, ganivetades a tort i a dret, gent que sembla que s\u2019estigui dessagnant, l\u2019olor de la sang\u2026 Per arribar al despatx m\u00e9s proper ha de travessar tota la sala. Nota cossos estesos a terra, hi ha zones que rellisquen pels tolls de sang, de tant en tant es topa amb reclusos que ha d\u2019esquivar si vol seguir amb vida. Aconsegueix arribar al despatx i busca a cegues el bot\u00f3 d\u2019emerg\u00e8ncia. El prem i s\u2019amaga davall la taula. Una sirena comen\u00e7a a sonar, a poc a poc les veus i els crits es van apagant fins a callar del tot. Tot queda en silenci absolut tret de l\u2019ensordidor soroll de l\u2019alarma.<\/p>\n<p>Passen cinc, deu minuts, no ho sap, ha perdut la noci\u00f3 del temps. El Dan est\u00e0 paralitzat i, de cop, sent una respiraci\u00f3 al seu darrere, cada vegada m\u00e9s forta, s\u2019apropa al seu costat. Sembla que no es mogui m\u00e9s, fins que va baixant i es queda a l\u2019al\u00e7ada on \u00e9s ell sota la taula. Es queda imm\u00f2bil i aguanta la respiraci\u00f3. Se sent una corredissa pel passad\u00eds en direcci\u00f3 al despatx, est\u00e0 molt a prop, no l\u2019ha sentida abans per la sirena que continua ensordint tothom qui \u00e9s a la pres\u00f3. L\u2019home del passad\u00eds entra al despatx i es topa amb el primer recl\u00fas. S\u2019inicia una baralla entre els dos delinq\u00fcents i el Dan aprofita per a escapar-se. Nom\u00e9s pot fugir passant per la sala.<\/p>\n<p>No veu res per\u00f2, a l\u2019arribar-hi, sent la pres\u00e8ncia de les persones, encara que all\u00ed hi ha alguna cosa estranya, ja no semblen persones, no sonen com a persones. El jove guarda comen\u00e7a a c\u00f3rrer cap a la sortida, recorre un llarg passad\u00eds que sembla que mai s\u2019acabi i, per fi, arriba a la porta del final, la porta de sortida, torna la llum i deixa de sonar l\u2019alarma per\u00f2, obre la porta i veu el caos de la sala. Al lloc on solen haver reclusos jugant\u2026<\/p>\n<h2>Reconeixement a la biblioteca de l&#8217;Institut Julio Antonio<\/h2>\n<p>El segell guanyat indica que la nostra experi\u00e8ncia compleix amb els objectius seg\u00fcents:<\/p>\n<ul>\n<li>Detectar bons models de funcionament de biblioteques de centres educatius de totes les etapes.<\/li>\n<li>Afavorir l\u2019intercanvi entre centres i la consolidaci\u00f3 d&#8217;una xarxa de biblioteques escolars.<\/li>\n<li>Establir lligams entre el programa \u201cpuntedu\u201d i les biblioteques dels centres educatius.<\/li>\n<li>Fer visible el paper de la biblioteca com a centre de recursos per a l&#8217;aprenentatge i l\u2019ensenyament, com a eix del pla de lectura de centre i com a motor d\u2019innovaci\u00f3 en el centre educatiu.<\/li>\n<\/ul>\n<p><a href=\"https:\/\/projectes.xtec.cat\/bescat\/\"><img loading=\"lazy\" decoding=\"async\" class=\"wp-image-6780 aligncenter\" src=\"https:\/\/agora.xtec.cat\/iesjulioantonio\/wp-content\/uploads\/usu942\/2023\/05\/BESCAT.png\" alt=\"\" width=\"271\" height=\"234\" srcset=\"https:\/\/agora.xtec.cat\/iesjulioantonio\/wp-content\/uploads\/usu942\/2023\/05\/BESCAT.png 482w, https:\/\/agora.xtec.cat\/iesjulioantonio\/wp-content\/uploads\/usu942\/2023\/05\/BESCAT-300x259.png 300w\" sizes=\"auto, (max-width: 271px) 100vw, 271px\" \/><\/a><\/p>\n<h2>Concurs Bookface, abril 2023<\/h2>\n<p>L&#8217;Institut Julio Antonio organitza un concurs de realitzaci\u00f3 de <em>bookface<\/em>, participa-hi!!. Tota la informaci\u00f3 la trobar\u00e0s fent clic a la imatge. I no et perdis el <a href=\"https:\/\/www.youtube.com\/watch?v=HGylGnqCa5M\">v\u00eddeo promocional<\/a>!!<br \/>\n<a href=\"https:\/\/agora.xtec.cat\/iesjulioantonio\/wp-content\/uploads\/usu942\/2023\/04\/I-Concurs-de-Bookface-curs-22-23.pdf\"><img loading=\"lazy\" decoding=\"async\" class=\"wp-image-6669 aligncenter\" src=\"https:\/\/agora.xtec.cat\/iesjulioantonio\/wp-content\/uploads\/usu942\/2023\/04\/bookface-foto-1024x1024.jpeg\" alt=\"\" width=\"403\" height=\"403\" srcset=\"https:\/\/agora.xtec.cat\/iesjulioantonio\/wp-content\/uploads\/usu942\/2023\/04\/bookface-foto-1024x1024.jpeg 1024w, https:\/\/agora.xtec.cat\/iesjulioantonio\/wp-content\/uploads\/usu942\/2023\/04\/bookface-foto-300x300.jpeg 300w, https:\/\/agora.xtec.cat\/iesjulioantonio\/wp-content\/uploads\/usu942\/2023\/04\/bookface-foto-150x150.jpeg 150w, https:\/\/agora.xtec.cat\/iesjulioantonio\/wp-content\/uploads\/usu942\/2023\/04\/bookface-foto-768x768.jpeg 768w, https:\/\/agora.xtec.cat\/iesjulioantonio\/wp-content\/uploads\/usu942\/2023\/04\/bookface-foto.jpeg 1200w\" sizes=\"auto, (max-width: 403px) 100vw, 403px\" \/><\/a><\/p>\n<h2>Dia mundial de la poesia 2023<\/h2>\n<p>L&#8217;Institut Julio Antonio tamb\u00e9 se suma als actes del Dia Mundial de la Poesia.<\/p>\n<p>A continuaci\u00f3, trobareu la poesia de Francesc Vicent Garcia en catorze idiomes i llegida per diversos membres de la comunitat educativa.<\/p>\n<p><a href=\"https:\/\/docs.google.com\/presentation\/d\/e\/2PACX-1vSuWPY3Hwoyu1is5GYvh5gWXxB5cQV0RtxESezFkUaResMh7MAitNioJ23MWFc_OjSXw_g2dzKwX5Vs\/pub?start=false&amp;loop=false&amp;delayms=3000&amp;slide=id.g2125bb96202_1_231\"><img loading=\"lazy\" decoding=\"async\" class=\"wp-image-6612 aligncenter\" src=\"https:\/\/agora.xtec.cat\/iesjulioantonio\/wp-content\/uploads\/usu942\/2023\/03\/poesia.jpg\" alt=\"\" width=\"306\" height=\"408\" srcset=\"https:\/\/agora.xtec.cat\/iesjulioantonio\/wp-content\/uploads\/usu942\/2023\/03\/poesia.jpg 639w, https:\/\/agora.xtec.cat\/iesjulioantonio\/wp-content\/uploads\/usu942\/2023\/03\/poesia-225x300.jpg 225w\" sizes=\"auto, (max-width: 306px) 100vw, 306px\" \/><\/a><\/p>\n<p>Aprofitem l&#8217;avinentesa per agrair la col\u00b7laboraci\u00f3 de tots ells. Moltes gr\u00e0cies!<\/p>\n<h2>Guia de lectura de Javier Mar\u00edas<\/h2>\n<p>El passat 11 de setembre va morir Javier Mar\u00edas, un dels narradors m\u00e9s destacats del panorama literari actual en llengua castellana, autor de c\u00e8lebres novel.les com Negra espalda del tiempo o Berta Isla. Per aquest motiu, la biblioteca del centre posa a disposici\u00f3 de l\u00b4alumnat i del professorat una guia de lectura i diversos exemplars de les seves obres m\u00e9s importants.<\/p>\n<p><a href=\"https:\/\/agora.xtec.cat\/iesjulioantonio\/wp-content\/uploads\/usu942\/2022\/09\/javier.jpg\"><img loading=\"lazy\" decoding=\"async\" class=\"wp-image-6286 aligncenter\" src=\"https:\/\/agora.xtec.cat\/iesjulioantonio\/wp-content\/uploads\/usu942\/2022\/09\/javier-1024x851.jpg\" alt=\"\" width=\"525\" height=\"436\" srcset=\"https:\/\/agora.xtec.cat\/iesjulioantonio\/wp-content\/uploads\/usu942\/2022\/09\/javier-1024x851.jpg 1024w, https:\/\/agora.xtec.cat\/iesjulioantonio\/wp-content\/uploads\/usu942\/2022\/09\/javier-300x250.jpg 300w, https:\/\/agora.xtec.cat\/iesjulioantonio\/wp-content\/uploads\/usu942\/2022\/09\/javier-768x639.jpg 768w, https:\/\/agora.xtec.cat\/iesjulioantonio\/wp-content\/uploads\/usu942\/2022\/09\/javier.jpg 1026w\" sizes=\"auto, (max-width: 525px) 100vw, 525px\" \/><\/a><\/p>\n<h2>Textos premiats al concurs literari de Sant Jordi del curs 21-22<\/h2>\n<p>Des d&#8217;aquest enlla\u00e7 podeu accedir a la recopilaci\u00f3 dels textos premiats al concurs literari de Sant Jordi del curs 21-22: <a href=\"https:\/\/agora.xtec.cat\/iesjulioantonio\/wp-content\/uploads\/usu942\/2022\/06\/Sant-Jordi-2022.pdf\">Sant Jordi 2022<\/a><\/p>\n<h2>Exposici\u00f3 de llibres i cites de James Joyce. Centenari de la publicaci\u00f3 d&#8217;<i>Ulysses, mar\u00e7 2022<\/i><\/h2>\n<p>El 2 de febrer de 1922 es va publicar a Irlanda la novel.la avantguardista <em>Ulysses<\/em> de James Joyce, escriptor dublin\u00e8s reconegut internacionalment. La seva obra liter\u00e0ria \u00e9s considerada com una de les m\u00e9s influents del segle XX.<br \/>\nPer aquest motiu, la biblioteca del nostre centre acull durant tot aquest any 2022 una exposici\u00f3 sobre aquest autor en la qual podreu trobar en pr\u00e9stec les seves tres novel\u00b7les m\u00e9s representatives: <em>Ulisses, Dublinesos i Retrat<\/em> <em>de l\u00b4artista adolescent<\/em> en catal\u00e0, en castell\u00e0 i en angl\u00e8s.<\/p>\n<p>Aix\u00ed mateix, posem a la disposici\u00f3 del professorat i de l\u00b4alumnat de tots els cursos una s\u00e8rie de cartells que exposen els textos m\u00e9s representatius de les obres de Joyce en les lleng\u00fces que s\u00b4estudien al centre per tal de poder-los llegir i realitzar-ne activitats guiades des de diferents assignatures.<\/p>\n<p><a href=\"https:\/\/agora.xtec.cat\/iesjulioantonio\/wp-content\/uploads\/usu942\/2022\/03\/imatge1.jpg\"><img loading=\"lazy\" decoding=\"async\" class=\"alignnone size-large wp-image-5508\" src=\"https:\/\/agora.xtec.cat\/iesjulioantonio\/wp-content\/uploads\/usu942\/2022\/03\/imatge1-1024x430.jpg\" alt=\"\" width=\"1024\" height=\"430\" srcset=\"https:\/\/agora.xtec.cat\/iesjulioantonio\/wp-content\/uploads\/usu942\/2022\/03\/imatge1-1024x430.jpg 1024w, https:\/\/agora.xtec.cat\/iesjulioantonio\/wp-content\/uploads\/usu942\/2022\/03\/imatge1-300x126.jpg 300w, https:\/\/agora.xtec.cat\/iesjulioantonio\/wp-content\/uploads\/usu942\/2022\/03\/imatge1-768x322.jpg 768w, https:\/\/agora.xtec.cat\/iesjulioantonio\/wp-content\/uploads\/usu942\/2022\/03\/imatge1-1536x645.jpg 1536w, https:\/\/agora.xtec.cat\/iesjulioantonio\/wp-content\/uploads\/usu942\/2022\/03\/imatge1-2048x860.jpg 2048w\" sizes=\"auto, (max-width: 1024px) 100vw, 1024px\" \/><\/a><\/p>\n<p><a href=\"https:\/\/agora.xtec.cat\/iesjulioantonio\/wp-content\/uploads\/usu942\/2022\/03\/imatge2-scaled.jpg\"><img loading=\"lazy\" decoding=\"async\" class=\"alignnone size-large wp-image-5509\" src=\"https:\/\/agora.xtec.cat\/iesjulioantonio\/wp-content\/uploads\/usu942\/2022\/03\/imatge2-1024x263.jpg\" alt=\"\" width=\"1024\" height=\"263\" srcset=\"https:\/\/agora.xtec.cat\/iesjulioantonio\/wp-content\/uploads\/usu942\/2022\/03\/imatge2-1024x263.jpg 1024w, https:\/\/agora.xtec.cat\/iesjulioantonio\/wp-content\/uploads\/usu942\/2022\/03\/imatge2-300x77.jpg 300w, https:\/\/agora.xtec.cat\/iesjulioantonio\/wp-content\/uploads\/usu942\/2022\/03\/imatge2-768x197.jpg 768w, https:\/\/agora.xtec.cat\/iesjulioantonio\/wp-content\/uploads\/usu942\/2022\/03\/imatge2-1536x395.jpg 1536w, https:\/\/agora.xtec.cat\/iesjulioantonio\/wp-content\/uploads\/usu942\/2022\/03\/imatge2-2048x526.jpg 2048w\" sizes=\"auto, (max-width: 1024px) 100vw, 1024px\" \/><\/a><\/p>\n<h2>Dia de les Escriptores, 2021<\/h2>\n<p>Amb motiu del <em><strong>Dia de les escriptores<\/strong><\/em>, 18 d\u00b4octubre, la biblioteca del nostre centre acull una exposici\u00f3 de llibres d\u00b4escriptores contempor\u00e0nies. Les obres estan agrupades en diferents tem\u00e0tiques: novel.la hist\u00f2rica, juvenil, amorosa, intimista, rom\u00e1ntica, de misteri i poesia. Hi podreu trobar tant llibres que ja es consideren cl\u00e0ssics com novel.les publicades recentment. Durant aquest trimestre l\u00b4alumnat podr\u00e0 llegir aquests llibres en pr\u00e9stec i tamb\u00e9 es podran realitzar activitats liter\u00e0ries des de les diferents assignatures de llengua del nostre institut. La coordinaci\u00f3 de la biblioteca us convida a visitar l\u00b4exposici\u00f3 i a gaudir de la lectura d\u00b4aquestes obres.<\/p>\n<p><a href=\"https:\/\/agora.xtec.cat\/iesjulioantonio\/wp-content\/uploads\/usu942\/2021\/10\/dia_escriptores_2021.jpg\"><img loading=\"lazy\" decoding=\"async\" class=\"alignnone size-full wp-image-5336\" src=\"https:\/\/agora.xtec.cat\/iesjulioantonio\/wp-content\/uploads\/usu942\/2021\/10\/dia_escriptores_2021.jpg\" alt=\"\" width=\"1024\" height=\"883\" srcset=\"https:\/\/agora.xtec.cat\/iesjulioantonio\/wp-content\/uploads\/usu942\/2021\/10\/dia_escriptores_2021.jpg 1024w, https:\/\/agora.xtec.cat\/iesjulioantonio\/wp-content\/uploads\/usu942\/2021\/10\/dia_escriptores_2021-300x259.jpg 300w, https:\/\/agora.xtec.cat\/iesjulioantonio\/wp-content\/uploads\/usu942\/2021\/10\/dia_escriptores_2021-768x662.jpg 768w\" sizes=\"auto, (max-width: 1024px) 100vw, 1024px\" \/><\/a><\/p>\n","protected":false},"excerpt":{"rendered":"<p>A l&#8217;Institut Julio Antonio disposem d&#8217;una biblioteca al servei de la comunitat educativa del centre. En aquest enlla\u00e7 podeu consultar el fons disponible. Concurs de Bookface La Biblioteca de l&#8217;institut Julio Antonio organitza la segona edici\u00f3 del concurs de Bookface, obert a tot l&#8217;alumnat del centre, professorat i PAS. Per participar heu d&#8217;enviar les vostres [&hellip;]<\/p>\n","protected":false},"author":14,"featured_media":0,"parent":19,"menu_order":7,"comment_status":"closed","ping_status":"closed","template":"page-templates\/side-menu.php","meta":{"_bbp_topic_count":0,"_bbp_reply_count":0,"_bbp_total_topic_count":0,"_bbp_total_reply_count":0,"_bbp_voice_count":0,"_bbp_anonymous_reply_count":0,"_bbp_topic_count_hidden":0,"_bbp_reply_count_hidden":0,"_bbp_forum_subforum_count":0,"site-sidebar-layout":"default","site-content-layout":"","ast-site-content-layout":"","site-content-style":"default","site-sidebar-style":"default","ast-global-header-display":"","ast-banner-title-visibility":"","ast-main-header-display":"","ast-hfb-above-header-display":"","ast-hfb-below-header-display":"","ast-hfb-mobile-header-display":"","site-post-title":"","ast-breadcrumbs-content":"","ast-featured-img":"","footer-sml-layout":"","theme-transparent-header-meta":"","adv-header-id-meta":"","stick-header-meta":"","header-above-stick-meta":"","header-main-stick-meta":"","header-below-stick-meta":"","astra-migrate-meta-layouts":"default","ast-page-background-enabled":"default","ast-page-background-meta":{"desktop":{"background-color":"var(--ast-global-color-4)","background-image":"","background-repeat":"repeat","background-position":"center center","background-size":"auto","background-attachment":"scroll","background-type":"","background-media":"","overlay-type":"","overlay-color":"","overlay-opacity":"","overlay-gradient":""},"tablet":{"background-color":"","background-image":"","background-repeat":"repeat","background-position":"center center","background-size":"auto","background-attachment":"scroll","background-type":"","background-media":"","overlay-type":"","overlay-color":"","overlay-opacity":"","overlay-gradient":""},"mobile":{"background-color":"","background-image":"","background-repeat":"repeat","background-position":"center center","background-size":"auto","background-attachment":"scroll","background-type":"","background-media":"","overlay-type":"","overlay-color":"","overlay-opacity":"","overlay-gradient":""}},"ast-content-background-meta":{"desktop":{"background-color":"var(--ast-global-color-5)","background-image":"","background-repeat":"repeat","background-position":"center center","background-size":"auto","background-attachment":"scroll","background-type":"","background-media":"","overlay-type":"","overlay-color":"","overlay-opacity":"","overlay-gradient":""},"tablet":{"background-color":"var(--ast-global-color-5)","background-image":"","background-repeat":"repeat","background-position":"center center","background-size":"auto","background-attachment":"scroll","background-type":"","background-media":"","overlay-type":"","overlay-color":"","overlay-opacity":"","overlay-gradient":""},"mobile":{"background-color":"var(--ast-global-color-5)","background-image":"","background-repeat":"repeat","background-position":"center center","background-size":"auto","background-attachment":"scroll","background-type":"","background-media":"","overlay-type":"","overlay-color":"","overlay-opacity":"","overlay-gradient":""}},"footnotes":""},"class_list":["post-5307","page","type-page","status-publish","hentry"],"post_mailing_queue_ids":[],"_links":{"self":[{"href":"https:\/\/agora.xtec.cat\/iesjulioantonio\/wp-json\/wp\/v2\/pages\/5307","targetHints":{"allow":["GET"]}}],"collection":[{"href":"https:\/\/agora.xtec.cat\/iesjulioantonio\/wp-json\/wp\/v2\/pages"}],"about":[{"href":"https:\/\/agora.xtec.cat\/iesjulioantonio\/wp-json\/wp\/v2\/types\/page"}],"author":[{"embeddable":true,"href":"https:\/\/agora.xtec.cat\/iesjulioantonio\/wp-json\/wp\/v2\/users\/14"}],"replies":[{"embeddable":true,"href":"https:\/\/agora.xtec.cat\/iesjulioantonio\/wp-json\/wp\/v2\/comments?post=5307"}],"version-history":[{"count":6,"href":"https:\/\/agora.xtec.cat\/iesjulioantonio\/wp-json\/wp\/v2\/pages\/5307\/revisions"}],"predecessor-version":[{"id":7389,"href":"https:\/\/agora.xtec.cat\/iesjulioantonio\/wp-json\/wp\/v2\/pages\/5307\/revisions\/7389"}],"up":[{"embeddable":true,"href":"https:\/\/agora.xtec.cat\/iesjulioantonio\/wp-json\/wp\/v2\/pages\/19"}],"wp:attachment":[{"href":"https:\/\/agora.xtec.cat\/iesjulioantonio\/wp-json\/wp\/v2\/media?parent=5307"}],"curies":[{"name":"wp","href":"https:\/\/api.w.org\/{rel}","templated":true}]}}