{"id":5269,"date":"2021-09-14T09:29:49","date_gmt":"2021-09-14T07:29:49","guid":{"rendered":"https:\/\/agora.xtec.cat\/iesjulioantonio\/?page_id=5269"},"modified":"2025-03-25T14:09:15","modified_gmt":"2025-03-25T13:09:15","slug":"programes-de-formacio-i-insercio-pfi","status":"publish","type":"page","link":"https:\/\/agora.xtec.cat\/iesjulioantonio\/cicles-formatius-2\/programes-de-formacio-i-insercio-pfi\/","title":{"rendered":"Programes de Formaci\u00f3 i Inserci\u00f3 (PFI)"},"content":{"rendered":"<p>Els programes de Formaci\u00f3 i Inserci\u00f3 (PFI) tenen com a finalitat proporcionar-te una formaci\u00f3 b\u00e0sica i professional que et permet, si no tens l\u2019ESO, a incorporar-te al m\u00f3n laboral o accedir als Cicles Formatius de Grau Mitj\u00e0.<br \/>\nPodran accedir als PFI aquelles persones que compleixin els seg\u00fcents requisits:<\/p>\n<ul>\n<li>Tenir com a m\u00ednim 16 anys i com a m\u00e0xim 21 anys.<\/li>\n<li>No haver obtingut el graduat ESO<\/li>\n<li>Estar m\u00e9s de 3 mesos sense escolaritzar-se.<\/li>\n<\/ul>\n<p><a href=\"https:\/\/agora.xtec.cat\/iesjulioantonio\/wp-content\/uploads\/usu942\/2024\/04\/20240425_Triptic_PFI.jpg\"><img loading=\"lazy\" decoding=\"async\" class=\"size-full wp-image-7610 aligncenter\" src=\"https:\/\/agora.xtec.cat\/iesjulioantonio\/wp-content\/uploads\/usu942\/2024\/04\/20240425_Triptic_PFI.jpg\" alt=\"\" width=\"805\" height=\"360\" srcset=\"https:\/\/agora.xtec.cat\/iesjulioantonio\/wp-content\/uploads\/usu942\/2024\/04\/20240425_Triptic_PFI.jpg 805w, https:\/\/agora.xtec.cat\/iesjulioantonio\/wp-content\/uploads\/usu942\/2024\/04\/20240425_Triptic_PFI-300x134.jpg 300w, https:\/\/agora.xtec.cat\/iesjulioantonio\/wp-content\/uploads\/usu942\/2024\/04\/20240425_Triptic_PFI-768x343.jpg 768w\" sizes=\"auto, (max-width: 805px) 100vw, 805px\" \/><\/a><\/p>\n<p>En l\u2019especialitat de VENDES, OFIM\u00c0TICA I ATENCI\u00d3 AL CLIENT, amb una durada de 1000 hores (1 curs acad\u00e8mic) en horari de matins:<\/p>\n<table style=\"width: 92.6087%; border-collapse: collapse;\">\n<tbody>\n<tr>\n<td style=\"width: 63.1111%; background-color: #000000;\"><span style=\"color: #ffffff;\"><strong>M\u00f2duls professionals<\/strong><\/span><\/td>\n<td style=\"width: 71.9448%; background-color: #000000;\"><span style=\"color: #ffffff;\"><strong>Sortides professionals<\/strong><\/span><\/td>\n<\/tr>\n<tr>\n<td style=\"width: 63.1111%; line-height: 20pt;\"><strong>I. M\u00d2DULS DE FORMACI\u00d3 PROFESSIONAL<\/strong><\/p>\n<p>I.a. M\u00f2duls referits a t\u00edtols de formaci\u00f3 professional b\u00e0sica<\/p>\n<ul>\n<li>3069. T\u00e8cniques b\u00e0siques de comercialitzaci\u00f3.\n<ul>\n<li>UC_2-1327-11_11: Realitzar operacions auxiliars de reposici\u00f3, disposici\u00f3 i condicionament de productes en el punt de venda.<\/li>\n<li>UC_2-1328-11_1: Manipular i traslladar productes a la superf\u00edcie comercial i en el repartiment de proximitat, utilitzant transpalets i carretons manuals.<\/li>\n<\/ul>\n<\/li>\n<li>3005. Atenci\u00f3 al client.\n<ul>\n<li>UC_2-1329-11_1: Proporcionar atenci\u00f3 i informaci\u00f3 operativa, estructurada i protocol\u00b7litzada al client.<\/li>\n<\/ul>\n<\/li>\n<li>3006. Preparaci\u00f3 de comandes i venda de productes\n<ul>\n<li>UC_2-1326-11_1: Preparar comandes de forma efica\u00e7 i eficient, seguint procediments establerts.<\/li>\n<\/ul>\n<\/li>\n<\/ul>\n<p>I.b. M\u00f2duls de formaci\u00f3 professional comuns a tots els perfils<\/p>\n<ul>\n<li>MP. Projecte<\/li>\n<li>MPRL. M\u00f2dul de prevenci\u00f3 de riscos laborals<\/li>\n<\/ul>\n<p><strong>II. M\u00d2DULS DE FORMACI\u00d3 GENERAL<\/strong><\/p>\n<ul>\n<li>MFG1. Estrat\u00e8gies i eines de comunicaci\u00f3<\/li>\n<li>MFG2. Entorn social i territorial<\/li>\n<li>MFG3. Estrat\u00e8gies i eines matem\u00e0tiques<\/li>\n<li>MFG4. Incorporaci\u00f3 al m\u00f3n professional<\/li>\n<\/ul>\n<p><strong>III. TUTORIA<\/strong><\/td>\n<td style=\"width: 71.9448%; line-height: 20pt;\">\u2022 Depenent\/a.<br \/>\n\u2022 Teleoperador\/a (Centres d\u2019atenci\u00f3 telef\u00f2nica).<br \/>\n\u2022 Informaci\u00f3 i atenci\u00f3 al client.<br \/>\n\u2022 Caixer\/a.<br \/>\n\u2022 Reposador\/a.<br \/>\n\u2022 Auxiliar administratiu comercial.<br \/>\n\u2022 Empleat d\u2019atenci\u00f3 al client<\/td>\n<\/tr>\n<\/tbody>\n<\/table>\n<p class=\"Default\" style=\"margin-bottom: 12.3pt;\">En l\u2019especialitat de SERRALLERIA I CONSTRUCCIONS MET\u00c0L\u00b7LIQUES, amb una durada de 1000 hores (1 curs acad\u00e8mic) en horari de tardes:<\/p>\n<table style=\"width: 92.6917%; border-collapse: collapse;\">\n<tbody>\n<tr>\n<td style=\"width: 63.0401%; background-color: #000000;\"><span style=\"color: #ffffff;\"><strong>M\u00f2duls professionals<\/strong><\/span><\/td>\n<td style=\"width: 74.5378%; background-color: #000000;\"><span style=\"color: #ffffff;\"><strong>Sortides professionals<\/strong><\/span><\/td>\n<\/tr>\n<tr>\n<td style=\"width: 63.0401%; line-height: 20pt;\"><strong>I.- M\u00d2DULS DE FORMACI\u00d3 PROFESSIONAL<\/strong><\/p>\n<p>I.a. M\u00f2duls referits a t\u00edtols de formaci\u00f3 professional b\u00e0sica<\/p>\n<ul>\n<li>3020. Operacions b\u00e0siques de fabricaci\u00f3\n<ul>\n<li>UC_2-0087-11_1: Realitzar operacions b\u00e0siques de fabricaci\u00f3<\/li>\n<\/ul>\n<\/li>\n<li>3021. Soldadura i tancaments met\u00e0l\u00b7lics\n<ul>\n<li>UC_2-0088-11_1. Realitzar operacions b\u00e0siques de muntatge<\/li>\n<\/ul>\n<\/li>\n<li>3022. Tancaments d\u2019alumini i PVC<\/li>\n<\/ul>\n<p>I.b. M\u00f2duls de formaci\u00f3 professional espec\u00edfica del perfil professional<\/p>\n<ul>\n<li>MFPE070. Preparaci\u00f3 i acabats de construccions met\u00e0l\u00b7liques<\/li>\n<\/ul>\n<p>I.c. M\u00f2duls de formaci\u00f3 professional comuns a tots els perfils<\/p>\n<ul>\n<li>MP. Projecte<\/li>\n<li>MPRL. M\u00f2dul de prevenci\u00f3 de riscos laborals<\/li>\n<\/ul>\n<p><strong>II. M\u00d2DULS DE FORMACI\u00d3 GENERAL<\/strong><\/p>\n<ul>\n<li>MFG1. Estrat\u00e8gies i eines de comunicaci\u00f3<\/li>\n<li>MFG2. Entorn social i territorial<\/li>\n<li>MFG3. Estrat\u00e8gies i eines matem\u00e0tiques<\/li>\n<li>MFG4. Incorporaci\u00f3 al m\u00f3n professional<\/li>\n<\/ul>\n<p><strong>III. TUTORIA<\/strong><\/td>\n<td style=\"width: 74.5378%; line-height: 20pt;\">\u2022 Tallers de serralleria<br \/>\n\u2022 Tallers de manteniments i reparaci\u00f3 de maquin\u00e0ria<br \/>\n\u2022 Fusteria d\u2019alumnini<br \/>\n\u2022 Empreses de muntatge<\/td>\n<\/tr>\n<\/tbody>\n<\/table>\n<p><strong style=\"font-family: inherit; font-size: 1em;\"><a href=\"https:\/\/agora.xtec.cat\/iesjulioantonio\/wp-content\/uploads\/usu942\/2024\/04\/20240425_TRIPTIC-PFI-Vendes-i-Serralleria-24-25.pdf\">Descarrega&#8217;t el nostre tr\u00edptic!<\/a><\/strong><\/p>\n","protected":false},"excerpt":{"rendered":"<p>Els programes de Formaci\u00f3 i Inserci\u00f3 (PFI) tenen com a finalitat proporcionar-te una formaci\u00f3 b\u00e0sica i professional que et permet, si no tens l\u2019ESO, a incorporar-te al m\u00f3n laboral o accedir als Cicles Formatius de Grau Mitj\u00e0. Podran accedir als PFI aquelles persones que compleixin els seg\u00fcents requisits: Tenir com a m\u00ednim 16 anys i [&hellip;]<\/p>\n","protected":false},"author":14,"featured_media":0,"parent":2579,"menu_order":8,"comment_status":"closed","ping_status":"closed","template":"page-templates\/side-menu.php","meta":{"_bbp_topic_count":0,"_bbp_reply_count":0,"_bbp_total_topic_count":0,"_bbp_total_reply_count":0,"_bbp_voice_count":0,"_bbp_anonymous_reply_count":0,"_bbp_topic_count_hidden":0,"_bbp_reply_count_hidden":0,"_bbp_forum_subforum_count":0,"site-sidebar-layout":"default","site-content-layout":"","ast-site-content-layout":"","site-content-style":"default","site-sidebar-style":"default","ast-global-header-display":"","ast-banner-title-visibility":"","ast-main-header-display":"","ast-hfb-above-header-display":"","ast-hfb-below-header-display":"","ast-hfb-mobile-header-display":"","site-post-title":"","ast-breadcrumbs-content":"","ast-featured-img":"","footer-sml-layout":"","theme-transparent-header-meta":"","adv-header-id-meta":"","stick-header-meta":"","header-above-stick-meta":"","header-main-stick-meta":"","header-below-stick-meta":"","astra-migrate-meta-layouts":"default","ast-page-background-enabled":"default","ast-page-background-meta":{"desktop":{"background-color":"var(--ast-global-color-4)","background-image":"","background-repeat":"repeat","background-position":"center center","background-size":"auto","background-attachment":"scroll","background-type":"","background-media":"","overlay-type":"","overlay-color":"","overlay-opacity":"","overlay-gradient":""},"tablet":{"background-color":"","background-image":"","background-repeat":"repeat","background-position":"center center","background-size":"auto","background-attachment":"scroll","background-type":"","background-media":"","overlay-type":"","overlay-color":"","overlay-opacity":"","overlay-gradient":""},"mobile":{"background-color":"","background-image":"","background-repeat":"repeat","background-position":"center center","background-size":"auto","background-attachment":"scroll","background-type":"","background-media":"","overlay-type":"","overlay-color":"","overlay-opacity":"","overlay-gradient":""}},"ast-content-background-meta":{"desktop":{"background-color":"var(--ast-global-color-5)","background-image":"","background-repeat":"repeat","background-position":"center center","background-size":"auto","background-attachment":"scroll","background-type":"","background-media":"","overlay-type":"","overlay-color":"","overlay-opacity":"","overlay-gradient":""},"tablet":{"background-color":"var(--ast-global-color-5)","background-image":"","background-repeat":"repeat","background-position":"center center","background-size":"auto","background-attachment":"scroll","background-type":"","background-media":"","overlay-type":"","overlay-color":"","overlay-opacity":"","overlay-gradient":""},"mobile":{"background-color":"var(--ast-global-color-5)","background-image":"","background-repeat":"repeat","background-position":"center center","background-size":"auto","background-attachment":"scroll","background-type":"","background-media":"","overlay-type":"","overlay-color":"","overlay-opacity":"","overlay-gradient":""}},"footnotes":""},"class_list":["post-5269","page","type-page","status-publish","hentry"],"post_mailing_queue_ids":[],"_links":{"self":[{"href":"https:\/\/agora.xtec.cat\/iesjulioantonio\/wp-json\/wp\/v2\/pages\/5269","targetHints":{"allow":["GET"]}}],"collection":[{"href":"https:\/\/agora.xtec.cat\/iesjulioantonio\/wp-json\/wp\/v2\/pages"}],"about":[{"href":"https:\/\/agora.xtec.cat\/iesjulioantonio\/wp-json\/wp\/v2\/types\/page"}],"author":[{"embeddable":true,"href":"https:\/\/agora.xtec.cat\/iesjulioantonio\/wp-json\/wp\/v2\/users\/14"}],"replies":[{"embeddable":true,"href":"https:\/\/agora.xtec.cat\/iesjulioantonio\/wp-json\/wp\/v2\/comments?post=5269"}],"version-history":[{"count":6,"href":"https:\/\/agora.xtec.cat\/iesjulioantonio\/wp-json\/wp\/v2\/pages\/5269\/revisions"}],"predecessor-version":[{"id":8256,"href":"https:\/\/agora.xtec.cat\/iesjulioantonio\/wp-json\/wp\/v2\/pages\/5269\/revisions\/8256"}],"up":[{"embeddable":true,"href":"https:\/\/agora.xtec.cat\/iesjulioantonio\/wp-json\/wp\/v2\/pages\/2579"}],"wp:attachment":[{"href":"https:\/\/agora.xtec.cat\/iesjulioantonio\/wp-json\/wp\/v2\/media?parent=5269"}],"curies":[{"name":"wp","href":"https:\/\/api.w.org\/{rel}","templated":true}]}}