{"id":485,"date":"2016-03-06T19:23:53","date_gmt":"2016-03-06T18:23:53","guid":{"rendered":"http:\/\/agora.xtec.cat\/iesjulioantonio\/?page_id=485"},"modified":"2023-09-20T18:42:14","modified_gmt":"2023-09-20T16:42:14","slug":"alumnat","status":"publish","type":"page","link":"https:\/\/agora.xtec.cat\/iesjulioantonio\/alumnat\/","title":{"rendered":"Alumnat i fam\u00edlies"},"content":{"rendered":"<p>&nbsp;<\/p>\n<p>&nbsp;<\/p>\n<table style=\"height: 487px; width: 99.8789%; border-collapse: collapse; border-style: none; background-color: #ffffff;\" border=\"0\">\n<tbody>\n<tr style=\"height: 257px;\">\n<td style=\"width: 25%; height: 257px;\"><a href=\"https:\/\/agora.xtec.cat\/iesjulioantonio\/alumnat\/siei\/\"><img loading=\"lazy\" decoding=\"async\" class=\"wp-image-2711 aligncenter\" src=\"https:\/\/agora.xtec.cat\/iesjulioantonio\/wp-content\/uploads\/usu942\/2023\/09\/siei.jpg\" alt=\"\" width=\"100\" height=\"100\" \/><\/a><\/p>\n<p style=\"text-align: center;\"><a href=\"https:\/\/agora.xtec.cat\/iesjulioantonio\/alumnat\/siei\/\">SIEI<\/a><\/p>\n<\/td>\n<td style=\"width: 25%; text-align: center; height: 257px;\"><a href=\"http:\/\/agora.xtec.cat\/iesjulioantonio\/alumnat\/tutories\/\"><img loading=\"lazy\" decoding=\"async\" class=\"alignnone wp-image-2714\" src=\"https:\/\/agora.xtec.cat\/iesjulioantonio\/wp-content\/uploads\/usu942\/2019\/05\/time.png\" alt=\"\" width=\"100\" height=\"100\" srcset=\"https:\/\/agora.xtec.cat\/iesjulioantonio\/wp-content\/uploads\/usu942\/2019\/05\/time.png 512w, https:\/\/agora.xtec.cat\/iesjulioantonio\/wp-content\/uploads\/usu942\/2019\/05\/time-150x150.png 150w, https:\/\/agora.xtec.cat\/iesjulioantonio\/wp-content\/uploads\/usu942\/2019\/05\/time-300x300.png 300w\" sizes=\"auto, (max-width: 100px) 100vw, 100px\" \/><\/a><\/p>\n<p><a href=\"https:\/\/agora.xtec.cat\/iesjulioantonio\/alumnat\/tutories\/\">Tutories<\/a><\/td>\n<td style=\"width: 25%; text-align: center; height: 257px;\">&nbsp;<\/p>\n<p><a href=\"http:\/\/agora.xtec.cat\/iesjulioantonio\/alumnat\/orientacio\/\" rel=\"noopener noreferrer\"><img loading=\"lazy\" decoding=\"async\" class=\"alignnone wp-image-2715\" src=\"https:\/\/agora.xtec.cat\/iesjulioantonio\/wp-content\/uploads\/usu942\/2019\/05\/domain.png\" alt=\"\" width=\"100\" height=\"100\" srcset=\"https:\/\/agora.xtec.cat\/iesjulioantonio\/wp-content\/uploads\/usu942\/2019\/05\/domain.png 512w, https:\/\/agora.xtec.cat\/iesjulioantonio\/wp-content\/uploads\/usu942\/2019\/05\/domain-150x150.png 150w, https:\/\/agora.xtec.cat\/iesjulioantonio\/wp-content\/uploads\/usu942\/2019\/05\/domain-300x300.png 300w\" sizes=\"auto, (max-width: 100px) 100vw, 100px\" \/><\/a><\/p>\n<p><a href=\"http:\/\/agora.xtec.cat\/iesjulioantonio\/alumnat\/orientacio\/\">Orientaci\u00f3<\/a><\/p>\n<p>&nbsp;<\/td>\n<td style=\"width: 25%; height: 257px;\">\n<p style=\"text-align: center;\"><a href=\"https:\/\/agora.xtec.cat\/iesjulioantonio\/secretaria\/llibres-de-text-2\/\" target=\"_blank\" rel=\"noopener noreferrer\"><img loading=\"lazy\" decoding=\"async\" class=\"wp-image-2931 aligncenter\" src=\"https:\/\/agora.xtec.cat\/iesjulioantonio\/wp-content\/uploads\/usu942\/2019\/07\/llibes.jpeg\" alt=\"\" width=\"100\" height=\"100\" srcset=\"https:\/\/agora.xtec.cat\/iesjulioantonio\/wp-content\/uploads\/usu942\/2019\/07\/llibes.jpeg 225w, https:\/\/agora.xtec.cat\/iesjulioantonio\/wp-content\/uploads\/usu942\/2019\/07\/llibes-150x150.jpeg 150w\" sizes=\"auto, (max-width: 100px) 100vw, 100px\" \/><\/a><\/p>\n<p style=\"text-align: center;\"><a href=\"http:\/\/agora.xtec.cat\/iesjulioantonio\/secretaria\/llibres-de-text-2\/\" target=\"_blank\" rel=\"noopener noreferrer\">Llibres de text<\/a><\/p>\n<\/td>\n<\/tr>\n<tr style=\"height: 230px;\">\n<td style=\"width: 25%; height: 230px; border-color: #c9c9c9; background-color: #ffffff;\">\n<p style=\"text-align: center;\"><a href=\"https:\/\/agora.xtec.cat\/iesjulioantonio\/alumnat\/ampa\"><img loading=\"lazy\" decoding=\"async\" class=\"alignnone wp-image-352\" src=\"https:\/\/agora.xtec.cat\/iesjulioantonio\/wp-content\/uploads\/usu942\/2013\/11\/tutor.jpg\" alt=\"\" width=\"186\" height=\"139\" srcset=\"https:\/\/agora.xtec.cat\/iesjulioantonio\/wp-content\/uploads\/usu942\/2013\/11\/tutor.jpg 259w, https:\/\/agora.xtec.cat\/iesjulioantonio\/wp-content\/uploads\/usu942\/2013\/11\/tutor-200x150.jpg 200w\" sizes=\"auto, (max-width: 186px) 100vw, 186px\" \/><\/a><br \/>\n<a style=\"font-family: inherit;\" href=\"https:\/\/agora.xtec.cat\/iesjulioantonio\/alumnat\/ampa\/\">AMPA<\/a><\/p>\n<\/td>\n<td style=\"width: 25%; height: 230px; border-color: #c9c9c9; background-color: #ffffff;\">\n<p style=\"text-align: center;\"><a href=\"https:\/\/agora.xtec.cat\/iesjulioantonio\/alumnat\/faltes-retards-i-incidencies\/\"><img decoding=\"async\" class=\"alignnone wp-image-352\" src=\"https:\/\/agora.xtec.cat\/iesjulioantonio\/wp-content\/uploads\/usu942\/2021\/11\/Assistencia.png\" alt=\"\" width=\"120\" \/><\/a><\/p>\n<p style=\"text-align: center;\"><a style=\"font-family: inherit; text-align: center;\" href=\"https:\/\/agora.xtec.cat\/iesjulioantonio\/alumnat\/faltes-retards-i-incidencies\/\">Faltes, retards i incid\u00e8ncies (notificacions per les fam\u00edlies)<\/a><\/p>\n<\/td>\n<td style=\"width: 25%; height: 257px;\"><a href=\"http:\/\/agora.xtec.cat\/iesjulioantonio\/alumnat\/justificants\/\"><img loading=\"lazy\" decoding=\"async\" class=\"wp-image-2711 aligncenter\" src=\"https:\/\/agora.xtec.cat\/iesjulioantonio\/wp-content\/uploads\/usu942\/2019\/05\/report.png\" alt=\"\" width=\"100\" height=\"100\" srcset=\"https:\/\/agora.xtec.cat\/iesjulioantonio\/wp-content\/uploads\/usu942\/2019\/05\/report.png 512w, https:\/\/agora.xtec.cat\/iesjulioantonio\/wp-content\/uploads\/usu942\/2019\/05\/report-150x150.png 150w, https:\/\/agora.xtec.cat\/iesjulioantonio\/wp-content\/uploads\/usu942\/2019\/05\/report-300x300.png 300w\" sizes=\"auto, (max-width: 100px) 100vw, 100px\" \/><\/a><\/p>\n<p style=\"text-align: center;\"><a href=\"http:\/\/agora.xtec.cat\/iesjulioantonio\/alumnat\/justificants\/\">Models de sol\u00b7licitud, permisos i justificants<\/a><\/p>\n<\/td>\n<td style=\"width: 25%; height: 230px; border-color: #c9c9c9; background-color: #ffffff;\"><\/td>\n<\/tr>\n<\/tbody>\n<\/table>\n","protected":false},"excerpt":{"rendered":"<p>&nbsp; &nbsp; SIEI Tutories &nbsp; Orientaci\u00f3 &nbsp; Llibres de text AMPA Faltes, retards i incid\u00e8ncies (notificacions per les fam\u00edlies) Models de sol\u00b7licitud, permisos i justificants<\/p>\n","protected":false},"author":1,"featured_media":0,"parent":0,"menu_order":0,"comment_status":"closed","ping_status":"closed","template":"page-templates\/side-menu.php","meta":{"_bbp_topic_count":0,"_bbp_reply_count":0,"_bbp_total_topic_count":0,"_bbp_total_reply_count":0,"_bbp_voice_count":0,"_bbp_anonymous_reply_count":0,"_bbp_topic_count_hidden":0,"_bbp_reply_count_hidden":0,"_bbp_forum_subforum_count":0,"site-sidebar-layout":"default","site-content-layout":"","ast-site-content-layout":"","site-content-style":"default","site-sidebar-style":"default","ast-global-header-display":"","ast-banner-title-visibility":"","ast-main-header-display":"","ast-hfb-above-header-display":"","ast-hfb-below-header-display":"","ast-hfb-mobile-header-display":"","site-post-title":"","ast-breadcrumbs-content":"","ast-featured-img":"","footer-sml-layout":"","theme-transparent-header-meta":"","adv-header-id-meta":"","stick-header-meta":"","header-above-stick-meta":"","header-main-stick-meta":"","header-below-stick-meta":"","astra-migrate-meta-layouts":"default","ast-page-background-enabled":"default","ast-page-background-meta":{"desktop":{"background-color":"var(--ast-global-color-4)","background-image":"","background-repeat":"repeat","background-position":"center center","background-size":"auto","background-attachment":"scroll","background-type":"","background-media":"","overlay-type":"","overlay-color":"","overlay-opacity":"","overlay-gradient":""},"tablet":{"background-color":"","background-image":"","background-repeat":"repeat","background-position":"center center","background-size":"auto","background-attachment":"scroll","background-type":"","background-media":"","overlay-type":"","overlay-color":"","overlay-opacity":"","overlay-gradient":""},"mobile":{"background-color":"","background-image":"","background-repeat":"repeat","background-position":"center center","background-size":"auto","background-attachment":"scroll","background-type":"","background-media":"","overlay-type":"","overlay-color":"","overlay-opacity":"","overlay-gradient":""}},"ast-content-background-meta":{"desktop":{"background-color":"var(--ast-global-color-5)","background-image":"","background-repeat":"repeat","background-position":"center center","background-size":"auto","background-attachment":"scroll","background-type":"","background-media":"","overlay-type":"","overlay-color":"","overlay-opacity":"","overlay-gradient":""},"tablet":{"background-color":"var(--ast-global-color-5)","background-image":"","background-repeat":"repeat","background-position":"center center","background-size":"auto","background-attachment":"scroll","background-type":"","background-media":"","overlay-type":"","overlay-color":"","overlay-opacity":"","overlay-gradient":""},"mobile":{"background-color":"var(--ast-global-color-5)","background-image":"","background-repeat":"repeat","background-position":"center center","background-size":"auto","background-attachment":"scroll","background-type":"","background-media":"","overlay-type":"","overlay-color":"","overlay-opacity":"","overlay-gradient":""}},"footnotes":""},"class_list":["post-485","page","type-page","status-publish","hentry"],"post_mailing_queue_ids":[],"_links":{"self":[{"href":"https:\/\/agora.xtec.cat\/iesjulioantonio\/wp-json\/wp\/v2\/pages\/485","targetHints":{"allow":["GET"]}}],"collection":[{"href":"https:\/\/agora.xtec.cat\/iesjulioantonio\/wp-json\/wp\/v2\/pages"}],"about":[{"href":"https:\/\/agora.xtec.cat\/iesjulioantonio\/wp-json\/wp\/v2\/types\/page"}],"author":[{"embeddable":true,"href":"https:\/\/agora.xtec.cat\/iesjulioantonio\/wp-json\/wp\/v2\/users\/1"}],"replies":[{"embeddable":true,"href":"https:\/\/agora.xtec.cat\/iesjulioantonio\/wp-json\/wp\/v2\/comments?post=485"}],"version-history":[{"count":3,"href":"https:\/\/agora.xtec.cat\/iesjulioantonio\/wp-json\/wp\/v2\/pages\/485\/revisions"}],"predecessor-version":[{"id":7159,"href":"https:\/\/agora.xtec.cat\/iesjulioantonio\/wp-json\/wp\/v2\/pages\/485\/revisions\/7159"}],"wp:attachment":[{"href":"https:\/\/agora.xtec.cat\/iesjulioantonio\/wp-json\/wp\/v2\/media?parent=485"}],"curies":[{"name":"wp","href":"https:\/\/api.w.org\/{rel}","templated":true}]}}