{"id":460,"date":"2016-03-06T16:30:00","date_gmt":"2016-03-06T15:30:00","guid":{"rendered":"http:\/\/agora.xtec.cat\/iesjulioantonio\/?page_id=460"},"modified":"2024-10-29T19:17:22","modified_gmt":"2024-10-29T18:17:22","slug":"criteris-avaluacio","status":"publish","type":"page","link":"https:\/\/agora.xtec.cat\/iesjulioantonio\/linstitut\/criteris-avaluacio\/","title":{"rendered":"Criteris avaluaci\u00f3"},"content":{"rendered":"<p>Els Criteris d&#8217;Avaluaci\u00f3 estan publicats al Gestor Documental del Centre. Fes <a href=\"https:\/\/gestordocumental.iesjulioantonio.cat\/index.php?autoselector=8\">clic aqu\u00ed<\/a> per accedir-hi.<\/p>\n<div hidden=\"\">\n<p><strong>Criteris d&#8217;Avaluaci\u00f3 d&#8217;Educaci\u00f3 Secund\u00e0ria Obligat\u00f2ria i Batxillerat, curs 24-25<\/strong><\/p>\n<ul>\n<li><a href=\"https:\/\/agora.xtec.cat\/iesjulioantonio\/wp-content\/uploads\/usu942\/2024\/10\/curs2425_CritAval_angles.zip\">Angl\u00e8s<\/a><\/li>\n<li><a href=\"https:\/\/agora.xtec.cat\/iesjulioantonio\/wp-content\/uploads\/usu942\/2024\/10\/curs2425_CritAval_ciencies_socials.zip\">Ci\u00e8ncies Socials<\/a><\/li>\n<li><a href=\"https:\/\/agora.xtec.cat\/iesjulioantonio\/wp-content\/uploads\/usu942\/2024\/10\/curs2425_CritAval_ciencies_experimentals.zip\">Ci\u00e8ncies Experimentals<\/a><\/li>\n<li><a href=\"https:\/\/agora.xtec.cat\/iesjulioantonio\/wp-content\/uploads\/usu942\/2024\/10\/curs2425_CritAval_expressio_esports.zip\">Expressi\u00f3 i Esports<\/a><\/li>\n<li><a href=\"https:\/\/agora.xtec.cat\/iesjulioantonio\/wp-content\/uploads\/usu942\/2024\/10\/curs2425_CritAval_linguistic.zip\">\u00c0mbit ling\u00fc\u00edstic<\/a><\/li>\n<li><a href=\"https:\/\/agora.xtec.cat\/iesjulioantonio\/wp-content\/uploads\/usu942\/2024\/10\/curs2425_CritAval_matematiques.zip\">Matem\u00e0tiques<\/a><\/li>\n<li><a href=\"https:\/\/agora.xtec.cat\/iesjulioantonio\/wp-content\/uploads\/usu942\/2024\/10\/curs2425_CritAval_tecnologia.zip\">Tecnologia<\/a><\/li>\n<\/ul>\n<p><strong>Cicles Formatius<\/strong><\/p>\n<ul>\n<li>Sistemes Microinform\u00e0tics i Xarxes<\/li>\n<li>Electromec\u00e0nica de Vehicles Autom\u00f2bils<\/li>\n<li>Gesti\u00f3 Administrativa<\/li>\n<li>Atenci\u00f3 a persones en situaci\u00f3 de depend\u00e8ncia<\/li>\n<li>Educaci\u00f3 Infantil<\/li>\n<li>Inform\u00e0tica d&#8217;oficina<\/li>\n<\/ul>\n<\/div>\n","protected":false},"excerpt":{"rendered":"<p>Els Criteris d&#8217;Avaluaci\u00f3 estan publicats al Gestor Documental del Centre. Fes clic aqu\u00ed per accedir-hi. Criteris d&#8217;Avaluaci\u00f3 d&#8217;Educaci\u00f3 Secund\u00e0ria Obligat\u00f2ria i Batxillerat, curs 24-25 Angl\u00e8s Ci\u00e8ncies Socials Ci\u00e8ncies Experimentals Expressi\u00f3 i Esports \u00c0mbit ling\u00fc\u00edstic Matem\u00e0tiques Tecnologia Cicles Formatius Sistemes Microinform\u00e0tics i Xarxes Electromec\u00e0nica de Vehicles Autom\u00f2bils Gesti\u00f3 Administrativa Atenci\u00f3 a persones en situaci\u00f3 de depend\u00e8ncia [&hellip;]<\/p>\n","protected":false},"author":1,"featured_media":0,"parent":19,"menu_order":11,"comment_status":"closed","ping_status":"closed","template":"page-templates\/side-menu.php","meta":{"_bbp_topic_count":0,"_bbp_reply_count":0,"_bbp_total_topic_count":0,"_bbp_total_reply_count":0,"_bbp_voice_count":0,"_bbp_anonymous_reply_count":0,"_bbp_topic_count_hidden":0,"_bbp_reply_count_hidden":0,"_bbp_forum_subforum_count":0,"site-sidebar-layout":"default","site-content-layout":"","ast-site-content-layout":"","site-content-style":"default","site-sidebar-style":"default","ast-global-header-display":"","ast-banner-title-visibility":"","ast-main-header-display":"","ast-hfb-above-header-display":"","ast-hfb-below-header-display":"","ast-hfb-mobile-header-display":"","site-post-title":"","ast-breadcrumbs-content":"","ast-featured-img":"","footer-sml-layout":"","theme-transparent-header-meta":"","adv-header-id-meta":"","stick-header-meta":"","header-above-stick-meta":"","header-main-stick-meta":"","header-below-stick-meta":"","astra-migrate-meta-layouts":"default","ast-page-background-enabled":"default","ast-page-background-meta":{"desktop":{"background-color":"var(--ast-global-color-4)","background-image":"","background-repeat":"repeat","background-position":"center center","background-size":"auto","background-attachment":"scroll","background-type":"","background-media":"","overlay-type":"","overlay-color":"","overlay-opacity":"","overlay-gradient":""},"tablet":{"background-color":"","background-image":"","background-repeat":"repeat","background-position":"center center","background-size":"auto","background-attachment":"scroll","background-type":"","background-media":"","overlay-type":"","overlay-color":"","overlay-opacity":"","overlay-gradient":""},"mobile":{"background-color":"","background-image":"","background-repeat":"repeat","background-position":"center center","background-size":"auto","background-attachment":"scroll","background-type":"","background-media":"","overlay-type":"","overlay-color":"","overlay-opacity":"","overlay-gradient":""}},"ast-content-background-meta":{"desktop":{"background-color":"var(--ast-global-color-5)","background-image":"","background-repeat":"repeat","background-position":"center center","background-size":"auto","background-attachment":"scroll","background-type":"","background-media":"","overlay-type":"","overlay-color":"","overlay-opacity":"","overlay-gradient":""},"tablet":{"background-color":"var(--ast-global-color-5)","background-image":"","background-repeat":"repeat","background-position":"center center","background-size":"auto","background-attachment":"scroll","background-type":"","background-media":"","overlay-type":"","overlay-color":"","overlay-opacity":"","overlay-gradient":""},"mobile":{"background-color":"var(--ast-global-color-5)","background-image":"","background-repeat":"repeat","background-position":"center center","background-size":"auto","background-attachment":"scroll","background-type":"","background-media":"","overlay-type":"","overlay-color":"","overlay-opacity":"","overlay-gradient":""}},"footnotes":""},"class_list":["post-460","page","type-page","status-publish","hentry"],"post_mailing_queue_ids":[],"_links":{"self":[{"href":"https:\/\/agora.xtec.cat\/iesjulioantonio\/wp-json\/wp\/v2\/pages\/460","targetHints":{"allow":["GET"]}}],"collection":[{"href":"https:\/\/agora.xtec.cat\/iesjulioantonio\/wp-json\/wp\/v2\/pages"}],"about":[{"href":"https:\/\/agora.xtec.cat\/iesjulioantonio\/wp-json\/wp\/v2\/types\/page"}],"author":[{"embeddable":true,"href":"https:\/\/agora.xtec.cat\/iesjulioantonio\/wp-json\/wp\/v2\/users\/1"}],"replies":[{"embeddable":true,"href":"https:\/\/agora.xtec.cat\/iesjulioantonio\/wp-json\/wp\/v2\/comments?post=460"}],"version-history":[{"count":7,"href":"https:\/\/agora.xtec.cat\/iesjulioantonio\/wp-json\/wp\/v2\/pages\/460\/revisions"}],"predecessor-version":[{"id":8093,"href":"https:\/\/agora.xtec.cat\/iesjulioantonio\/wp-json\/wp\/v2\/pages\/460\/revisions\/8093"}],"up":[{"embeddable":true,"href":"https:\/\/agora.xtec.cat\/iesjulioantonio\/wp-json\/wp\/v2\/pages\/19"}],"wp:attachment":[{"href":"https:\/\/agora.xtec.cat\/iesjulioantonio\/wp-json\/wp\/v2\/media?parent=460"}],"curies":[{"name":"wp","href":"https:\/\/api.w.org\/{rel}","templated":true}]}}