{"id":451,"date":"2016-03-06T15:52:35","date_gmt":"2016-03-06T14:52:35","guid":{"rendered":"http:\/\/agora.xtec.cat\/iesjulioantonio\/?page_id=451"},"modified":"2023-09-20T18:43:37","modified_gmt":"2023-09-20T16:43:37","slug":"justificants","status":"publish","type":"page","link":"https:\/\/agora.xtec.cat\/iesjulioantonio\/alumnat\/justificants\/","title":{"rendered":"Models de sol\u00b7licitud, permisos i justificants"},"content":{"rendered":"<p>\u200b<\/p>\n<table style=\"height: 198px; width: 585px;\">\n<tbody>\n<tr>\n<td style=\"width: 83px;\"><a href=\"https:\/\/agora.xtec.cat\/iesjulioantonio\/wp-content\/uploads\/usu942\/2019\/05\/pdf.png\"><img loading=\"lazy\" decoding=\"async\" class=\"wp-image-2744 aligncenter\" src=\"https:\/\/agora.xtec.cat\/iesjulioantonio\/wp-content\/uploads\/usu942\/2019\/05\/pdf.png\" alt=\"\" width=\"50\" height=\"51\" srcset=\"https:\/\/agora.xtec.cat\/iesjulioantonio\/wp-content\/uploads\/usu942\/2019\/05\/pdf.png 512w, https:\/\/agora.xtec.cat\/iesjulioantonio\/wp-content\/uploads\/usu942\/2019\/05\/pdf-150x150.png 150w, https:\/\/agora.xtec.cat\/iesjulioantonio\/wp-content\/uploads\/usu942\/2019\/05\/pdf-300x300.png 300w\" sizes=\"auto, (max-width: 50px) 100vw, 50px\" \/><\/a><\/td>\n<td style=\"width: 494px;\"><a href=\"https:\/\/agora.xtec.cat\/iesjulioantonio\/wp-content\/uploads\/usu942\/2019\/06\/model-sol\u00b7licitud.pdf\" target=\"_blank\" rel=\"noopener noreferrer\">Model de sol\u00b7licitud<\/a><\/td>\n<\/tr>\n<tr style=\"height: 20px;\">\n<td style=\"height: 37px; width: 83px;\"><a href=\"https:\/\/agora.xtec.cat\/iesjulioantonio\/wp-content\/uploads\/usu942\/2019\/05\/pdf.png\"><img loading=\"lazy\" decoding=\"async\" class=\"wp-image-2744 aligncenter\" src=\"https:\/\/agora.xtec.cat\/iesjulioantonio\/wp-content\/uploads\/usu942\/2019\/05\/pdf.png\" alt=\"\" width=\"50\" height=\"51\" srcset=\"https:\/\/agora.xtec.cat\/iesjulioantonio\/wp-content\/uploads\/usu942\/2019\/05\/pdf.png 512w, https:\/\/agora.xtec.cat\/iesjulioantonio\/wp-content\/uploads\/usu942\/2019\/05\/pdf-150x150.png 150w, https:\/\/agora.xtec.cat\/iesjulioantonio\/wp-content\/uploads\/usu942\/2019\/05\/pdf-300x300.png 300w\" sizes=\"auto, (max-width: 50px) 100vw, 50px\" \/><\/a><\/td>\n<td style=\"height: 37px; width: 494px;\"><a href=\"https:\/\/agora.xtec.cat\/iesjulioantonio\/wp-content\/uploads\/usu942\/2019\/05\/Perm\u00eds-de-sortida.pdf\" target=\"_blank\" rel=\"noopener noreferrer\">Perm\u00eds de sortida<\/a><\/td>\n<\/tr>\n<tr style=\"height: 31px;\">\n<td style=\"height: 31px; width: 83px;\"><a href=\"https:\/\/agora.xtec.cat\/iesjulioantonio\/wp-content\/uploads\/usu942\/2019\/05\/pdf.png\"><img loading=\"lazy\" decoding=\"async\" class=\"wp-image-2744 aligncenter\" src=\"https:\/\/agora.xtec.cat\/iesjulioantonio\/wp-content\/uploads\/usu942\/2019\/05\/pdf.png\" alt=\"\" width=\"50\" height=\"51\" srcset=\"https:\/\/agora.xtec.cat\/iesjulioantonio\/wp-content\/uploads\/usu942\/2019\/05\/pdf.png 512w, https:\/\/agora.xtec.cat\/iesjulioantonio\/wp-content\/uploads\/usu942\/2019\/05\/pdf-150x150.png 150w, https:\/\/agora.xtec.cat\/iesjulioantonio\/wp-content\/uploads\/usu942\/2019\/05\/pdf-300x300.png 300w\" sizes=\"auto, (max-width: 50px) 100vw, 50px\" \/><\/a><\/td>\n<td style=\"height: 31px; width: 494px;\"><a href=\"https:\/\/agora.xtec.cat\/iesjulioantonio\/wp-content\/uploads\/usu942\/2019\/05\/Perm\u00eds-dabs\u00e8ncia.pdf\" target=\"_blank\" rel=\"noopener noreferrer\">Perm\u00eds d&#8217;abs\u00e8ncia<\/a><\/td>\n<\/tr>\n<tr style=\"height: 31px;\">\n<td style=\"height: 37px; width: 83px;\"><a href=\"https:\/\/agora.xtec.cat\/iesjulioantonio\/wp-content\/uploads\/usu942\/2019\/05\/pdf.png\"><img loading=\"lazy\" decoding=\"async\" class=\"wp-image-2744 aligncenter\" src=\"https:\/\/agora.xtec.cat\/iesjulioantonio\/wp-content\/uploads\/usu942\/2019\/05\/pdf.png\" alt=\"\" width=\"49\" height=\"49\" srcset=\"https:\/\/agora.xtec.cat\/iesjulioantonio\/wp-content\/uploads\/usu942\/2019\/05\/pdf.png 512w, https:\/\/agora.xtec.cat\/iesjulioantonio\/wp-content\/uploads\/usu942\/2019\/05\/pdf-150x150.png 150w, https:\/\/agora.xtec.cat\/iesjulioantonio\/wp-content\/uploads\/usu942\/2019\/05\/pdf-300x300.png 300w\" sizes=\"auto, (max-width: 49px) 100vw, 49px\" \/><\/a><\/td>\n<td style=\"height: 37px; width: 494px;\"><a href=\"https:\/\/agora.xtec.cat\/iesjulioantonio\/wp-content\/uploads\/usu942\/2019\/05\/Justificant-de-faltes.pdf\" target=\"_blank\" rel=\"noopener noreferrer\">Justificant de faltes<\/a><\/td>\n<\/tr>\n<\/tbody>\n<\/table>\n<p>&nbsp;<\/p>\n","protected":false},"excerpt":{"rendered":"<p>\u200b Model de sol\u00b7licitud Perm\u00eds de sortida Perm\u00eds d&#8217;abs\u00e8ncia Justificant de faltes &nbsp;<\/p>\n","protected":false},"author":1,"featured_media":0,"parent":485,"menu_order":7,"comment_status":"closed","ping_status":"closed","template":"page-templates\/side-menu.php","meta":{"_bbp_topic_count":0,"_bbp_reply_count":0,"_bbp_total_topic_count":0,"_bbp_total_reply_count":0,"_bbp_voice_count":0,"_bbp_anonymous_reply_count":0,"_bbp_topic_count_hidden":0,"_bbp_reply_count_hidden":0,"_bbp_forum_subforum_count":0,"site-sidebar-layout":"default","site-content-layout":"","ast-site-content-layout":"","site-content-style":"default","site-sidebar-style":"default","ast-global-header-display":"","ast-banner-title-visibility":"","ast-main-header-display":"","ast-hfb-above-header-display":"","ast-hfb-below-header-display":"","ast-hfb-mobile-header-display":"","site-post-title":"","ast-breadcrumbs-content":"","ast-featured-img":"","footer-sml-layout":"","theme-transparent-header-meta":"","adv-header-id-meta":"","stick-header-meta":"","header-above-stick-meta":"","header-main-stick-meta":"","header-below-stick-meta":"","astra-migrate-meta-layouts":"default","ast-page-background-enabled":"default","ast-page-background-meta":{"desktop":{"background-color":"var(--ast-global-color-4)","background-image":"","background-repeat":"repeat","background-position":"center center","background-size":"auto","background-attachment":"scroll","background-type":"","background-media":"","overlay-type":"","overlay-color":"","overlay-opacity":"","overlay-gradient":""},"tablet":{"background-color":"","background-image":"","background-repeat":"repeat","background-position":"center center","background-size":"auto","background-attachment":"scroll","background-type":"","background-media":"","overlay-type":"","overlay-color":"","overlay-opacity":"","overlay-gradient":""},"mobile":{"background-color":"","background-image":"","background-repeat":"repeat","background-position":"center center","background-size":"auto","background-attachment":"scroll","background-type":"","background-media":"","overlay-type":"","overlay-color":"","overlay-opacity":"","overlay-gradient":""}},"ast-content-background-meta":{"desktop":{"background-color":"var(--ast-global-color-5)","background-image":"","background-repeat":"repeat","background-position":"center center","background-size":"auto","background-attachment":"scroll","background-type":"","background-media":"","overlay-type":"","overlay-color":"","overlay-opacity":"","overlay-gradient":""},"tablet":{"background-color":"var(--ast-global-color-5)","background-image":"","background-repeat":"repeat","background-position":"center center","background-size":"auto","background-attachment":"scroll","background-type":"","background-media":"","overlay-type":"","overlay-color":"","overlay-opacity":"","overlay-gradient":""},"mobile":{"background-color":"var(--ast-global-color-5)","background-image":"","background-repeat":"repeat","background-position":"center center","background-size":"auto","background-attachment":"scroll","background-type":"","background-media":"","overlay-type":"","overlay-color":"","overlay-opacity":"","overlay-gradient":""}},"footnotes":""},"class_list":["post-451","page","type-page","status-publish","hentry"],"post_mailing_queue_ids":[],"_links":{"self":[{"href":"https:\/\/agora.xtec.cat\/iesjulioantonio\/wp-json\/wp\/v2\/pages\/451","targetHints":{"allow":["GET"]}}],"collection":[{"href":"https:\/\/agora.xtec.cat\/iesjulioantonio\/wp-json\/wp\/v2\/pages"}],"about":[{"href":"https:\/\/agora.xtec.cat\/iesjulioantonio\/wp-json\/wp\/v2\/types\/page"}],"author":[{"embeddable":true,"href":"https:\/\/agora.xtec.cat\/iesjulioantonio\/wp-json\/wp\/v2\/users\/1"}],"replies":[{"embeddable":true,"href":"https:\/\/agora.xtec.cat\/iesjulioantonio\/wp-json\/wp\/v2\/comments?post=451"}],"version-history":[{"count":4,"href":"https:\/\/agora.xtec.cat\/iesjulioantonio\/wp-json\/wp\/v2\/pages\/451\/revisions"}],"predecessor-version":[{"id":4157,"href":"https:\/\/agora.xtec.cat\/iesjulioantonio\/wp-json\/wp\/v2\/pages\/451\/revisions\/4157"}],"up":[{"embeddable":true,"href":"https:\/\/agora.xtec.cat\/iesjulioantonio\/wp-json\/wp\/v2\/pages\/485"}],"wp:attachment":[{"href":"https:\/\/agora.xtec.cat\/iesjulioantonio\/wp-json\/wp\/v2\/media?parent=451"}],"curies":[{"name":"wp","href":"https:\/\/api.w.org\/{rel}","templated":true}]}}