{"id":4350,"date":"2021-03-08T09:54:35","date_gmt":"2021-03-08T08:54:35","guid":{"rendered":"http:\/\/agora.xtec.cat\/iesjulioantonio\/?page_id=4350"},"modified":"2026-02-09T12:39:26","modified_gmt":"2026-02-09T11:39:26","slug":"criteris-de-seleccio-de-participants-en-projectes-de-mobilitat-internacional","status":"publish","type":"page","link":"https:\/\/agora.xtec.cat\/iesjulioantonio\/criteris-de-seleccio-de-participants-en-projectes-de-mobilitat-internacional\/","title":{"rendered":"Criteris de selecci\u00f3 de participants en projectes de mobilitat internacional"},"content":{"rendered":"<p><strong>CRITERIS DE SELECCI\u00d3 D&#8217;ALUMNAT QUE SOLICITA BEQUES PER FER LES PR\u00c0CTIQUES A L&#8217;EMPRESA A L&#8217;ESTRANGER<\/strong><\/p>\n<ul>\n<li><span style=\"font-family: inherit; font-size: 1em;\">Nivell d\u2019idioma: Es valorar\u00e0 en funci\u00f3 del t\u00edtol oficial que tingui l\u2019alumne\/a. En el cas que no s\u2019estigui en possessi\u00f3 d\u2019un certificat oficial es valorar\u00e0 a trav\u00e9s d\u2019una entrevista o prova en angl\u00e8s i\/o en l\u2019idioma del pa\u00eds d\u2019acollida.\u00a0<\/span><\/li>\n<li style=\"font-weight: 400;\" aria-level=\"1\"><span style=\"font-weight: 400;\">La correcci\u00f3 i pulcritud de la documentaci\u00f3 presentada amb el formulari de sol\u00b7licitud dins del termini establert.<\/span><\/li>\n<li style=\"font-weight: 400;\" aria-level=\"1\"><span style=\"font-weight: 400;\">Informe de l\u2019equip docent sobre conducta, assist\u00e8ncia i resultats acad\u00e8mics despr\u00e9s de la 1a. avaluaci\u00f3.\u00a0<\/span><\/li>\n<li style=\"font-weight: 400;\" aria-level=\"1\"><span style=\"font-weight: 400;\">Tindran prioritat aquell alumnat que no hagi gaudit mai d\u2019una beca Erasmus+.<\/span><\/li>\n<li aria-level=\"1\"><span style=\"font-weight: 400;\"><strong>Tindran prefer\u00e8ncia aquells candidats i candidates amb menys oportunitats<\/strong>: <\/span>\n<ul>\n<li aria-level=\"1\"><span style=\"font-weight: 400;\">Siguin <strong>beneficiaris d&#8217;una beca d&#8217;estudis<\/strong> de car\u00e0cter general de l&#8217;Administraci\u00f3 General de l&#8217;Estado.<\/span><\/li>\n<li aria-level=\"1\"><span style=\"font-weight: 400;\">Tinguin la <strong>condici\u00f3 de refugiats<\/strong> o amb drets de protecci\u00f3 subsidi\u00e0ria o que hagin presentat la sol\u00b7licitud de protecci\u00f3 internacional a Espanya.<\/span><\/li>\n<li aria-level=\"1\"><span style=\"font-weight: 400;\">\u00a0Tinguin una <strong>discapacitat reconeguda i qualificada igual o superior al 33%.<\/strong><\/span><\/li>\n<li aria-level=\"1\">Obstacles <strong>socioecon\u00f2mics<\/strong>.<\/li>\n<\/ul>\n<\/li>\n<\/ul>\n<p><span style=\"font-weight: 400;\">En cas que en la selecci\u00f3 d\u2019estudiants es produeixi un empat, es demanar\u00e0 la valoraci\u00f3 global de l\u2019equip docent per determinar qui ser\u00e0 el beneficiari de la beca.<\/span><\/p>\n<p><span style=\"font-weight: 400;\">La puntuaci\u00f3 m\u00e0xima que es pot obtenir \u00e9s de 18 punts.<\/span><\/p>\n<table>\n<tbody>\n<tr>\n<td style=\"text-align: center;\"><strong>\u00cdtem<\/strong><\/td>\n<td style=\"text-align: center;\"><strong>Puntuaci\u00f3 m\u00e0xima<\/strong><\/td>\n<td style=\"text-align: center;\"><strong>Baremaci\u00f3<\/strong><\/td>\n<\/tr>\n<tr>\n<td><span style=\"font-weight: 400;\">Nivell idioma<\/span><\/td>\n<td><span style=\"font-weight: 400;\">5 punts<\/span><\/td>\n<td><span style=\"font-weight: 400;\">A1: 1 punt<\/span>\n<p><span style=\"font-weight: 400;\">A2: 2 punts<\/span><\/p>\n<p><span style=\"font-weight: 400;\">B1: 3 punts<\/span><\/p>\n<p><span style=\"font-weight: 400;\">B2: 4 punts<\/span><\/p>\n<p><span style=\"font-weight: 400;\">C1 o superior: 5 punts<\/span><\/p>\n<\/td>\n<\/tr>\n<tr>\n<td><span style=\"font-weight: 400;\">T\u00edtol oficial d\u2019idioma<\/span><\/td>\n<td><span style=\"font-weight: 400;\">1 punt<\/span><\/td>\n<td>\u00a0<\/td>\n<\/tr>\n<tr>\n<td><span style=\"font-weight: 400;\">Documentaci\u00f3 lliurada<\/span><\/td>\n<td><span style=\"font-weight: 400;\">3 punts<\/span><\/td>\n<td><span style=\"font-weight: 400;\">Formulari de sol\u00b7licitud: 1 punt<\/span>\n<p><span style=\"font-weight: 400;\">Carta de motivaci\u00f3: 1 punt<\/span><\/p>\n<p><span style=\"font-weight: 400;\">CV Europass: 1 punt<\/span><\/p>\n<\/td>\n<\/tr>\n<tr>\n<td><span style=\"font-weight: 400;\">Informe equip docent<\/span><\/td>\n<td><span style=\"font-weight: 400;\">6 punts<\/span><\/td>\n<td><span style=\"font-weight: 400;\">Expedient acad\u00e8mic (nota mitjana):<\/span>\n<ul>\n<li style=\"font-weight: 400;\" aria-level=\"1\"><span style=\"font-weight: 400;\">5-6: 1 punt<\/span><\/li>\n<li style=\"font-weight: 400;\" aria-level=\"1\"><span style=\"font-weight: 400;\">7-8: 2 punts<\/span><\/li>\n<li style=\"font-weight: 400;\" aria-level=\"1\"><span style=\"font-weight: 400;\">9-10: 3 punts<\/span><\/li>\n<\/ul>\n<p><span style=\"font-weight: 400;\">Actitud: 2 punts<\/span><\/p>\n<p><span style=\"font-weight: 400;\">Assist\u00e8ncia: 1 punt<\/span><\/p>\n<\/td>\n<\/tr>\n<tr>\n<td><span style=\"font-weight: 400;\">Situaci\u00f3 menys oportunitats<\/span><\/td>\n<td><span style=\"font-weight: 400;\">2 punts<\/span><\/td>\n<td>\u00a0<\/td>\n<\/tr>\n<tr>\n<td><span style=\"font-weight: 400;\">No haver gaudit mai d&#8217;una beca<\/span>\n<p>Erasmus en anys anteriors<\/p>\n<\/td>\n<td><span style=\"font-weight: 400;\">1 punt<\/span><\/td>\n<td>\u00a0<\/td>\n<\/tr>\n<\/tbody>\n<\/table>\n\n\n<p><\/p>\n\n\n\n<p><\/p>\n","protected":false},"excerpt":{"rendered":"<p>CRITERIS DE SELECCI\u00d3 D&#8217;ALUMNAT QUE SOLICITA BEQUES PER FER LES PR\u00c0CTIQUES A L&#8217;EMPRESA A L&#8217;ESTRANGER Nivell d\u2019idioma: Es valorar\u00e0 en funci\u00f3 del t\u00edtol oficial que tingui l\u2019alumne\/a. En el cas que no s\u2019estigui en possessi\u00f3 d\u2019un certificat oficial es valorar\u00e0 a trav\u00e9s d\u2019una entrevista o prova en angl\u00e8s i\/o en l\u2019idioma del pa\u00eds d\u2019acollida.\u00a0 La [&hellip;]<\/p>\n","protected":false},"author":18,"featured_media":0,"parent":0,"menu_order":0,"comment_status":"closed","ping_status":"closed","template":"","meta":{"_bbp_topic_count":0,"_bbp_reply_count":0,"_bbp_total_topic_count":0,"_bbp_total_reply_count":0,"_bbp_voice_count":0,"_bbp_anonymous_reply_count":0,"_bbp_topic_count_hidden":0,"_bbp_reply_count_hidden":0,"_bbp_forum_subforum_count":0,"site-sidebar-layout":"default","site-content-layout":"","ast-site-content-layout":"default","site-content-style":"default","site-sidebar-style":"default","ast-global-header-display":"","ast-banner-title-visibility":"","ast-main-header-display":"","ast-hfb-above-header-display":"","ast-hfb-below-header-display":"","ast-hfb-mobile-header-display":"","site-post-title":"","ast-breadcrumbs-content":"","ast-featured-img":"","footer-sml-layout":"","theme-transparent-header-meta":"","adv-header-id-meta":"","stick-header-meta":"","header-above-stick-meta":"","header-main-stick-meta":"","header-below-stick-meta":"","astra-migrate-meta-layouts":"set","ast-page-background-enabled":"default","ast-page-background-meta":{"desktop":{"background-color":"var(--ast-global-color-4)","background-image":"","background-repeat":"repeat","background-position":"center center","background-size":"auto","background-attachment":"scroll","background-type":"","background-media":"","overlay-type":"","overlay-color":"","overlay-opacity":"","overlay-gradient":""},"tablet":{"background-color":"","background-image":"","background-repeat":"repeat","background-position":"center center","background-size":"auto","background-attachment":"scroll","background-type":"","background-media":"","overlay-type":"","overlay-color":"","overlay-opacity":"","overlay-gradient":""},"mobile":{"background-color":"","background-image":"","background-repeat":"repeat","background-position":"center center","background-size":"auto","background-attachment":"scroll","background-type":"","background-media":"","overlay-type":"","overlay-color":"","overlay-opacity":"","overlay-gradient":""}},"ast-content-background-meta":{"desktop":{"background-color":"var(--ast-global-color-5)","background-image":"","background-repeat":"repeat","background-position":"center center","background-size":"auto","background-attachment":"scroll","background-type":"","background-media":"","overlay-type":"","overlay-color":"","overlay-opacity":"","overlay-gradient":""},"tablet":{"background-color":"var(--ast-global-color-5)","background-image":"","background-repeat":"repeat","background-position":"center center","background-size":"auto","background-attachment":"scroll","background-type":"","background-media":"","overlay-type":"","overlay-color":"","overlay-opacity":"","overlay-gradient":""},"mobile":{"background-color":"var(--ast-global-color-5)","background-image":"","background-repeat":"repeat","background-position":"center center","background-size":"auto","background-attachment":"scroll","background-type":"","background-media":"","overlay-type":"","overlay-color":"","overlay-opacity":"","overlay-gradient":""}},"footnotes":""},"class_list":["post-4350","page","type-page","status-publish","hentry"],"post_mailing_queue_ids":[],"_links":{"self":[{"href":"https:\/\/agora.xtec.cat\/iesjulioantonio\/wp-json\/wp\/v2\/pages\/4350","targetHints":{"allow":["GET"]}}],"collection":[{"href":"https:\/\/agora.xtec.cat\/iesjulioantonio\/wp-json\/wp\/v2\/pages"}],"about":[{"href":"https:\/\/agora.xtec.cat\/iesjulioantonio\/wp-json\/wp\/v2\/types\/page"}],"author":[{"embeddable":true,"href":"https:\/\/agora.xtec.cat\/iesjulioantonio\/wp-json\/wp\/v2\/users\/18"}],"replies":[{"embeddable":true,"href":"https:\/\/agora.xtec.cat\/iesjulioantonio\/wp-json\/wp\/v2\/comments?post=4350"}],"version-history":[{"count":5,"href":"https:\/\/agora.xtec.cat\/iesjulioantonio\/wp-json\/wp\/v2\/pages\/4350\/revisions"}],"predecessor-version":[{"id":8903,"href":"https:\/\/agora.xtec.cat\/iesjulioantonio\/wp-json\/wp\/v2\/pages\/4350\/revisions\/8903"}],"wp:attachment":[{"href":"https:\/\/agora.xtec.cat\/iesjulioantonio\/wp-json\/wp\/v2\/media?parent=4350"}],"curies":[{"name":"wp","href":"https:\/\/api.w.org\/{rel}","templated":true}]}}