{"id":430,"date":"2016-03-06T12:18:13","date_gmt":"2016-03-06T11:18:13","guid":{"rendered":"http:\/\/agora.xtec.cat\/iesjulioantonio\/?page_id=430"},"modified":"2024-07-26T14:15:50","modified_gmt":"2024-07-26T12:15:50","slug":"documents","status":"publish","type":"page","link":"https:\/\/agora.xtec.cat\/iesjulioantonio\/linstitut\/documents\/","title":{"rendered":"Documents de Centre"},"content":{"rendered":"<p><a href=\"https:\/\/docs.google.com\/document\/d\/17ZKg4G9egKrn7a9F79aqCzxk0asULJ81\/edit?usp=drive_link&amp;ouid=113055793374220109570&amp;rtpof=true&amp;sd=true\">Enlla\u00e7 al gestor documental<\/a><\/p>\n<div style=\"visibility: hidden;\">\n<table style=\"height: 198px; width: 55.4252%;\">\n<tbody>\n<tr style=\"height: 20px;\">\n<td style=\"height: 37px; width: 9.92865%;\"><img loading=\"lazy\" decoding=\"async\" class=\"wp-image-2744 aligncenter\" src=\"https:\/\/agora.xtec.cat\/iesjulioantonio\/wp-content\/uploads\/usu942\/2019\/05\/pdf.png\" alt=\"\" width=\"50\" height=\"51\" srcset=\"https:\/\/agora.xtec.cat\/iesjulioantonio\/wp-content\/uploads\/usu942\/2019\/05\/pdf.png 512w, https:\/\/agora.xtec.cat\/iesjulioantonio\/wp-content\/uploads\/usu942\/2019\/05\/pdf-150x150.png 150w, https:\/\/agora.xtec.cat\/iesjulioantonio\/wp-content\/uploads\/usu942\/2019\/05\/pdf-300x300.png 300w\" sizes=\"auto, (max-width: 50px) 100vw, 50px\" \/><\/td>\n<td style=\"height: 37px; width: 133.06%;\"><a href=\"https:\/\/agora.xtec.cat\/iesjulioantonio\/wp-content\/uploads\/usu942\/2023\/09\/PEC-JULIO-ANTONIO2324.pdf\">Projecte Educatiu de Centre (PEC), 23\/24<\/a><\/td>\n<\/tr>\n<tr style=\"height: 31px;\">\n<td style=\"height: 31px; width: 9.92865%;\"><img loading=\"lazy\" decoding=\"async\" class=\"wp-image-2744 aligncenter\" src=\"https:\/\/agora.xtec.cat\/iesjulioantonio\/wp-content\/uploads\/usu942\/2019\/05\/pdf.png\" alt=\"\" width=\"50\" height=\"51\" srcset=\"https:\/\/agora.xtec.cat\/iesjulioantonio\/wp-content\/uploads\/usu942\/2019\/05\/pdf.png 512w, https:\/\/agora.xtec.cat\/iesjulioantonio\/wp-content\/uploads\/usu942\/2019\/05\/pdf-150x150.png 150w, https:\/\/agora.xtec.cat\/iesjulioantonio\/wp-content\/uploads\/usu942\/2019\/05\/pdf-300x300.png 300w\" sizes=\"auto, (max-width: 50px) 100vw, 50px\" \/><\/td>\n<td style=\"height: 31px; width: 133.06%;\"><a href=\"https:\/\/agora.xtec.cat\/iesjulioantonio\/wp-content\/uploads\/usu942\/2023\/09\/NOFC-23-24nou-FORMAT-SENSE-ANEXOS.pdf\">Normes d&#8217;Organitzaci\u00f3 i Funcionament de Centre (NOFC), 23\/24<\/a><\/td>\n<\/tr>\n<tr style=\"height: 31px;\">\n<td style=\"height: 37px; width: 9.92865%;\"><img loading=\"lazy\" decoding=\"async\" class=\"wp-image-2744 aligncenter\" src=\"https:\/\/agora.xtec.cat\/iesjulioantonio\/wp-content\/uploads\/usu942\/2019\/05\/pdf.png\" alt=\"\" width=\"49\" height=\"49\" srcset=\"https:\/\/agora.xtec.cat\/iesjulioantonio\/wp-content\/uploads\/usu942\/2019\/05\/pdf.png 512w, https:\/\/agora.xtec.cat\/iesjulioantonio\/wp-content\/uploads\/usu942\/2019\/05\/pdf-150x150.png 150w, https:\/\/agora.xtec.cat\/iesjulioantonio\/wp-content\/uploads\/usu942\/2019\/05\/pdf-300x300.png 300w\" sizes=\"auto, (max-width: 49px) 100vw, 49px\" \/><\/td>\n<td style=\"height: 37px; width: 133.06%;\"><a href=\"https:\/\/agora.xtec.cat\/iesjulioantonio\/wp-content\/uploads\/usu942\/2021\/04\/PAT_FP_INSJulioAntonio.pdf\">Pla d&#8217;Acci\u00f3 Tutorial FP (PAT-FP)<\/a><\/td>\n<\/tr>\n<tr>\n<td style=\"width: 9.92865%;\"><img loading=\"lazy\" decoding=\"async\" class=\"wp-image-2744 aligncenter\" src=\"https:\/\/agora.xtec.cat\/iesjulioantonio\/wp-content\/uploads\/usu942\/2019\/05\/pdf.png\" alt=\"\" width=\"49\" height=\"49\" srcset=\"https:\/\/agora.xtec.cat\/iesjulioantonio\/wp-content\/uploads\/usu942\/2019\/05\/pdf.png 512w, https:\/\/agora.xtec.cat\/iesjulioantonio\/wp-content\/uploads\/usu942\/2019\/05\/pdf-150x150.png 150w, https:\/\/agora.xtec.cat\/iesjulioantonio\/wp-content\/uploads\/usu942\/2019\/05\/pdf-300x300.png 300w\" sizes=\"auto, (max-width: 49px) 100vw, 49px\" \/><\/td>\n<td style=\"width: 133.06%;\"><a href=\"https:\/\/agora.xtec.cat\/iesjulioantonio\/wp-content\/uploads\/usu942\/2023\/09\/PAT-2023-24.pdf\">Pla d&#8217;Acci\u00f3 Tutorial (PAT), 23\/24<\/a><\/td>\n<\/tr>\n<tr style=\"height: 31px;\">\n<td style=\"height: 31px; width: 9.92865%;\"><img loading=\"lazy\" decoding=\"async\" class=\"wp-image-2744 aligncenter\" src=\"https:\/\/agora.xtec.cat\/iesjulioantonio\/wp-content\/uploads\/usu942\/2019\/05\/pdf.png\" alt=\"\" width=\"50\" height=\"51\" srcset=\"https:\/\/agora.xtec.cat\/iesjulioantonio\/wp-content\/uploads\/usu942\/2019\/05\/pdf.png 512w, https:\/\/agora.xtec.cat\/iesjulioantonio\/wp-content\/uploads\/usu942\/2019\/05\/pdf-150x150.png 150w, https:\/\/agora.xtec.cat\/iesjulioantonio\/wp-content\/uploads\/usu942\/2019\/05\/pdf-300x300.png 300w\" sizes=\"auto, (max-width: 50px) 100vw, 50px\" \/><\/td>\n<td style=\"height: 31px; width: 133.06%;\"><a href=\"https:\/\/agora.xtec.cat\/iesjulioantonio\/wp-content\/uploads\/usu942\/2023\/09\/PAD-23-24.pdf\">Pla d&#8217;Atenci\u00f3 a la Diversitat (PAD), 23\/24<\/a><\/td>\n<\/tr>\n<tr style=\"height: 31px;\">\n<td style=\"width: 9.92865%; height: 31px;\"><img loading=\"lazy\" decoding=\"async\" class=\"wp-image-2744 aligncenter\" src=\"https:\/\/agora.xtec.cat\/iesjulioantonio\/wp-content\/uploads\/usu942\/2019\/05\/pdf.png\" alt=\"\" width=\"50\" height=\"51\" srcset=\"https:\/\/agora.xtec.cat\/iesjulioantonio\/wp-content\/uploads\/usu942\/2019\/05\/pdf.png 512w, https:\/\/agora.xtec.cat\/iesjulioantonio\/wp-content\/uploads\/usu942\/2019\/05\/pdf-150x150.png 150w, https:\/\/agora.xtec.cat\/iesjulioantonio\/wp-content\/uploads\/usu942\/2019\/05\/pdf-300x300.png 300w\" sizes=\"auto, (max-width: 50px) 100vw, 50px\" \/><\/td>\n<td style=\"width: 133.06%; height: 31px;\"><a href=\"https:\/\/agora.xtec.cat\/iesjulioantonio\/wp-content\/uploads\/usu942\/2022\/09\/PROJECTE-LINGUISTIC-IES-JULIO-ANTONIO-22-23-1.pdf\">Projecte Ling\u00fc\u00edstic, 22\/23<\/a><\/td>\n<\/tr>\n<tr>\n<td style=\"width: 9.92865%; height: 31px;\"><img loading=\"lazy\" decoding=\"async\" class=\"wp-image-2744 aligncenter\" src=\"https:\/\/agora.xtec.cat\/iesjulioantonio\/wp-content\/uploads\/usu942\/2019\/05\/pdf.png\" alt=\"\" width=\"50\" height=\"51\" srcset=\"https:\/\/agora.xtec.cat\/iesjulioantonio\/wp-content\/uploads\/usu942\/2019\/05\/pdf.png 512w, https:\/\/agora.xtec.cat\/iesjulioantonio\/wp-content\/uploads\/usu942\/2019\/05\/pdf-150x150.png 150w, https:\/\/agora.xtec.cat\/iesjulioantonio\/wp-content\/uploads\/usu942\/2019\/05\/pdf-300x300.png 300w\" sizes=\"auto, (max-width: 50px) 100vw, 50px\" \/><\/td>\n<td style=\"width: 133.06%;\"><a href=\"https:\/\/agora.xtec.cat\/iesjulioantonio\/wp-content\/uploads\/usu942\/2023\/09\/Projecte-de-convivencia-23.pdf\">Projecte de conviv\u00e8ncia, 23\/24<\/a><\/td>\n<\/tr>\n<tr style=\"height: 31px;\">\n<td style=\"width: 9.92865%; height: 31px;\"><img loading=\"lazy\" decoding=\"async\" class=\"wp-image-2744 aligncenter\" src=\"https:\/\/agora.xtec.cat\/iesjulioantonio\/wp-content\/uploads\/usu942\/2019\/05\/pdf.png\" alt=\"\" width=\"50\" height=\"51\" srcset=\"https:\/\/agora.xtec.cat\/iesjulioantonio\/wp-content\/uploads\/usu942\/2019\/05\/pdf.png 512w, https:\/\/agora.xtec.cat\/iesjulioantonio\/wp-content\/uploads\/usu942\/2019\/05\/pdf-150x150.png 150w, https:\/\/agora.xtec.cat\/iesjulioantonio\/wp-content\/uploads\/usu942\/2019\/05\/pdf-300x300.png 300w\" sizes=\"auto, (max-width: 50px) 100vw, 50px\" \/><\/td>\n<td style=\"width: 133.06%; height: 31px; text-align: left;\"><a href=\"https:\/\/agora.xtec.cat\/iesjulioantonio\/wp-content\/uploads\/usu942\/2019\/05\/Carta-compromis.pdf\">Carta de Comprom\u00eds<\/a><\/td>\n<\/tr>\n<tr>\n<td style=\"width: 9.92865%;\"><img loading=\"lazy\" decoding=\"async\" class=\"wp-image-2744 aligncenter\" src=\"https:\/\/agora.xtec.cat\/iesjulioantonio\/wp-content\/uploads\/usu942\/2019\/05\/pdf.png\" alt=\"\" width=\"50\" height=\"51\" srcset=\"https:\/\/agora.xtec.cat\/iesjulioantonio\/wp-content\/uploads\/usu942\/2019\/05\/pdf.png 512w, https:\/\/agora.xtec.cat\/iesjulioantonio\/wp-content\/uploads\/usu942\/2019\/05\/pdf-150x150.png 150w, https:\/\/agora.xtec.cat\/iesjulioantonio\/wp-content\/uploads\/usu942\/2019\/05\/pdf-300x300.png 300w\" sizes=\"auto, (max-width: 50px) 100vw, 50px\" \/><\/td>\n<td style=\"width: 133.06%;\"><a href=\"https:\/\/agora.xtec.cat\/iesjulioantonio\/wp-content\/uploads\/usu942\/2023\/09\/Pla-acollida-2023.pdf\">Pla d&#8217;acollida d&#8217;alumnat nouvingut, 2023<\/a><\/td>\n<\/tr>\n<tr>\n<td style=\"width: 9.92865%;\"><img loading=\"lazy\" decoding=\"async\" class=\"wp-image-2744 aligncenter\" src=\"https:\/\/agora.xtec.cat\/iesjulioantonio\/wp-content\/uploads\/usu942\/2019\/05\/pdf.png\" alt=\"\" width=\"50\" height=\"51\" srcset=\"https:\/\/agora.xtec.cat\/iesjulioantonio\/wp-content\/uploads\/usu942\/2019\/05\/pdf.png 512w, https:\/\/agora.xtec.cat\/iesjulioantonio\/wp-content\/uploads\/usu942\/2019\/05\/pdf-150x150.png 150w, https:\/\/agora.xtec.cat\/iesjulioantonio\/wp-content\/uploads\/usu942\/2019\/05\/pdf-300x300.png 300w\" sizes=\"auto, (max-width: 50px) 100vw, 50px\" \/><\/td>\n<td style=\"width: 133.06%;\"><a href=\"https:\/\/agora.xtec.cat\/iesjulioantonio\/wp-content\/uploads\/usu942\/2020\/05\/Acta-comissi\u00f3-de-selecci\u00f3-de-director.pdf\">Acta comissi\u00f3 de selecci\u00f3 de director<\/a><\/td>\n<\/tr>\n<tr>\n<td style=\"width: 9.92865%;\"><img loading=\"lazy\" decoding=\"async\" class=\"wp-image-2744 aligncenter\" src=\"https:\/\/agora.xtec.cat\/iesjulioantonio\/wp-content\/uploads\/usu942\/2019\/05\/pdf.png\" alt=\"\" width=\"50\" height=\"51\" srcset=\"https:\/\/agora.xtec.cat\/iesjulioantonio\/wp-content\/uploads\/usu942\/2019\/05\/pdf.png 512w, https:\/\/agora.xtec.cat\/iesjulioantonio\/wp-content\/uploads\/usu942\/2019\/05\/pdf-150x150.png 150w, https:\/\/agora.xtec.cat\/iesjulioantonio\/wp-content\/uploads\/usu942\/2019\/05\/pdf-300x300.png 300w\" sizes=\"auto, (max-width: 50px) 100vw, 50px\" \/><\/td>\n<td style=\"width: 133.06%;\"><a href=\"https:\/\/agora.xtec.cat\/iesjulioantonio\/wp-content\/uploads\/usu942\/2021\/09\/INFORMACIO-COVID-COMPENDI-22-9-21.pdf\">Informaci\u00f3 sobre la COVID-19 al centre<\/a><\/td>\n<\/tr>\n<tr>\n<td style=\"width: 9.92865%;\"><img loading=\"lazy\" decoding=\"async\" class=\"wp-image-2744 aligncenter\" src=\"https:\/\/agora.xtec.cat\/iesjulioantonio\/wp-content\/uploads\/usu942\/2019\/05\/pdf.png\" alt=\"\" width=\"50\" height=\"51\" srcset=\"https:\/\/agora.xtec.cat\/iesjulioantonio\/wp-content\/uploads\/usu942\/2019\/05\/pdf.png 512w, https:\/\/agora.xtec.cat\/iesjulioantonio\/wp-content\/uploads\/usu942\/2019\/05\/pdf-150x150.png 150w, https:\/\/agora.xtec.cat\/iesjulioantonio\/wp-content\/uploads\/usu942\/2019\/05\/pdf-300x300.png 300w\" sizes=\"auto, (max-width: 50px) 100vw, 50px\" \/><\/td>\n<td style=\"width: 133.06%;\"><a href=\"https:\/\/agora.xtec.cat\/iesjulioantonio\/wp-content\/uploads\/usu942\/2023\/09\/AULES-ESPECIALS-NORMES-VIGENTS-22-23.pdf\">Reglament d&#8217;aules i espais especials<\/a><\/td>\n<\/tr>\n<tr>\n<td style=\"width: 9.92865%;\"><img loading=\"lazy\" decoding=\"async\" class=\"wp-image-2744 aligncenter\" src=\"https:\/\/agora.xtec.cat\/iesjulioantonio\/wp-content\/uploads\/usu942\/2019\/05\/pdf.png\" alt=\"\" width=\"50\" height=\"51\" srcset=\"https:\/\/agora.xtec.cat\/iesjulioantonio\/wp-content\/uploads\/usu942\/2019\/05\/pdf.png 512w, https:\/\/agora.xtec.cat\/iesjulioantonio\/wp-content\/uploads\/usu942\/2019\/05\/pdf-150x150.png 150w, https:\/\/agora.xtec.cat\/iesjulioantonio\/wp-content\/uploads\/usu942\/2019\/05\/pdf-300x300.png 300w\" sizes=\"auto, (max-width: 50px) 100vw, 50px\" \/><\/td>\n<td style=\"width: 133.06%;\"><a href=\"https:\/\/agora.xtec.cat\/iesjulioantonio\/wp-content\/uploads\/usu942\/2023\/09\/REGLAMENT-DEL-SERVEI-DE-TRANSPORT-ESCOLAR-OBLIGATORI-PER-ALS-ALUMNES-DE-L.pdf\">Reglament del servei de transport escolar obligatori<\/a><\/td>\n<\/tr>\n<\/tbody>\n<\/table>\n<p>&nbsp;<\/p>\n<\/div>\n","protected":false},"excerpt":{"rendered":"<p>Enlla\u00e7 al gestor documental Projecte Educatiu de Centre (PEC), 23\/24 Normes d&#8217;Organitzaci\u00f3 i Funcionament de Centre (NOFC), 23\/24 Pla d&#8217;Acci\u00f3 Tutorial FP (PAT-FP) Pla d&#8217;Acci\u00f3 Tutorial (PAT), 23\/24 Pla d&#8217;Atenci\u00f3 a la Diversitat (PAD), 23\/24 Projecte Ling\u00fc\u00edstic, 22\/23 Projecte de conviv\u00e8ncia, 23\/24 Carta de Comprom\u00eds Pla d&#8217;acollida d&#8217;alumnat nouvingut, 2023 Acta comissi\u00f3 de selecci\u00f3 de [&hellip;]<\/p>\n","protected":false},"author":1,"featured_media":0,"parent":19,"menu_order":8,"comment_status":"closed","ping_status":"closed","template":"page-templates\/side-menu.php","meta":{"_bbp_topic_count":0,"_bbp_reply_count":0,"_bbp_total_topic_count":0,"_bbp_total_reply_count":0,"_bbp_voice_count":0,"_bbp_anonymous_reply_count":0,"_bbp_topic_count_hidden":0,"_bbp_reply_count_hidden":0,"_bbp_forum_subforum_count":0,"site-sidebar-layout":"default","site-content-layout":"","ast-site-content-layout":"","site-content-style":"default","site-sidebar-style":"default","ast-global-header-display":"","ast-banner-title-visibility":"","ast-main-header-display":"","ast-hfb-above-header-display":"","ast-hfb-below-header-display":"","ast-hfb-mobile-header-display":"","site-post-title":"","ast-breadcrumbs-content":"","ast-featured-img":"","footer-sml-layout":"","theme-transparent-header-meta":"","adv-header-id-meta":"","stick-header-meta":"","header-above-stick-meta":"","header-main-stick-meta":"","header-below-stick-meta":"","astra-migrate-meta-layouts":"default","ast-page-background-enabled":"default","ast-page-background-meta":{"desktop":{"background-color":"var(--ast-global-color-4)","background-image":"","background-repeat":"repeat","background-position":"center center","background-size":"auto","background-attachment":"scroll","background-type":"","background-media":"","overlay-type":"","overlay-color":"","overlay-opacity":"","overlay-gradient":""},"tablet":{"background-color":"","background-image":"","background-repeat":"repeat","background-position":"center center","background-size":"auto","background-attachment":"scroll","background-type":"","background-media":"","overlay-type":"","overlay-color":"","overlay-opacity":"","overlay-gradient":""},"mobile":{"background-color":"","background-image":"","background-repeat":"repeat","background-position":"center center","background-size":"auto","background-attachment":"scroll","background-type":"","background-media":"","overlay-type":"","overlay-color":"","overlay-opacity":"","overlay-gradient":""}},"ast-content-background-meta":{"desktop":{"background-color":"var(--ast-global-color-5)","background-image":"","background-repeat":"repeat","background-position":"center center","background-size":"auto","background-attachment":"scroll","background-type":"","background-media":"","overlay-type":"","overlay-color":"","overlay-opacity":"","overlay-gradient":""},"tablet":{"background-color":"var(--ast-global-color-5)","background-image":"","background-repeat":"repeat","background-position":"center center","background-size":"auto","background-attachment":"scroll","background-type":"","background-media":"","overlay-type":"","overlay-color":"","overlay-opacity":"","overlay-gradient":""},"mobile":{"background-color":"var(--ast-global-color-5)","background-image":"","background-repeat":"repeat","background-position":"center center","background-size":"auto","background-attachment":"scroll","background-type":"","background-media":"","overlay-type":"","overlay-color":"","overlay-opacity":"","overlay-gradient":""}},"footnotes":""},"class_list":["post-430","page","type-page","status-publish","hentry"],"post_mailing_queue_ids":[],"_links":{"self":[{"href":"https:\/\/agora.xtec.cat\/iesjulioantonio\/wp-json\/wp\/v2\/pages\/430","targetHints":{"allow":["GET"]}}],"collection":[{"href":"https:\/\/agora.xtec.cat\/iesjulioantonio\/wp-json\/wp\/v2\/pages"}],"about":[{"href":"https:\/\/agora.xtec.cat\/iesjulioantonio\/wp-json\/wp\/v2\/types\/page"}],"author":[{"embeddable":true,"href":"https:\/\/agora.xtec.cat\/iesjulioantonio\/wp-json\/wp\/v2\/users\/1"}],"replies":[{"embeddable":true,"href":"https:\/\/agora.xtec.cat\/iesjulioantonio\/wp-json\/wp\/v2\/comments?post=430"}],"version-history":[{"count":4,"href":"https:\/\/agora.xtec.cat\/iesjulioantonio\/wp-json\/wp\/v2\/pages\/430\/revisions"}],"predecessor-version":[{"id":7921,"href":"https:\/\/agora.xtec.cat\/iesjulioantonio\/wp-json\/wp\/v2\/pages\/430\/revisions\/7921"}],"up":[{"embeddable":true,"href":"https:\/\/agora.xtec.cat\/iesjulioantonio\/wp-json\/wp\/v2\/pages\/19"}],"wp:attachment":[{"href":"https:\/\/agora.xtec.cat\/iesjulioantonio\/wp-json\/wp\/v2\/media?parent=430"}],"curies":[{"name":"wp","href":"https:\/\/api.w.org\/{rel}","templated":true}]}}