{"id":4165,"date":"2020-12-14T12:56:49","date_gmt":"2020-12-14T11:56:49","guid":{"rendered":"http:\/\/agora.xtec.cat\/iesjulioantonio\/?page_id=4165"},"modified":"2020-12-14T12:56:49","modified_gmt":"2020-12-14T11:56:49","slug":"mobilitat-a-leso","status":"publish","type":"page","link":"https:\/\/agora.xtec.cat\/iesjulioantonio\/projectes\/mobilitat-a-leso\/","title":{"rendered":"Mobilitat a l&#8217;ESO"},"content":{"rendered":"<h1>LIVING IN A RURAL AREA<\/h1>\n<p>Aquest projecte va sorgir de la necessitat de motivar l&#8217;alumnat sobre la import\u00e0ncia i el valor de l&#8217;entorn rural en el qual vivim. Juntament amb centres de Fran\u00e7a, Portugal i Slovakia vam decidir demanar una beca Erasmus+ la qual tenim l&#8217;orgull d&#8217;anunciar que en ha estat atorgada aquest curs 2020-21.<\/p>\n<p>La duraci\u00f3 del projecte \u00e9s de dos anys i els objectius que perseguim s\u00f3n els seg\u00fcents:<\/p>\n<ul>\n<li>Conscienciar l&#8217;alumnat de la <strong>riquesa del nostre entorn rural<\/strong>.<\/li>\n<li>Millorar les <strong>compet\u00e8ncies digitals<\/strong> utilitzant <strong>l&#8217;angl\u00e8s com a llengua vehicular.<\/strong><\/li>\n<li><strong>Promoure la cooperaci\u00f3, la solidaritat i el treball en equip.<\/strong><\/li>\n<\/ul>\n<p>Aqu\u00ed teniu un enlla\u00e7 a la web del projecte: P\u00e0gina web de LIRA<\/p>\n<h3><\/h3>\n<h3>CRITERIS DE SELECCI\u00d3 DE L&#8217;ALUMNAT<\/h3>\n<p>A fi de garantir el principi d&#8217;igualtat d&#8217;oportunitats entre els candidats i les candidates a les places de mobilitat es tindran en compte els seg\u00fcents criteris de selecci\u00f3:<\/p>\n<ol>\n<li>Nivell del idioma: Es valorar\u00e0 especialment tenir un bon nivell d\u2019angl\u00e8s.<\/li>\n<li>L\u2019expedient acad\u00e8mic obtingut fins el moment de participar en l\u2019Erasmus+.<\/li>\n<li>Les compet\u00e8ncies personals i socials demostrades en tots els \u00e0mbits.<\/li>\n<\/ol>\n<p>La valoraci\u00f3 d&#8217;aquests criteris correspondr\u00e0 a la comissi\u00f3 de mobilitat del centre juntament amb l&#8217;equip docent.<\/p>\n<p>Seguint les directrius del Programa Erasmus+, es tindran en consideraci\u00f3 aquells factors de car\u00e0cter personal, social i cultural que puguin ser causa d \u0301exclusi\u00f3.<\/p>\n","protected":false},"excerpt":{"rendered":"<p>LIVING IN A RURAL AREA Aquest projecte va sorgir de la necessitat de motivar l&#8217;alumnat sobre la import\u00e0ncia i el valor de l&#8217;entorn rural en el qual vivim. Juntament amb centres de Fran\u00e7a, Portugal i Slovakia vam decidir demanar una beca Erasmus+ la qual tenim l&#8217;orgull d&#8217;anunciar que en ha estat atorgada aquest curs 2020-21. [&hellip;]<\/p>\n","protected":false},"author":1,"featured_media":0,"parent":3799,"menu_order":0,"comment_status":"closed","ping_status":"closed","template":"","meta":{"_bbp_topic_count":0,"_bbp_reply_count":0,"_bbp_total_topic_count":0,"_bbp_total_reply_count":0,"_bbp_voice_count":0,"_bbp_anonymous_reply_count":0,"_bbp_topic_count_hidden":0,"_bbp_reply_count_hidden":0,"_bbp_forum_subforum_count":0,"site-sidebar-layout":"default","site-content-layout":"","ast-site-content-layout":"","site-content-style":"default","site-sidebar-style":"default","ast-global-header-display":"","ast-banner-title-visibility":"","ast-main-header-display":"","ast-hfb-above-header-display":"","ast-hfb-below-header-display":"","ast-hfb-mobile-header-display":"","site-post-title":"","ast-breadcrumbs-content":"","ast-featured-img":"","footer-sml-layout":"","theme-transparent-header-meta":"","adv-header-id-meta":"","stick-header-meta":"","header-above-stick-meta":"","header-main-stick-meta":"","header-below-stick-meta":"","astra-migrate-meta-layouts":"default","ast-page-background-enabled":"default","ast-page-background-meta":{"desktop":{"background-color":"var(--ast-global-color-4)","background-image":"","background-repeat":"repeat","background-position":"center center","background-size":"auto","background-attachment":"scroll","background-type":"","background-media":"","overlay-type":"","overlay-color":"","overlay-opacity":"","overlay-gradient":""},"tablet":{"background-color":"","background-image":"","background-repeat":"repeat","background-position":"center center","background-size":"auto","background-attachment":"scroll","background-type":"","background-media":"","overlay-type":"","overlay-color":"","overlay-opacity":"","overlay-gradient":""},"mobile":{"background-color":"","background-image":"","background-repeat":"repeat","background-position":"center center","background-size":"auto","background-attachment":"scroll","background-type":"","background-media":"","overlay-type":"","overlay-color":"","overlay-opacity":"","overlay-gradient":""}},"ast-content-background-meta":{"desktop":{"background-color":"var(--ast-global-color-5)","background-image":"","background-repeat":"repeat","background-position":"center center","background-size":"auto","background-attachment":"scroll","background-type":"","background-media":"","overlay-type":"","overlay-color":"","overlay-opacity":"","overlay-gradient":""},"tablet":{"background-color":"var(--ast-global-color-5)","background-image":"","background-repeat":"repeat","background-position":"center center","background-size":"auto","background-attachment":"scroll","background-type":"","background-media":"","overlay-type":"","overlay-color":"","overlay-opacity":"","overlay-gradient":""},"mobile":{"background-color":"var(--ast-global-color-5)","background-image":"","background-repeat":"repeat","background-position":"center center","background-size":"auto","background-attachment":"scroll","background-type":"","background-media":"","overlay-type":"","overlay-color":"","overlay-opacity":"","overlay-gradient":""}},"footnotes":""},"class_list":["post-4165","page","type-page","status-publish","hentry"],"post_mailing_queue_ids":[],"_links":{"self":[{"href":"https:\/\/agora.xtec.cat\/iesjulioantonio\/wp-json\/wp\/v2\/pages\/4165","targetHints":{"allow":["GET"]}}],"collection":[{"href":"https:\/\/agora.xtec.cat\/iesjulioantonio\/wp-json\/wp\/v2\/pages"}],"about":[{"href":"https:\/\/agora.xtec.cat\/iesjulioantonio\/wp-json\/wp\/v2\/types\/page"}],"author":[{"embeddable":true,"href":"https:\/\/agora.xtec.cat\/iesjulioantonio\/wp-json\/wp\/v2\/users\/1"}],"replies":[{"embeddable":true,"href":"https:\/\/agora.xtec.cat\/iesjulioantonio\/wp-json\/wp\/v2\/comments?post=4165"}],"version-history":[{"count":1,"href":"https:\/\/agora.xtec.cat\/iesjulioantonio\/wp-json\/wp\/v2\/pages\/4165\/revisions"}],"predecessor-version":[{"id":4166,"href":"https:\/\/agora.xtec.cat\/iesjulioantonio\/wp-json\/wp\/v2\/pages\/4165\/revisions\/4166"}],"up":[{"embeddable":true,"href":"https:\/\/agora.xtec.cat\/iesjulioantonio\/wp-json\/wp\/v2\/pages\/3799"}],"wp:attachment":[{"href":"https:\/\/agora.xtec.cat\/iesjulioantonio\/wp-json\/wp\/v2\/media?parent=4165"}],"curies":[{"name":"wp","href":"https:\/\/api.w.org\/{rel}","templated":true}]}}