{"id":4163,"date":"2020-12-14T12:23:26","date_gmt":"2020-12-14T11:23:26","guid":{"rendered":"http:\/\/agora.xtec.cat\/iesjulioantonio\/?page_id=4163"},"modified":"2021-06-22T13:35:22","modified_gmt":"2021-06-22T11:35:22","slug":"servei-comunitari","status":"publish","type":"page","link":"https:\/\/agora.xtec.cat\/iesjulioantonio\/projectes\/servei-comunitari\/","title":{"rendered":"Servei comunitari"},"content":{"rendered":"<h3>Curs 2020\/21<\/h3>\n<p>Aquest curs, els alumnes de 3r d&#8217;ESO han produ\u00eft\u00a0unes p\u00edndoles digitals que guien en el proc\u00e9s de creaci\u00f3 d\u2019un compte Gmail, creaci\u00f3 de presentacions, escanejar documents i compartir-los. El treball consta de videotutorials, tutorials i infografies. A continuaci\u00f3, podeu accedir a les infografies fetes:<\/p>\n<table>\n<tbody>\n<tr>\n<td><a href=\"https:\/\/agora.xtec.cat\/iesjulioantonio\/wp-content\/uploads\/usu942\/2021\/06\/1-creaci\u00f3-presentaci\u00f3-amb-google.pdf\">Creaci\u00f3 d&#8217;una presentaci\u00f3 amb Google<\/a><\/td>\n<td><a href=\"https:\/\/agora.xtec.cat\/iesjulioantonio\/wp-content\/uploads\/usu942\/2021\/06\/3-com-iniciar-a-canva.pdf\">Iniciar-se a Canva<\/a><\/td>\n<td><a href=\"https:\/\/agora.xtec.cat\/iesjulioantonio\/wp-content\/uploads\/usu942\/2021\/06\/tutorial-scan-gui\u00f3.pdf\">Escanejar un document<\/a><\/td>\n<td><a href=\"https:\/\/agora.xtec.cat\/iesjulioantonio\/wp-content\/uploads\/usu942\/2021\/06\/tutorial-COM-COMPARTIR-DOCUMENTS-DRIVE.pdf\">Compartir documents amb Drive<\/a><\/td>\n<td><a href=\"https:\/\/agora.xtec.cat\/iesjulioantonio\/wp-content\/uploads\/usu942\/2021\/06\/tutorial-Com-guardar-documents-al-drive-.pdf\">Guardar documents a Drive<\/a><\/td>\n<\/tr>\n<tr>\n<td><a href=\"https:\/\/agora.xtec.cat\/iesjulioantonio\/wp-content\/uploads\/usu942\/2021\/06\/tutorial-creaci\u00f3-gmail.pdf\">Creaci\u00f3 d&#8217;un compte Gmail<\/a><\/td>\n<td><a href=\"https:\/\/agora.xtec.cat\/iesjulioantonio\/wp-content\/uploads\/usu942\/2021\/06\/tutorial-etiqueta-i-enviament.pdf\">Etiquetament i enviament<\/a><\/td>\n<td><a href=\"https:\/\/agora.xtec.cat\/iesjulioantonio\/wp-content\/uploads\/usu942\/2021\/06\/TUTORIAL-INICIACI\u00d3-GENIALLY.pdf\">Iniciaci\u00f3 al Genially<\/a><\/td>\n<td><a href=\"https:\/\/agora.xtec.cat\/iesjulioantonio\/wp-content\/uploads\/usu942\/2021\/06\/COM-CREAR-UNA-PRESENTACI\u00d3-DE-GENIALLY.pdf\">Crear una presentaci\u00f3 amb Genially<\/a><\/td>\n<td><\/td>\n<\/tr>\n<\/tbody>\n<\/table>\n<p>A la <a href=\"https:\/\/www.youtube.com\/playlist?list=PLlXQ6dLcAMUglSdGjcSGxu4PggRBmjX78\">secci\u00f3 de Servei a la Comunitat del canal de Youtube de l&#8217;Institut<\/a>, teniu accessibles els v\u00eddeotutorials.<\/p>\n<p>Esperem que us sigui d&#8217;utilitat!<\/p>\n","protected":false},"excerpt":{"rendered":"<p>Curs 2020\/21 Aquest curs, els alumnes de 3r d&#8217;ESO han produ\u00eft\u00a0unes p\u00edndoles digitals que guien en el proc\u00e9s de creaci\u00f3 d\u2019un compte Gmail, creaci\u00f3 de presentacions, escanejar documents i compartir-los. El treball consta de videotutorials, tutorials i infografies. A continuaci\u00f3, podeu accedir a les infografies fetes: Creaci\u00f3 d&#8217;una presentaci\u00f3 amb Google Iniciar-se a Canva Escanejar [&hellip;]<\/p>\n","protected":false},"author":1,"featured_media":0,"parent":3799,"menu_order":0,"comment_status":"closed","ping_status":"closed","template":"","meta":{"_bbp_topic_count":0,"_bbp_reply_count":0,"_bbp_total_topic_count":0,"_bbp_total_reply_count":0,"_bbp_voice_count":0,"_bbp_anonymous_reply_count":0,"_bbp_topic_count_hidden":0,"_bbp_reply_count_hidden":0,"_bbp_forum_subforum_count":0,"site-sidebar-layout":"default","site-content-layout":"","ast-site-content-layout":"","site-content-style":"default","site-sidebar-style":"default","ast-global-header-display":"","ast-banner-title-visibility":"","ast-main-header-display":"","ast-hfb-above-header-display":"","ast-hfb-below-header-display":"","ast-hfb-mobile-header-display":"","site-post-title":"","ast-breadcrumbs-content":"","ast-featured-img":"","footer-sml-layout":"","theme-transparent-header-meta":"","adv-header-id-meta":"","stick-header-meta":"","header-above-stick-meta":"","header-main-stick-meta":"","header-below-stick-meta":"","astra-migrate-meta-layouts":"default","ast-page-background-enabled":"default","ast-page-background-meta":{"desktop":{"background-color":"var(--ast-global-color-4)","background-image":"","background-repeat":"repeat","background-position":"center center","background-size":"auto","background-attachment":"scroll","background-type":"","background-media":"","overlay-type":"","overlay-color":"","overlay-opacity":"","overlay-gradient":""},"tablet":{"background-color":"","background-image":"","background-repeat":"repeat","background-position":"center center","background-size":"auto","background-attachment":"scroll","background-type":"","background-media":"","overlay-type":"","overlay-color":"","overlay-opacity":"","overlay-gradient":""},"mobile":{"background-color":"","background-image":"","background-repeat":"repeat","background-position":"center center","background-size":"auto","background-attachment":"scroll","background-type":"","background-media":"","overlay-type":"","overlay-color":"","overlay-opacity":"","overlay-gradient":""}},"ast-content-background-meta":{"desktop":{"background-color":"var(--ast-global-color-5)","background-image":"","background-repeat":"repeat","background-position":"center center","background-size":"auto","background-attachment":"scroll","background-type":"","background-media":"","overlay-type":"","overlay-color":"","overlay-opacity":"","overlay-gradient":""},"tablet":{"background-color":"var(--ast-global-color-5)","background-image":"","background-repeat":"repeat","background-position":"center center","background-size":"auto","background-attachment":"scroll","background-type":"","background-media":"","overlay-type":"","overlay-color":"","overlay-opacity":"","overlay-gradient":""},"mobile":{"background-color":"var(--ast-global-color-5)","background-image":"","background-repeat":"repeat","background-position":"center center","background-size":"auto","background-attachment":"scroll","background-type":"","background-media":"","overlay-type":"","overlay-color":"","overlay-opacity":"","overlay-gradient":""}},"footnotes":""},"class_list":["post-4163","page","type-page","status-publish","hentry"],"post_mailing_queue_ids":[],"_links":{"self":[{"href":"https:\/\/agora.xtec.cat\/iesjulioantonio\/wp-json\/wp\/v2\/pages\/4163","targetHints":{"allow":["GET"]}}],"collection":[{"href":"https:\/\/agora.xtec.cat\/iesjulioantonio\/wp-json\/wp\/v2\/pages"}],"about":[{"href":"https:\/\/agora.xtec.cat\/iesjulioantonio\/wp-json\/wp\/v2\/types\/page"}],"author":[{"embeddable":true,"href":"https:\/\/agora.xtec.cat\/iesjulioantonio\/wp-json\/wp\/v2\/users\/1"}],"replies":[{"embeddable":true,"href":"https:\/\/agora.xtec.cat\/iesjulioantonio\/wp-json\/wp\/v2\/comments?post=4163"}],"version-history":[{"count":4,"href":"https:\/\/agora.xtec.cat\/iesjulioantonio\/wp-json\/wp\/v2\/pages\/4163\/revisions"}],"predecessor-version":[{"id":5052,"href":"https:\/\/agora.xtec.cat\/iesjulioantonio\/wp-json\/wp\/v2\/pages\/4163\/revisions\/5052"}],"up":[{"embeddable":true,"href":"https:\/\/agora.xtec.cat\/iesjulioantonio\/wp-json\/wp\/v2\/pages\/3799"}],"wp:attachment":[{"href":"https:\/\/agora.xtec.cat\/iesjulioantonio\/wp-json\/wp\/v2\/media?parent=4163"}],"curies":[{"name":"wp","href":"https:\/\/api.w.org\/{rel}","templated":true}]}}