{"id":4073,"date":"2020-09-17T13:04:57","date_gmt":"2020-09-17T11:04:57","guid":{"rendered":"http:\/\/agora.xtec.cat\/iesjulioantonio\/?page_id=4073"},"modified":"2026-03-16T09:09:03","modified_gmt":"2026-03-16T08:09:03","slug":"ampa","status":"publish","type":"page","link":"https:\/\/agora.xtec.cat\/iesjulioantonio\/alumnat\/ampa\/","title":{"rendered":"Associaci\u00f3 de fam\u00edlies de l&#8217;alumnat"},"content":{"rendered":"\n<p>Pots trobar tota la informaci\u00f3 de l&#8217;AFA de l&#8217;Institut Julio Antonio seguint-nos a les nostres xarxes:<\/p>\n\n\n\n<ul class=\"wp-block-list\">\n<li><a href=\"https:\/\/www.facebook.com\/ampainstitut.julioantonio\">Facebook<\/a><\/li>\n\n\n\n<li><a href=\"https:\/\/www.instagram.com\/ampaiesjulioantonio\/\">Instragram<\/a><\/li>\n\n\n\n<li>Telegram: AFA Institut Julio Antonio<\/li>\n<\/ul>\n\n\n\n<p>Tamb\u00e9 teniu disponible <a href=\"https:\/\/agora.xtec.cat\/iesjulioantonio\/wp-content\/uploads\/usu942\/2026\/03\/Presentacio-Junta-AFA-ACTUALITZAT.pdf\">aquest document<\/a> amb tota la nostra informaci\u00f3.<\/p>\n\n\n\n<p>Si encara no esteu inscrits, podeu fer-ho complimentant i fent-nos arribar <a href=\"https:\/\/agora.xtec.cat\/iesjulioantonio\/wp-content\/uploads\/usu942\/2025\/06\/Butlleta-inscripcio-curs-2025-2026-2.pdf\">aquesta butlleta<\/a>.<\/p>\n\n\n\n<h2 class=\"wp-block-heading\">Reciclatge de llibres<\/h2>\n\n\n\n<ul class=\"wp-block-list\">\n<li>1.- <a href=\"#Reciclatge\">Reciclatge de llibres de text<\/a><\/li>\n\n\n\n<li>2.- <a href=\"#Retorn\">Retorn de llibres<\/a><\/li>\n\n\n\n<li>3.- <a href=\"#Val\">\u00das del Val Escolar amb Iddink<\/a><\/li>\n<\/ul>\n\n\n\n<p>L&#8217;AMPA impulsa el reciclatge de llibres de text de les diverses mat\u00e8ries per l&#8217;alumnat del centre a trav\u00e9s d&#8217;una empresa privada. En <a href=\"https:\/\/www.youtube.com\/@Iddinkspain\">aquest enlla\u00e7<\/a> podeu accedir a un v\u00eddeo on s&#8217;explica tot el proc\u00e9s.\u00a0<\/p>\n\n\n\n<h4 class=\"wp-block-heading\"><strong><a id=\"Reciclatge\"><\/a>1.- Reciclatge de llibres de text<\/strong><\/h4>\n\n\n\n<figure class=\"wp-block-image size-large\"><a href=\"https:\/\/agora.xtec.cat\/iesjulioantonio\/wp-content\/uploads\/usu942\/2026\/02\/20260209_Iddink_1.jpg\"><img loading=\"lazy\" decoding=\"async\" width=\"721\" height=\"1024\" src=\"https:\/\/agora.xtec.cat\/iesjulioantonio\/wp-content\/uploads\/usu942\/2026\/02\/20260209_Iddink_1-721x1024.jpg\" alt=\"\" class=\"wp-image-8909\" srcset=\"https:\/\/agora.xtec.cat\/iesjulioantonio\/wp-content\/uploads\/usu942\/2026\/02\/20260209_Iddink_1-721x1024.jpg 721w, https:\/\/agora.xtec.cat\/iesjulioantonio\/wp-content\/uploads\/usu942\/2026\/02\/20260209_Iddink_1-211x300.jpg 211w, https:\/\/agora.xtec.cat\/iesjulioantonio\/wp-content\/uploads\/usu942\/2026\/02\/20260209_Iddink_1-768x1091.jpg 768w, https:\/\/agora.xtec.cat\/iesjulioantonio\/wp-content\/uploads\/usu942\/2026\/02\/20260209_Iddink_1-1081x1536.jpg 1081w, https:\/\/agora.xtec.cat\/iesjulioantonio\/wp-content\/uploads\/usu942\/2026\/02\/20260209_Iddink_1.jpg 1165w\" sizes=\"auto, (max-width: 721px) 100vw, 721px\" \/><\/a><\/figure>\n\n\n\n<p><\/p>\n\n\n\n<figure class=\"wp-block-image size-large\"><a href=\"https:\/\/agora.xtec.cat\/iesjulioantonio\/wp-content\/uploads\/usu942\/2026\/02\/20260209_Iddink_2.jpg\"><img loading=\"lazy\" decoding=\"async\" width=\"721\" height=\"1024\" src=\"https:\/\/agora.xtec.cat\/iesjulioantonio\/wp-content\/uploads\/usu942\/2026\/02\/20260209_Iddink_2-721x1024.jpg\" alt=\"\" class=\"wp-image-8910\" srcset=\"https:\/\/agora.xtec.cat\/iesjulioantonio\/wp-content\/uploads\/usu942\/2026\/02\/20260209_Iddink_2-721x1024.jpg 721w, https:\/\/agora.xtec.cat\/iesjulioantonio\/wp-content\/uploads\/usu942\/2026\/02\/20260209_Iddink_2-211x300.jpg 211w, https:\/\/agora.xtec.cat\/iesjulioantonio\/wp-content\/uploads\/usu942\/2026\/02\/20260209_Iddink_2-768x1091.jpg 768w, https:\/\/agora.xtec.cat\/iesjulioantonio\/wp-content\/uploads\/usu942\/2026\/02\/20260209_Iddink_2-1081x1536.jpg 1081w, https:\/\/agora.xtec.cat\/iesjulioantonio\/wp-content\/uploads\/usu942\/2026\/02\/20260209_Iddink_2.jpg 1165w\" sizes=\"auto, (max-width: 721px) 100vw, 721px\" \/><\/a><\/figure>\n\n\n\n<h4 class=\"wp-block-heading\"><strong>2.- \u00a0<a id=\"Retorn\"><\/a>Retorn dels llibres<\/strong><\/h4>\n\n\n\n<figure class=\"wp-block-image\"><a href=\"https:\/\/agora.xtec.cat\/iesjulioantonio\/wp-content\/uploads\/usu942\/2025\/06\/202506_Retorn_Llibres.jpg\"><img loading=\"lazy\" decoding=\"async\" width=\"725\" height=\"1024\" src=\"https:\/\/agora.xtec.cat\/iesjulioantonio\/wp-content\/uploads\/usu942\/2025\/06\/202506_Retorn_Llibres-725x1024.jpg\" alt=\"\" class=\"wp-image-8394\" srcset=\"https:\/\/agora.xtec.cat\/iesjulioantonio\/wp-content\/uploads\/usu942\/2025\/06\/202506_Retorn_Llibres-725x1024.jpg 725w, https:\/\/agora.xtec.cat\/iesjulioantonio\/wp-content\/uploads\/usu942\/2025\/06\/202506_Retorn_Llibres-212x300.jpg 212w, https:\/\/agora.xtec.cat\/iesjulioantonio\/wp-content\/uploads\/usu942\/2025\/06\/202506_Retorn_Llibres.jpg 747w\" sizes=\"auto, (max-width: 725px) 100vw, 725px\" \/><\/a><\/figure>\n\n\n\n<p><\/p>\n\n\n\n<h4 class=\"wp-block-heading\"><strong><a id=\"Val\"><\/a>3.- Usar el Val Escolar amb Iddink<\/strong><\/h4>\n\n\n\n<figure class=\"wp-block-image\"><a href=\"https:\/\/agora.xtec.cat\/iesjulioantonio\/wp-content\/uploads\/usu942\/2025\/06\/20250617_Iddink_ValsEscolars.jpg\"><img loading=\"lazy\" decoding=\"async\" width=\"738\" height=\"1024\" src=\"https:\/\/agora.xtec.cat\/iesjulioantonio\/wp-content\/uploads\/usu942\/2025\/06\/20250617_Iddink_ValsEscolars-738x1024.jpg\" alt=\"\" class=\"wp-image-8424\" srcset=\"https:\/\/agora.xtec.cat\/iesjulioantonio\/wp-content\/uploads\/usu942\/2025\/06\/20250617_Iddink_ValsEscolars-738x1024.jpg 738w, https:\/\/agora.xtec.cat\/iesjulioantonio\/wp-content\/uploads\/usu942\/2025\/06\/20250617_Iddink_ValsEscolars-216x300.jpg 216w, https:\/\/agora.xtec.cat\/iesjulioantonio\/wp-content\/uploads\/usu942\/2025\/06\/20250617_Iddink_ValsEscolars-768x1065.jpg 768w, https:\/\/agora.xtec.cat\/iesjulioantonio\/wp-content\/uploads\/usu942\/2025\/06\/20250617_Iddink_ValsEscolars.jpg 961w\" sizes=\"auto, (max-width: 738px) 100vw, 738px\" \/><\/a><\/figure>\n\n\n\n<p><\/p>\n","protected":false},"excerpt":{"rendered":"<p>Pots trobar tota la informaci\u00f3 de l&#8217;AFA de l&#8217;Institut Julio Antonio seguint-nos a les nostres xarxes: Tamb\u00e9 teniu disponible aquest document amb tota la nostra informaci\u00f3. Si encara no esteu inscrits, podeu fer-ho complimentant i fent-nos arribar aquesta butlleta. Reciclatge de llibres L&#8217;AMPA impulsa el reciclatge de llibres de text de les diverses mat\u00e8ries per [&hellip;]<\/p>\n","protected":false},"author":1,"featured_media":0,"parent":485,"menu_order":5,"comment_status":"closed","ping_status":"closed","template":"","meta":{"_bbp_topic_count":0,"_bbp_reply_count":0,"_bbp_total_topic_count":0,"_bbp_total_reply_count":0,"_bbp_voice_count":0,"_bbp_anonymous_reply_count":0,"_bbp_topic_count_hidden":0,"_bbp_reply_count_hidden":0,"_bbp_forum_subforum_count":0,"site-sidebar-layout":"default","site-content-layout":"","ast-site-content-layout":"default","site-content-style":"default","site-sidebar-style":"default","ast-global-header-display":"","ast-banner-title-visibility":"","ast-main-header-display":"","ast-hfb-above-header-display":"","ast-hfb-below-header-display":"","ast-hfb-mobile-header-display":"","site-post-title":"","ast-breadcrumbs-content":"","ast-featured-img":"","footer-sml-layout":"","theme-transparent-header-meta":"","adv-header-id-meta":"","stick-header-meta":"","header-above-stick-meta":"","header-main-stick-meta":"","header-below-stick-meta":"","astra-migrate-meta-layouts":"set","ast-page-background-enabled":"default","ast-page-background-meta":{"desktop":{"background-color":"var(--ast-global-color-4)","background-image":"","background-repeat":"repeat","background-position":"center center","background-size":"auto","background-attachment":"scroll","background-type":"","background-media":"","overlay-type":"","overlay-color":"","overlay-opacity":"","overlay-gradient":""},"tablet":{"background-color":"","background-image":"","background-repeat":"repeat","background-position":"center center","background-size":"auto","background-attachment":"scroll","background-type":"","background-media":"","overlay-type":"","overlay-color":"","overlay-opacity":"","overlay-gradient":""},"mobile":{"background-color":"","background-image":"","background-repeat":"repeat","background-position":"center center","background-size":"auto","background-attachment":"scroll","background-type":"","background-media":"","overlay-type":"","overlay-color":"","overlay-opacity":"","overlay-gradient":""}},"ast-content-background-meta":{"desktop":{"background-color":"var(--ast-global-color-5)","background-image":"","background-repeat":"repeat","background-position":"center center","background-size":"auto","background-attachment":"scroll","background-type":"","background-media":"","overlay-type":"","overlay-color":"","overlay-opacity":"","overlay-gradient":""},"tablet":{"background-color":"var(--ast-global-color-5)","background-image":"","background-repeat":"repeat","background-position":"center center","background-size":"auto","background-attachment":"scroll","background-type":"","background-media":"","overlay-type":"","overlay-color":"","overlay-opacity":"","overlay-gradient":""},"mobile":{"background-color":"var(--ast-global-color-5)","background-image":"","background-repeat":"repeat","background-position":"center center","background-size":"auto","background-attachment":"scroll","background-type":"","background-media":"","overlay-type":"","overlay-color":"","overlay-opacity":"","overlay-gradient":""}},"footnotes":""},"class_list":["post-4073","page","type-page","status-publish","hentry"],"post_mailing_queue_ids":[],"_links":{"self":[{"href":"https:\/\/agora.xtec.cat\/iesjulioantonio\/wp-json\/wp\/v2\/pages\/4073","targetHints":{"allow":["GET"]}}],"collection":[{"href":"https:\/\/agora.xtec.cat\/iesjulioantonio\/wp-json\/wp\/v2\/pages"}],"about":[{"href":"https:\/\/agora.xtec.cat\/iesjulioantonio\/wp-json\/wp\/v2\/types\/page"}],"author":[{"embeddable":true,"href":"https:\/\/agora.xtec.cat\/iesjulioantonio\/wp-json\/wp\/v2\/users\/1"}],"replies":[{"embeddable":true,"href":"https:\/\/agora.xtec.cat\/iesjulioantonio\/wp-json\/wp\/v2\/comments?post=4073"}],"version-history":[{"count":5,"href":"https:\/\/agora.xtec.cat\/iesjulioantonio\/wp-json\/wp\/v2\/pages\/4073\/revisions"}],"predecessor-version":[{"id":8994,"href":"https:\/\/agora.xtec.cat\/iesjulioantonio\/wp-json\/wp\/v2\/pages\/4073\/revisions\/8994"}],"up":[{"embeddable":true,"href":"https:\/\/agora.xtec.cat\/iesjulioantonio\/wp-json\/wp\/v2\/pages\/485"}],"wp:attachment":[{"href":"https:\/\/agora.xtec.cat\/iesjulioantonio\/wp-json\/wp\/v2\/media?parent=4073"}],"curies":[{"name":"wp","href":"https:\/\/api.w.org\/{rel}","templated":true}]}}