{"id":4013,"date":"2020-09-12T22:23:29","date_gmt":"2020-09-12T20:23:29","guid":{"rendered":"http:\/\/agora.xtec.cat\/iesjulioantonio\/?page_id=4013"},"modified":"2025-09-07T06:45:57","modified_gmt":"2025-09-07T04:45:57","slug":"organigrama-2","status":"publish","type":"page","link":"https:\/\/agora.xtec.cat\/iesjulioantonio\/linstitut\/organigrama-2\/","title":{"rendered":"Organigrama curs 25\/26"},"content":{"rendered":"<h4><strong>CONSELL ESCOLAR<\/strong><\/h4>\n<p>Est\u00e0 constitu\u00eft per:<\/p>\n<table>\n<tbody>\n<tr>\n<td><strong>President<\/strong><\/td>\n<td>\n<ul>\n<li>Joan Farn\u00f3s<\/li>\n<\/ul>\n<\/td>\n<\/tr>\n<tr>\n<td><strong>Cap d&#8217;Estudis<\/strong><\/td>\n<td>\n<ul>\n<li>Sergio Prats<\/li>\n<\/ul>\n<\/td>\n<\/tr>\n<tr>\n<td><strong>Secretari (sense vot)<\/strong><\/td>\n<td>\n<ul>\n<li>Carles Torras<\/li>\n<\/ul>\n<\/td>\n<\/tr>\n<tr>\n<td><strong>Sector professors<\/strong><\/td>\n<td>\n<ul>\n<li>Mart\u00ed Margalef (11-2021)<\/li>\n<li>M\u00f2nica Amor\u00f3s (11-2021)<\/li>\n<li>Marta Pros (11-2021)<\/li>\n<li>Montse Perpi\u00f1\u00e0 (11-2023)<\/li>\n<li>Jordi Grifoll (11-2023)<\/li>\n<li>Miguel \u00c1ngel Garc\u00eda (11-2023)<\/li>\n<\/ul>\n<\/td>\n<\/tr>\n<tr>\n<td><strong>Sector pares<\/strong><\/td>\n<td>\n<ul>\n<li>Montserrat Garcia (AFA)<\/li>\n<li>Paula Erenhaus (11-2023)<\/li>\n<li>Joaquim R\u00edpodas (baixa)<\/li>\n<\/ul>\n<\/td>\n<\/tr>\n<tr>\n<td><strong>Sector alumnes<\/strong><\/td>\n<td>\n<ul>\n<li>V\u00edctor Giron\u00e8s (11-2021)<\/li>\n<li>Mohammed Kasmi (11-2023)<\/li>\n<li>Isaac Pelegr\u00ed (11-2023)<\/li>\n<\/ul>\n<\/td>\n<\/tr>\n<tr>\n<td><strong>Sector PAS<\/strong><\/td>\n<td>\n<ul>\n<li>Elisabet L\u00f3pez (baixa)<\/li>\n<\/ul>\n<\/td>\n<\/tr>\n<tr>\n<td><strong>Ajuntament<\/strong><\/td>\n<td>\n<ul>\n<li>Maria Rodr\u00edguez<\/li>\n<\/ul>\n<\/td>\n<\/tr>\n<tr>\n<td><strong>Associacions<\/strong><\/td>\n<td>\n<ul>\n<li>Invitacions puntuals (sense vot)<\/li>\n<\/ul>\n<\/td>\n<\/tr>\n<\/tbody>\n<\/table>\n<h4><strong>C\u00c0RRECS DIRECTIUS<\/strong><\/h4>\n<ul>\n<li><strong>Director<\/strong>: Joan Farn\u00f3s Pallar\u00e8s<\/li>\n<li><strong>Cap d&#8217;Estudis<\/strong>: Sergio Prats Mart\u00edn<\/li>\n<li><strong>Secretari<\/strong>: Carles Torras Font<\/li>\n<li><strong>Coordinadora Pedag\u00f2gica<\/strong>: Lorena Farn\u00f3s Chorto<\/li>\n<li><strong>Cap d&#8217;Estudis d&#8217;FP<\/strong>: Vicent Garc\u00eda Mesas<\/li>\n<li><strong>Adjunt al Cap d&#8217;Estudis<\/strong>: Lara Faci Li\u00e9bana<\/li>\n<\/ul>\n<h4><strong>C\u00c0RRECS DE COORDINACI\u00d3<\/strong><\/h4>\n<ul>\n<li><strong>Coordinaci\u00f3 d&#8217;ESO<\/strong>:<\/li>\n<li><strong>Coordinaci\u00f3 Batxillerat:<\/strong><\/li>\n<li><strong>Coordinaci\u00f3 FP:<\/strong> Esther Orts<\/li>\n<li><strong>Coordinaci\u00f3 d&#8217;Activitats i Serveis Educatius (CASE):<\/strong> Joan Vernet<\/li>\n<li><strong>Coordinaci\u00f3 Lig\u00fc\u00edstica (LIC): <\/strong>Montse Perell\u00f3<\/li>\n<li><strong>Coordinaci\u00f3 Digital:<\/strong> N\u00faria Barcel\u00f3<\/li>\n<li><strong>Coordinaci\u00f3 de Prevenci\u00f3 Riscos Laborals:<\/strong> Jordi \u00c0vila<\/li>\n<li><strong>Coordinaci\u00f3 Biblioteca i Lectura:<\/strong> Tere Grau<\/li>\n<li><strong>Coordinaci\u00f3 Esports (PNE):<\/strong> Mart\u00ed Margalef<\/li>\n<li><strong>Coordinaci\u00f3 Instrucci\u00f3:<\/strong> Jordi Grifoll<\/li>\n<li><strong>Coordinaci\u00f3 Equip Orientaci\u00f3:<\/strong> Teresa Moreso<\/li>\n<li><strong>Coordinaci\u00f3 d&#8217;Innovaci\u00f3 i Pr\u00e0ctiques Universit\u00e0ries (MUFPS):<\/strong> Teresa Moreso<\/li>\n<li><strong>Coordinaci\u00f3 Servei Comunitari:<\/strong> Marta Montagut<\/li>\n<li><strong>Coordinaci\u00f3 de Mobilitat:<\/strong> Mireia Simon<\/li>\n<li><strong>Coordinaci\u00f3 Erasmus +:<\/strong> Neus Jornet<\/li>\n<li><strong>Coordinaci\u00f3 FP Dual Intensiva:<\/strong> Arnau Vidal<\/li>\n<li><strong>Coordinaci\u00f3 de Qualitat:<\/strong> Joan Vernet<\/li>\n<li><strong>Coordinador\/a de Coeducaci\u00f3, Conviv\u00e8ncia i Benestar Emocional (COCOBE):<\/strong> M\u00f2nica Amor\u00f3s<\/li>\n<\/ul>\n<h4><strong>CAPS DE DEPARTAMENT<\/strong><\/h4>\n<ul>\n<li><strong>Catal\u00e0<\/strong> Montse Perell\u00f3<\/li>\n<li><strong>Castell\u00e0<\/strong> Marta Pros<\/li>\n<li><strong>Lleg\u00fces Estrangeres<\/strong> Rhian Bush<\/li>\n<li><strong>Matem\u00e0tiques<\/strong> Marga V\u00e1zquez<\/li>\n<li><strong>Ci\u00e8ncies Experimentals<\/strong> Ernest Serrat<\/li>\n<li><strong>Tecnologia<\/strong> Agust\u00ed Torres<\/li>\n<li><strong>Expressi\u00f3 art\u00edstica i Esports<\/strong> Montse Perpi\u00f1\u00e0<\/li>\n<li><strong>Ci\u00e8ncies Socials<\/strong> Manolo Bobes<\/li>\n<li><strong>Orientaci\u00f3 Educativa i SIEI<\/strong>\u00a0Teresa Moreso<\/li>\n<li><strong>Serveis Socials i T\u00e8cnics<\/strong>\u00a0\u00c0lex Subirats<\/li>\n<li><strong>Inform\u00e0tica<\/strong>: Ivan Roche<\/li>\n<li><strong>Administraci\u00f3 i empresa: <\/strong>N\u00faria Sayas<\/li>\n<\/ul>\n<h4><strong>INSPECCI\u00d3 DE CENTRE<\/strong><\/h4>\n<ul>\n<li>Mari\u00e0 Cano<\/li>\n<\/ul>\n<h4><strong>COMISSIONS<\/strong><\/h4>\n<table style=\"width: 58.2636%; height: 179px;\">\n<tbody>\n<tr style=\"height: 33px;\">\n<td style=\"width: 203px; height: 33px;\"><strong>Comissi\u00f3 econ\u00f2mica<\/strong><\/td>\n<td style=\"height: 33px; width: 197px;\"><strong>Equip de refer\u00e8ncia #Aquiproubullying<\/strong><\/td>\n<td style=\"width: 154px;\"><strong>Equip Impulsor MUFPS<\/strong><\/td>\n<\/tr>\n<tr style=\"height: 146px;\">\n<td style=\"width: 203px; height: 146px;\">\n<ul>\n<li>Joan Farn\u00f3s<\/li>\n<li>Carles Torras<\/li>\n<li>Jordi Grifoll<\/li>\n<li>Montse Garcia<\/li>\n<li>Isaac Pelegr\u00ed<\/li>\n<\/ul>\n<\/td>\n<td style=\"width: 197px; height: 146px;\">\n<ul>\n<li>Sergio Prats<\/li>\n<li>Lara Faci<\/li>\n<li>Teresa F. Moreso<\/li>\n<li>Esther Orts<\/li>\n<li>M\u00f2nica Amor\u00f3s<\/li>\n<li>Montse Pi\u00f1ol<\/li>\n<\/ul>\n<\/td>\n<td style=\"width: 154px; height: 146px;\">\n<ul>\n<li>Sergio Prats<\/li>\n<li>Teresa F. Moreso<\/li>\n<li>Esther Orts<\/li>\n<\/ul>\n<\/td>\n<\/tr>\n<\/tbody>\n<\/table>\n<table style=\"width: 58.1855%;\">\n<tbody>\n<tr>\n<td style=\"width: 31.7162%;\"><strong>Comissi\u00f3 d&#8217;orientaci\u00f3<\/strong><\/td>\n<td style=\"width: 42.1953%;\"><strong>Comissi\u00f3 Digital<\/strong><\/td>\n<td style=\"width: 91.4157%;\"><strong>Comissi\u00f3 d\u2019Atenci\u00f3 Educativa Inclusiva<\/strong><\/td>\n<\/tr>\n<tr>\n<td style=\"width: 31.7162%;\">\n<ul>\n<li>Teresa Moreso<\/li>\n<li>Sergio Prats<\/li>\n<li>Lorena Farn\u00f3s<\/li>\n<li>Vicent Garcia<\/li>\n<li>Agust\u00ed Cerveto<\/li>\n<\/ul>\n<\/td>\n<td style=\"width: 42.1953%;\">\n<ul>\n<li>N\u00faria Barcel\u00f3 (coordinadora digital de centre)<\/li>\n<li>Carles Torras<\/li>\n<li>Vicent Garcia<\/li>\n<li>Joan Vernet<\/li>\n<li>Agust\u00ed Torres<\/li>\n<li>Ivan Roche<\/li>\n<\/ul>\n<\/td>\n<td style=\"width: 91.4157%;\">\n<ul>\n<li>Lorena Farn\u00f3s<\/li>\n<li>Lara Faci<\/li>\n<li>Sergio Prats<\/li>\n<li>Teresa F. Moreso<\/li>\n<li>Rebeca del Corte<\/li>\n<li>Helena Bag\u00e9s<\/li>\n<li>Agust\u00ed Cerveto<\/li>\n<\/ul>\n<\/td>\n<\/tr>\n<\/tbody>\n<\/table>\n<table style=\"width: 58.1836%;\">\n<tbody>\n<tr>\n<td style=\"width: 32.537%;\"><strong>Grup de Suport al Catal\u00e0<\/strong><\/td>\n<td style=\"width: 29.6593%;\"><strong>Comissi\u00f3 de Biblioteca<\/strong><\/td>\n<td style=\"width: 60.7263%;\"><strong>Grup de Mobilitat i Erasmus +<\/strong><\/td>\n<\/tr>\n<tr>\n<td style=\"width: 32.537%;\">\n<ul>\n<li>Jordi Mart\u00ed<\/li>\n<li>Lorena Farn\u00f3s<\/li>\n<li>Marta Montagut<\/li>\n<\/ul>\n<\/td>\n<td style=\"width: 29.6593%;\">\n<ul>\n<li>Quique S\u00e1nchez<\/li>\n<li>Marta Pros<\/li>\n<li>Tere Grau<\/li>\n<li>Esther Orts<\/li>\n<\/ul>\n<\/td>\n<td style=\"width: 60.7263%;\">\n<ul>\n<li>Mireia Simon<\/li>\n<li>Neus Jornet<\/li>\n<li>Rhian Bush<\/li>\n<li>M\u00edriam Borr\u00e0s<\/li>\n<li>Carles Torras<\/li>\n<\/ul>\n<\/td>\n<\/tr>\n<\/tbody>\n<\/table>\n<h4><strong>ASSOCIACI\u00d3 DE FAM\u00cdLIES D&#8217;ALUMNES<\/strong><\/h4>\n<p>A l&#8217;Institut Julio Antonio hi ha constitu\u00efda una Associaci\u00f3 de Fam\u00edlies d&#8217;Alumnes (AFA). La seva Junta Directiva est\u00e0 formada per:<\/p>\n<ul>\n<li><strong>Presidenta<\/strong>: Montse Garcia<\/li>\n<li><strong>Vicepresidenta<\/strong>:<\/li>\n<li><strong>Secretaria<\/strong>:<\/li>\n<li><strong>Tresorera<\/strong>:<\/li>\n<\/ul>\n<h4><strong>PERSONAL D&#8217;ADMINISTRACI\u00d3 I SERVEIS (PAS)<\/strong><\/h4>\n<p><strong>Subalterns<\/strong>:<\/p>\n<ul>\n<li>Joan Carles Garcia<\/li>\n<li>Julio Ungidos<\/li>\n<li>Carlos Vila<\/li>\n<\/ul>\n<p><strong>Administratives<\/strong>:<\/p>\n<ul>\n<li>In\u00e9s Borr\u00e0s<\/li>\n<li>Anna Pi\u00f1ol<\/li>\n<\/ul>\n<h4><strong>ALTRES AGENTS EDUCATIUS<\/strong><\/h4>\n<ul>\n<li><strong>EAP<\/strong>: Rebeca del Corte<\/li>\n<li><strong>Fisioterapeuta<\/strong>: Anna Farr\u00e9s<\/li>\n<li><strong>Treballadora Social:<\/strong> Helena Bag\u00e9s<\/li>\n<li><strong>Logopeda:<\/strong> Jordi Gil<\/li>\n<li><strong>Assessoria LIC:<\/strong> Maite Cot<\/li>\n<li><strong>ATS:<\/strong> Xus Alfonso<\/li>\n<li><strong>T\u00e8cnic inform\u00e0tic:<\/strong> Andreu Querol<\/li>\n<li><strong>T\u00e8cnic TIC:<\/strong> Jordi Company<\/li>\n<li><strong>Mentoria TIC:<\/strong> Sara Fosch Cugat<\/li>\n<li><strong>Orientadora del Consell Comarcal:<\/strong> Clara Colom<\/li>\n<li><strong>Bar &#8211; Cantina:<\/strong> Fany Romeu<\/li>\n<li><strong>Servei de neteja:<\/strong> Netvime SL<\/li>\n<\/ul>\n","protected":false},"excerpt":{"rendered":"<p>CONSELL ESCOLAR Est\u00e0 constitu\u00eft per: President Joan Farn\u00f3s Cap d&#8217;Estudis Sergio Prats Secretari (sense vot) Carles Torras Sector professors Mart\u00ed Margalef (11-2021) M\u00f2nica Amor\u00f3s (11-2021) Marta Pros (11-2021) Montse Perpi\u00f1\u00e0 (11-2023) Jordi Grifoll (11-2023) Miguel \u00c1ngel Garc\u00eda (11-2023) Sector pares Montserrat Garcia (AFA) Paula Erenhaus (11-2023) Joaquim R\u00edpodas (baixa) Sector alumnes V\u00edctor Giron\u00e8s (11-2021) Mohammed [&hellip;]<\/p>\n","protected":false},"author":1,"featured_media":0,"parent":19,"menu_order":3,"comment_status":"closed","ping_status":"closed","template":"","meta":{"_bbp_topic_count":0,"_bbp_reply_count":0,"_bbp_total_topic_count":0,"_bbp_total_reply_count":0,"_bbp_voice_count":0,"_bbp_anonymous_reply_count":0,"_bbp_topic_count_hidden":0,"_bbp_reply_count_hidden":0,"_bbp_forum_subforum_count":0,"site-sidebar-layout":"default","site-content-layout":"","ast-site-content-layout":"default","site-content-style":"default","site-sidebar-style":"default","ast-global-header-display":"","ast-banner-title-visibility":"","ast-main-header-display":"","ast-hfb-above-header-display":"","ast-hfb-below-header-display":"","ast-hfb-mobile-header-display":"","site-post-title":"","ast-breadcrumbs-content":"","ast-featured-img":"","footer-sml-layout":"","theme-transparent-header-meta":"","adv-header-id-meta":"","stick-header-meta":"","header-above-stick-meta":"","header-main-stick-meta":"","header-below-stick-meta":"","astra-migrate-meta-layouts":"set","ast-page-background-enabled":"default","ast-page-background-meta":{"desktop":{"background-color":"var(--ast-global-color-4)","background-image":"","background-repeat":"repeat","background-position":"center center","background-size":"auto","background-attachment":"scroll","background-type":"","background-media":"","overlay-type":"","overlay-color":"","overlay-opacity":"","overlay-gradient":""},"tablet":{"background-color":"","background-image":"","background-repeat":"repeat","background-position":"center center","background-size":"auto","background-attachment":"scroll","background-type":"","background-media":"","overlay-type":"","overlay-color":"","overlay-opacity":"","overlay-gradient":""},"mobile":{"background-color":"","background-image":"","background-repeat":"repeat","background-position":"center center","background-size":"auto","background-attachment":"scroll","background-type":"","background-media":"","overlay-type":"","overlay-color":"","overlay-opacity":"","overlay-gradient":""}},"ast-content-background-meta":{"desktop":{"background-color":"var(--ast-global-color-5)","background-image":"","background-repeat":"repeat","background-position":"center center","background-size":"auto","background-attachment":"scroll","background-type":"","background-media":"","overlay-type":"","overlay-color":"","overlay-opacity":"","overlay-gradient":""},"tablet":{"background-color":"var(--ast-global-color-5)","background-image":"","background-repeat":"repeat","background-position":"center center","background-size":"auto","background-attachment":"scroll","background-type":"","background-media":"","overlay-type":"","overlay-color":"","overlay-opacity":"","overlay-gradient":""},"mobile":{"background-color":"var(--ast-global-color-5)","background-image":"","background-repeat":"repeat","background-position":"center center","background-size":"auto","background-attachment":"scroll","background-type":"","background-media":"","overlay-type":"","overlay-color":"","overlay-opacity":"","overlay-gradient":""}},"footnotes":""},"class_list":["post-4013","page","type-page","status-publish","hentry"],"post_mailing_queue_ids":[],"_links":{"self":[{"href":"https:\/\/agora.xtec.cat\/iesjulioantonio\/wp-json\/wp\/v2\/pages\/4013","targetHints":{"allow":["GET"]}}],"collection":[{"href":"https:\/\/agora.xtec.cat\/iesjulioantonio\/wp-json\/wp\/v2\/pages"}],"about":[{"href":"https:\/\/agora.xtec.cat\/iesjulioantonio\/wp-json\/wp\/v2\/types\/page"}],"author":[{"embeddable":true,"href":"https:\/\/agora.xtec.cat\/iesjulioantonio\/wp-json\/wp\/v2\/users\/1"}],"replies":[{"embeddable":true,"href":"https:\/\/agora.xtec.cat\/iesjulioantonio\/wp-json\/wp\/v2\/comments?post=4013"}],"version-history":[{"count":5,"href":"https:\/\/agora.xtec.cat\/iesjulioantonio\/wp-json\/wp\/v2\/pages\/4013\/revisions"}],"predecessor-version":[{"id":8726,"href":"https:\/\/agora.xtec.cat\/iesjulioantonio\/wp-json\/wp\/v2\/pages\/4013\/revisions\/8726"}],"up":[{"embeddable":true,"href":"https:\/\/agora.xtec.cat\/iesjulioantonio\/wp-json\/wp\/v2\/pages\/19"}],"wp:attachment":[{"href":"https:\/\/agora.xtec.cat\/iesjulioantonio\/wp-json\/wp\/v2\/media?parent=4013"}],"curies":[{"name":"wp","href":"https:\/\/api.w.org\/{rel}","templated":true}]}}