{"id":3931,"date":"2020-09-06T21:05:44","date_gmt":"2020-09-06T19:05:44","guid":{"rendered":"http:\/\/agora.xtec.cat\/iesjulioantonio\/?page_id=3931"},"modified":"2025-10-09T08:07:30","modified_gmt":"2025-10-09T06:07:30","slug":"les-pindoles-del-julio-antonio","status":"publish","type":"page","link":"https:\/\/agora.xtec.cat\/iesjulioantonio\/cultura-digital\/serveis-digitals-al-julio-antonio\/les-pindoles-del-julio-antonio\/","title":{"rendered":"Les p\u00edndoles del Julio Antonio"},"content":{"rendered":"<p><strong>Zotero (Gestor bibliogr\u00e0fic)<\/strong><\/p>\n<ul>\n<li><a href=\"https:\/\/agora.xtec.cat\/iesjulioantonio\/wp-content\/uploads\/usu942\/2025\/04\/20250430_Zotero_web.mp4\">Instal\u00b7laci\u00f3 i \u00fas del programa inform\u00e0tic Zotero<\/a><\/li>\n<\/ul>\n<p><strong>P\u00edndoles de Microsoft 365<\/strong><\/p>\n<ul>\n<li><a href=\"https:\/\/agora.xtec.cat\/iesjulioantonio\/wp-content\/uploads\/usu942\/2025\/10\/20251006-Onedrive_web.mp4\">Configurar OneDrive<\/a><\/li>\n<li><a href=\"http:\/\/agora.xtec.cat\/iesjulioantonio\/20201214_office365_ctorras_web\/\">Entrar a l&#8217;Office 365 online<\/a><\/li>\n<li><a href=\"http:\/\/agora.xtec.cat\/iesjulioantonio\/20210310_office_ins_ja\/\">Administrar i instal\u00b7lar Office365 d&#8217;Escriptori (Llic\u00e8ncia INS Julio Antonio)<\/a><\/li>\n<\/ul>\n<p><strong>PortalTdR<\/strong><\/p>\n<ul>\n<li><a href=\"https:\/\/agora.xtec.cat\/iesjulioantonio\/wp-content\/uploads\/usu942\/2024\/12\/20241224_ctorras_PortalTdR_web.mp4\">Lliurament de la mem\u00f2ria final del TdR a l&#8217;aplicatiu PortalTdR<\/a><\/li>\n<li><a href=\"https:\/\/agora.xtec.cat\/iesjulioantonio\/wp-content\/uploads\/usu942\/2025\/01\/20250113_PortalTdR_Avaluacio.mp4\">Avaluaci\u00f3 dels TdR a l&#8217;aplicatiu PortalTdR<\/a><\/li>\n<\/ul>\n<p><strong>P\u00edndoles de Google<\/strong><\/p>\n<ul>\n<li><a href=\"https:\/\/agora.xtec.cat\/iesjulioantonio\/wp-content\/uploads\/usu942\/2024\/01\/20240127_FIDO2_IniciSessio_INS_JA_web.mp4\">Iniciar sessi\u00f3 a Google amb una clau USB FIDO2<\/a><\/li>\n<li><a href=\"https:\/\/agora.xtec.cat\/iesjulioantonio\/wp-content\/uploads\/usu942\/2020\/09\/TutorialMeet_INS_JulioAntonio.mp4\">Unir-se a una reuni\u00f3 de Google Meet<\/a><\/li>\n<li><a href=\"https:\/\/agora.xtec.cat\/iesjulioantonio\/wp-content\/uploads\/usu942\/2023\/09\/Canvi_Contrasenya_IESJA.mp4\">Canviar la contrasenya del compte iesjulioantonio.cat<\/a><\/li>\n<\/ul>\n<p><strong>P\u00edndoles de Moodle<\/strong><\/p>\n<ul>\n<li><a href=\"https:\/\/agora.xtec.cat\/iesjulioantonio\/wp-content\/uploads\/usu942\/2020\/09\/20200930_GEN_ctorras_EntrarMoodle.mp4\">Entrar al Moodle de l&#8217;Institut Julio Antonio<\/a><\/li>\n<li><a href=\"http:\/\/agora.xtec.cat\/iesjulioantonio\/20200414_gen_ctorras_reduir_insertar_imatges_web\/\">Reduir una imatge i inserir-la en un missatge de f\u00f2rum de Moodle<\/a><\/li>\n<li><a href=\"https:\/\/agora.xtec.cat\/iesjulioantonio\/wp-content\/uploads\/usu942\/2021\/06\/20210616_ReiniciMoodle_web.mp4\">Gesti\u00f3 de Moodle: c\u00f2pia de seguretat i reinici d&#8217;aules<\/a><\/li>\n<\/ul>\n<p><strong>P\u00edndoles de correu electr\u00f2nic<\/strong><\/p>\n<ul>\n<li><a href=\"https:\/\/agora.xtec.cat\/iesjulioantonio\/wp-content\/uploads\/usu942\/2021\/09\/20210915_ReenviamentCorreu.mp4\">Reenviament de correus electr\u00f2nics<\/a><\/li>\n<\/ul>\n","protected":false},"excerpt":{"rendered":"<p>Zotero (Gestor bibliogr\u00e0fic) Instal\u00b7laci\u00f3 i \u00fas del programa inform\u00e0tic Zotero P\u00edndoles de Microsoft 365 Configurar OneDrive Entrar a l&#8217;Office 365 online Administrar i instal\u00b7lar Office365 d&#8217;Escriptori (Llic\u00e8ncia INS Julio Antonio) PortalTdR Lliurament de la mem\u00f2ria final del TdR a l&#8217;aplicatiu PortalTdR Avaluaci\u00f3 dels TdR a l&#8217;aplicatiu PortalTdR P\u00edndoles de Google Iniciar sessi\u00f3 a Google amb [&hellip;]<\/p>\n","protected":false},"author":1,"featured_media":0,"parent":4665,"menu_order":4,"comment_status":"closed","ping_status":"closed","template":"","meta":{"_bbp_topic_count":0,"_bbp_reply_count":0,"_bbp_total_topic_count":0,"_bbp_total_reply_count":0,"_bbp_voice_count":0,"_bbp_anonymous_reply_count":0,"_bbp_topic_count_hidden":0,"_bbp_reply_count_hidden":0,"_bbp_forum_subforum_count":0,"site-sidebar-layout":"default","site-content-layout":"","ast-site-content-layout":"default","site-content-style":"default","site-sidebar-style":"default","ast-global-header-display":"","ast-banner-title-visibility":"","ast-main-header-display":"","ast-hfb-above-header-display":"","ast-hfb-below-header-display":"","ast-hfb-mobile-header-display":"","site-post-title":"","ast-breadcrumbs-content":"","ast-featured-img":"","footer-sml-layout":"","theme-transparent-header-meta":"","adv-header-id-meta":"","stick-header-meta":"","header-above-stick-meta":"","header-main-stick-meta":"","header-below-stick-meta":"","astra-migrate-meta-layouts":"set","ast-page-background-enabled":"default","ast-page-background-meta":{"desktop":{"background-color":"var(--ast-global-color-4)","background-image":"","background-repeat":"repeat","background-position":"center center","background-size":"auto","background-attachment":"scroll","background-type":"","background-media":"","overlay-type":"","overlay-color":"","overlay-opacity":"","overlay-gradient":""},"tablet":{"background-color":"","background-image":"","background-repeat":"repeat","background-position":"center center","background-size":"auto","background-attachment":"scroll","background-type":"","background-media":"","overlay-type":"","overlay-color":"","overlay-opacity":"","overlay-gradient":""},"mobile":{"background-color":"","background-image":"","background-repeat":"repeat","background-position":"center center","background-size":"auto","background-attachment":"scroll","background-type":"","background-media":"","overlay-type":"","overlay-color":"","overlay-opacity":"","overlay-gradient":""}},"ast-content-background-meta":{"desktop":{"background-color":"var(--ast-global-color-5)","background-image":"","background-repeat":"repeat","background-position":"center center","background-size":"auto","background-attachment":"scroll","background-type":"","background-media":"","overlay-type":"","overlay-color":"","overlay-opacity":"","overlay-gradient":""},"tablet":{"background-color":"var(--ast-global-color-5)","background-image":"","background-repeat":"repeat","background-position":"center center","background-size":"auto","background-attachment":"scroll","background-type":"","background-media":"","overlay-type":"","overlay-color":"","overlay-opacity":"","overlay-gradient":""},"mobile":{"background-color":"var(--ast-global-color-5)","background-image":"","background-repeat":"repeat","background-position":"center center","background-size":"auto","background-attachment":"scroll","background-type":"","background-media":"","overlay-type":"","overlay-color":"","overlay-opacity":"","overlay-gradient":""}},"footnotes":""},"class_list":["post-3931","page","type-page","status-publish","hentry"],"post_mailing_queue_ids":[],"_links":{"self":[{"href":"https:\/\/agora.xtec.cat\/iesjulioantonio\/wp-json\/wp\/v2\/pages\/3931","targetHints":{"allow":["GET"]}}],"collection":[{"href":"https:\/\/agora.xtec.cat\/iesjulioantonio\/wp-json\/wp\/v2\/pages"}],"about":[{"href":"https:\/\/agora.xtec.cat\/iesjulioantonio\/wp-json\/wp\/v2\/types\/page"}],"author":[{"embeddable":true,"href":"https:\/\/agora.xtec.cat\/iesjulioantonio\/wp-json\/wp\/v2\/users\/1"}],"replies":[{"embeddable":true,"href":"https:\/\/agora.xtec.cat\/iesjulioantonio\/wp-json\/wp\/v2\/comments?post=3931"}],"version-history":[{"count":6,"href":"https:\/\/agora.xtec.cat\/iesjulioantonio\/wp-json\/wp\/v2\/pages\/3931\/revisions"}],"predecessor-version":[{"id":8792,"href":"https:\/\/agora.xtec.cat\/iesjulioantonio\/wp-json\/wp\/v2\/pages\/3931\/revisions\/8792"}],"up":[{"embeddable":true,"href":"https:\/\/agora.xtec.cat\/iesjulioantonio\/wp-json\/wp\/v2\/pages\/4665"}],"wp:attachment":[{"href":"https:\/\/agora.xtec.cat\/iesjulioantonio\/wp-json\/wp\/v2\/media?parent=3931"}],"curies":[{"name":"wp","href":"https:\/\/api.w.org\/{rel}","templated":true}]}}