{"id":3714,"date":"2020-06-01T08:38:23","date_gmt":"2020-06-01T06:38:23","guid":{"rendered":"http:\/\/agora.xtec.cat\/iesjulioantonio\/?page_id=3714"},"modified":"2026-02-23T12:16:08","modified_gmt":"2026-02-23T11:16:08","slug":"preinscripcio-i-matricula-cfgs","status":"publish","type":"page","link":"https:\/\/agora.xtec.cat\/iesjulioantonio\/pagines-dinici\/pagina-dinici-buida\/preinscripcions\/preinscripcio-i-matricula-cfgs\/","title":{"rendered":"Preinscripci\u00f3 i Matr\u00edcula als Cicles Formatius Grau Superior. Curs 2026-2027"},"content":{"rendered":"<div class=\"border-start bgGrey\">\n<div id=\"impacteContainer\">\n<div class=\"fpca-subcapcalera \">\n<div class=\"NG-menu\">\n<div class=\"NG-container\">\n<div class=\"NG-menu__wrapper\">\n<div class=\"NG-menu__wrapper_title\" role=\"main\">\n<div>\n<p>Tota la informaci\u00f3 sobre el proc\u00e9s de preinscripci\u00f3 la trobareu al Web per a la preinscripci\u00f3 en l\u00ednia: <strong style=\"font-family: inherit; font-size: 1em;\">\u200b<\/strong><a style=\"font-family: inherit; font-size: 1em;\" href=\"https:\/\/preinscripcio.gencat.cat\/ca\/estudis\/fp-grau-superior\/inici\/\"><strong>preinscripcio.gencat.cat<\/strong><\/a><\/p>\n<\/div>\n<\/div>\n<div class=\"NG-menu__wrapper_title\" role=\"main\">\n<p>Tota l\u2019oferta educativa del curs la trobar\u00e0s a: <a href=\"https:\/\/triaeducativa.gencat.cat\/ca\/inici\/\">triaeducativa.gencat.cat\u200b<\/a><\/p>\n<\/div>\n<\/div>\n<\/div>\n<\/div>\n<\/div>\n<\/div>\n<\/div>\n<div id=\"main\" tabindex=\"-1\">\n<section>\n<article>\n<div>\n<div>\n<div id=\"center_1R\">\n<div id=\"8d6e158d-ea05-11eb-a623-005056924a59\">\n<div>\n<div>\n<div>\n<div>\n<div><\/div>\n<\/div>\n<\/div>\n<\/div>\n<\/div>\n<\/div>\n<\/div>\n<\/div>\n<\/div>\n<\/article>\n<\/section>\n<\/div>\n","protected":false},"excerpt":{"rendered":"<p>Tota la informaci\u00f3 sobre el proc\u00e9s de preinscripci\u00f3 la trobareu al Web per a la preinscripci\u00f3 en l\u00ednia: \u200bpreinscripcio.gencat.cat Tota l\u2019oferta educativa del curs la trobar\u00e0s a: triaeducativa.gencat.cat\u200b<\/p>\n","protected":false},"author":1,"featured_media":0,"parent":3517,"menu_order":0,"comment_status":"closed","ping_status":"closed","template":"","meta":{"_bbp_topic_count":0,"_bbp_reply_count":0,"_bbp_total_topic_count":0,"_bbp_total_reply_count":0,"_bbp_voice_count":0,"_bbp_anonymous_reply_count":0,"_bbp_topic_count_hidden":0,"_bbp_reply_count_hidden":0,"_bbp_forum_subforum_count":0,"site-sidebar-layout":"default","site-content-layout":"","ast-site-content-layout":"default","site-content-style":"default","site-sidebar-style":"default","ast-global-header-display":"","ast-banner-title-visibility":"","ast-main-header-display":"","ast-hfb-above-header-display":"","ast-hfb-below-header-display":"","ast-hfb-mobile-header-display":"","site-post-title":"","ast-breadcrumbs-content":"","ast-featured-img":"","footer-sml-layout":"","theme-transparent-header-meta":"","adv-header-id-meta":"","stick-header-meta":"","header-above-stick-meta":"","header-main-stick-meta":"","header-below-stick-meta":"","astra-migrate-meta-layouts":"set","ast-page-background-enabled":"default","ast-page-background-meta":{"desktop":{"background-color":"var(--ast-global-color-4)","background-image":"","background-repeat":"repeat","background-position":"center center","background-size":"auto","background-attachment":"scroll","background-type":"","background-media":"","overlay-type":"","overlay-color":"","overlay-opacity":"","overlay-gradient":""},"tablet":{"background-color":"","background-image":"","background-repeat":"repeat","background-position":"center center","background-size":"auto","background-attachment":"scroll","background-type":"","background-media":"","overlay-type":"","overlay-color":"","overlay-opacity":"","overlay-gradient":""},"mobile":{"background-color":"","background-image":"","background-repeat":"repeat","background-position":"center center","background-size":"auto","background-attachment":"scroll","background-type":"","background-media":"","overlay-type":"","overlay-color":"","overlay-opacity":"","overlay-gradient":""}},"ast-content-background-meta":{"desktop":{"background-color":"var(--ast-global-color-5)","background-image":"","background-repeat":"repeat","background-position":"center center","background-size":"auto","background-attachment":"scroll","background-type":"","background-media":"","overlay-type":"","overlay-color":"","overlay-opacity":"","overlay-gradient":""},"tablet":{"background-color":"var(--ast-global-color-5)","background-image":"","background-repeat":"repeat","background-position":"center center","background-size":"auto","background-attachment":"scroll","background-type":"","background-media":"","overlay-type":"","overlay-color":"","overlay-opacity":"","overlay-gradient":""},"mobile":{"background-color":"var(--ast-global-color-5)","background-image":"","background-repeat":"repeat","background-position":"center center","background-size":"auto","background-attachment":"scroll","background-type":"","background-media":"","overlay-type":"","overlay-color":"","overlay-opacity":"","overlay-gradient":""}},"footnotes":""},"class_list":["post-3714","page","type-page","status-publish","hentry"],"post_mailing_queue_ids":[],"_links":{"self":[{"href":"https:\/\/agora.xtec.cat\/iesjulioantonio\/wp-json\/wp\/v2\/pages\/3714","targetHints":{"allow":["GET"]}}],"collection":[{"href":"https:\/\/agora.xtec.cat\/iesjulioantonio\/wp-json\/wp\/v2\/pages"}],"about":[{"href":"https:\/\/agora.xtec.cat\/iesjulioantonio\/wp-json\/wp\/v2\/types\/page"}],"author":[{"embeddable":true,"href":"https:\/\/agora.xtec.cat\/iesjulioantonio\/wp-json\/wp\/v2\/users\/1"}],"replies":[{"embeddable":true,"href":"https:\/\/agora.xtec.cat\/iesjulioantonio\/wp-json\/wp\/v2\/comments?post=3714"}],"version-history":[{"count":6,"href":"https:\/\/agora.xtec.cat\/iesjulioantonio\/wp-json\/wp\/v2\/pages\/3714\/revisions"}],"predecessor-version":[{"id":8952,"href":"https:\/\/agora.xtec.cat\/iesjulioantonio\/wp-json\/wp\/v2\/pages\/3714\/revisions\/8952"}],"up":[{"embeddable":true,"href":"https:\/\/agora.xtec.cat\/iesjulioantonio\/wp-json\/wp\/v2\/pages\/3517"}],"wp:attachment":[{"href":"https:\/\/agora.xtec.cat\/iesjulioantonio\/wp-json\/wp\/v2\/media?parent=3714"}],"curies":[{"name":"wp","href":"https:\/\/api.w.org\/{rel}","templated":true}]}}