{"id":3585,"date":"2020-05-19T07:46:13","date_gmt":"2020-05-19T05:46:13","guid":{"rendered":"http:\/\/agora.xtec.cat\/iesjulioantonio\/?page_id=3585"},"modified":"2024-03-20T19:05:55","modified_gmt":"2024-03-20T18:05:55","slug":"orientacio-pfi","status":"publish","type":"page","link":"https:\/\/agora.xtec.cat\/iesjulioantonio\/alumnat\/orientacio\/orientacio-pfi\/","title":{"rendered":"Orientaci\u00f3 PFI"},"content":{"rendered":"<h4>Els Programes de Formaci\u00f3 i Inserci\u00f3<\/h4>\n<p><iframe loading=\"lazy\" title=\"YouTube video player\" src=\"https:\/\/www.youtube.com\/embed\/UoTYt5EY-jQ?si=s9-lV-1yDZhlytCz\" width=\"560\" height=\"315\" frameborder=\"0\" allowfullscreen=\"allowfullscreen\"><\/iframe><\/p>\n<p>Llegeix aquesta <a href=\"https:\/\/agora.xtec.cat\/iesjulioantonio\/wp-content\/uploads\/usu942\/2024\/03\/20240320_Presentacio-PFI.pdf\">presentaci\u00f3 del PFI<\/a> i en <a href=\"https:\/\/agora.xtec.cat\/iesjulioantonio\/wp-content\/uploads\/usu942\/2024\/03\/20240320_guia-pfi-itineraris.pdf\">aquest document<\/a> podr\u00e0s veure els itineraris existents.<\/p>\n<p><a href=\"https:\/\/agora.xtec.cat\/iesjulioantonio\/wp-content\/uploads\/usu942\/2024\/03\/20240320_Infografia-PFI-alumnat-scaled.jpg\"><img loading=\"lazy\" decoding=\"async\" class=\"alignnone wp-image-7510\" src=\"https:\/\/agora.xtec.cat\/iesjulioantonio\/wp-content\/uploads\/usu942\/2024\/03\/20240320_Infografia-PFI-alumnat-724x1024.jpg\" alt=\"\" width=\"531\" height=\"751\" srcset=\"https:\/\/agora.xtec.cat\/iesjulioantonio\/wp-content\/uploads\/usu942\/2024\/03\/20240320_Infografia-PFI-alumnat-724x1024.jpg 724w, https:\/\/agora.xtec.cat\/iesjulioantonio\/wp-content\/uploads\/usu942\/2024\/03\/20240320_Infografia-PFI-alumnat-212x300.jpg 212w, https:\/\/agora.xtec.cat\/iesjulioantonio\/wp-content\/uploads\/usu942\/2024\/03\/20240320_Infografia-PFI-alumnat-768x1087.jpg 768w, https:\/\/agora.xtec.cat\/iesjulioantonio\/wp-content\/uploads\/usu942\/2024\/03\/20240320_Infografia-PFI-alumnat-1086x1536.jpg 1086w, https:\/\/agora.xtec.cat\/iesjulioantonio\/wp-content\/uploads\/usu942\/2024\/03\/20240320_Infografia-PFI-alumnat-1448x2048.jpg 1448w, https:\/\/agora.xtec.cat\/iesjulioantonio\/wp-content\/uploads\/usu942\/2024\/03\/20240320_Infografia-PFI-alumnat-scaled.jpg 1809w\" sizes=\"auto, (max-width: 531px) 100vw, 531px\" \/><\/a><\/p>\n<h4>Programes de Formaci\u00f3 i Inserci\u00f3 a l&#8217;INS Julio Antonio<\/h4>\n<p><a href=\"https:\/\/agora.xtec.cat\/iesjulioantonio\/cicles-formatius-2\/programes-de-formacio-i-insercio-pfi\/\"><img loading=\"lazy\" decoding=\"async\" class=\"wp-image-3641 alignleft\" src=\"https:\/\/agora.xtec.cat\/iesjulioantonio\/wp-content\/uploads\/usu942\/2020\/05\/cartellpfi_bo-212x300.png\" alt=\"\" width=\"270\" height=\"382\" srcset=\"https:\/\/agora.xtec.cat\/iesjulioantonio\/wp-content\/uploads\/usu942\/2020\/05\/cartellpfi_bo-212x300.png 212w, https:\/\/agora.xtec.cat\/iesjulioantonio\/wp-content\/uploads\/usu942\/2020\/05\/cartellpfi_bo-768x1086.png 768w, https:\/\/agora.xtec.cat\/iesjulioantonio\/wp-content\/uploads\/usu942\/2020\/05\/cartellpfi_bo-724x1024.png 724w, https:\/\/agora.xtec.cat\/iesjulioantonio\/wp-content\/uploads\/usu942\/2020\/05\/cartellpfi_bo.png 1945w\" sizes=\"auto, (max-width: 270px) 100vw, 270px\" \/><\/a><\/p>\n<p>&nbsp;<\/p>\n<p>&nbsp;<\/p>\n<p>&nbsp;<\/p>\n<p>&nbsp;<\/p>\n<p>&nbsp;<\/p>\n<p>&nbsp;<\/p>\n<p>&nbsp;<\/p>\n<p>&nbsp;<\/p>\n<p>&nbsp;<\/p>\n<h4>M\u00e9s informaci\u00f3<\/h4>\n<ul>\n<li>El <a href=\"https:\/\/triaeducativa.gencat.cat\/ca\/fp\/pfi\/\" target=\"_blank\" rel=\"noopener\">PFI a TriaEducativa<\/a><\/li>\n<li><a href=\"https:\/\/projectes.xtec.cat\/pfi\/\" target=\"_blank\" rel=\"noopener\">Web del Departament d&#8217;Educaci\u00f3 del PFI<\/a><\/li>\n<li>Xarxes socials: Instagram i X @pfi_edu<\/li>\n<\/ul>\n","protected":false},"excerpt":{"rendered":"<p>Els Programes de Formaci\u00f3 i Inserci\u00f3 Llegeix aquesta presentaci\u00f3 del PFI i en aquest document podr\u00e0s veure els itineraris existents. Programes de Formaci\u00f3 i Inserci\u00f3 a l&#8217;INS Julio Antonio &nbsp; &nbsp; &nbsp; &nbsp; &nbsp; &nbsp; &nbsp; &nbsp; &nbsp; M\u00e9s informaci\u00f3 El PFI a TriaEducativa Web del Departament d&#8217;Educaci\u00f3 del PFI Xarxes socials: Instagram i X [&hellip;]<\/p>\n","protected":false},"author":1,"featured_media":0,"parent":2769,"menu_order":4,"comment_status":"closed","ping_status":"closed","template":"page-templates\/side-menu.php","meta":{"_bbp_topic_count":0,"_bbp_reply_count":0,"_bbp_total_topic_count":0,"_bbp_total_reply_count":0,"_bbp_voice_count":0,"_bbp_anonymous_reply_count":0,"_bbp_topic_count_hidden":0,"_bbp_reply_count_hidden":0,"_bbp_forum_subforum_count":0,"site-sidebar-layout":"default","site-content-layout":"","ast-site-content-layout":"","site-content-style":"default","site-sidebar-style":"default","ast-global-header-display":"","ast-banner-title-visibility":"","ast-main-header-display":"","ast-hfb-above-header-display":"","ast-hfb-below-header-display":"","ast-hfb-mobile-header-display":"","site-post-title":"","ast-breadcrumbs-content":"","ast-featured-img":"","footer-sml-layout":"","theme-transparent-header-meta":"","adv-header-id-meta":"","stick-header-meta":"","header-above-stick-meta":"","header-main-stick-meta":"","header-below-stick-meta":"","astra-migrate-meta-layouts":"default","ast-page-background-enabled":"default","ast-page-background-meta":{"desktop":{"background-color":"var(--ast-global-color-4)","background-image":"","background-repeat":"repeat","background-position":"center center","background-size":"auto","background-attachment":"scroll","background-type":"","background-media":"","overlay-type":"","overlay-color":"","overlay-opacity":"","overlay-gradient":""},"tablet":{"background-color":"","background-image":"","background-repeat":"repeat","background-position":"center center","background-size":"auto","background-attachment":"scroll","background-type":"","background-media":"","overlay-type":"","overlay-color":"","overlay-opacity":"","overlay-gradient":""},"mobile":{"background-color":"","background-image":"","background-repeat":"repeat","background-position":"center center","background-size":"auto","background-attachment":"scroll","background-type":"","background-media":"","overlay-type":"","overlay-color":"","overlay-opacity":"","overlay-gradient":""}},"ast-content-background-meta":{"desktop":{"background-color":"var(--ast-global-color-5)","background-image":"","background-repeat":"repeat","background-position":"center center","background-size":"auto","background-attachment":"scroll","background-type":"","background-media":"","overlay-type":"","overlay-color":"","overlay-opacity":"","overlay-gradient":""},"tablet":{"background-color":"var(--ast-global-color-5)","background-image":"","background-repeat":"repeat","background-position":"center center","background-size":"auto","background-attachment":"scroll","background-type":"","background-media":"","overlay-type":"","overlay-color":"","overlay-opacity":"","overlay-gradient":""},"mobile":{"background-color":"var(--ast-global-color-5)","background-image":"","background-repeat":"repeat","background-position":"center center","background-size":"auto","background-attachment":"scroll","background-type":"","background-media":"","overlay-type":"","overlay-color":"","overlay-opacity":"","overlay-gradient":""}},"footnotes":""},"class_list":["post-3585","page","type-page","status-publish","hentry"],"post_mailing_queue_ids":[],"_links":{"self":[{"href":"https:\/\/agora.xtec.cat\/iesjulioantonio\/wp-json\/wp\/v2\/pages\/3585","targetHints":{"allow":["GET"]}}],"collection":[{"href":"https:\/\/agora.xtec.cat\/iesjulioantonio\/wp-json\/wp\/v2\/pages"}],"about":[{"href":"https:\/\/agora.xtec.cat\/iesjulioantonio\/wp-json\/wp\/v2\/types\/page"}],"author":[{"embeddable":true,"href":"https:\/\/agora.xtec.cat\/iesjulioantonio\/wp-json\/wp\/v2\/users\/1"}],"replies":[{"embeddable":true,"href":"https:\/\/agora.xtec.cat\/iesjulioantonio\/wp-json\/wp\/v2\/comments?post=3585"}],"version-history":[{"count":6,"href":"https:\/\/agora.xtec.cat\/iesjulioantonio\/wp-json\/wp\/v2\/pages\/3585\/revisions"}],"predecessor-version":[{"id":7515,"href":"https:\/\/agora.xtec.cat\/iesjulioantonio\/wp-json\/wp\/v2\/pages\/3585\/revisions\/7515"}],"up":[{"embeddable":true,"href":"https:\/\/agora.xtec.cat\/iesjulioantonio\/wp-json\/wp\/v2\/pages\/2769"}],"wp:attachment":[{"href":"https:\/\/agora.xtec.cat\/iesjulioantonio\/wp-json\/wp\/v2\/media?parent=3585"}],"curies":[{"name":"wp","href":"https:\/\/api.w.org\/{rel}","templated":true}]}}