{"id":3583,"date":"2020-05-19T07:45:42","date_gmt":"2020-05-19T05:45:42","guid":{"rendered":"http:\/\/agora.xtec.cat\/iesjulioantonio\/?page_id=3583"},"modified":"2024-05-13T14:05:25","modified_gmt":"2024-05-13T12:05:25","slug":"orientacio-cicles-formatius","status":"publish","type":"page","link":"https:\/\/agora.xtec.cat\/iesjulioantonio\/alumnat\/orientacio\/orientacio-cicles-formatius\/","title":{"rendered":"Orientaci\u00f3 Cicles Formatius"},"content":{"rendered":"<h4>Informaci\u00f3 sobre els nous itineraris de Formaci\u00f3 Professional<\/h4>\n<p><a href=\"https:\/\/agora.xtec.cat\/iesjulioantonio\/wp-content\/uploads\/usu942\/2024\/04\/20240412_Infografies_ordenacio_FP.pdf\">Clica aqu\u00ed<\/a> per llegir les infografies.<\/p>\n<div style=\"width: 1920px;\" class=\"wp-video\"><!--[if lt IE 9]><script>document.createElement('video');<\/script><![endif]-->\n<video class=\"wp-video-shortcode\" id=\"video-3583-1\" width=\"1920\" height=\"1080\" preload=\"metadata\" controls=\"controls\"><source type=\"video\/mp4\" src=\"https:\/\/agora.xtec.cat\/iesjulioantonio\/wp-content\/uploads\/usu942\/2024\/05\/20240513_General.mp4?_=1\" \/><a href=\"https:\/\/agora.xtec.cat\/iesjulioantonio\/wp-content\/uploads\/usu942\/2024\/05\/20240513_General.mp4\">https:\/\/agora.xtec.cat\/iesjulioantonio\/wp-content\/uploads\/usu942\/2024\/05\/20240513_General.mp4<\/a><\/video><\/div>\n<h4>La Formaci\u00f3 Professional a l&#8217;Institut Julio Antonio<\/h4>\n<p><a href=\"https:\/\/agora.xtec.cat\/iesjulioantonio\/wp-content\/uploads\/usu942\/2020\/05\/FLYER-TEI-1.png\"><img loading=\"lazy\" decoding=\"async\" class=\"size-medium wp-image-3635 alignleft\" src=\"https:\/\/agora.xtec.cat\/iesjulioantonio\/wp-content\/uploads\/usu942\/2020\/05\/FLYER-TEI-1-141x300.png\" alt=\"\" width=\"141\" height=\"300\" srcset=\"https:\/\/agora.xtec.cat\/iesjulioantonio\/wp-content\/uploads\/usu942\/2020\/05\/FLYER-TEI-1-141x300.png 141w, https:\/\/agora.xtec.cat\/iesjulioantonio\/wp-content\/uploads\/usu942\/2020\/05\/FLYER-TEI-1-482x1024.png 482w, https:\/\/agora.xtec.cat\/iesjulioantonio\/wp-content\/uploads\/usu942\/2020\/05\/FLYER-TEI-1.png 756w\" sizes=\"auto, (max-width: 141px) 100vw, 141px\" \/><\/a><a href=\"https:\/\/agora.xtec.cat\/iesjulioantonio\/wp-content\/uploads\/usu942\/2020\/05\/FLYER-TEI-2.png\"><img loading=\"lazy\" decoding=\"async\" class=\"size-medium wp-image-3634 alignleft\" src=\"https:\/\/agora.xtec.cat\/iesjulioantonio\/wp-content\/uploads\/usu942\/2020\/05\/FLYER-TEI-2-141x300.png\" alt=\"\" width=\"141\" height=\"300\" srcset=\"https:\/\/agora.xtec.cat\/iesjulioantonio\/wp-content\/uploads\/usu942\/2020\/05\/FLYER-TEI-2-141x300.png 141w, https:\/\/agora.xtec.cat\/iesjulioantonio\/wp-content\/uploads\/usu942\/2020\/05\/FLYER-TEI-2-482x1024.png 482w, https:\/\/agora.xtec.cat\/iesjulioantonio\/wp-content\/uploads\/usu942\/2020\/05\/FLYER-TEI-2.png 756w\" sizes=\"auto, (max-width: 141px) 100vw, 141px\" \/><\/a><\/p>\n<p><a href=\"https:\/\/agora.xtec.cat\/iesjulioantonio\/wp-content\/uploads\/usu942\/2020\/05\/FLYER-TAPD-1.png\"><img loading=\"lazy\" decoding=\"async\" class=\"size-medium wp-image-3633 alignleft\" src=\"https:\/\/agora.xtec.cat\/iesjulioantonio\/wp-content\/uploads\/usu942\/2020\/05\/FLYER-TAPD-1-141x300.png\" alt=\"\" width=\"141\" height=\"300\" srcset=\"https:\/\/agora.xtec.cat\/iesjulioantonio\/wp-content\/uploads\/usu942\/2020\/05\/FLYER-TAPD-1-141x300.png 141w, https:\/\/agora.xtec.cat\/iesjulioantonio\/wp-content\/uploads\/usu942\/2020\/05\/FLYER-TAPD-1-482x1024.png 482w, https:\/\/agora.xtec.cat\/iesjulioantonio\/wp-content\/uploads\/usu942\/2020\/05\/FLYER-TAPD-1.png 756w\" sizes=\"auto, (max-width: 141px) 100vw, 141px\" \/><\/a><a href=\"https:\/\/agora.xtec.cat\/iesjulioantonio\/wp-content\/uploads\/usu942\/2020\/05\/FLYER-TAPD-2.png\"><img loading=\"lazy\" decoding=\"async\" class=\"size-medium wp-image-3632 alignleft\" src=\"https:\/\/agora.xtec.cat\/iesjulioantonio\/wp-content\/uploads\/usu942\/2020\/05\/FLYER-TAPD-2-141x300.png\" alt=\"\" width=\"141\" height=\"300\" srcset=\"https:\/\/agora.xtec.cat\/iesjulioantonio\/wp-content\/uploads\/usu942\/2020\/05\/FLYER-TAPD-2-141x300.png 141w, https:\/\/agora.xtec.cat\/iesjulioantonio\/wp-content\/uploads\/usu942\/2020\/05\/FLYER-TAPD-2-482x1024.png 482w, https:\/\/agora.xtec.cat\/iesjulioantonio\/wp-content\/uploads\/usu942\/2020\/05\/FLYER-TAPD-2.png 756w\" sizes=\"auto, (max-width: 141px) 100vw, 141px\" \/><\/a><a href=\"https:\/\/agora.xtec.cat\/iesjulioantonio\/wp-content\/uploads\/usu942\/2020\/05\/FLYER-GA-1.png\"><img loading=\"lazy\" decoding=\"async\" class=\"size-medium wp-image-3631 alignleft\" src=\"https:\/\/agora.xtec.cat\/iesjulioantonio\/wp-content\/uploads\/usu942\/2020\/05\/FLYER-GA-1-141x300.png\" alt=\"\" width=\"141\" height=\"300\" srcset=\"https:\/\/agora.xtec.cat\/iesjulioantonio\/wp-content\/uploads\/usu942\/2020\/05\/FLYER-GA-1-141x300.png 141w, https:\/\/agora.xtec.cat\/iesjulioantonio\/wp-content\/uploads\/usu942\/2020\/05\/FLYER-GA-1-482x1024.png 482w, https:\/\/agora.xtec.cat\/iesjulioantonio\/wp-content\/uploads\/usu942\/2020\/05\/FLYER-GA-1.png 756w\" sizes=\"auto, (max-width: 141px) 100vw, 141px\" \/><\/a><a href=\"https:\/\/agora.xtec.cat\/iesjulioantonio\/wp-content\/uploads\/usu942\/2020\/05\/FLYER-GA-2.png\"><img loading=\"lazy\" decoding=\"async\" class=\"size-medium wp-image-3630 alignleft\" src=\"https:\/\/agora.xtec.cat\/iesjulioantonio\/wp-content\/uploads\/usu942\/2020\/05\/FLYER-GA-2-141x300.png\" alt=\"\" width=\"141\" height=\"300\" srcset=\"https:\/\/agora.xtec.cat\/iesjulioantonio\/wp-content\/uploads\/usu942\/2020\/05\/FLYER-GA-2-141x300.png 141w, https:\/\/agora.xtec.cat\/iesjulioantonio\/wp-content\/uploads\/usu942\/2020\/05\/FLYER-GA-2-482x1024.png 482w, https:\/\/agora.xtec.cat\/iesjulioantonio\/wp-content\/uploads\/usu942\/2020\/05\/FLYER-GA-2.png 756w\" sizes=\"auto, (max-width: 141px) 100vw, 141px\" \/><\/a><\/p>\n<p>&nbsp;<\/p>\n<p>&nbsp;<\/p>\n<p>&nbsp;<\/p>\n<p>&nbsp;<\/p>\n<p>&nbsp;<\/p>\n<p>&nbsp;<\/p>\n<p>&nbsp;<\/p>\n<p><a href=\"https:\/\/agora.xtec.cat\/iesjulioantonio\/wp-content\/uploads\/usu942\/2020\/05\/FLYER-SMX-1.png\"><img loading=\"lazy\" decoding=\"async\" class=\"size-medium wp-image-3629 alignleft\" src=\"https:\/\/agora.xtec.cat\/iesjulioantonio\/wp-content\/uploads\/usu942\/2020\/05\/FLYER-SMX-1-141x300.png\" alt=\"\" width=\"141\" height=\"300\" srcset=\"https:\/\/agora.xtec.cat\/iesjulioantonio\/wp-content\/uploads\/usu942\/2020\/05\/FLYER-SMX-1-141x300.png 141w, https:\/\/agora.xtec.cat\/iesjulioantonio\/wp-content\/uploads\/usu942\/2020\/05\/FLYER-SMX-1-482x1024.png 482w, https:\/\/agora.xtec.cat\/iesjulioantonio\/wp-content\/uploads\/usu942\/2020\/05\/FLYER-SMX-1.png 756w\" sizes=\"auto, (max-width: 141px) 100vw, 141px\" \/><\/a><a href=\"https:\/\/agora.xtec.cat\/iesjulioantonio\/wp-content\/uploads\/usu942\/2020\/05\/FLYER-SMX-2.png\"><img loading=\"lazy\" decoding=\"async\" class=\"size-medium wp-image-3628 alignleft\" src=\"https:\/\/agora.xtec.cat\/iesjulioantonio\/wp-content\/uploads\/usu942\/2020\/05\/FLYER-SMX-2-141x300.png\" alt=\"\" width=\"141\" height=\"300\" srcset=\"https:\/\/agora.xtec.cat\/iesjulioantonio\/wp-content\/uploads\/usu942\/2020\/05\/FLYER-SMX-2-141x300.png 141w, https:\/\/agora.xtec.cat\/iesjulioantonio\/wp-content\/uploads\/usu942\/2020\/05\/FLYER-SMX-2-482x1024.png 482w, https:\/\/agora.xtec.cat\/iesjulioantonio\/wp-content\/uploads\/usu942\/2020\/05\/FLYER-SMX-2.png 756w\" sizes=\"auto, (max-width: 141px) 100vw, 141px\" \/><\/a><a href=\"https:\/\/agora.xtec.cat\/iesjulioantonio\/wp-content\/uploads\/usu942\/2020\/05\/FLYER-EVA-1.png\"><img loading=\"lazy\" decoding=\"async\" class=\"size-medium wp-image-3626 alignleft\" src=\"https:\/\/agora.xtec.cat\/iesjulioantonio\/wp-content\/uploads\/usu942\/2020\/05\/FLYER-EVA-1-141x300.png\" alt=\"\" width=\"141\" height=\"300\" srcset=\"https:\/\/agora.xtec.cat\/iesjulioantonio\/wp-content\/uploads\/usu942\/2020\/05\/FLYER-EVA-1-141x300.png 141w, https:\/\/agora.xtec.cat\/iesjulioantonio\/wp-content\/uploads\/usu942\/2020\/05\/FLYER-EVA-1-482x1024.png 482w, https:\/\/agora.xtec.cat\/iesjulioantonio\/wp-content\/uploads\/usu942\/2020\/05\/FLYER-EVA-1.png 756w\" sizes=\"auto, (max-width: 141px) 100vw, 141px\" \/><\/a><a href=\"https:\/\/agora.xtec.cat\/iesjulioantonio\/wp-content\/uploads\/usu942\/2020\/05\/FLYER-EVA-2.png\"><img loading=\"lazy\" decoding=\"async\" class=\"size-medium wp-image-3627 alignleft\" src=\"https:\/\/agora.xtec.cat\/iesjulioantonio\/wp-content\/uploads\/usu942\/2020\/05\/FLYER-EVA-2-141x300.png\" alt=\"\" width=\"141\" height=\"300\" srcset=\"https:\/\/agora.xtec.cat\/iesjulioantonio\/wp-content\/uploads\/usu942\/2020\/05\/FLYER-EVA-2-141x300.png 141w, https:\/\/agora.xtec.cat\/iesjulioantonio\/wp-content\/uploads\/usu942\/2020\/05\/FLYER-EVA-2-482x1024.png 482w, https:\/\/agora.xtec.cat\/iesjulioantonio\/wp-content\/uploads\/usu942\/2020\/05\/FLYER-EVA-2.png 756w\" sizes=\"auto, (max-width: 141px) 100vw, 141px\" \/><\/a><\/p>\n<p>&nbsp;<\/p>\n<p>&nbsp;<\/p>\n<p>&nbsp;<\/p>\n<p>&nbsp;<\/p>\n<p>&nbsp;<\/p>\n<p>&nbsp;<\/p>\n<p>&nbsp;<\/p>\n<p>&nbsp;<\/p>\n","protected":false},"excerpt":{"rendered":"<p>Informaci\u00f3 sobre els nous itineraris de Formaci\u00f3 Professional Clica aqu\u00ed per llegir les infografies. La Formaci\u00f3 Professional a l&#8217;Institut Julio Antonio &nbsp; &nbsp; &nbsp; &nbsp; &nbsp; &nbsp; &nbsp; &nbsp; &nbsp; &nbsp; &nbsp; &nbsp; &nbsp; &nbsp; &nbsp;<\/p>\n","protected":false},"author":1,"featured_media":0,"parent":2769,"menu_order":3,"comment_status":"closed","ping_status":"closed","template":"page-templates\/side-menu.php","meta":{"_bbp_topic_count":0,"_bbp_reply_count":0,"_bbp_total_topic_count":0,"_bbp_total_reply_count":0,"_bbp_voice_count":0,"_bbp_anonymous_reply_count":0,"_bbp_topic_count_hidden":0,"_bbp_reply_count_hidden":0,"_bbp_forum_subforum_count":0,"site-sidebar-layout":"default","site-content-layout":"","ast-site-content-layout":"","site-content-style":"default","site-sidebar-style":"default","ast-global-header-display":"","ast-banner-title-visibility":"","ast-main-header-display":"","ast-hfb-above-header-display":"","ast-hfb-below-header-display":"","ast-hfb-mobile-header-display":"","site-post-title":"","ast-breadcrumbs-content":"","ast-featured-img":"","footer-sml-layout":"","theme-transparent-header-meta":"","adv-header-id-meta":"","stick-header-meta":"","header-above-stick-meta":"","header-main-stick-meta":"","header-below-stick-meta":"","astra-migrate-meta-layouts":"default","ast-page-background-enabled":"default","ast-page-background-meta":{"desktop":{"background-color":"var(--ast-global-color-4)","background-image":"","background-repeat":"repeat","background-position":"center center","background-size":"auto","background-attachment":"scroll","background-type":"","background-media":"","overlay-type":"","overlay-color":"","overlay-opacity":"","overlay-gradient":""},"tablet":{"background-color":"","background-image":"","background-repeat":"repeat","background-position":"center center","background-size":"auto","background-attachment":"scroll","background-type":"","background-media":"","overlay-type":"","overlay-color":"","overlay-opacity":"","overlay-gradient":""},"mobile":{"background-color":"","background-image":"","background-repeat":"repeat","background-position":"center center","background-size":"auto","background-attachment":"scroll","background-type":"","background-media":"","overlay-type":"","overlay-color":"","overlay-opacity":"","overlay-gradient":""}},"ast-content-background-meta":{"desktop":{"background-color":"var(--ast-global-color-5)","background-image":"","background-repeat":"repeat","background-position":"center center","background-size":"auto","background-attachment":"scroll","background-type":"","background-media":"","overlay-type":"","overlay-color":"","overlay-opacity":"","overlay-gradient":""},"tablet":{"background-color":"var(--ast-global-color-5)","background-image":"","background-repeat":"repeat","background-position":"center center","background-size":"auto","background-attachment":"scroll","background-type":"","background-media":"","overlay-type":"","overlay-color":"","overlay-opacity":"","overlay-gradient":""},"mobile":{"background-color":"var(--ast-global-color-5)","background-image":"","background-repeat":"repeat","background-position":"center center","background-size":"auto","background-attachment":"scroll","background-type":"","background-media":"","overlay-type":"","overlay-color":"","overlay-opacity":"","overlay-gradient":""}},"footnotes":""},"class_list":["post-3583","page","type-page","status-publish","hentry"],"post_mailing_queue_ids":[],"_links":{"self":[{"href":"https:\/\/agora.xtec.cat\/iesjulioantonio\/wp-json\/wp\/v2\/pages\/3583","targetHints":{"allow":["GET"]}}],"collection":[{"href":"https:\/\/agora.xtec.cat\/iesjulioantonio\/wp-json\/wp\/v2\/pages"}],"about":[{"href":"https:\/\/agora.xtec.cat\/iesjulioantonio\/wp-json\/wp\/v2\/types\/page"}],"author":[{"embeddable":true,"href":"https:\/\/agora.xtec.cat\/iesjulioantonio\/wp-json\/wp\/v2\/users\/1"}],"replies":[{"embeddable":true,"href":"https:\/\/agora.xtec.cat\/iesjulioantonio\/wp-json\/wp\/v2\/comments?post=3583"}],"version-history":[{"count":7,"href":"https:\/\/agora.xtec.cat\/iesjulioantonio\/wp-json\/wp\/v2\/pages\/3583\/revisions"}],"predecessor-version":[{"id":7676,"href":"https:\/\/agora.xtec.cat\/iesjulioantonio\/wp-json\/wp\/v2\/pages\/3583\/revisions\/7676"}],"up":[{"embeddable":true,"href":"https:\/\/agora.xtec.cat\/iesjulioantonio\/wp-json\/wp\/v2\/pages\/2769"}],"wp:attachment":[{"href":"https:\/\/agora.xtec.cat\/iesjulioantonio\/wp-json\/wp\/v2\/media?parent=3583"}],"curies":[{"name":"wp","href":"https:\/\/api.w.org\/{rel}","templated":true}]}}