{"id":3512,"date":"2020-05-16T09:19:25","date_gmt":"2020-05-16T07:19:25","guid":{"rendered":"http:\/\/agora.xtec.cat\/iesjulioantonio\/?page_id=3512"},"modified":"2026-04-29T12:21:30","modified_gmt":"2026-04-29T10:21:30","slug":"preinscripcions-eso","status":"publish","type":"page","link":"https:\/\/agora.xtec.cat\/iesjulioantonio\/pagines-dinici\/pagina-dinici-buida\/preinscripcions\/preinscripcions-eso\/","title":{"rendered":"Preinscripci\u00f3 i matr\u00edcula ESO. Curs 2026-2027"},"content":{"rendered":"<div>\n<p>03-03-2026: <a href=\"https:\/\/agora.xtec.cat\/iesjulioantonio\/wp-content\/uploads\/usu942\/2026\/03\/INFORME_OFERTA_OME_INFORME_OFERTA-2.pdf\">Publicaci\u00f3 de l&#8217;oferta inicial de pla<\/a><\/p>\n<p>15-04-2026: <a href=\"https:\/\/agora.xtec.cat\/iesjulioantonio\/wp-content\/uploads\/usu942\/2026\/04\/Publicacio-llistat-en-primera-peticio-amb-la-puntuacio-provisional-1.pdf\">Publicaci\u00f3 llistat en primera petici\u00f3 amb la puntuaci\u00f3 provisional<\/a><\/p>\n<p>23-04-2026: <a href=\"https:\/\/agora.xtec.cat\/iesjulioantonio\/wp-content\/uploads\/usu942\/2026\/04\/INFORME_BAREM_RESOLTES_BAREM.pdf\">Publicaci\u00f3 de la llista de sol\u00b7licituds que han demanat el centre i l&#8217;ensenyament en primera petici\u00f3 amb la puntuaci\u00f3 resoltes les reclamacions<\/a><\/p>\n<p>29-04-2026:<a href=\"https:\/\/agora.xtec.cat\/iesjulioantonio\/wp-content\/uploads\/usu942\/2026\/04\/Publicacio-de-la-llista-definitiva-de-sollicituds-que-han-demanat-el-centre-i-lEnsenyament-en-primera-peticio-ordenada.pdf\">Publicaci\u00f3 de la llista definitiva de sol\u00b7licituds que han demanat el centre i l&#8217;Ensenyament en primera petici\u00f3 ordenada<\/a><\/p>\n<p><span style=\"background-color: #ffffff;\">Termini per fer la preinscripci\u00f3:<\/span> del 6 al 18 de mar\u00e7 de 2026Publicaci\u00f3 llistat en primera petici\u00f3 amb la puntuaci\u00f3 provisional<\/p>\n<p><a href=\"https:\/\/preinscripcio.gencat.cat\/ca\/estudis\/eso\/preinscriute\/sollicitud\/\">Fes la sol\u00b7licitud de preinscripci\u00f3<\/a><\/p>\n<p><a style=\"font-family: inherit; font-size: 1em;\" href=\"https:\/\/preinscripcio.gencat.cat\/ca\/estudis\/eso\/preinscriute\/dubtes\/\">Tens dubtes? Preguntes m\u00e9s freq\u00fcents<\/a><\/p>\n<p><span style=\"font-family: inherit; font-size: 1em;\">Tota la informaci\u00f3 sobre el proc\u00e9s de preinscripci\u00f3 la trobareu al w<\/span>eb per a la preinscripci\u00f3 en l\u00ednia:\u00a0 <a style=\"font-family: inherit; font-size: 1em;\" href=\"https:\/\/preinscripcio.gencat.cat\/ca\/estudis\/eso\/inici\/\"><strong>preinscripcio.gencat.cat<\/strong><\/a><\/p>\n<\/div>\n<div>\n<div>\n<p>Tota l\u2019oferta educativa la trobar\u00e0s a: <a href=\"https:\/\/triaeducativa.gencat.cat\/ca\/inici\/\">triaeducativa.gencat.cat\u200b<\/a><\/p>\n<\/div>\n<\/div>\n\n\n\n\n<p><\/p>\n","protected":false},"excerpt":{"rendered":"<p>03-03-2026: Publicaci\u00f3 de l&#8217;oferta inicial de pla 15-04-2026: Publicaci\u00f3 llistat en primera petici\u00f3 amb la puntuaci\u00f3 provisional 23-04-2026: Publicaci\u00f3 de la llista de sol\u00b7licituds que han demanat el centre i l&#8217;ensenyament en primera petici\u00f3 amb la puntuaci\u00f3 resoltes les reclamacions 29-04-2026:Publicaci\u00f3 de la llista definitiva de sol\u00b7licituds que han demanat el centre i l&#8217;Ensenyament en [&hellip;]<\/p>\n","protected":false},"author":1,"featured_media":0,"parent":3517,"menu_order":0,"comment_status":"closed","ping_status":"closed","template":"","meta":{"_bbp_topic_count":0,"_bbp_reply_count":0,"_bbp_total_topic_count":0,"_bbp_total_reply_count":0,"_bbp_voice_count":0,"_bbp_anonymous_reply_count":0,"_bbp_topic_count_hidden":0,"_bbp_reply_count_hidden":0,"_bbp_forum_subforum_count":0,"site-sidebar-layout":"default","site-content-layout":"","ast-site-content-layout":"default","site-content-style":"default","site-sidebar-style":"default","ast-global-header-display":"","ast-banner-title-visibility":"","ast-main-header-display":"","ast-hfb-above-header-display":"","ast-hfb-below-header-display":"","ast-hfb-mobile-header-display":"","site-post-title":"","ast-breadcrumbs-content":"","ast-featured-img":"","footer-sml-layout":"","theme-transparent-header-meta":"","adv-header-id-meta":"","stick-header-meta":"","header-above-stick-meta":"","header-main-stick-meta":"","header-below-stick-meta":"","astra-migrate-meta-layouts":"set","ast-page-background-enabled":"default","ast-page-background-meta":{"desktop":{"background-color":"var(--ast-global-color-4)","background-image":"","background-repeat":"repeat","background-position":"center center","background-size":"auto","background-attachment":"scroll","background-type":"","background-media":"","overlay-type":"","overlay-color":"","overlay-opacity":"","overlay-gradient":""},"tablet":{"background-color":"","background-image":"","background-repeat":"repeat","background-position":"center center","background-size":"auto","background-attachment":"scroll","background-type":"","background-media":"","overlay-type":"","overlay-color":"","overlay-opacity":"","overlay-gradient":""},"mobile":{"background-color":"","background-image":"","background-repeat":"repeat","background-position":"center center","background-size":"auto","background-attachment":"scroll","background-type":"","background-media":"","overlay-type":"","overlay-color":"","overlay-opacity":"","overlay-gradient":""}},"ast-content-background-meta":{"desktop":{"background-color":"var(--ast-global-color-5)","background-image":"","background-repeat":"repeat","background-position":"center center","background-size":"auto","background-attachment":"scroll","background-type":"","background-media":"","overlay-type":"","overlay-color":"","overlay-opacity":"","overlay-gradient":""},"tablet":{"background-color":"var(--ast-global-color-5)","background-image":"","background-repeat":"repeat","background-position":"center center","background-size":"auto","background-attachment":"scroll","background-type":"","background-media":"","overlay-type":"","overlay-color":"","overlay-opacity":"","overlay-gradient":""},"mobile":{"background-color":"var(--ast-global-color-5)","background-image":"","background-repeat":"repeat","background-position":"center center","background-size":"auto","background-attachment":"scroll","background-type":"","background-media":"","overlay-type":"","overlay-color":"","overlay-opacity":"","overlay-gradient":""}},"footnotes":""},"class_list":["post-3512","page","type-page","status-publish","hentry"],"post_mailing_queue_ids":[],"_links":{"self":[{"href":"https:\/\/agora.xtec.cat\/iesjulioantonio\/wp-json\/wp\/v2\/pages\/3512","targetHints":{"allow":["GET"]}}],"collection":[{"href":"https:\/\/agora.xtec.cat\/iesjulioantonio\/wp-json\/wp\/v2\/pages"}],"about":[{"href":"https:\/\/agora.xtec.cat\/iesjulioantonio\/wp-json\/wp\/v2\/types\/page"}],"author":[{"embeddable":true,"href":"https:\/\/agora.xtec.cat\/iesjulioantonio\/wp-json\/wp\/v2\/users\/1"}],"replies":[{"embeddable":true,"href":"https:\/\/agora.xtec.cat\/iesjulioantonio\/wp-json\/wp\/v2\/comments?post=3512"}],"version-history":[{"count":6,"href":"https:\/\/agora.xtec.cat\/iesjulioantonio\/wp-json\/wp\/v2\/pages\/3512\/revisions"}],"predecessor-version":[{"id":9101,"href":"https:\/\/agora.xtec.cat\/iesjulioantonio\/wp-json\/wp\/v2\/pages\/3512\/revisions\/9101"}],"up":[{"embeddable":true,"href":"https:\/\/agora.xtec.cat\/iesjulioantonio\/wp-json\/wp\/v2\/pages\/3517"}],"wp:attachment":[{"href":"https:\/\/agora.xtec.cat\/iesjulioantonio\/wp-json\/wp\/v2\/media?parent=3512"}],"curies":[{"name":"wp","href":"https:\/\/api.w.org\/{rel}","templated":true}]}}