{"id":309,"date":"2016-02-05T20:55:24","date_gmt":"2016-02-05T19:55:24","guid":{"rendered":"http:\/\/agora.xtec.cat\/iesjulioantonio\/?page_id=309"},"modified":"2023-02-24T18:06:54","modified_gmt":"2023-02-24T17:06:54","slug":"historia-2","status":"publish","type":"page","link":"https:\/\/agora.xtec.cat\/iesjulioantonio\/linstitut\/historia-2\/","title":{"rendered":"Hist\u00f2ria"},"content":{"rendered":"<p>Diverses consideracions geogr\u00e0fiques expliquen el passat i els or\u00edgens de M\u00f3ra d\u2019Ebre. El riu sempre fou un cam\u00ed: aig\u00fces, terres f\u00e8rtils i llims pur\u00edssims, atrauen l\u2019home a les ribes de la Ribera d\u2019Ebre des de temps remots. Els ibers crearen els primers poblaments, el poblat del Calvari, sobre una terrassa al\u00b7luvial immediat a la poblaci\u00f3.<\/p>\n<p>El llarg per\u00edode de la romanitat crearia centres d\u2019explotaci\u00f3 agr\u00e0ria i petites ind\u00fastries, per\u00f2 no deix\u00e0 restes monumentals. De l\u2019\u00e8poca visigoda sembla restar el top\u00f2nim morale (any 676) identificat per alguns historiadors com l\u2019actual M\u00f3ra d\u2019Ebre. La pres\u00e8ncia \u00e0rab deix\u00e0 forta empremta en la vida local, especialment el castell i l\u2019antiga barca de pas que unia les dues ribes. La reconquesta arrib\u00e0 de la m\u00e0 de Ramon Berenguer IV el 1153.<\/p>\n<p>Els segles medievals foren una gran \u00e8poca de M\u00f3ra: cristians, moros i jueus, conviuen en bona harmonia. M\u00f3ra estava en mans del senyor d\u2019Enten\u00e7a -estenia el seu senyoriu sobre diversos pobles de l\u2019esquerra de l\u2019Ebre- que entaul\u00e0 una llarga guerra contra els Templers, que dominaven el marge dret del riu. Galves d\u2019Enten\u00e7a, baronessa de M\u00f3ra, defens\u00e0 amb heroisme el setge del castell i la poblaci\u00f3 per part dels Templers aliats amb els Montcada. Jaume II acab\u00e0 amb aquelles lluites.<\/p>\n<p>El 1610 els moriscos de M\u00f3ra foren exempts del decret reial d\u2019expel\u00b7liment signat per Felip III.<\/p>\n<p>Malgrat els danys ocasionats per la guerra dels Segadors i la de Successi\u00f3, M\u00f3ra, al segle XVIII, aconsegu\u00ed un progr\u00e9s manifestat en la vitalitat del comer\u00e7 i la ind\u00fastria.<\/p>\n<p>Durant l\u2019ocupaci\u00f3 francesa, la nova administraci\u00f3 cre\u00e0 el Cant\u00f3 de M\u00f3ra, on el general Suchet establ\u00ed un centre d\u2019operacions militars. Posteriorment, les guerres carlines -especialment la primera- afectaren molt la nostra vila que rest\u00e0 incendiada pels liberals el 1837 (sovint s\u2019ha parlat d\u2019una segona fundaci\u00f3 de M\u00f3ra).<\/p>\n<p>A principi del segle XX es viu una revifalla social i econ\u00f2mica de M\u00f3ra, on la construcci\u00f3 de l\u2019anhelat pont que unia les dues ribes en seria l\u2019obra m\u00e9s emblem\u00e0tica. La Guerra Civil del 36 -voladura del pont, destrucci\u00f3 d\u2019edificis i ind\u00fastries\u2026- estroncaria novament tot signe de progr\u00e9s. La refeta fou molt lenta, fins a aconseguir els serveis que avui la defineixen com una vila acollidora.<\/p>\n<p>mes informaci\u00f3 (http:\/\/www.moradebre.cat\/historia.asp)<\/p>\n<p>L\u2019I.E.S. \u201cJULIO ANTONIO\u201d<\/p>\n<p>1. Una necessitat feta realitat<\/p>\n<p>L\u2019Institut Elemental de Segon Ensenyament de l\u2019\u00e8poca republicana \u00e9s l\u2019\u00fanic precedent d\u2019ensenyament secundari a la nostra poblaci\u00f3. En acabar la guerra, l\u2019Institut no va reprendre les classes.<\/p>\n<p>Aquest fet va suposar un immens buit -de gaireb\u00e9 trenta anys- en l\u2019ensenyament secundari morenc. Els alumnes que en acabar l\u2019ensenyament primari volien continuar els estudis es trobaven amb un cam\u00ed ple de dificultats. Havien d\u2019estudiar \u201cper lliure\u201d, ja sigui a les classes de rep\u00e0s del mateixos mestres de prim\u00e0ria o a les acad\u00e8mies privades de la localitat per a presentar-se posteriorment a examen a Reus o Tarragona. Una altra possibilitat era anar-se\u2019n intern a col\u00b7legis de poblacions m\u00e9s grans, cosa, com \u00e9s de suposar, fora de l\u2019abast de la major part d\u2019estudiants en una \u00e8poca tan dura com la postguerra.<\/p>\n<p>Davant d\u2019aquesta situaci\u00f3 i en uns temps -els anys 60- en qu\u00e8 l\u2019economia comen\u00e7ava a recuperar-se, l\u2019Ajuntament de M\u00f3ra va dedicar temps, treball i esfor\u00e7 a aconseguir aquest necessari servei per a la nostra vila i comarques ve\u00efnes.<\/p>\n<p>La situaci\u00f3 de M\u00f3ra d\u2019Ebre, com a centre de les tres comarques Ribera, Terra Alta i Priorat, i el car\u00e0cter comercial i de serveis de la nostra vila van ser factors determinants a l\u2019hora d\u2019ubicar-hi l\u2019institut.<\/p>\n<p>2. La construcci\u00f3 i el comen\u00e7ament de les classes (1966-67)<\/p>\n<p>D\u2019acord amb l\u2019ordre Ministerial de 13 d\u2019agost de 1963, un equip d\u2019arquitectes integrat per Francesc Basso, Joaqu\u00edn Gili, Oriol Bohigas i Josep M. Martorell redacten el projecte de construcci\u00f3 de l\u2019Instituto T\u00e9cnico de Ense\u00f1anza Media (ITEM) de M\u00f3ra d\u2019Ebre.<\/p>\n<p>L\u2019edifici estava pensat per a impartir el Batxillerat T\u00e8cnic, una modalitat (la Industrial-minera) que nom\u00e9s va cursar una promoci\u00f3 i en qu\u00e8 els alumnes, a m\u00e9s d\u2019estudiar les assignatures pr\u00f2pies del batxiller, tamb\u00e9 havien de cursar assignatures pr\u00e0ctiques (fusteria, electricitat i metall) en cicles trimestrals. Aquesta modalitat de batxiller va fer dissenyar l\u2019edifici de l\u2019Institut de tal manera que una part considerable de l\u2019edifici es dediqu\u00e9s a aules-taller.<\/p>\n<p>El 10 d\u2019octubre de 1966, el Ministeri d\u2019Educaci\u00f3 nomena Julia Moro Rodr\u00edguez \u201cComisario Director\u201d amb l\u2019enc\u00e0rrec de posar en funcionament el centre. A causa del retard de les obres, les classes s\u2019inicien a la caseta annexa a l\u2019actual col\u00b7legi p\u00fablic Llu\u00eds Vi\u00f1as, coneguda com la OJE, per a ocupar definitivament les instal\u00b7lacions de l\u2019Institut, encara en obres, el gener de 1967, despr\u00e9s de les vacances de Nadal.<\/p>\n<p>Les classes s\u2019inicien amb un \u00fanic curs, integrat \u00fanicament per 41 nois.<\/p>\n<p>Com hom pot suposar, aquests professors no treballaven exclusivament a l\u2019Institut, sin\u00f3 que hi anaven a realitzar les seves classes i fins i tot se\u2019ls compabilitzava hores en tasques administratives.<\/p>\n<p>3. 1967-1975: Instituto T\u00e9cnico de Ense\u00f1anza Media. ITEM<\/p>\n<p>Aquest anys van ser els de la consolidaci\u00f3 despr\u00e9s de diverses vicissituds inicials. Ja s\u2019havien acabat les obres i any rere any s\u2019anaven implantant els diversos cursos fins a conformar el batxillerat anomenat unificat. Aquest batxillerat constava de 6 cursos dividits en el batxillerat elemental (4 primers cursos) i el superior (5\u00e8 i 6\u00e8), dividit, aquest darrer, en les especialitats de ci\u00e8ncies i de lletres. En finalitzar cadascun d\u2019aquests batxillerats, i per a poder obtenir el corresponent t\u00edtol, calia superar un examen, la rev\u00e0lida, que s\u2019havia d\u2019anar a fer a Reus. Els alumnes que desitjaven seguir estudis universitaris havien de cursar el COU (Curs d\u2019Orientaci\u00f3 Universit\u00e0ria).<\/p>\n<p>El batxillerat unificat no va conviure amb tots els cursos alhora ja que, arran de l\u2019aplicaci\u00f3 de la Llei General d\u2019Educaci\u00f3 de 1970, al curs 1971-72 van deixar d\u2019entrar alumnes de 1r de batxillerat en haver de romandre a l\u2019escola a la 2a etapa d\u2019EGB.<\/p>\n<p>Pel que fa a la Formaci\u00f3 Professional, comen\u00e7\u00e0 a impartir-se el curs 1971-72, els dos primers cursos com una extensi\u00f3 de l\u2019Institut Polit\u00e8cnic Comte de Rius de Tarragona; posteriorment ho va fer com una extensi\u00f3 de l\u2019Institut Polit\u00e8cnic d\u2019FP de Tortosa. El curs 1971-72 es comen\u00e7\u00e0 a impartir la branca d\u2019FP-1 administrativa, mentre que la d\u2019automoci\u00f3 no comen\u00e7aria fins el curs 1975-76.<\/p>\n<p>L\u2019augment de matr\u00edcula i d\u2019oferta educativa en l\u2019FP van obligar a ampliar l\u2019edifici a final dels anys 70.<\/p>\n<p>a) Els alumnes<\/p>\n<p>La matr\u00edcula del curs 67-68 va ser de 272 alumnes, xifra que mostra la import\u00e0ncia que aviat assol\u00ed \u201cla Laboral\u201d, nom amb qu\u00e8 era conegut l\u2019Institut entre la poblaci\u00f3 de M\u00f3ra d\u2019Ebre. Va ser durant aquest segon curs de funcionament quan s\u2019acceptaren noies en la matr\u00edcula, aix\u00f2 s\u00ed, en aules i patis separats. La matr\u00edcula arrib\u00e0 als 388 alumnes el curs 1971-72, i s\u2019estabilitz\u00e0 al voltant dels 250 a partir del curs 1974-75.<\/p>\n<p>Ben habillats amb l\u2019uniforma -jersei blau mar\u00ed i pantalons o falda grisa- arribaven a l\u2019Institut alumnes de tots els pobles de la Ribera d\u2019Ebre i de bona part de les dues comarques ve\u00efnes, la Terra Alta i el Priorat. Alguns arribaven di\u00e0riament en autocar i es quedaven al menjador escolar que entr\u00e0 en funcionament en novembre de 1967, altres vivien en una resid\u00e8ncia d\u2019estudiants ubicada en uns pisos de la pla\u00e7a de la Verge.<\/p>\n<p>b) Els professors<\/p>\n<p>A mesura que s\u2019ampliaven els cursos, la plantilla de professors augmentava -durant aquest per\u00edode oscil\u00b7la entre els 15 i els 20. El curs 67-68 s\u2019incorporaren Pedro Bell\u00f3n Peinado, que pass\u00e0 a ser el director fins a la seva marxa el 1975. \u00ed\u2030s en aquests moments quan l\u2019Institut es consolida i s\u2019implica en la vida social, cultural, econ\u00f2mica i esportiva de la poblaci\u00f3 organitzant activitats en els diferents \u00e0mbits i, fins i tot, s\u2019impulsa activitats econ\u00f2miques.<\/p>\n<p>c) El nom del centre<\/p>\n<p>El 16 de febrer de 1969, la poblaci\u00f3 de M\u00f3ra d\u2019Ebre ret un homenatge a Julio Antonio, escultor fill de la poblaci\u00f3, amb motiu del cinquantenari del seu dec\u00e9s. L\u2019Institut hi participa activament amb el muntatge d\u2019una exposici\u00f3 antol\u00f2gica i amb la celebraci\u00f3, al seu sal\u00f3 d\u2019actes, d\u2019una confer\u00e8ncia a c\u00e0rrec de Rafael Santos Torroella, bi\u00f2graf de l\u2019artista. Aquests actes compten amb la pres\u00e8ncia de l\u2019alcalde de la poblaci\u00f3, Sr. Pere Avi\u00f1\u00f3, el governador civil de la prov\u00edncia, Sr. Serrano Montalvo i altres autoritats municipals i provincials. Va ser arran d\u2019aquests actes d\u2019homenatge que el Claustre de Professors acord\u00e0 posar el nom de Julio Antonio a l\u2019Institut. El Ministerio de Educaci\u00f3n y Ciencia, en data 12 de novembre de 1970, disposava concedir el nom de Julio Antonio a l\u2019Institut de batxillerat de M\u00f3ra d\u2019Ebre. Aquesta decisi\u00f3 fou novament ratificada a principi dels anys 90 quan ja s\u2019havien unificat els centres de batxillerat i FP. Aix\u00ed doncs, el 16 de juliol de 1992, una resoluci\u00f3 del conseller d\u2019Ensenyament atorgava la denominaci\u00f3 espec\u00edfica Julio Antonio a l\u2019Institut d\u2019Ensenyament Secundari de M\u00f3ra d\u2019Ebre. Cal dir tamb\u00e9 que a mitjan anys 80 el nom fou catalanitzat -Juli Antoni- tot i que aviat recuper\u00e0 el nom art\u00edstic emprat per l\u2019escultor morenc.<\/p>\n<p>4. 1975-1989: El BUP i la FP, dues alternatives, dos centres<\/p>\n<p>La concreci\u00f3 de la Llei General d\u2019Educaci\u00f3 de Villar Palas\u00ed en la forma del BUP (Batxillerat Unificat Polivalent) i de la FP (Formaci\u00f3 Professional) arrib\u00e0 al nostre centre el curs 1975-76. Despr\u00e9s del per\u00edode de transici\u00f3 el centre viu una situaci\u00f3 que podr\u00edem qualificar d\u2019at\u00edpica pel fet que en un mateix edifici van haver de conviure dos tipus d\u2019ensenyament, dos instituts -el de batxiller i el de formaci\u00f3 professional-, amb dos claustres i dues direccions separades i amb molt poca relaci\u00f3.<\/p>\n<p>El batxillerat unificat polivalent (BUP) s\u2019inicia el curs 1975-76. \u00ed\u2030s la continuaci\u00f3 natural de la implantaci\u00f3 de la Llei General d\u2019Educaci\u00f3 de 1970 pels alumnes que havien cursat l\u2019EGB. Finalitz\u00e0 el passat curs 1997-98 en implantar-se el nou batxillerat.<\/p>\n<p>El curs d\u2019orientaci\u00f3 universit\u00e0ria (COU) ja havia comen\u00e7at el curs 1973-74, en acabar el batxillerat la primera promoci\u00f3 d\u2019alumnes del batxillerat elemental. El curs 1998-99 va ser el darrer en impartir-se.<\/p>\n<p>\u00ed\u2030s una \u00e8poca, com d\u00e8iem, de consolidaci\u00f3 de l\u2019institut. El 1975 pass\u00e0 a ser Instituto Nacional de Bachillerato, es cre\u00e0 l\u2019Associaci\u00f3 de Pares (APA) i es realitzaren diverses activitats extraescolars. S\u00f3n recordades la festivitat de Santo Tom\u00e1s de Aquino, patr\u00f3 dels estudiants, i les \u201cdures\u201d competicions esportives anuals amb els instituts del Bajo Ebro, Casp i Alcany\u00eds, i, de vegades, Amposta.<\/p>\n<p>L\u2019any 1984 l\u2019Institut d\u2019FP adquireix autonomia pr\u00f2pia en crear-se l\u2019Institut de Formaci\u00f3 Professional de M\u00f3ra d\u2019Ebre sota la direcci\u00f3 de Joan A. Escrib\u00e0, anteriorment director delegat de l\u2019extensi\u00f3, que exerc\u00ed aquest c\u00e0rrec fins a la unificaci\u00f3 dels dos centres. Cal afegir que el curs 1983-84 es comen\u00e7aren a impartir les branques d\u2019FP-I d\u2019electricitat i FP-II d\u2019automoci\u00f3.<\/p>\n<p>Com d\u00e8iem m\u00e9s amunt aquest per\u00edode fou el de la consolidaci\u00f3 dels estudis secundaris a M\u00f3ra d\u2019Ebre i alhora el de la conviv\u00e8ncia dintre d\u2019un mateix edifici de dos centres diferents la qual cosa no fou sempre f\u00e0cil, fins al punt d\u2019arribar a crear-se barreres arquitect\u00f2niques per a separar-los.<\/p>\n<p>5. 1989-1995: L\u2019IES Julio Antonio<\/p>\n<p>A final del curs 1988-89 s\u2019extingeixen els dos instituts (batxillerat i FP) que havien ocupat la mateixa casa durant 20 anys funcionant d\u2019una forma separada i independent per a, despr\u00e9s de fusionar-se, sorgir-ne un de nou: l\u2019Institut d\u2019Ensenyament Secundari. Aix\u00f2 significava la fi de la situaci\u00f3 viscuda durant l\u2019etapa anterior.<\/p>\n<p>A partir d\u2019ara l\u2019Institut d\u2019Ensenyament Secundari (IES) funcionar\u00e0 amb un \u00fanic Claustre de Professors, una sola direcci\u00f3 i sense les barreres, no tan sols f\u00edsiques, que havien separat durant tant de temps els alumnes i els professors dels dos anteriors centres.<\/p>\n<p>Com ja s\u2019ha dit anteriorment el Claustre propos\u00e0 el nom de Julio Antonio com a identificatiu del nou centre que a partir d\u2019ara impartir\u00e0 al complert estudis de BUP, COU i FP-I i FP-II de les branques administrativa i d\u2019automoci\u00f3 i FP-I d\u2019electricitat fins al curs 1990-91 en qu\u00e8 se suprimeix.<\/p>\n<p>Durant aquest per\u00edode l\u2019ensenyament secundari es generalitz\u00e0 i aix\u00f2 motiv\u00e0 un constant creixement tant del nombre d\u2019alumnes com de la plantilla de professors que arrib\u00e0 als 47 docents el curs 1994-95. Tamb\u00e9 es comen\u00e7ava a parlar d\u2019una m\u00e9s que possible reforma de l\u2019ensenyament secundari i fins i tot es planteja la possibilitat que l\u2019IES avanc\u00e9s la seva implantaci\u00f3.<\/p>\n<p>Com a activitats dignes de menci\u00f3 podem destacar la celebraci\u00f3 del 25\u00e8 Aniversari de l\u2019IES i unes interessants i treballades setmanes culturals amb la realitzaci\u00f3 de diversos tallers i confer\u00e8ncies organitzades per professors del centre i amb la col\u00b7laboraci\u00f3 d\u2019un ampli espectre de la societat morenca.<\/p>\n<p>6. 1996-2000: La LOGSE, una educaci\u00f3 per al segle XXI<\/p>\n<p>L\u2019aplicaci\u00f3 de la Reforma Educativa va comportar uns nous i importants canvis a l\u2019Institut. L\u2019arribada de l\u2019ESO (Educaci\u00f3 Secund\u00e0ria Obligat\u00f2ria), amb la conseg\u00fcent obligatorietat de l\u2019ensenyament fins als 16 anys, ha suposat un important gir en la forma de concebre l\u2019educaci\u00f3 dels alumnes i la necessitat d\u2019ampliar els espais del centre amb una ala nova incorporada a l\u2019estructura inicial .<\/p>\n<p>El canvi de denominaci\u00f3 -no de sigles- de l\u2019IES (Institut d\u2019Educaci\u00f3 Obligat\u00f2ria) ha implicat tamb\u00e9 una nova orientaci\u00f3 i una nova forma de veure l\u2019ensenyament. Cr\u00e8dits comuns i variables, tractament a la diversitat, desdoblaments, tutoria\u2026, i tants altres conceptes pedag\u00f2gics s\u2019han convertit en habituals en tots els instituts. Els alumnes, com gaireb\u00e9 sempre, han estat els primers d\u2019adaptar-s\u2019hi.<\/p>\n<p>El curs 96-97, seguint les pautes generals, va iniciar la matriculaci\u00f3 dels alumnes de 1r d\u2019ESO (antic 7\u00e8 d\u2019EGB), despr\u00e9s de diverses protestes d\u2019algun sector de pares que consideraven massa joves els seus fills per a haver de despla\u00e7ar-se di\u00e0riament a l\u2019Institut. Tamb\u00e9 s\u2019implant\u00e0, anticipadament, el 3r d\u2019ESO per als alumnes que abans havien de triar entre BUP o FP.<\/p>\n<p>El curs 97-98 es complet\u00e0 la implantaci\u00f3 de l\u2019ESO amb els alumnes de 3r i 4t. El 1r cicle de l\u2019ESO (1r i 2n curs) va comportar la incorporaci\u00f3 de mestres de prim\u00e0ria a l\u2019IES. El curs 98-99 ens va portar el 1r curs de batxillerat i els cicles formatius d\u2019FP de grau mitj\u00e0. Segons el Mapa Escolar de Catalunya, a l\u2019Institut de M\u00f3ra li correspon les modalitats d\u2019administratiu i automoci\u00f3. El Consell Escolar Municipal va demanar la implantaci\u00f3 tamb\u00e9 de les especialitats de soldadura i caldereria, i la de turisme.<\/p>\n<p>L\u2019arribada de l\u2019ESO, dels nous batxillerats i dels cicles formatius desbord\u00e0 la capacitat de l\u2019edifici i nom\u00e9s iniciar-se la transici\u00f3 ja es feu palesa la necessitat d\u2019una ampliaci\u00f3 que s\u2019efectu\u00e0 durant el curs 1997-98 en assumir l\u2019Ajuntament de M\u00f3ra d\u2019Ebre l\u2019avan\u00e7ament de les obres. Mentrestant i de forma provisional, durant els cursos 96-97 i 97-98, es van ocupar quatre aules de l\u2019escola p\u00fablica de M\u00f3ra la Nova i es van habilitar unes aules prefabricades al mateix IES.<\/p>\n<p>I d\u2019aquesta manera arribem al curs 1998-99, en qu\u00e8 al centre estudien 727 alumnes amb un claustre de 67 professors i on s\u2019imparteixen tots els estudis d\u2019ESO i s\u2019estan implantant els Batxillerats (amb les modalitats d\u2019humanitats, socials, salut i tecnologia), el cicles formatius de grau mitj\u00e0 de gesti\u00f3 administrativa i electromec\u00e0nica de vehicles.<\/p>\n<p>El curs 1999-2000 s\u2019incorpora un cicle formatiu de grau superior d\u2019Administraci\u00f3 i Finances de dos anys, que no va tenir continu\u00eftat i al curs seg\u00fcent sols es va impartir el segon curs, i el cicle formatiu de grau mitj\u00e0 de comer\u00e7.<\/p>\n<p>7. Entrem al segle XXI<\/p>\n<p>A m\u00e9s de les continues modificacions curriculars i lleis d\u2019educaci\u00f3, l\u2019oferta educativa de formaci\u00f3 professional \u00e9s la que ha sofert m\u00e9s variacions en aquest per\u00edode.<\/p>\n<p>El CFGM de comer\u00e7 desapareix el curs 2000-2001 i reapareix el curs 2002-2003 amb alternan\u00e7a anual amb el de gesti\u00f3 administrativa. \u00ed\u2030s a dir, cada any es fa un dels dos cicles.<\/p>\n<p>La p\u00e8rdua del cicle d\u2019FP de grau superior va deixar un buit que fins l\u2019any 2002 no s\u2019omple: El curs 2002 \u201c\u201c 2003 augmenten les fam\u00edlies professionals amb un nou cicle formatiu de grau superior d\u2019inform\u00e0tica de dos anys (Administraci\u00f3 de sistemes inform\u00e0tics) i el curs 2004 \u201c\u201c 2005 amb el cicle formatiu de grau mitj\u00e0 de dos anys d\u2019explotaci\u00f3 de sistemes inform\u00e0tics.<\/p>\n<p>El curs 2006 \u201c\u201c 2007 l\u2019 institut \u00e9s pioner a Catalunya en la implantaci\u00f3 del cicle formatiu de grau mitj\u00e0 de dos anys que combina els de gesti\u00f3 administrativa i comer\u00e7, la qual cosa facilita a l\u2019alumnat aconseguir dues titulacions i una formaci\u00f3 m\u00e9s adient pel perfil professional que demana el mercat empresarial.<\/p>\n<p>I per al futur resten nous reptes (Nova llei d\u2019educaci\u00f3) i noves necessitats (ampliaci\u00f3 del pati, millor integraci\u00f3 amb la poblaci\u00f3, nous espais, infraestructures adaptades a les noves tecnologies, \u2026) que cal afrontar com una necessitat com\u00fa, com \u00e9s l\u2019ensenyament p\u00fablic de qualitat.<\/p>\n","protected":false},"excerpt":{"rendered":"<p>Diverses consideracions geogr\u00e0fiques expliquen el passat i els or\u00edgens de M\u00f3ra d\u2019Ebre. El riu sempre fou un cam\u00ed: aig\u00fces, terres f\u00e8rtils i llims pur\u00edssims, atrauen l\u2019home a les ribes de la Ribera d\u2019Ebre des de temps remots. Els ibers crearen els primers poblaments, el poblat del Calvari, sobre una terrassa al\u00b7luvial immediat a la poblaci\u00f3. [&hellip;]<\/p>\n","protected":false},"author":1,"featured_media":0,"parent":19,"menu_order":1,"comment_status":"closed","ping_status":"closed","template":"page-templates\/side-menu.php","meta":{"_bbp_topic_count":0,"_bbp_reply_count":0,"_bbp_total_topic_count":0,"_bbp_total_reply_count":0,"_bbp_voice_count":0,"_bbp_anonymous_reply_count":0,"_bbp_topic_count_hidden":0,"_bbp_reply_count_hidden":0,"_bbp_forum_subforum_count":0,"site-sidebar-layout":"default","site-content-layout":"","ast-site-content-layout":"","site-content-style":"default","site-sidebar-style":"default","ast-global-header-display":"","ast-banner-title-visibility":"","ast-main-header-display":"","ast-hfb-above-header-display":"","ast-hfb-below-header-display":"","ast-hfb-mobile-header-display":"","site-post-title":"","ast-breadcrumbs-content":"","ast-featured-img":"","footer-sml-layout":"","theme-transparent-header-meta":"","adv-header-id-meta":"","stick-header-meta":"","header-above-stick-meta":"","header-main-stick-meta":"","header-below-stick-meta":"","astra-migrate-meta-layouts":"default","ast-page-background-enabled":"default","ast-page-background-meta":{"desktop":{"background-color":"var(--ast-global-color-4)","background-image":"","background-repeat":"repeat","background-position":"center center","background-size":"auto","background-attachment":"scroll","background-type":"","background-media":"","overlay-type":"","overlay-color":"","overlay-opacity":"","overlay-gradient":""},"tablet":{"background-color":"","background-image":"","background-repeat":"repeat","background-position":"center center","background-size":"auto","background-attachment":"scroll","background-type":"","background-media":"","overlay-type":"","overlay-color":"","overlay-opacity":"","overlay-gradient":""},"mobile":{"background-color":"","background-image":"","background-repeat":"repeat","background-position":"center center","background-size":"auto","background-attachment":"scroll","background-type":"","background-media":"","overlay-type":"","overlay-color":"","overlay-opacity":"","overlay-gradient":""}},"ast-content-background-meta":{"desktop":{"background-color":"var(--ast-global-color-5)","background-image":"","background-repeat":"repeat","background-position":"center center","background-size":"auto","background-attachment":"scroll","background-type":"","background-media":"","overlay-type":"","overlay-color":"","overlay-opacity":"","overlay-gradient":""},"tablet":{"background-color":"var(--ast-global-color-5)","background-image":"","background-repeat":"repeat","background-position":"center center","background-size":"auto","background-attachment":"scroll","background-type":"","background-media":"","overlay-type":"","overlay-color":"","overlay-opacity":"","overlay-gradient":""},"mobile":{"background-color":"var(--ast-global-color-5)","background-image":"","background-repeat":"repeat","background-position":"center center","background-size":"auto","background-attachment":"scroll","background-type":"","background-media":"","overlay-type":"","overlay-color":"","overlay-opacity":"","overlay-gradient":""}},"footnotes":""},"class_list":["post-309","page","type-page","status-publish","hentry"],"post_mailing_queue_ids":[],"_links":{"self":[{"href":"https:\/\/agora.xtec.cat\/iesjulioantonio\/wp-json\/wp\/v2\/pages\/309","targetHints":{"allow":["GET"]}}],"collection":[{"href":"https:\/\/agora.xtec.cat\/iesjulioantonio\/wp-json\/wp\/v2\/pages"}],"about":[{"href":"https:\/\/agora.xtec.cat\/iesjulioantonio\/wp-json\/wp\/v2\/types\/page"}],"author":[{"embeddable":true,"href":"https:\/\/agora.xtec.cat\/iesjulioantonio\/wp-json\/wp\/v2\/users\/1"}],"replies":[{"embeddable":true,"href":"https:\/\/agora.xtec.cat\/iesjulioantonio\/wp-json\/wp\/v2\/comments?post=309"}],"version-history":[{"count":3,"href":"https:\/\/agora.xtec.cat\/iesjulioantonio\/wp-json\/wp\/v2\/pages\/309\/revisions"}],"predecessor-version":[{"id":6543,"href":"https:\/\/agora.xtec.cat\/iesjulioantonio\/wp-json\/wp\/v2\/pages\/309\/revisions\/6543"}],"up":[{"embeddable":true,"href":"https:\/\/agora.xtec.cat\/iesjulioantonio\/wp-json\/wp\/v2\/pages\/19"}],"wp:attachment":[{"href":"https:\/\/agora.xtec.cat\/iesjulioantonio\/wp-json\/wp\/v2\/media?parent=309"}],"curies":[{"name":"wp","href":"https:\/\/api.w.org\/{rel}","templated":true}]}}