{"id":3009,"date":"2019-08-02T08:03:19","date_gmt":"2019-08-02T06:03:19","guid":{"rendered":"http:\/\/agora.xtec.cat\/iesjulioantonio\/?page_id=3009"},"modified":"2025-09-07T07:12:27","modified_gmt":"2025-09-07T05:12:27","slug":"arts","status":"publish","type":"page","link":"https:\/\/agora.xtec.cat\/iesjulioantonio\/departaments\/arts\/","title":{"rendered":"Expressi\u00f3 art\u00edstica i Esports"},"content":{"rendered":"<table style=\"border-collapse: collapse; width: 86.3893%; height: 231px;\" border=\"1\">\n<tbody>\n<tr style=\"height: 30px;\">\n<td style=\"background-color: #eb662d; height: 27px; text-align: center; width: 50%;\" colspan=\"2\">M\u00fasica<\/td>\n<\/tr>\n<tr style=\"height: 30px;\">\n<td style=\"width: 25%; height: 30px;\">Jordi Grifoll<\/td>\n<td style=\"width: 25%; height: 30px;\"><\/td>\n<\/tr>\n<tr style=\"height: 30px;\">\n<td style=\"height: 20px; background-color: #eb662d; text-align: center; width: 50%;\" colspan=\"2\">Educaci\u00f3 F\u00edsica<\/td>\n<\/tr>\n<tr style=\"height: 30px;\">\n<td style=\"background-color: #ffffff; height: 30px; text-align: left; width: 25%;\">Montse Perpi\u00f1\u00e1<\/td>\n<td style=\"background-color: #ffffff; height: 30px; width: 25%; text-align: left;\">Cap de Departament<\/td>\n<\/tr>\n<tr style=\"height: 34px;\">\n<td style=\"background-color: #ffffff; text-align: left; width: 25%; height: 34px;\">Mart\u00ed Margalef<\/td>\n<td style=\"background-color: #ffffff; width: 25%; height: 34px; text-align: left;\"><\/td>\n<\/tr>\n<tr>\n<td style=\"background-color: #ffffff; text-align: left; width: 25%;\">David Solsona (I) (0,5)<\/td>\n<td style=\"background-color: #ffffff; width: 25%; text-align: left;\"><\/td>\n<\/tr>\n<tr style=\"height: 30px;\">\n<td style=\"background-color: #eb662d; text-align: center; width: 50%; height: 30px;\" colspan=\"2\">Visual i pl\u00e0stica<\/td>\n<\/tr>\n<tr style=\"height: 30px;\">\n<td style=\"height: 30px; text-align: left; width: 25%;\">(Cristina Bestrat\u00e9n) &#8211; Alba Serrano (PP)<\/td>\n<td style=\"text-align: left; width: 25%;\"><\/td>\n<\/tr>\n<tr>\n<td style=\"text-align: left; width: 25%;\">(Ivan Gas) &#8211; Ignasi Barrera (S)<\/td>\n<td style=\"text-align: left; width: 25%;\"><\/td>\n<\/tr>\n<\/tbody>\n<\/table>\n","protected":false},"excerpt":{"rendered":"<p>M\u00fasica Jordi Grifoll Educaci\u00f3 F\u00edsica Montse Perpi\u00f1\u00e1 Cap de Departament Mart\u00ed Margalef David Solsona (I) (0,5) Visual i pl\u00e0stica (Cristina Bestrat\u00e9n) &#8211; Alba Serrano (PP) (Ivan Gas) &#8211; Ignasi Barrera (S)<\/p>\n","protected":false},"author":1,"featured_media":0,"parent":2553,"menu_order":0,"comment_status":"closed","ping_status":"closed","template":"","meta":{"_bbp_topic_count":0,"_bbp_reply_count":0,"_bbp_total_topic_count":0,"_bbp_total_reply_count":0,"_bbp_voice_count":0,"_bbp_anonymous_reply_count":0,"_bbp_topic_count_hidden":0,"_bbp_reply_count_hidden":0,"_bbp_forum_subforum_count":0,"site-sidebar-layout":"default","site-content-layout":"","ast-site-content-layout":"default","site-content-style":"default","site-sidebar-style":"default","ast-global-header-display":"","ast-banner-title-visibility":"","ast-main-header-display":"","ast-hfb-above-header-display":"","ast-hfb-below-header-display":"","ast-hfb-mobile-header-display":"","site-post-title":"","ast-breadcrumbs-content":"","ast-featured-img":"","footer-sml-layout":"","theme-transparent-header-meta":"","adv-header-id-meta":"","stick-header-meta":"","header-above-stick-meta":"","header-main-stick-meta":"","header-below-stick-meta":"","astra-migrate-meta-layouts":"set","ast-page-background-enabled":"default","ast-page-background-meta":{"desktop":{"background-color":"var(--ast-global-color-4)","background-image":"","background-repeat":"repeat","background-position":"center center","background-size":"auto","background-attachment":"scroll","background-type":"","background-media":"","overlay-type":"","overlay-color":"","overlay-opacity":"","overlay-gradient":""},"tablet":{"background-color":"","background-image":"","background-repeat":"repeat","background-position":"center center","background-size":"auto","background-attachment":"scroll","background-type":"","background-media":"","overlay-type":"","overlay-color":"","overlay-opacity":"","overlay-gradient":""},"mobile":{"background-color":"","background-image":"","background-repeat":"repeat","background-position":"center center","background-size":"auto","background-attachment":"scroll","background-type":"","background-media":"","overlay-type":"","overlay-color":"","overlay-opacity":"","overlay-gradient":""}},"ast-content-background-meta":{"desktop":{"background-color":"var(--ast-global-color-5)","background-image":"","background-repeat":"repeat","background-position":"center center","background-size":"auto","background-attachment":"scroll","background-type":"","background-media":"","overlay-type":"","overlay-color":"","overlay-opacity":"","overlay-gradient":""},"tablet":{"background-color":"var(--ast-global-color-5)","background-image":"","background-repeat":"repeat","background-position":"center center","background-size":"auto","background-attachment":"scroll","background-type":"","background-media":"","overlay-type":"","overlay-color":"","overlay-opacity":"","overlay-gradient":""},"mobile":{"background-color":"var(--ast-global-color-5)","background-image":"","background-repeat":"repeat","background-position":"center center","background-size":"auto","background-attachment":"scroll","background-type":"","background-media":"","overlay-type":"","overlay-color":"","overlay-opacity":"","overlay-gradient":""}},"footnotes":""},"class_list":["post-3009","page","type-page","status-publish","hentry"],"post_mailing_queue_ids":[],"_links":{"self":[{"href":"https:\/\/agora.xtec.cat\/iesjulioantonio\/wp-json\/wp\/v2\/pages\/3009","targetHints":{"allow":["GET"]}}],"collection":[{"href":"https:\/\/agora.xtec.cat\/iesjulioantonio\/wp-json\/wp\/v2\/pages"}],"about":[{"href":"https:\/\/agora.xtec.cat\/iesjulioantonio\/wp-json\/wp\/v2\/types\/page"}],"author":[{"embeddable":true,"href":"https:\/\/agora.xtec.cat\/iesjulioantonio\/wp-json\/wp\/v2\/users\/1"}],"replies":[{"embeddable":true,"href":"https:\/\/agora.xtec.cat\/iesjulioantonio\/wp-json\/wp\/v2\/comments?post=3009"}],"version-history":[{"count":6,"href":"https:\/\/agora.xtec.cat\/iesjulioantonio\/wp-json\/wp\/v2\/pages\/3009\/revisions"}],"predecessor-version":[{"id":8735,"href":"https:\/\/agora.xtec.cat\/iesjulioantonio\/wp-json\/wp\/v2\/pages\/3009\/revisions\/8735"}],"up":[{"embeddable":true,"href":"https:\/\/agora.xtec.cat\/iesjulioantonio\/wp-json\/wp\/v2\/pages\/2553"}],"wp:attachment":[{"href":"https:\/\/agora.xtec.cat\/iesjulioantonio\/wp-json\/wp\/v2\/media?parent=3009"}],"curies":[{"name":"wp","href":"https:\/\/api.w.org\/{rel}","templated":true}]}}