{"id":2869,"date":"2019-07-16T12:34:15","date_gmt":"2019-07-16T10:34:15","guid":{"rendered":"http:\/\/agora.xtec.cat\/iesjulioantonio\/?page_id=2869"},"modified":"2026-02-04T17:57:31","modified_gmt":"2026-02-04T16:57:31","slug":"secretaria","status":"publish","type":"page","link":"https:\/\/agora.xtec.cat\/iesjulioantonio\/secretaria\/","title":{"rendered":"Secretaria"},"content":{"rendered":"<header class=\"entry-header\"><\/header>\n<div class=\"entry-content\">\n<ul>\n<li><a href=\"http:\/\/agora.xtec.cat\/iesjulioantonio\/secretaria\/informacio-general\/\">Horari d&#8217;atenci\u00f3 al p\u00fablic<\/a><\/li>\n<li><a href=\"https:\/\/agora.xtec.cat\/iesjulioantonio\/pagines-dinici\/pagina-dinici-buida\/preinscripcions\/\">Preinscripci\u00f3 i matr\u00edcula<\/a><\/li>\n<li><a href=\"https:\/\/agora.xtec.cat\/iesjulioantonio\/secretaria\/ajuts-i-beques\/\">Ajuts i beques<\/a><\/li>\n<li><a href=\"https:\/\/agora.xtec.cat\/iesjulioantonio\/secretaria\/sollicitud-de-reconeixement-dels-nivells-b2-i-c1-de-catala-per-escolaritat-reglada-no-universitaria\/\">Sol\u00b7licitud de reconeixement dels nivells B2 i C1 de catal\u00e0 per escolaritat reglada no universit\u00e0ria<\/a><br \/>\n<h1 class=\"NG-menu__title\">\u00a0<\/h1>\n<\/li>\n<li><a href=\"https:\/\/agora.xtec.cat\/iesjulioantonio\/wp-content\/uploads\/usu942\/2024\/06\/autoritzacio_lliurar_titol-o-documentacio.pdf.pdf\">Full d&#8217;autoritzaci\u00f3 per lliurar t\u00edtol o documentaci\u00f3<\/a><\/li>\n<li><a href=\"https:\/\/web.gencat.cat\/ca\/tramits\/tramits-temes\/titols-academics-no-universitaris?category=742b7874-a82c-11e3-a972-000c29052e2c\">Sol\u00b7licitud de t\u00edtol de Batxillerat<\/a><\/li>\n<li><a href=\"https:\/\/tramits.gencat.cat\/ca\/tramits\/tramits-temes\/titols-academics-no-universitaris?category=742b7874-a82c-11e3-a972-000c29052e2c\">Sol\u00b7licitud de titols d&#8217;FP cicles de grau mitj\u00e0 i superiors<\/a><\/li>\n<li><a href=\"https:\/\/web.gencat.cat\/ca\/tramits\/tramits-temes\/titols-academics-no-universitaris?category=742b7874-a82c-11e3-a972-000c29052e2c\">Sol\u00b7licitud de duplicats de t\u00edtols <\/a><\/li>\n<\/ul>\n<\/div>\n\n\n<p><\/p>\n","protected":false},"excerpt":{"rendered":"<p>Horari d&#8217;atenci\u00f3 al p\u00fablic Preinscripci\u00f3 i matr\u00edcula Ajuts i beques Sol\u00b7licitud de reconeixement dels nivells B2 i C1 de catal\u00e0 per escolaritat reglada no universit\u00e0ria \u00a0 Full d&#8217;autoritzaci\u00f3 per lliurar t\u00edtol o documentaci\u00f3 Sol\u00b7licitud de t\u00edtol de Batxillerat Sol\u00b7licitud de titols d&#8217;FP cicles de grau mitj\u00e0 i superiors Sol\u00b7licitud de duplicats de t\u00edtols<\/p>\n","protected":false},"author":1,"featured_media":0,"parent":0,"menu_order":0,"comment_status":"closed","ping_status":"closed","template":"","meta":{"_bbp_topic_count":0,"_bbp_reply_count":0,"_bbp_total_topic_count":0,"_bbp_total_reply_count":0,"_bbp_voice_count":0,"_bbp_anonymous_reply_count":0,"_bbp_topic_count_hidden":0,"_bbp_reply_count_hidden":0,"_bbp_forum_subforum_count":0,"site-sidebar-layout":"default","site-content-layout":"","ast-site-content-layout":"default","site-content-style":"default","site-sidebar-style":"default","ast-global-header-display":"","ast-banner-title-visibility":"","ast-main-header-display":"","ast-hfb-above-header-display":"","ast-hfb-below-header-display":"","ast-hfb-mobile-header-display":"","site-post-title":"","ast-breadcrumbs-content":"","ast-featured-img":"","footer-sml-layout":"","theme-transparent-header-meta":"","adv-header-id-meta":"","stick-header-meta":"","header-above-stick-meta":"","header-main-stick-meta":"","header-below-stick-meta":"","astra-migrate-meta-layouts":"set","ast-page-background-enabled":"default","ast-page-background-meta":{"desktop":{"background-color":"var(--ast-global-color-4)","background-image":"","background-repeat":"repeat","background-position":"center center","background-size":"auto","background-attachment":"scroll","background-type":"","background-media":"","overlay-type":"","overlay-color":"","overlay-opacity":"","overlay-gradient":""},"tablet":{"background-color":"","background-image":"","background-repeat":"repeat","background-position":"center center","background-size":"auto","background-attachment":"scroll","background-type":"","background-media":"","overlay-type":"","overlay-color":"","overlay-opacity":"","overlay-gradient":""},"mobile":{"background-color":"","background-image":"","background-repeat":"repeat","background-position":"center center","background-size":"auto","background-attachment":"scroll","background-type":"","background-media":"","overlay-type":"","overlay-color":"","overlay-opacity":"","overlay-gradient":""}},"ast-content-background-meta":{"desktop":{"background-color":"var(--ast-global-color-5)","background-image":"","background-repeat":"repeat","background-position":"center center","background-size":"auto","background-attachment":"scroll","background-type":"","background-media":"","overlay-type":"","overlay-color":"","overlay-opacity":"","overlay-gradient":""},"tablet":{"background-color":"var(--ast-global-color-5)","background-image":"","background-repeat":"repeat","background-position":"center center","background-size":"auto","background-attachment":"scroll","background-type":"","background-media":"","overlay-type":"","overlay-color":"","overlay-opacity":"","overlay-gradient":""},"mobile":{"background-color":"var(--ast-global-color-5)","background-image":"","background-repeat":"repeat","background-position":"center center","background-size":"auto","background-attachment":"scroll","background-type":"","background-media":"","overlay-type":"","overlay-color":"","overlay-opacity":"","overlay-gradient":""}},"footnotes":""},"class_list":["post-2869","page","type-page","status-publish","hentry"],"post_mailing_queue_ids":[],"_links":{"self":[{"href":"https:\/\/agora.xtec.cat\/iesjulioantonio\/wp-json\/wp\/v2\/pages\/2869","targetHints":{"allow":["GET"]}}],"collection":[{"href":"https:\/\/agora.xtec.cat\/iesjulioantonio\/wp-json\/wp\/v2\/pages"}],"about":[{"href":"https:\/\/agora.xtec.cat\/iesjulioantonio\/wp-json\/wp\/v2\/types\/page"}],"author":[{"embeddable":true,"href":"https:\/\/agora.xtec.cat\/iesjulioantonio\/wp-json\/wp\/v2\/users\/1"}],"replies":[{"embeddable":true,"href":"https:\/\/agora.xtec.cat\/iesjulioantonio\/wp-json\/wp\/v2\/comments?post=2869"}],"version-history":[{"count":6,"href":"https:\/\/agora.xtec.cat\/iesjulioantonio\/wp-json\/wp\/v2\/pages\/2869\/revisions"}],"predecessor-version":[{"id":8896,"href":"https:\/\/agora.xtec.cat\/iesjulioantonio\/wp-json\/wp\/v2\/pages\/2869\/revisions\/8896"}],"wp:attachment":[{"href":"https:\/\/agora.xtec.cat\/iesjulioantonio\/wp-json\/wp\/v2\/media?parent=2869"}],"curies":[{"name":"wp","href":"https:\/\/api.w.org\/{rel}","templated":true}]}}