{"id":2823,"date":"2019-05-29T16:22:01","date_gmt":"2019-05-29T14:22:01","guid":{"rendered":"http:\/\/agora.xtec.cat\/iesjulioantonio\/?page_id=2823"},"modified":"2025-03-26T10:15:18","modified_gmt":"2025-03-26T09:15:18","slug":"educacio-infantil","status":"publish","type":"page","link":"https:\/\/agora.xtec.cat\/iesjulioantonio\/cicles-formatius-2\/educacio-infantil\/","title":{"rendered":"CFGS Educaci\u00f3 infantil"},"content":{"rendered":"<p><strong>FAM\u00cdLIA PROFESSIONAL: <\/strong>Serveis socioculturals i a la comunitat<\/p>\n<p><strong>T\u00cdTOL:\u00a0<\/strong>T\u00e8cnic\/a\u00a0 superior en educaci\u00f3 infantil<\/p>\n<p><strong>DURADA: <\/strong>2.000 hores, on 515 h s\u00f3n en centres de treball. Formaci\u00f3 en centres de treball.<\/p>\n<div style=\"width: 1920px;\" class=\"wp-video\"><!--[if lt IE 9]><script>document.createElement('video');<\/script><![endif]-->\n<video class=\"wp-video-shortcode\" id=\"video-2823-1\" width=\"1920\" height=\"1080\" preload=\"metadata\" controls=\"controls\"><source type=\"video\/mp4\" src=\"https:\/\/agora.xtec.cat\/iesjulioantonio\/wp-content\/uploads\/usu942\/2024\/05\/20240513_Infantil.mp4?_=1\" \/><a href=\"https:\/\/agora.xtec.cat\/iesjulioantonio\/wp-content\/uploads\/usu942\/2024\/05\/20240513_Infantil.mp4\">https:\/\/agora.xtec.cat\/iesjulioantonio\/wp-content\/uploads\/usu942\/2024\/05\/20240513_Infantil.mp4<\/a><\/video><\/div>\n<p><strong>Compet\u00e8ncia general: <\/strong>La compet\u00e8ncia general d\u2019aquest t\u00edtol consisteix a dissenyar, implementar i avaluar projectes i programes educatius d\u2019atenci\u00f3 a la inf\u00e0ncia en el primer cicle d\u2019educaci\u00f3 infantil en l\u2019\u00e0mbit formal, d\u2019acord amb la proposta pedag\u00f2gica elaborada per un mestre o una mestra amb l\u2019especialitzaci\u00f3 en educaci\u00f3 infantil o t\u00edtol de grau equivalent, i a tota l\u2019etapa en l\u2019\u00e0mbit no formal, generant entorns segurs i en col\u00b7laboraci\u00f3 amb altres professionals i amb les fam\u00edlies.<\/p>\n\t\t\t\t\t\t<style>\r\n\t\t\t\t\r\n\t\t\t\t\t#tab_container_4596 {\r\n\toverflow:hidden;\r\n\tdisplay:block;\r\n\twidth:100%;\r\n\tborder:0px solid #ddd;\r\n\tmargin-bottom:30px;\r\n\t}\r\n\r\n#tab_container_4596 .tab-content{\r\n\tpadding:20px;\r\n\tborder: 1px solid #e6e6e6 !important;\r\n\tmargin-top: 0px;\r\n\tbackground-color:#ffffff !important;\r\n\tcolor: #000000 !important;\r\n\tfont-size:16px !important;\r\n\tfont-family: Arial !important;\r\n\t\r\n\t\tborder: 1px solid #e6e6e6 !important;\r\n\t}\r\n#tab_container_4596 .wpsm_nav-tabs {\r\n    border-bottom: 0px solid #ddd;\r\n}\r\n#tab_container_4596 .wpsm_nav-tabs > li.active > a, #tab_container_4596 .wpsm_nav-tabs > li.active > a:hover, #tab_container_4596 .wpsm_nav-tabs > li.active > a:focus {\r\n\tcolor: #000000 !important;\r\n\tcursor: default;\r\n\tbackground-color: #81d742 !important;\r\n\tborder: 1px solid #68be29 !important;\r\n}\r\n\r\n#tab_container_4596 .wpsm_nav-tabs > li > a {\r\n    margin-right: 0px !important; \r\n    line-height: 1.42857143 !important;\r\n    border: 1px solid #d5d5d5 !important;\r\n    border-radius: 0px 0px 0 0 !important; \r\n\tbackground-color: #e8e8e8 !important;\r\n\tcolor: #000000 !important;\r\n\tpadding: 15px 18px 15px 18px !important;\r\n\ttext-decoration: none !important;\r\n\tfont-size: 18px !important;\r\n\ttext-align:center !important;\r\n\tfont-family: Arial !important;\r\n}\r\n#tab_container_4596 .wpsm_nav-tabs > li > a:focus {\r\noutline: 0px !important;\r\n}\r\n\r\n#tab_container_4596 .wpsm_nav-tabs > li > a:before {\r\n\tdisplay:none !important;\r\n}\r\n#tab_container_4596 .wpsm_nav-tabs > li > a:after {\r\n\tdisplay:none !important ;\r\n}\r\n#tab_container_4596 .wpsm_nav-tabs > li{\r\npadding:0px !important ;\r\nmargin:0px;\r\n}\r\n\r\n#tab_container_4596 .wpsm_nav-tabs > li > a:hover , #tab_container_4596 .wpsm_nav-tabs > li > a:focus {\r\n    color: #000000 !important;\r\n    background-color: #e8e8e8 !important;\r\n\tborder: 1px solid #d5d5d5 !important;\r\n\t\r\n}\r\n#tab_container_4596 .wpsm_nav-tabs > li > a .fa{\r\n\r\nmargin-right:5px !important;\r\n\r\nmargin-left:5px !important;\r\n\r\n\r\n}\r\n\r\n\t\t#tab_container_4596 .wpsm_nav-tabs a{\r\n\t\t\tbackground-image: url(https:\/\/agora.xtec.cat\/iesjulioantonio\/wp-content\/plugins\/tabs-responsive\/assets\/images\/style-noise.png);\r\n\t\t\tbackground-position: 0 0;\r\n\t\t\tbackground-repeat: repeat-x;\r\n\t\t\t}\r\n\t\t\t\r\n\r\n\r\n#tab_container_4596 .wpsm_nav-tabs > li {\r\n    float: left;\r\n    margin-bottom: -1px !important;\r\n\tmargin-right:0px !important; \r\n}\r\n\r\n\r\n#tab_container_4596 .tab-content{\r\noverflow:hidden !important;\r\n}\r\n\r\n\r\n@media (min-width: 769px) {\r\n\r\n\t#tab_container_4596 .wpsm_nav-tabs > li{\r\n\t\tfloat:left !important ;\r\n\t\t\t\tmargin-right:-1px !important;\r\n\t\t\t\t\t}\r\n\t#tab_container_4596 .wpsm_nav-tabs{\r\n\t\tfloat:none !important;\r\n\t\tmargin:0px !important;\r\n\t}\r\n\r\n\t#tab_container_4596 .wpsm_nav-tabs > li {\r\n\t\t\t\t\r\n\t}\r\n\t#tab_container_4596 .wpsm_nav{\r\n\t\t\t}\r\n\r\n}\r\n\r\n\r\n\r\n@media (max-width: 768px) {\r\n\t#tab_container_4596 .wpsm_nav-tabs > li {\r\n\t\t\t\t\r\n\t}\r\n\t#tab_container_4596 .wpsm_nav{\r\n\t\t\t}\r\n}\r\n\r\n\r\n\t.wpsm_nav-tabs li:before{\r\n\t\tdisplay:none !important;\r\n\t}\r\n\r\n\t@media (max-width: 768px) {\r\n\t\t\t\t\r\n\t\t\t\t.wpsm_nav-tabs{\r\n\t\t\tmargin-left:0px !important;\r\n\t\t\tmargin-right:0px !important; \r\n\t\t\t\r\n\t\t}\r\n\t\t\t\t#tab_container_4596 .wpsm_nav-tabs > li{\r\n\t\t\tfloat:none !important;\r\n\t\t}\r\n\t\t\t\r\n\t}\t\t\t\t<\/style>\r\n\t\t\t\t<div id=\"tab_container_4596\" >\r\n\t \r\n\t\t\t\t\t<ul class=\"wpsm_nav wpsm_nav-tabs\" role=\"tablist\" id=\"myTab_4596\">\r\n\t\t\t\t\t\t\t\r\n\t\t\t\t\t\t\t<li role=\"presentation\"  class=\"active\"  onclick=\"do_resize()\">\r\n\r\n\t\t\t\t\t\t\t\t<!-- XTEC ************ MODIFICAT - Disable scrolling on tab change. Fixes error in option \"Tabs Description Animation\" -->\r\n\t\t\t\t\t\t\t\t<!-- 2021.12.01 @aginard -->\r\n\t\t\t\t\t\t\t\t<a href=\"javascript:void(0);\" aria-controls=\"tabs_desc_4596_1\" role=\"tab\" data-toggle=\"tab\" data-target=\"#tabs_desc_4596_1\">\r\n\t\t\t\t\t\t\t\t<!-- ORIGINAL\r\n\t\t\t\t\t\t\t\t<a href=\"#tabs_desc_4596_1\" aria-controls=\"tabs_desc_4596_1\" role=\"tab\" data-toggle=\"tab\">\r\n\t\t\t\t\t\t\t\t-->\r\n\t\t\t\t\t\t\t\t<!-- ************ FI -->\r\n\t\t\t\t\t\t\t\t\t\r\n\t\t\t\t\t\t\t\t\t\t\t\t\t\t\t\t\t\t\t\t\t\t\t\t\t\t\t\t\t\t\t<i class=\"fa fa-thumbs-up\"><\/i> \t\t\t\t\t\t\t\t\t\t\t\t\t\t\t\t\t\t\t\r\n\t\t\t\t\t\t\t\t\t\t\t\t\t\t\t\t\t\t\r\n\t\t\t\t\t\t\t\t\t<span>Principals ocupacions i llocs de treball<\/span>\r\n\t\t\t\t\t\t\t\t\t\r\n\t\t\t\t\t\t\t\t\t\t\t\t\t\t\t\t\t\t\r\n\t\t\t\t\t\t\t\t\t\t\t\t\t\t\t\t\t\t\t\t\r\n\t\t\t\t\t\t\t\t\t\r\n\t\t\t\t\t\t\t\t<\/a>\r\n\t\t\t\t\t\t\t<\/li>\r\n\t\t\t\t\t\t\t\r\n\t\t\t\t\t\t\t<li role=\"presentation\"  onclick=\"do_resize()\">\r\n\r\n\t\t\t\t\t\t\t\t<!-- XTEC ************ MODIFICAT - Disable scrolling on tab change. Fixes error in option \"Tabs Description Animation\" -->\r\n\t\t\t\t\t\t\t\t<!-- 2021.12.01 @aginard -->\r\n\t\t\t\t\t\t\t\t<a href=\"javascript:void(0);\" aria-controls=\"tabs_desc_4596_2\" role=\"tab\" data-toggle=\"tab\" data-target=\"#tabs_desc_4596_2\">\r\n\t\t\t\t\t\t\t\t<!-- ORIGINAL\r\n\t\t\t\t\t\t\t\t<a href=\"#tabs_desc_4596_2\" aria-controls=\"tabs_desc_4596_2\" role=\"tab\" data-toggle=\"tab\">\r\n\t\t\t\t\t\t\t\t-->\r\n\t\t\t\t\t\t\t\t<!-- ************ FI -->\r\n\t\t\t\t\t\t\t\t\t\r\n\t\t\t\t\t\t\t\t\t\t\t\t\t\t\t\t\t\t\t\t\t\t\t\t\t\t\t\t\t\t\t<i class=\"fa fa-thumbs-up\"><\/i> \t\t\t\t\t\t\t\t\t\t\t\t\t\t\t\t\t\t\t\r\n\t\t\t\t\t\t\t\t\t\t\t\t\t\t\t\t\t\t\r\n\t\t\t\t\t\t\t\t\t<span>Descripci\u00f3 del Contingut Curricular<\/span>\r\n\t\t\t\t\t\t\t\t\t\r\n\t\t\t\t\t\t\t\t\t\t\t\t\t\t\t\t\t\t\r\n\t\t\t\t\t\t\t\t\t\t\t\t\t\t\t\t\t\t\t\t\r\n\t\t\t\t\t\t\t\t\t\r\n\t\t\t\t\t\t\t\t<\/a>\r\n\t\t\t\t\t\t\t<\/li>\r\n\t\t\t\t\t\t\t\r\n\t\t\t\t\t\t\t<li role=\"presentation\"  onclick=\"do_resize()\">\r\n\r\n\t\t\t\t\t\t\t\t<!-- XTEC ************ MODIFICAT - Disable scrolling on tab change. Fixes error in option \"Tabs Description Animation\" -->\r\n\t\t\t\t\t\t\t\t<!-- 2021.12.01 @aginard -->\r\n\t\t\t\t\t\t\t\t<a href=\"javascript:void(0);\" aria-controls=\"tabs_desc_4596_3\" role=\"tab\" data-toggle=\"tab\" data-target=\"#tabs_desc_4596_3\">\r\n\t\t\t\t\t\t\t\t<!-- ORIGINAL\r\n\t\t\t\t\t\t\t\t<a href=\"#tabs_desc_4596_3\" aria-controls=\"tabs_desc_4596_3\" role=\"tab\" data-toggle=\"tab\">\r\n\t\t\t\t\t\t\t\t-->\r\n\t\t\t\t\t\t\t\t<!-- ************ FI -->\r\n\t\t\t\t\t\t\t\t\t\r\n\t\t\t\t\t\t\t\t\t\t\t\t\t\t\t\t\t\t\t\t\t\t\t\t\t\t\t\t\t\t\t<i class=\"fa fa-thumbs-up\"><\/i> \t\t\t\t\t\t\t\t\t\t\t\t\t\t\t\t\t\t\t\r\n\t\t\t\t\t\t\t\t\t\t\t\t\t\t\t\t\t\t\r\n\t\t\t\t\t\t\t\t\t<span>Serveis i projectes<\/span>\r\n\t\t\t\t\t\t\t\t\t\r\n\t\t\t\t\t\t\t\t\t\t\t\t\t\t\t\t\t\t\r\n\t\t\t\t\t\t\t\t\t\t\t\t\t\t\t\t\t\t\t\t\r\n\t\t\t\t\t\t\t\t\t\r\n\t\t\t\t\t\t\t\t<\/a>\r\n\t\t\t\t\t\t\t<\/li>\r\n\t\t\t\t\t\t\t\t\t\t\t <\/ul>\r\n\r\n\t\t\t\t\t  <!-- Tab panes -->\r\n\t\t\t\t\t  <div class=\"tab-content\" id=\"tab-content_4596\">\r\n\t\t\t\t\t\t\t\t\t\t\t\t <div role=\"tabpanel\" class=\"tab-pane  in active \" id=\"tabs_desc_4596_1\">\r\n\t\t\t\t\t\t\t\t<ul>\n<li>Educadors infantils en el primer cicle d\u2019educaci\u00f3 infantil, sempre sota la supervisi\u00f3 d\u2019un mestre o d\u2019una mestra com a educadors en les institucions dependents d\u2019organismes estatals o auton\u00f2mics i locals, i en centres de titularitat privada.<\/li>\n<li>T\u00e8cnics especialistes en educaci\u00f3 infantil, com a educadors o educadores de suport als mestres de primer curs del segon cicle de l\u2019educaci\u00f3 infantil.<\/li>\n<li>Educadors en institucions i\/o en programes espec\u00edfics de treball amb infants (0-6 anys) en situaci\u00f3 de risc social, o en serveis i recursos de suport familiar, seguint les directrius d\u2019altres professionals.<\/li>\n<li>Educadors en programes o activitats d\u2019oci i temps de lleure infantil amb infants de 0 a 6 anys: ludoteques, cases de cultura, biblioteques, centres educatius, centres d\u2019oci, casals infantils i esplais, cases de col\u00f2nies, granges escola, i altres equipaments del sector.<\/li>\n<li>Animadors d\u2019activitats adre\u00e7ades a infants (0-6 anys) en l\u2019\u00e0mbit del turisme i de l\u2019hostaleria: hotels, platges, complexos tur\u00edstics, estacions d\u2019esqu\u00ed i altres equipaments del sector.<\/li>\n<\/ul>\n\t\t\t\t\t\t <\/div>\r\n\t\t\t\t\t\t\t\t\t\t\t\t <div role=\"tabpanel\" class=\"tab-pane \" id=\"tabs_desc_4596_2\">\r\n\t\t\t\t\t\t\t\t<ul>\n<li>\n<p>0011. Did\u00e0ctica de l\u2019educaci\u00f3 infantil.<\/p>\n<\/li>\n<li>\n<p>0012. Autonomia personal i salut infantil.<\/p>\n<\/li>\n<li>\n<p>0013. El joc infantil i la seva metodologia.<\/p>\n<\/li>\n<li>\n<p>0014. Expressi\u00f3 i comunicaci\u00f3.<\/p>\n<\/li>\n<li>\n<p>0015. Desenvolupament cognitiu i motriu.<\/p>\n<\/li>\n<li>\n<p>0016. Desenvolupament socioafectiu.<\/p>\n<\/li>\n<li>\n<p>0017. Habilitats socials.<\/p>\n<\/li>\n<li>\n<p>0018. Intervenci\u00f3 amb fam\u00edlies i atenci\u00f3 als infants en risc social.<\/p>\n<\/li>\n<li>\n<p>0020. Primers auxilis.<\/p>\n<\/li>\n<li>\n<p>C076. Catal\u00e0\/Aran\u00e8s Professional.<\/p>\n<\/li>\n<li>\n<p>0179. Angl\u00e8s Professional.<\/p>\n<\/li>\n<li>\n<p>1665. Digitalitzaci\u00f3 aplicada als sectors productius.<\/p>\n<\/li>\n<li>\n<p>1708. Sostenibilitat aplicada al sistema productiu.<\/p>\n<\/li>\n<li>\n<p>1709. Itinerari personal per a l'ocupabilitat I.<\/p>\n<\/li>\n<li>\n<p>1710. Itinerari personal per a l'ocupabilitat II.<\/p>\n<\/li>\n<li>\n<p>0019. Projecte intermodular d\u2019Atenci\u00f3 a la Infantesa.<\/p>\n<\/li>\n<li>\n<p>M\u00f2dul professional optatiu.<\/p>\n<\/li>\n<li>\n<p>Tutoria<\/p>\n<\/li>\n<\/ul>\n\t\t\t\t\t\t <\/div>\r\n\t\t\t\t\t\t\t\t\t\t\t\t <div role=\"tabpanel\" class=\"tab-pane \" id=\"tabs_desc_4596_3\">\r\n\t\t\t\t\t\t\t\t<ul>\n<li>Semipresencialitat<\/li>\n<li>Beques Erasmus+<\/li>\n<\/ul>\n\t\t\t\t\t\t <\/div>\r\n\t\t\t\t\t\t\t\r\n\t\t\t\t\t <\/div>\r\n\t\t\t\t\t \r\n\t\t\t\t <\/div>\r\n <script>\r\n\t\tjQuery(function () {\r\n\t\t\tjQuery('#myTab_4596 a:first').tab('show')\r\n\t\t});\r\n\t\t\r\n\t\t\t\tjQuery(function(){\r\n\t\t\tvar b=\"fadeInRight\";\r\n\t\t\tvar c;\r\n\t\t\tvar a;\r\n\t\t\td(jQuery(\"#myTab_4596 a\"),jQuery(\"#tab-content_4596\"));function d(e,f,g){\r\n\t\t\t\te.click(function(i){\r\n\t\t\t\t\ti.preventDefault();\r\n\t\t\t\t\tjQuery(this).tab(\"show\");\r\n\t\t\t\t\tvar h=jQuery(this).data(\"easein\");\r\n\t\t\t\t\tif(c){c.removeClass(a);}\r\n\t\t\t\t\tif(h){f.find(\"div.active\").addClass(\"animated \"+h);a=h;}\r\n\t\t\t\t\telse{if(g){f.find(\"div.active\").addClass(\"animated \"+g);a=g;}else{f.find(\"div.active\").addClass(\"animated \"+b);a=b;}}c=f.find(\"div.active\");\r\n\t\t\t\t});\r\n\t\t\t}\r\n\t\t});\r\n\t\t\r\n\r\n\t\tfunction do_resize(){\r\n\r\n\t\t\tvar width=jQuery( '.tab-content .tab-pane iframe' ).width();\r\n\t\t\tvar height=jQuery( '.tab-content .tab-pane iframe' ).height();\r\n\r\n\t\t\tvar toggleSize = true;\r\n\t\t\tjQuery('iframe').animate({\r\n\t\t\t    width: toggleSize ? width : 640,\r\n\t\t\t    height: toggleSize ? height : 360\r\n\t\t\t  }, 250);\r\n\r\n\t\t\t  toggleSize = !toggleSize;\r\n\t\t}\r\n\r\n\r\n\t<\/script>\r\n\t\t\t\t\r\n\t\t\t\n","protected":false},"excerpt":{"rendered":"<p>FAM\u00cdLIA PROFESSIONAL: Serveis socioculturals i a la comunitat T\u00cdTOL:\u00a0T\u00e8cnic\/a\u00a0 superior en educaci\u00f3 infantil DURADA: 2.000 hores, on 515 h s\u00f3n en centres de treball. Formaci\u00f3 en centres de treball. Compet\u00e8ncia general: La compet\u00e8ncia general d\u2019aquest t\u00edtol consisteix a dissenyar, implementar i avaluar projectes i programes educatius d\u2019atenci\u00f3 a la inf\u00e0ncia en el primer cicle d\u2019educaci\u00f3 [&hellip;]<\/p>\n","protected":false},"author":1,"featured_media":0,"parent":2579,"menu_order":1,"comment_status":"closed","ping_status":"closed","template":"page-templates\/side-menu.php","meta":{"_bbp_topic_count":0,"_bbp_reply_count":0,"_bbp_total_topic_count":0,"_bbp_total_reply_count":0,"_bbp_voice_count":0,"_bbp_anonymous_reply_count":0,"_bbp_topic_count_hidden":0,"_bbp_reply_count_hidden":0,"_bbp_forum_subforum_count":0,"site-sidebar-layout":"default","site-content-layout":"","ast-site-content-layout":"","site-content-style":"default","site-sidebar-style":"default","ast-global-header-display":"","ast-banner-title-visibility":"","ast-main-header-display":"","ast-hfb-above-header-display":"","ast-hfb-below-header-display":"","ast-hfb-mobile-header-display":"","site-post-title":"","ast-breadcrumbs-content":"","ast-featured-img":"","footer-sml-layout":"","theme-transparent-header-meta":"","adv-header-id-meta":"","stick-header-meta":"","header-above-stick-meta":"","header-main-stick-meta":"","header-below-stick-meta":"","astra-migrate-meta-layouts":"default","ast-page-background-enabled":"default","ast-page-background-meta":{"desktop":{"background-color":"var(--ast-global-color-4)","background-image":"","background-repeat":"repeat","background-position":"center center","background-size":"auto","background-attachment":"scroll","background-type":"","background-media":"","overlay-type":"","overlay-color":"","overlay-opacity":"","overlay-gradient":""},"tablet":{"background-color":"","background-image":"","background-repeat":"repeat","background-position":"center center","background-size":"auto","background-attachment":"scroll","background-type":"","background-media":"","overlay-type":"","overlay-color":"","overlay-opacity":"","overlay-gradient":""},"mobile":{"background-color":"","background-image":"","background-repeat":"repeat","background-position":"center center","background-size":"auto","background-attachment":"scroll","background-type":"","background-media":"","overlay-type":"","overlay-color":"","overlay-opacity":"","overlay-gradient":""}},"ast-content-background-meta":{"desktop":{"background-color":"var(--ast-global-color-5)","background-image":"","background-repeat":"repeat","background-position":"center center","background-size":"auto","background-attachment":"scroll","background-type":"","background-media":"","overlay-type":"","overlay-color":"","overlay-opacity":"","overlay-gradient":""},"tablet":{"background-color":"var(--ast-global-color-5)","background-image":"","background-repeat":"repeat","background-position":"center center","background-size":"auto","background-attachment":"scroll","background-type":"","background-media":"","overlay-type":"","overlay-color":"","overlay-opacity":"","overlay-gradient":""},"mobile":{"background-color":"var(--ast-global-color-5)","background-image":"","background-repeat":"repeat","background-position":"center center","background-size":"auto","background-attachment":"scroll","background-type":"","background-media":"","overlay-type":"","overlay-color":"","overlay-opacity":"","overlay-gradient":""}},"footnotes":""},"class_list":["post-2823","page","type-page","status-publish","hentry"],"post_mailing_queue_ids":[],"_links":{"self":[{"href":"https:\/\/agora.xtec.cat\/iesjulioantonio\/wp-json\/wp\/v2\/pages\/2823","targetHints":{"allow":["GET"]}}],"collection":[{"href":"https:\/\/agora.xtec.cat\/iesjulioantonio\/wp-json\/wp\/v2\/pages"}],"about":[{"href":"https:\/\/agora.xtec.cat\/iesjulioantonio\/wp-json\/wp\/v2\/types\/page"}],"author":[{"embeddable":true,"href":"https:\/\/agora.xtec.cat\/iesjulioantonio\/wp-json\/wp\/v2\/users\/1"}],"replies":[{"embeddable":true,"href":"https:\/\/agora.xtec.cat\/iesjulioantonio\/wp-json\/wp\/v2\/comments?post=2823"}],"version-history":[{"count":7,"href":"https:\/\/agora.xtec.cat\/iesjulioantonio\/wp-json\/wp\/v2\/pages\/2823\/revisions"}],"predecessor-version":[{"id":8260,"href":"https:\/\/agora.xtec.cat\/iesjulioantonio\/wp-json\/wp\/v2\/pages\/2823\/revisions\/8260"}],"up":[{"embeddable":true,"href":"https:\/\/agora.xtec.cat\/iesjulioantonio\/wp-json\/wp\/v2\/pages\/2579"}],"wp:attachment":[{"href":"https:\/\/agora.xtec.cat\/iesjulioantonio\/wp-json\/wp\/v2\/media?parent=2823"}],"curies":[{"name":"wp","href":"https:\/\/api.w.org\/{rel}","templated":true}]}}