{"id":2819,"date":"2019-05-29T16:19:38","date_gmt":"2019-05-29T14:19:38","guid":{"rendered":"http:\/\/agora.xtec.cat\/iesjulioantonio\/?page_id=2819"},"modified":"2025-03-26T10:15:46","modified_gmt":"2025-03-26T09:15:46","slug":"gestio-administrativa","status":"publish","type":"page","link":"https:\/\/agora.xtec.cat\/iesjulioantonio\/cicles-formatius-2\/gestio-administrativa\/","title":{"rendered":"CFGM Gesti\u00f3 Administrativa"},"content":{"rendered":"<p><strong>FAM\u00cdLIA PROFESSIONAL: <\/strong>Administraci\u00f3 i gesti\u00f3<\/p>\n<p><strong>T\u00cdTOL:\u00a0<\/strong>T\u00e8cnic\/a en gesti\u00f3 administrativa<\/p>\n<p><strong>DURADA: <\/strong>2.000 hores, on 515 h s\u00f3n en centres de treball. Formaci\u00f3 en centres de treball.<\/p>\n<div style=\"width: 1920px;\" class=\"wp-video\"><!--[if lt IE 9]><script>document.createElement('video');<\/script><![endif]-->\n<video class=\"wp-video-shortcode\" id=\"video-2819-1\" width=\"1920\" height=\"1080\" preload=\"metadata\" controls=\"controls\"><source type=\"video\/mp4\" src=\"https:\/\/agora.xtec.cat\/iesjulioantonio\/wp-content\/uploads\/usu942\/2024\/05\/20240513_Gestio.mp4?_=1\" \/><a href=\"https:\/\/agora.xtec.cat\/iesjulioantonio\/wp-content\/uploads\/usu942\/2024\/05\/20240513_Gestio.mp4\">https:\/\/agora.xtec.cat\/iesjulioantonio\/wp-content\/uploads\/usu942\/2024\/05\/20240513_Gestio.mp4<\/a><\/video><\/div>\n<p><strong>Compet\u00e8ncia general: <\/strong>La compet\u00e8ncia general d\u2019aquest t\u00edtol consisteix a realitzar activitats de suport administratiu en l&#8217;\u00e0mbit laboral, comptable, comercial, financer i fiscal, aix\u00ed com d&#8217;atenci\u00f3 al client\/usuari, tant en empreses p\u00fabliques com en empreses privades, aplicant la normativa vigent i protocols de qualitat, assegurant la satisfacci\u00f3 del client i actuant segons les normes de prevenci\u00f3 de riscos laborals i de protecci\u00f3 ambiental.<\/p>\n\t\t\t\t\t\t<style>\r\n\t\t\t\t\r\n\t\t\t\t\t#tab_container_4608 {\r\n\toverflow:hidden;\r\n\tdisplay:block;\r\n\twidth:100%;\r\n\tborder:0px solid #ddd;\r\n\tmargin-bottom:30px;\r\n\t}\r\n\r\n#tab_container_4608 .tab-content{\r\n\tpadding:20px;\r\n\tborder: 1px solid #e6e6e6 !important;\r\n\tmargin-top: 0px;\r\n\tbackground-color:#ffffff !important;\r\n\tcolor: #000000 !important;\r\n\tfont-size:16px !important;\r\n\tfont-family: Arial !important;\r\n\t\r\n\t\tborder: 1px solid #e6e6e6 !important;\r\n\t}\r\n#tab_container_4608 .wpsm_nav-tabs {\r\n    border-bottom: 0px solid #ddd;\r\n}\r\n#tab_container_4608 .wpsm_nav-tabs > li.active > a, #tab_container_4608 .wpsm_nav-tabs > li.active > a:hover, #tab_container_4608 .wpsm_nav-tabs > li.active > a:focus {\r\n\tcolor: #000000 !important;\r\n\tcursor: default;\r\n\tbackground-color: #81d742 !important;\r\n\tborder: 1px solid #68be29 !important;\r\n}\r\n\r\n#tab_container_4608 .wpsm_nav-tabs > li > a {\r\n    margin-right: 0px !important; \r\n    line-height: 1.42857143 !important;\r\n    border: 1px solid #d5d5d5 !important;\r\n    border-radius: 0px 0px 0 0 !important; \r\n\tbackground-color: #e8e8e8 !important;\r\n\tcolor: #000000 !important;\r\n\tpadding: 15px 18px 15px 18px !important;\r\n\ttext-decoration: none !important;\r\n\tfont-size: 18px !important;\r\n\ttext-align:center !important;\r\n\tfont-family: Arial !important;\r\n}\r\n#tab_container_4608 .wpsm_nav-tabs > li > a:focus {\r\noutline: 0px !important;\r\n}\r\n\r\n#tab_container_4608 .wpsm_nav-tabs > li > a:before {\r\n\tdisplay:none !important;\r\n}\r\n#tab_container_4608 .wpsm_nav-tabs > li > a:after {\r\n\tdisplay:none !important ;\r\n}\r\n#tab_container_4608 .wpsm_nav-tabs > li{\r\npadding:0px !important ;\r\nmargin:0px;\r\n}\r\n\r\n#tab_container_4608 .wpsm_nav-tabs > li > a:hover , #tab_container_4608 .wpsm_nav-tabs > li > a:focus {\r\n    color: #000000 !important;\r\n    background-color: #e8e8e8 !important;\r\n\tborder: 1px solid #d5d5d5 !important;\r\n\t\r\n}\r\n#tab_container_4608 .wpsm_nav-tabs > li > a .fa{\r\n\r\nmargin-right:5px !important;\r\n\r\nmargin-left:5px !important;\r\n\r\n\r\n}\r\n\r\n\t\t#tab_container_4608 .wpsm_nav-tabs a{\r\n\t\t\tbackground-image: url(https:\/\/agora.xtec.cat\/iesjulioantonio\/wp-content\/plugins\/tabs-responsive\/assets\/images\/style-noise.png);\r\n\t\t\tbackground-position: 0 0;\r\n\t\t\tbackground-repeat: repeat-x;\r\n\t\t\t}\r\n\t\t\t\r\n\r\n\r\n#tab_container_4608 .wpsm_nav-tabs > li {\r\n    float: left;\r\n    margin-bottom: -1px !important;\r\n\tmargin-right:0px !important; \r\n}\r\n\r\n\r\n#tab_container_4608 .tab-content{\r\noverflow:hidden !important;\r\n}\r\n\r\n\r\n@media (min-width: 769px) {\r\n\r\n\t#tab_container_4608 .wpsm_nav-tabs > li{\r\n\t\tfloat:left !important ;\r\n\t\t\t\tmargin-right:-1px !important;\r\n\t\t\t\t\t}\r\n\t#tab_container_4608 .wpsm_nav-tabs{\r\n\t\tfloat:none !important;\r\n\t\tmargin:0px !important;\r\n\t}\r\n\r\n\t#tab_container_4608 .wpsm_nav-tabs > li {\r\n\t\t\t\t\r\n\t}\r\n\t#tab_container_4608 .wpsm_nav{\r\n\t\t\t}\r\n\r\n}\r\n\r\n\r\n\r\n@media (max-width: 768px) {\r\n\t#tab_container_4608 .wpsm_nav-tabs > li {\r\n\t\t\t\t\r\n\t}\r\n\t#tab_container_4608 .wpsm_nav{\r\n\t\t\t}\r\n}\r\n\r\n\r\n\t.wpsm_nav-tabs li:before{\r\n\t\tdisplay:none !important;\r\n\t}\r\n\r\n\t@media (max-width: 768px) {\r\n\t\t\t\t\r\n\t\t\t\t.wpsm_nav-tabs{\r\n\t\t\tmargin-left:0px !important;\r\n\t\t\tmargin-right:0px !important; \r\n\t\t\t\r\n\t\t}\r\n\t\t\t\t#tab_container_4608 .wpsm_nav-tabs > li{\r\n\t\t\tfloat:none !important;\r\n\t\t}\r\n\t\t\t\r\n\t}\t\t\t\t<\/style>\r\n\t\t\t\t<div id=\"tab_container_4608\" >\r\n\t \r\n\t\t\t\t\t<ul class=\"wpsm_nav wpsm_nav-tabs\" role=\"tablist\" id=\"myTab_4608\">\r\n\t\t\t\t\t\t\t\r\n\t\t\t\t\t\t\t<li role=\"presentation\"  class=\"active\"  onclick=\"do_resize()\">\r\n\r\n\t\t\t\t\t\t\t\t<!-- XTEC ************ MODIFICAT - Disable scrolling on tab change. Fixes error in option \"Tabs Description Animation\" -->\r\n\t\t\t\t\t\t\t\t<!-- 2021.12.01 @aginard -->\r\n\t\t\t\t\t\t\t\t<a href=\"javascript:void(0);\" aria-controls=\"tabs_desc_4608_1\" role=\"tab\" data-toggle=\"tab\" data-target=\"#tabs_desc_4608_1\">\r\n\t\t\t\t\t\t\t\t<!-- ORIGINAL\r\n\t\t\t\t\t\t\t\t<a href=\"#tabs_desc_4608_1\" aria-controls=\"tabs_desc_4608_1\" role=\"tab\" data-toggle=\"tab\">\r\n\t\t\t\t\t\t\t\t-->\r\n\t\t\t\t\t\t\t\t<!-- ************ FI -->\r\n\t\t\t\t\t\t\t\t\t\r\n\t\t\t\t\t\t\t\t\t\t\t\t\t\t\t\t\t\t\t\t\t\t\t\t\t\t\t\t\t\t\t<i class=\"fa fa-thumbs-up\"><\/i> \t\t\t\t\t\t\t\t\t\t\t\t\t\t\t\t\t\t\t\r\n\t\t\t\t\t\t\t\t\t\t\t\t\t\t\t\t\t\t\r\n\t\t\t\t\t\t\t\t\t<span>Principals ocupacions i llocs de treball<\/span>\r\n\t\t\t\t\t\t\t\t\t\r\n\t\t\t\t\t\t\t\t\t\t\t\t\t\t\t\t\t\t\r\n\t\t\t\t\t\t\t\t\t\t\t\t\t\t\t\t\t\t\t\t\r\n\t\t\t\t\t\t\t\t\t\r\n\t\t\t\t\t\t\t\t<\/a>\r\n\t\t\t\t\t\t\t<\/li>\r\n\t\t\t\t\t\t\t\r\n\t\t\t\t\t\t\t<li role=\"presentation\"  onclick=\"do_resize()\">\r\n\r\n\t\t\t\t\t\t\t\t<!-- XTEC ************ MODIFICAT - Disable scrolling on tab change. Fixes error in option \"Tabs Description Animation\" -->\r\n\t\t\t\t\t\t\t\t<!-- 2021.12.01 @aginard -->\r\n\t\t\t\t\t\t\t\t<a href=\"javascript:void(0);\" aria-controls=\"tabs_desc_4608_2\" role=\"tab\" data-toggle=\"tab\" data-target=\"#tabs_desc_4608_2\">\r\n\t\t\t\t\t\t\t\t<!-- ORIGINAL\r\n\t\t\t\t\t\t\t\t<a href=\"#tabs_desc_4608_2\" aria-controls=\"tabs_desc_4608_2\" role=\"tab\" data-toggle=\"tab\">\r\n\t\t\t\t\t\t\t\t-->\r\n\t\t\t\t\t\t\t\t<!-- ************ FI -->\r\n\t\t\t\t\t\t\t\t\t\r\n\t\t\t\t\t\t\t\t\t\t\t\t\t\t\t\t\t\t\t\t\t\t\t\t\t\t\t\t\t\t\t<i class=\"fa fa-thumbs-up\"><\/i> \t\t\t\t\t\t\t\t\t\t\t\t\t\t\t\t\t\t\t\r\n\t\t\t\t\t\t\t\t\t\t\t\t\t\t\t\t\t\t\r\n\t\t\t\t\t\t\t\t\t<span>Descripci\u00f3 del contingut curricular<\/span>\r\n\t\t\t\t\t\t\t\t\t\r\n\t\t\t\t\t\t\t\t\t\t\t\t\t\t\t\t\t\t\r\n\t\t\t\t\t\t\t\t\t\t\t\t\t\t\t\t\t\t\t\t\r\n\t\t\t\t\t\t\t\t\t\r\n\t\t\t\t\t\t\t\t<\/a>\r\n\t\t\t\t\t\t\t<\/li>\r\n\t\t\t\t\t\t\t\r\n\t\t\t\t\t\t\t<li role=\"presentation\"  onclick=\"do_resize()\">\r\n\r\n\t\t\t\t\t\t\t\t<!-- XTEC ************ MODIFICAT - Disable scrolling on tab change. Fixes error in option \"Tabs Description Animation\" -->\r\n\t\t\t\t\t\t\t\t<!-- 2021.12.01 @aginard -->\r\n\t\t\t\t\t\t\t\t<a href=\"javascript:void(0);\" aria-controls=\"tabs_desc_4608_3\" role=\"tab\" data-toggle=\"tab\" data-target=\"#tabs_desc_4608_3\">\r\n\t\t\t\t\t\t\t\t<!-- ORIGINAL\r\n\t\t\t\t\t\t\t\t<a href=\"#tabs_desc_4608_3\" aria-controls=\"tabs_desc_4608_3\" role=\"tab\" data-toggle=\"tab\">\r\n\t\t\t\t\t\t\t\t-->\r\n\t\t\t\t\t\t\t\t<!-- ************ FI -->\r\n\t\t\t\t\t\t\t\t\t\r\n\t\t\t\t\t\t\t\t\t\t\t\t\t\t\t\t\t\t\t\t\t\t\t\t\t\t\t\t\t\t\t<i class=\"fa fa-thumbs-up\"><\/i> \t\t\t\t\t\t\t\t\t\t\t\t\t\t\t\t\t\t\t\r\n\t\t\t\t\t\t\t\t\t\t\t\t\t\t\t\t\t\t\r\n\t\t\t\t\t\t\t\t\t<span>Serveis i projectes<\/span>\r\n\t\t\t\t\t\t\t\t\t\r\n\t\t\t\t\t\t\t\t\t\t\t\t\t\t\t\t\t\t\r\n\t\t\t\t\t\t\t\t\t\t\t\t\t\t\t\t\t\t\t\t\r\n\t\t\t\t\t\t\t\t\t\r\n\t\t\t\t\t\t\t\t<\/a>\r\n\t\t\t\t\t\t\t<\/li>\r\n\t\t\t\t\t\t\t\t\t\t\t <\/ul>\r\n\r\n\t\t\t\t\t  <!-- Tab panes -->\r\n\t\t\t\t\t  <div class=\"tab-content\" id=\"tab-content_4608\">\r\n\t\t\t\t\t\t\t\t\t\t\t\t <div role=\"tabpanel\" class=\"tab-pane  in active \" id=\"tabs_desc_4608_1\">\r\n\t\t\t\t\t\t\t\t<ul>\n<li>Personal auxiliar administratiu.<\/li>\n<li>Personal ajudant d\u2019oficina.<\/li>\n<li>Personal auxiliar administratiu de cobraments i pagaments<\/li>\n<li>Personal administratiu comercial.<\/li>\n<li>Personal auxiliar administratiu de gesti\u00f3 de personal.<\/li>\n<li>Personal auxiliar administratiu de les administracions p\u00fabliques.<\/li>\n<li>Recepcionista.<\/li>\n<li>Personal empleat d\u2019atenci\u00f3 al client.<\/li>\n<li>Personal empleat de tresoreria.<\/li>\n<li>Personal empleat de mitjans de pagament.<\/li>\n<\/ul>\n\t\t\t\t\t\t <\/div>\r\n\t\t\t\t\t\t\t\t\t\t\t\t <div role=\"tabpanel\" class=\"tab-pane \" id=\"tabs_desc_4608_2\">\r\n\t\t\t\t\t\t\t\t<ul>\n<li>\n<p>0437. Comunicaci\u00f3 empresarial i atenci\u00f3 al client.<\/p>\n<\/li>\n<li>\n<p>0438. Operacions administratives de compravenda.<\/p>\n<\/li>\n<li>\n<p>0439. Empresa i administraci\u00f3.<\/p>\n<\/li>\n<li>\n<p>0440. Tractament inform\u00e0tic de la informaci\u00f3.<\/p>\n<\/li>\n<li>\n<p>0441. T\u00e8cnica comptable.<\/p>\n<\/li>\n<li>\n<p>0442. Operacions administratives de recursos humans.<\/p>\n<\/li>\n<li>\n<p>0443. Tractament de la documentaci\u00f3 comptable.<\/p>\n<\/li>\n<li>\n<p>0446. Empresa a l\u2019 aula.<\/p>\n<\/li>\n<li>\n<p>0448. Operacions auxiliars de gesti\u00f3 de tresoreria.<\/p>\n<\/li>\n<li>\n<p>C056. Catal\u00e0\/ Aran\u00e8s professional.<\/p>\n<\/li>\n<li>\n<p>0156. Angl\u00e8s professional.<\/p>\n<\/li>\n<li>\n<p>1664. Digitalitzaci\u00f3 aplicada als sectors productius.<\/p>\n<\/li>\n<li>\n<p>1708. Sostenibilitat aplicada al sistema productiu.<\/p>\n<\/li>\n<li>\n<p>1709. Itinerari personal per a l'ocupabilitat I.<\/p>\n<\/li>\n<li>\n<p>1710. Itinerari personal per a l'ocupabilitat II.<\/p>\n<\/li>\n<li>\n<p>1713. Projecte intermodular.<\/p>\n<\/li>\n<li>\n<p>M\u00f2dul professional optatiu.<\/p>\n<\/li>\n<li>\n<p>Tutoria<\/p>\n<\/li>\n<\/ul>\n\t\t\t\t\t\t <\/div>\r\n\t\t\t\t\t\t\t\t\t\t\t\t <div role=\"tabpanel\" class=\"tab-pane \" id=\"tabs_desc_4608_3\">\r\n\t\t\t\t\t\t\t\t<ul>\n<li>Semipresencialitat<\/li>\n<li>Beques Erasmus+<\/li>\n<\/ul>\n\t\t\t\t\t\t <\/div>\r\n\t\t\t\t\t\t\t\r\n\t\t\t\t\t <\/div>\r\n\t\t\t\t\t \r\n\t\t\t\t <\/div>\r\n <script>\r\n\t\tjQuery(function () {\r\n\t\t\tjQuery('#myTab_4608 a:first').tab('show')\r\n\t\t});\r\n\t\t\r\n\t\t\t\tjQuery(function(){\r\n\t\t\tvar b=\"fadeIn\";\r\n\t\t\tvar c;\r\n\t\t\tvar a;\r\n\t\t\td(jQuery(\"#myTab_4608 a\"),jQuery(\"#tab-content_4608\"));function d(e,f,g){\r\n\t\t\t\te.click(function(i){\r\n\t\t\t\t\ti.preventDefault();\r\n\t\t\t\t\tjQuery(this).tab(\"show\");\r\n\t\t\t\t\tvar h=jQuery(this).data(\"easein\");\r\n\t\t\t\t\tif(c){c.removeClass(a);}\r\n\t\t\t\t\tif(h){f.find(\"div.active\").addClass(\"animated \"+h);a=h;}\r\n\t\t\t\t\telse{if(g){f.find(\"div.active\").addClass(\"animated \"+g);a=g;}else{f.find(\"div.active\").addClass(\"animated \"+b);a=b;}}c=f.find(\"div.active\");\r\n\t\t\t\t});\r\n\t\t\t}\r\n\t\t});\r\n\t\t\r\n\r\n\t\tfunction do_resize(){\r\n\r\n\t\t\tvar width=jQuery( '.tab-content .tab-pane iframe' ).width();\r\n\t\t\tvar height=jQuery( '.tab-content .tab-pane iframe' ).height();\r\n\r\n\t\t\tvar toggleSize = true;\r\n\t\t\tjQuery('iframe').animate({\r\n\t\t\t    width: toggleSize ? width : 640,\r\n\t\t\t    height: toggleSize ? height : 360\r\n\t\t\t  }, 250);\r\n\r\n\t\t\t  toggleSize = !toggleSize;\r\n\t\t}\r\n\r\n\r\n\t<\/script>\r\n\t\t\t\t\r\n\t\t\t\n","protected":false},"excerpt":{"rendered":"<p>FAM\u00cdLIA PROFESSIONAL: Administraci\u00f3 i gesti\u00f3 T\u00cdTOL:\u00a0T\u00e8cnic\/a en gesti\u00f3 administrativa DURADA: 2.000 hores, on 515 h s\u00f3n en centres de treball. Formaci\u00f3 en centres de treball. Compet\u00e8ncia general: La compet\u00e8ncia general d\u2019aquest t\u00edtol consisteix a realitzar activitats de suport administratiu en l&#8217;\u00e0mbit laboral, comptable, comercial, financer i fiscal, aix\u00ed com d&#8217;atenci\u00f3 al client\/usuari, tant en empreses [&hellip;]<\/p>\n","protected":false},"author":1,"featured_media":0,"parent":2579,"menu_order":4,"comment_status":"closed","ping_status":"closed","template":"page-templates\/side-menu.php","meta":{"_bbp_topic_count":0,"_bbp_reply_count":0,"_bbp_total_topic_count":0,"_bbp_total_reply_count":0,"_bbp_voice_count":0,"_bbp_anonymous_reply_count":0,"_bbp_topic_count_hidden":0,"_bbp_reply_count_hidden":0,"_bbp_forum_subforum_count":0,"site-sidebar-layout":"default","site-content-layout":"","ast-site-content-layout":"","site-content-style":"default","site-sidebar-style":"default","ast-global-header-display":"","ast-banner-title-visibility":"","ast-main-header-display":"","ast-hfb-above-header-display":"","ast-hfb-below-header-display":"","ast-hfb-mobile-header-display":"","site-post-title":"","ast-breadcrumbs-content":"","ast-featured-img":"","footer-sml-layout":"","theme-transparent-header-meta":"","adv-header-id-meta":"","stick-header-meta":"","header-above-stick-meta":"","header-main-stick-meta":"","header-below-stick-meta":"","astra-migrate-meta-layouts":"default","ast-page-background-enabled":"default","ast-page-background-meta":{"desktop":{"background-color":"var(--ast-global-color-4)","background-image":"","background-repeat":"repeat","background-position":"center center","background-size":"auto","background-attachment":"scroll","background-type":"","background-media":"","overlay-type":"","overlay-color":"","overlay-opacity":"","overlay-gradient":""},"tablet":{"background-color":"","background-image":"","background-repeat":"repeat","background-position":"center center","background-size":"auto","background-attachment":"scroll","background-type":"","background-media":"","overlay-type":"","overlay-color":"","overlay-opacity":"","overlay-gradient":""},"mobile":{"background-color":"","background-image":"","background-repeat":"repeat","background-position":"center center","background-size":"auto","background-attachment":"scroll","background-type":"","background-media":"","overlay-type":"","overlay-color":"","overlay-opacity":"","overlay-gradient":""}},"ast-content-background-meta":{"desktop":{"background-color":"var(--ast-global-color-5)","background-image":"","background-repeat":"repeat","background-position":"center center","background-size":"auto","background-attachment":"scroll","background-type":"","background-media":"","overlay-type":"","overlay-color":"","overlay-opacity":"","overlay-gradient":""},"tablet":{"background-color":"var(--ast-global-color-5)","background-image":"","background-repeat":"repeat","background-position":"center center","background-size":"auto","background-attachment":"scroll","background-type":"","background-media":"","overlay-type":"","overlay-color":"","overlay-opacity":"","overlay-gradient":""},"mobile":{"background-color":"var(--ast-global-color-5)","background-image":"","background-repeat":"repeat","background-position":"center center","background-size":"auto","background-attachment":"scroll","background-type":"","background-media":"","overlay-type":"","overlay-color":"","overlay-opacity":"","overlay-gradient":""}},"footnotes":""},"class_list":["post-2819","page","type-page","status-publish","hentry"],"post_mailing_queue_ids":[],"_links":{"self":[{"href":"https:\/\/agora.xtec.cat\/iesjulioantonio\/wp-json\/wp\/v2\/pages\/2819","targetHints":{"allow":["GET"]}}],"collection":[{"href":"https:\/\/agora.xtec.cat\/iesjulioantonio\/wp-json\/wp\/v2\/pages"}],"about":[{"href":"https:\/\/agora.xtec.cat\/iesjulioantonio\/wp-json\/wp\/v2\/types\/page"}],"author":[{"embeddable":true,"href":"https:\/\/agora.xtec.cat\/iesjulioantonio\/wp-json\/wp\/v2\/users\/1"}],"replies":[{"embeddable":true,"href":"https:\/\/agora.xtec.cat\/iesjulioantonio\/wp-json\/wp\/v2\/comments?post=2819"}],"version-history":[{"count":7,"href":"https:\/\/agora.xtec.cat\/iesjulioantonio\/wp-json\/wp\/v2\/pages\/2819\/revisions"}],"predecessor-version":[{"id":8261,"href":"https:\/\/agora.xtec.cat\/iesjulioantonio\/wp-json\/wp\/v2\/pages\/2819\/revisions\/8261"}],"up":[{"embeddable":true,"href":"https:\/\/agora.xtec.cat\/iesjulioantonio\/wp-json\/wp\/v2\/pages\/2579"}],"wp:attachment":[{"href":"https:\/\/agora.xtec.cat\/iesjulioantonio\/wp-json\/wp\/v2\/media?parent=2819"}],"curies":[{"name":"wp","href":"https:\/\/api.w.org\/{rel}","templated":true}]}}