{"id":2817,"date":"2019-05-29T16:18:45","date_gmt":"2019-05-29T14:18:45","guid":{"rendered":"http:\/\/agora.xtec.cat\/iesjulioantonio\/?page_id=2817"},"modified":"2025-03-26T10:45:58","modified_gmt":"2025-03-26T09:45:58","slug":"sistemes-microinformatics-i-xarxes","status":"publish","type":"page","link":"https:\/\/agora.xtec.cat\/iesjulioantonio\/cicles-formatius-2\/sistemes-microinformatics-i-xarxes\/","title":{"rendered":"CFGM Sistemes microinform\u00e0tics i xarxes"},"content":{"rendered":"\r\n\t<div class=\"slideshow_container slideshow_container_style-light\" style=\"height: 300px; \" data-slideshow-id=\"4580\" data-style-name=\"style-light\" data-style-version=\"2.3.1\" >\r\n\r\n\t\t\t\t\t<div class=\"slideshow_loading_icon\"><\/div>\r\n\t\t\r\n\t\t<div class=\"slideshow_content\" style=\"display: none;\">\r\n\r\n\t\t\t<div class=\"slideshow_view\">\r\n\t\t\t\t<div class=\"slideshow_slide slideshow_slide_image\">\r\n\t\t\t\t\t\t\t\t\t\t\t<img src=\"https:\/\/agora.xtec.cat\/iesjulioantonio\/wp-content\/uploads\/usu942\/2021\/04\/IMG-20210412-WA0002-1.jpg\" alt=\"IMG-20210412-WA0002\" width=\"2048\" height=\"1536\" \/>\r\n\t\t\t\t\t\t\t\t\t\t<div class=\"slideshow_description_box slideshow_transparent\">\r\n\t\t\t\t\t\t<div class=\"slideshow_title\">IMG-20210412-WA0002<\/div>\t\t\t\t\t\t\t\t\t\t\t<\/div>\r\n\t\t\t\t<\/div>\r\n\r\n\t\t\t\t\t\t<div style=\"clear: both;\"><\/div><\/div><div class=\"slideshow_view\">\r\n\t\t\t\t<div class=\"slideshow_slide slideshow_slide_image\">\r\n\t\t\t\t\t\t\t\t\t\t\t<img src=\"https:\/\/agora.xtec.cat\/iesjulioantonio\/wp-content\/uploads\/usu942\/2021\/04\/IMG-20210412-WA0001-1.jpg\" alt=\"IMG-20210412-WA0001\" width=\"2048\" height=\"1536\" \/>\r\n\t\t\t\t\t\t\t\t\t\t<div class=\"slideshow_description_box slideshow_transparent\">\r\n\t\t\t\t\t\t<div class=\"slideshow_title\">IMG-20210412-WA0001<\/div>\t\t\t\t\t\t\t\t\t\t\t<\/div>\r\n\t\t\t\t<\/div>\r\n\r\n\t\t\t\t\t\t<div style=\"clear: both;\"><\/div><\/div><div class=\"slideshow_view\">\r\n\t\t\t\t<div class=\"slideshow_slide slideshow_slide_image\">\r\n\t\t\t\t\t\t\t\t\t\t\t<img src=\"https:\/\/agora.xtec.cat\/iesjulioantonio\/wp-content\/uploads\/usu942\/2021\/04\/IMG_20210302_131748.jpg\" alt=\"IMG_20210302_131748\" width=\"4000\" height=\"2992\" \/>\r\n\t\t\t\t\t\t\t\t\t\t<div class=\"slideshow_description_box slideshow_transparent\">\r\n\t\t\t\t\t\t<div class=\"slideshow_title\">IMG_20210302_131748<\/div>\t\t\t\t\t\t\t\t\t\t\t<\/div>\r\n\t\t\t\t<\/div>\r\n\r\n\t\t\t\t\t\t<div style=\"clear: both;\"><\/div><\/div><div class=\"slideshow_view\">\r\n\t\t\t\t<div class=\"slideshow_slide slideshow_slide_image\">\r\n\t\t\t\t\t\t\t\t\t\t\t<img src=\"https:\/\/agora.xtec.cat\/iesjulioantonio\/wp-content\/uploads\/usu942\/2021\/04\/IMG_20210226_132809.jpg\" alt=\"IMG_20210226_132809\" width=\"4000\" height=\"2992\" \/>\r\n\t\t\t\t\t\t\t\t\t\t<div class=\"slideshow_description_box slideshow_transparent\">\r\n\t\t\t\t\t\t<div class=\"slideshow_title\">IMG_20210226_132809<\/div>\t\t\t\t\t\t\t\t\t\t\t<\/div>\r\n\t\t\t\t<\/div>\r\n\r\n\t\t\t\t\t\t<div style=\"clear: both;\"><\/div><\/div><div class=\"slideshow_view\">\r\n\t\t\t\t<div class=\"slideshow_slide slideshow_slide_image\">\r\n\t\t\t\t\t\t\t\t\t\t\t<img src=\"https:\/\/agora.xtec.cat\/iesjulioantonio\/wp-content\/uploads\/usu942\/2021\/04\/IMG_20210224_122346.jpg\" alt=\"IMG_20210224_122346\" width=\"4000\" height=\"2992\" \/>\r\n\t\t\t\t\t\t\t\t\t\t<div class=\"slideshow_description_box slideshow_transparent\">\r\n\t\t\t\t\t\t<div class=\"slideshow_title\">IMG_20210224_122346<\/div>\t\t\t\t\t\t\t\t\t\t\t<\/div>\r\n\t\t\t\t<\/div>\r\n\r\n\t\t\t\t\t\t<div style=\"clear: both;\"><\/div><\/div>\r\n\t\t<\/div>\r\n\r\n\t\t<div class=\"slideshow_controlPanel slideshow_transparent\" style=\"display: none;\"><ul><li class=\"slideshow_togglePlay\" data-play-text=\"Visualitza\" data-pause-text=\"Pausa\"><\/li><\/ul><\/div>\r\n\r\n\t\t<div class=\"slideshow_button slideshow_previous slideshow_transparent\" role=\"button\" data-previous-text=\"Anterior\" style=\"display: none;\"><\/div>\r\n\t\t<div class=\"slideshow_button slideshow_next slideshow_transparent\" role=\"button\" data-next-text=\"Seg\u00fcent\" style=\"display: none;\"><\/div>\r\n\r\n\t\t<div class=\"slideshow_pagination\" style=\"display: none;\" data-go-to-text=\"V\u00e9s a la diapositiva\"><div class=\"slideshow_pagination_center\"><\/div><\/div>\r\n\r\n\t\t<!-- WordPress Slideshow Version 2.3.1 -->\r\n\r\n\t\t\t<\/div>\r\n\r\n\n<p><strong>FAM\u00cdLIA PROFESSIONAL: <\/strong>Inform\u00e0tica i comunicacions<\/p>\n<p><strong>T\u00cdTOL:\u00a0<\/strong>T\u00e8cnic\/a en sistemes microinform\u00e0tics i xarxes<\/p>\n<p><strong>DURADA: <\/strong>2.000 hores, on 515 h s\u00f3n en centres de treball. Formaci\u00f3 en centres de treball.<\/p>\n<div style=\"width: 1920px;\" class=\"wp-video\"><!--[if lt IE 9]><script>document.createElement('video');<\/script><![endif]-->\n<video class=\"wp-video-shortcode\" id=\"video-2817-1\" width=\"1920\" height=\"1080\" preload=\"metadata\" controls=\"controls\"><source type=\"video\/mp4\" src=\"https:\/\/agora.xtec.cat\/iesjulioantonio\/wp-content\/uploads\/usu942\/2024\/05\/20240513_SMIX.mp4?_=1\" \/><a href=\"https:\/\/agora.xtec.cat\/iesjulioantonio\/wp-content\/uploads\/usu942\/2024\/05\/20240513_SMIX.mp4\">https:\/\/agora.xtec.cat\/iesjulioantonio\/wp-content\/uploads\/usu942\/2024\/05\/20240513_SMIX.mp4<\/a><\/video><\/div>\n<p>&nbsp;<\/p>\n<p><strong>Compet\u00e8ncia general: <\/strong>La compet\u00e8ncia general d\u2019aquest t\u00edtol consisteix a instal\u00b7lar, configurar i mantenir sistemes microinform\u00e0tics, a\u00efllats o en xarxa, aix\u00ed com xarxes locals en petits entorns, assegurant-ne la funcionalitat i aplicant els protocols de qualitat, seguretat i respecte al medi ambient establerts.<\/p>\n\t\t\t\t\t\t<style>\r\n\t\t\t\t\r\n\t\t\t\t\t#tab_container_4604 {\r\n\toverflow:hidden;\r\n\tdisplay:block;\r\n\twidth:100%;\r\n\tborder:0px solid #ddd;\r\n\tmargin-bottom:30px;\r\n\t}\r\n\r\n#tab_container_4604 .tab-content{\r\n\tpadding:20px;\r\n\tborder: 1px solid #e6e6e6 !important;\r\n\tmargin-top: 0px;\r\n\tbackground-color:#ffffff !important;\r\n\tcolor: #000000 !important;\r\n\tfont-size:16px !important;\r\n\tfont-family: Arial !important;\r\n\t\r\n\t\tborder: 1px solid #e6e6e6 !important;\r\n\t}\r\n#tab_container_4604 .wpsm_nav-tabs {\r\n    border-bottom: 0px solid #ddd;\r\n}\r\n#tab_container_4604 .wpsm_nav-tabs > li.active > a, #tab_container_4604 .wpsm_nav-tabs > li.active > a:hover, #tab_container_4604 .wpsm_nav-tabs > li.active > a:focus {\r\n\tcolor: #000000 !important;\r\n\tcursor: default;\r\n\tbackground-color: #81d742 !important;\r\n\tborder: 1px solid #68be29 !important;\r\n}\r\n\r\n#tab_container_4604 .wpsm_nav-tabs > li > a {\r\n    margin-right: 0px !important; \r\n    line-height: 1.42857143 !important;\r\n    border: 1px solid #d5d5d5 !important;\r\n    border-radius: 0px 0px 0 0 !important; \r\n\tbackground-color: #e8e8e8 !important;\r\n\tcolor: #000000 !important;\r\n\tpadding: 15px 18px 15px 18px !important;\r\n\ttext-decoration: none !important;\r\n\tfont-size: 18px !important;\r\n\ttext-align:center !important;\r\n\tfont-family: Arial !important;\r\n}\r\n#tab_container_4604 .wpsm_nav-tabs > li > a:focus {\r\noutline: 0px !important;\r\n}\r\n\r\n#tab_container_4604 .wpsm_nav-tabs > li > a:before {\r\n\tdisplay:none !important;\r\n}\r\n#tab_container_4604 .wpsm_nav-tabs > li > a:after {\r\n\tdisplay:none !important ;\r\n}\r\n#tab_container_4604 .wpsm_nav-tabs > li{\r\npadding:0px !important ;\r\nmargin:0px;\r\n}\r\n\r\n#tab_container_4604 .wpsm_nav-tabs > li > a:hover , #tab_container_4604 .wpsm_nav-tabs > li > a:focus {\r\n    color: #000000 !important;\r\n    background-color: #e8e8e8 !important;\r\n\tborder: 1px solid #d5d5d5 !important;\r\n\t\r\n}\r\n#tab_container_4604 .wpsm_nav-tabs > li > a .fa{\r\n\r\nmargin-right:5px !important;\r\n\r\nmargin-left:5px !important;\r\n\r\n\r\n}\r\n\r\n\t\t#tab_container_4604 .wpsm_nav-tabs a{\r\n\t\t\tbackground-image: url(https:\/\/agora.xtec.cat\/iesjulioantonio\/wp-content\/plugins\/tabs-responsive\/assets\/images\/style-noise.png);\r\n\t\t\tbackground-position: 0 0;\r\n\t\t\tbackground-repeat: repeat-x;\r\n\t\t\t}\r\n\t\t\t\r\n\r\n\r\n#tab_container_4604 .wpsm_nav-tabs > li {\r\n    float: left;\r\n    margin-bottom: -1px !important;\r\n\tmargin-right:0px !important; \r\n}\r\n\r\n\r\n#tab_container_4604 .tab-content{\r\noverflow:hidden !important;\r\n}\r\n\r\n\r\n@media (min-width: 769px) {\r\n\r\n\t#tab_container_4604 .wpsm_nav-tabs > li{\r\n\t\tfloat:left !important ;\r\n\t\t\t\tmargin-right:-1px !important;\r\n\t\t\t\t\t}\r\n\t#tab_container_4604 .wpsm_nav-tabs{\r\n\t\tfloat:none !important;\r\n\t\tmargin:0px !important;\r\n\t}\r\n\r\n\t#tab_container_4604 .wpsm_nav-tabs > li {\r\n\t\t\t\t\r\n\t}\r\n\t#tab_container_4604 .wpsm_nav{\r\n\t\t\t}\r\n\r\n}\r\n\r\n\r\n\r\n@media (max-width: 768px) {\r\n\t#tab_container_4604 .wpsm_nav-tabs > li {\r\n\t\t\t\t\r\n\t}\r\n\t#tab_container_4604 .wpsm_nav{\r\n\t\t\t}\r\n}\r\n\r\n\r\n\t.wpsm_nav-tabs li:before{\r\n\t\tdisplay:none !important;\r\n\t}\r\n\r\n\t@media (max-width: 768px) {\r\n\t\t\t\t\r\n\t\t\t\t.wpsm_nav-tabs{\r\n\t\t\tmargin-left:0px !important;\r\n\t\t\tmargin-right:0px !important; \r\n\t\t\t\r\n\t\t}\r\n\t\t\t\t#tab_container_4604 .wpsm_nav-tabs > li{\r\n\t\t\tfloat:none !important;\r\n\t\t}\r\n\t\t\t\r\n\t}\t\t\t\t<\/style>\r\n\t\t\t\t<div id=\"tab_container_4604\" >\r\n\t \r\n\t\t\t\t\t<ul class=\"wpsm_nav wpsm_nav-tabs\" role=\"tablist\" id=\"myTab_4604\">\r\n\t\t\t\t\t\t\t\r\n\t\t\t\t\t\t\t<li role=\"presentation\"  class=\"active\"  onclick=\"do_resize()\">\r\n\r\n\t\t\t\t\t\t\t\t<!-- XTEC ************ MODIFICAT - Disable scrolling on tab change. Fixes error in option \"Tabs Description Animation\" -->\r\n\t\t\t\t\t\t\t\t<!-- 2021.12.01 @aginard -->\r\n\t\t\t\t\t\t\t\t<a href=\"javascript:void(0);\" aria-controls=\"tabs_desc_4604_1\" role=\"tab\" data-toggle=\"tab\" data-target=\"#tabs_desc_4604_1\">\r\n\t\t\t\t\t\t\t\t<!-- ORIGINAL\r\n\t\t\t\t\t\t\t\t<a href=\"#tabs_desc_4604_1\" aria-controls=\"tabs_desc_4604_1\" role=\"tab\" data-toggle=\"tab\">\r\n\t\t\t\t\t\t\t\t-->\r\n\t\t\t\t\t\t\t\t<!-- ************ FI -->\r\n\t\t\t\t\t\t\t\t\t\r\n\t\t\t\t\t\t\t\t\t\t\t\t\t\t\t\t\t\t\t\t\t\t\t\t\t\t\t\t\t\t\t<i class=\"fa fa-laptop\"><\/i> \t\t\t\t\t\t\t\t\t\t\t\t\t\t\t\t\t\t\t\r\n\t\t\t\t\t\t\t\t\t\t\t\t\t\t\t\t\t\t\r\n\t\t\t\t\t\t\t\t\t<span>Principals ocupacions i llocs de treball<\/span>\r\n\t\t\t\t\t\t\t\t\t\r\n\t\t\t\t\t\t\t\t\t\t\t\t\t\t\t\t\t\t\r\n\t\t\t\t\t\t\t\t\t\t\t\t\t\t\t\t\t\t\t\t\r\n\t\t\t\t\t\t\t\t\t\r\n\t\t\t\t\t\t\t\t<\/a>\r\n\t\t\t\t\t\t\t<\/li>\r\n\t\t\t\t\t\t\t\r\n\t\t\t\t\t\t\t<li role=\"presentation\"  onclick=\"do_resize()\">\r\n\r\n\t\t\t\t\t\t\t\t<!-- XTEC ************ MODIFICAT - Disable scrolling on tab change. Fixes error in option \"Tabs Description Animation\" -->\r\n\t\t\t\t\t\t\t\t<!-- 2021.12.01 @aginard -->\r\n\t\t\t\t\t\t\t\t<a href=\"javascript:void(0);\" aria-controls=\"tabs_desc_4604_2\" role=\"tab\" data-toggle=\"tab\" data-target=\"#tabs_desc_4604_2\">\r\n\t\t\t\t\t\t\t\t<!-- ORIGINAL\r\n\t\t\t\t\t\t\t\t<a href=\"#tabs_desc_4604_2\" aria-controls=\"tabs_desc_4604_2\" role=\"tab\" data-toggle=\"tab\">\r\n\t\t\t\t\t\t\t\t-->\r\n\t\t\t\t\t\t\t\t<!-- ************ FI -->\r\n\t\t\t\t\t\t\t\t\t\r\n\t\t\t\t\t\t\t\t\t\t\t\t\t\t\t\t\t\t\t\t\t\t\t\t\t\t\t\t\t\t\t<i class=\"fa fa-laptop\"><\/i> \t\t\t\t\t\t\t\t\t\t\t\t\t\t\t\t\t\t\t\r\n\t\t\t\t\t\t\t\t\t\t\t\t\t\t\t\t\t\t\r\n\t\t\t\t\t\t\t\t\t<span>Descripci\u00f3 del contingut curricular<\/span>\r\n\t\t\t\t\t\t\t\t\t\r\n\t\t\t\t\t\t\t\t\t\t\t\t\t\t\t\t\t\t\r\n\t\t\t\t\t\t\t\t\t\t\t\t\t\t\t\t\t\t\t\t\r\n\t\t\t\t\t\t\t\t\t\r\n\t\t\t\t\t\t\t\t<\/a>\r\n\t\t\t\t\t\t\t<\/li>\r\n\t\t\t\t\t\t\t\r\n\t\t\t\t\t\t\t<li role=\"presentation\"  onclick=\"do_resize()\">\r\n\r\n\t\t\t\t\t\t\t\t<!-- XTEC ************ MODIFICAT - Disable scrolling on tab change. Fixes error in option \"Tabs Description Animation\" -->\r\n\t\t\t\t\t\t\t\t<!-- 2021.12.01 @aginard -->\r\n\t\t\t\t\t\t\t\t<a href=\"javascript:void(0);\" aria-controls=\"tabs_desc_4604_3\" role=\"tab\" data-toggle=\"tab\" data-target=\"#tabs_desc_4604_3\">\r\n\t\t\t\t\t\t\t\t<!-- ORIGINAL\r\n\t\t\t\t\t\t\t\t<a href=\"#tabs_desc_4604_3\" aria-controls=\"tabs_desc_4604_3\" role=\"tab\" data-toggle=\"tab\">\r\n\t\t\t\t\t\t\t\t-->\r\n\t\t\t\t\t\t\t\t<!-- ************ FI -->\r\n\t\t\t\t\t\t\t\t\t\r\n\t\t\t\t\t\t\t\t\t\t\t\t\t\t\t\t\t\t\t\t\t\t\t\t\t\t\t\t\t\t\t<i class=\"fa fa-laptop\"><\/i> \t\t\t\t\t\t\t\t\t\t\t\t\t\t\t\t\t\t\t\r\n\t\t\t\t\t\t\t\t\t\t\t\t\t\t\t\t\t\t\r\n\t\t\t\t\t\t\t\t\t<span>Serveis i projectes<\/span>\r\n\t\t\t\t\t\t\t\t\t\r\n\t\t\t\t\t\t\t\t\t\t\t\t\t\t\t\t\t\t\r\n\t\t\t\t\t\t\t\t\t\t\t\t\t\t\t\t\t\t\t\t\r\n\t\t\t\t\t\t\t\t\t\r\n\t\t\t\t\t\t\t\t<\/a>\r\n\t\t\t\t\t\t\t<\/li>\r\n\t\t\t\t\t\t\t\t\t\t\t <\/ul>\r\n\r\n\t\t\t\t\t  <!-- Tab panes -->\r\n\t\t\t\t\t  <div class=\"tab-content\" id=\"tab-content_4604\">\r\n\t\t\t\t\t\t\t\t\t\t\t\t <div role=\"tabpanel\" class=\"tab-pane  in active \" id=\"tabs_desc_4604_1\">\r\n\t\t\t\t\t\t\t\t<ul>\n<li>Personal t\u00e8cnic instal\u00b7lador-reparador d\u2019equips inform\u00e0tics.<\/li>\n<li>Personal t\u00e8cnic de suport inform\u00e0tic.<\/li>\n<li>Personal t\u00e8cnic de xarxes de dades.<\/li>\n<li>Personal reparador de perif\u00e8rics de sistemes microinform\u00e0tics.<\/li>\n<li>Comercials de microinform\u00e0tica.<\/li>\n<li>Personal operador de teleassist\u00e8ncia.<\/li>\n<li>Personal operador de sistemes.<\/li>\n<\/ul>\n\t\t\t\t\t\t <\/div>\r\n\t\t\t\t\t\t\t\t\t\t\t\t <div role=\"tabpanel\" class=\"tab-pane \" id=\"tabs_desc_4604_2\">\r\n\t\t\t\t\t\t\t\t<ul>\n<li>\n<p>0221. Muntatge i manteniment d\u2019equips.<\/p>\n<\/li>\n<li>\n<p>0222. Sistemes operatius monolloc.<\/p>\n<\/li>\n<li>\n<p>0223. Aplicacions ofim\u00e0tiques.<\/p>\n<\/li>\n<li>\n<p>0224. Sistemes operatius en xarxa.<\/p>\n<\/li>\n<li>\n<p>0225. Xarxes locals.<\/p>\n<\/li>\n<li>\n<p>0226. Seguretat inform\u00e0tica.<\/p>\n<\/li>\n<li>\n<p>0227. Serveis de xarxa.<\/p>\n<\/li>\n<li>\n<p>0228. Aplicacions web.<\/p>\n<\/li>\n<li>\n<p>0156. Angl\u00e8s professional.<\/p>\n<\/li>\n<li>\n<p>1664. Digitalitzaci\u00f3 aplicada als sectors productius.<\/p>\n<\/li>\n<li>\n<p>1708. Sostenibilitat aplicada al sistema productiu.<\/p>\n<\/li>\n<li>\n<p>1709. Itinerari personal per a l'ocupabilitat I.<\/p>\n<\/li>\n<li>\n<p>1710. Itinerari personal per a l'ocupabilitat II.<\/p>\n<\/li>\n<li>\n<p>1713. Projecte intermodular.<\/p>\n<\/li>\n<li>\n<p>M\u00f2dul professional optatiu.<\/p>\n<\/li>\n<li>\n<p>Tutoria<\/p>\n<\/li>\n<\/ul>\n\t\t\t\t\t\t <\/div>\r\n\t\t\t\t\t\t\t\t\t\t\t\t <div role=\"tabpanel\" class=\"tab-pane \" id=\"tabs_desc_4604_3\">\r\n\t\t\t\t\t\t\t\t<ul>\n<li>Semipresencialitat<\/li>\n<li>Beques Erasmus+<\/li>\n<\/ul>\n\t\t\t\t\t\t <\/div>\r\n\t\t\t\t\t\t\t\r\n\t\t\t\t\t <\/div>\r\n\t\t\t\t\t \r\n\t\t\t\t <\/div>\r\n <script>\r\n\t\tjQuery(function () {\r\n\t\t\tjQuery('#myTab_4604 a:first').tab('show')\r\n\t\t});\r\n\t\t\r\n\t\t\t\tjQuery(function(){\r\n\t\t\tvar b=\"fadeIn\";\r\n\t\t\tvar c;\r\n\t\t\tvar a;\r\n\t\t\td(jQuery(\"#myTab_4604 a\"),jQuery(\"#tab-content_4604\"));function d(e,f,g){\r\n\t\t\t\te.click(function(i){\r\n\t\t\t\t\ti.preventDefault();\r\n\t\t\t\t\tjQuery(this).tab(\"show\");\r\n\t\t\t\t\tvar h=jQuery(this).data(\"easein\");\r\n\t\t\t\t\tif(c){c.removeClass(a);}\r\n\t\t\t\t\tif(h){f.find(\"div.active\").addClass(\"animated \"+h);a=h;}\r\n\t\t\t\t\telse{if(g){f.find(\"div.active\").addClass(\"animated \"+g);a=g;}else{f.find(\"div.active\").addClass(\"animated \"+b);a=b;}}c=f.find(\"div.active\");\r\n\t\t\t\t});\r\n\t\t\t}\r\n\t\t});\r\n\t\t\r\n\r\n\t\tfunction do_resize(){\r\n\r\n\t\t\tvar width=jQuery( '.tab-content .tab-pane iframe' ).width();\r\n\t\t\tvar height=jQuery( '.tab-content .tab-pane iframe' ).height();\r\n\r\n\t\t\tvar toggleSize = true;\r\n\t\t\tjQuery('iframe').animate({\r\n\t\t\t    width: toggleSize ? width : 640,\r\n\t\t\t    height: toggleSize ? height : 360\r\n\t\t\t  }, 250);\r\n\r\n\t\t\t  toggleSize = !toggleSize;\r\n\t\t}\r\n\r\n\r\n\t<\/script>\r\n\t\t\t\t\r\n\t\t\t\n","protected":false},"excerpt":{"rendered":"<p>FAM\u00cdLIA PROFESSIONAL: Inform\u00e0tica i comunicacions T\u00cdTOL:\u00a0T\u00e8cnic\/a en sistemes microinform\u00e0tics i xarxes DURADA: 2.000 hores, on 515 h s\u00f3n en centres de treball. Formaci\u00f3 en centres de treball. &nbsp; Compet\u00e8ncia general: La compet\u00e8ncia general d\u2019aquest t\u00edtol consisteix a instal\u00b7lar, configurar i mantenir sistemes microinform\u00e0tics, a\u00efllats o en xarxa, aix\u00ed com xarxes locals en petits entorns, assegurant-ne [&hellip;]<\/p>\n","protected":false},"author":1,"featured_media":0,"parent":2579,"menu_order":3,"comment_status":"closed","ping_status":"closed","template":"page-templates\/side-menu.php","meta":{"_bbp_topic_count":0,"_bbp_reply_count":0,"_bbp_total_topic_count":0,"_bbp_total_reply_count":0,"_bbp_voice_count":0,"_bbp_anonymous_reply_count":0,"_bbp_topic_count_hidden":0,"_bbp_reply_count_hidden":0,"_bbp_forum_subforum_count":0,"site-sidebar-layout":"default","site-content-layout":"","ast-site-content-layout":"","site-content-style":"default","site-sidebar-style":"default","ast-global-header-display":"","ast-banner-title-visibility":"","ast-main-header-display":"","ast-hfb-above-header-display":"","ast-hfb-below-header-display":"","ast-hfb-mobile-header-display":"","site-post-title":"","ast-breadcrumbs-content":"","ast-featured-img":"","footer-sml-layout":"","theme-transparent-header-meta":"","adv-header-id-meta":"","stick-header-meta":"","header-above-stick-meta":"","header-main-stick-meta":"","header-below-stick-meta":"","astra-migrate-meta-layouts":"default","ast-page-background-enabled":"default","ast-page-background-meta":{"desktop":{"background-color":"var(--ast-global-color-4)","background-image":"","background-repeat":"repeat","background-position":"center center","background-size":"auto","background-attachment":"scroll","background-type":"","background-media":"","overlay-type":"","overlay-color":"","overlay-opacity":"","overlay-gradient":""},"tablet":{"background-color":"","background-image":"","background-repeat":"repeat","background-position":"center center","background-size":"auto","background-attachment":"scroll","background-type":"","background-media":"","overlay-type":"","overlay-color":"","overlay-opacity":"","overlay-gradient":""},"mobile":{"background-color":"","background-image":"","background-repeat":"repeat","background-position":"center center","background-size":"auto","background-attachment":"scroll","background-type":"","background-media":"","overlay-type":"","overlay-color":"","overlay-opacity":"","overlay-gradient":""}},"ast-content-background-meta":{"desktop":{"background-color":"var(--ast-global-color-5)","background-image":"","background-repeat":"repeat","background-position":"center center","background-size":"auto","background-attachment":"scroll","background-type":"","background-media":"","overlay-type":"","overlay-color":"","overlay-opacity":"","overlay-gradient":""},"tablet":{"background-color":"var(--ast-global-color-5)","background-image":"","background-repeat":"repeat","background-position":"center center","background-size":"auto","background-attachment":"scroll","background-type":"","background-media":"","overlay-type":"","overlay-color":"","overlay-opacity":"","overlay-gradient":""},"mobile":{"background-color":"var(--ast-global-color-5)","background-image":"","background-repeat":"repeat","background-position":"center center","background-size":"auto","background-attachment":"scroll","background-type":"","background-media":"","overlay-type":"","overlay-color":"","overlay-opacity":"","overlay-gradient":""}},"footnotes":""},"class_list":["post-2817","page","type-page","status-publish","hentry"],"post_mailing_queue_ids":[],"_links":{"self":[{"href":"https:\/\/agora.xtec.cat\/iesjulioantonio\/wp-json\/wp\/v2\/pages\/2817","targetHints":{"allow":["GET"]}}],"collection":[{"href":"https:\/\/agora.xtec.cat\/iesjulioantonio\/wp-json\/wp\/v2\/pages"}],"about":[{"href":"https:\/\/agora.xtec.cat\/iesjulioantonio\/wp-json\/wp\/v2\/types\/page"}],"author":[{"embeddable":true,"href":"https:\/\/agora.xtec.cat\/iesjulioantonio\/wp-json\/wp\/v2\/users\/1"}],"replies":[{"embeddable":true,"href":"https:\/\/agora.xtec.cat\/iesjulioantonio\/wp-json\/wp\/v2\/comments?post=2817"}],"version-history":[{"count":8,"href":"https:\/\/agora.xtec.cat\/iesjulioantonio\/wp-json\/wp\/v2\/pages\/2817\/revisions"}],"predecessor-version":[{"id":8269,"href":"https:\/\/agora.xtec.cat\/iesjulioantonio\/wp-json\/wp\/v2\/pages\/2817\/revisions\/8269"}],"up":[{"embeddable":true,"href":"https:\/\/agora.xtec.cat\/iesjulioantonio\/wp-json\/wp\/v2\/pages\/2579"}],"wp:attachment":[{"href":"https:\/\/agora.xtec.cat\/iesjulioantonio\/wp-json\/wp\/v2\/media?parent=2817"}],"curies":[{"name":"wp","href":"https:\/\/api.w.org\/{rel}","templated":true}]}}