{"id":2769,"date":"2019-05-26T16:19:10","date_gmt":"2019-05-26T14:19:10","guid":{"rendered":"http:\/\/agora.xtec.cat\/iesjulioantonio\/?page_id=2769"},"modified":"2026-03-24T18:15:23","modified_gmt":"2026-03-24T17:15:23","slug":"orientacio","status":"publish","type":"page","link":"https:\/\/agora.xtec.cat\/iesjulioantonio\/alumnat\/orientacio\/","title":{"rendered":"Orientaci\u00f3"},"content":{"rendered":"<p>A l\u2019Institut Julio Antonio l\u2019Orientaci\u00f3 Educativa va a c\u00e0rrec de la\u00a0<strong>Tere Moreso.<\/strong><\/p>\n<ul>\n<li><a href=\"https:\/\/orientacio.iesjulioantonio.cat\">Orientaci\u00f3 general de centre<\/a><\/li>\n<li><a href=\"http:\/\/agora.xtec.cat\/iesjulioantonio\/orientacio\/orientacio-cicles-formatius\/\">Orientaci\u00f3 Cicles Formatius<\/a><\/li>\n<li><a href=\"http:\/\/agora.xtec.cat\/iesjulioantonio\/orientacio\/orientacio-pfi\/\">Orientaci\u00f3 PFI<\/a><\/li>\n<li><a href=\"http:\/\/agora.xtec.cat\/iesjulioantonio\/orientacio\/eines-i-recursos-dorientacio\/\">Eines i recursos d&#8217;orientaci\u00f3 externs al centre<\/a><\/li>\n<\/ul>\n<p>Fent <a href=\"https:\/\/agora.xtec.cat\/iesjulioantonio\/wp-content\/uploads\/usu942\/2024\/04\/20240412_Revista-SALO_2024.pdf\">clic aqu\u00ed<\/a>, pots llegir la revista publicada en l&#8217;<strong>edici\u00f3 2024<\/strong> del <strong>Sal\u00f3 de l&#8217;Ensenyament<\/strong> amb tota la informaci\u00f3 d&#8217;itineraris.<\/p>\n","protected":false},"excerpt":{"rendered":"<p>A l\u2019Institut Julio Antonio l\u2019Orientaci\u00f3 Educativa va a c\u00e0rrec de la\u00a0Tere Moreso. Orientaci\u00f3 general de centre Orientaci\u00f3 Cicles Formatius Orientaci\u00f3 PFI Eines i recursos d&#8217;orientaci\u00f3 externs al centre Fent clic aqu\u00ed, pots llegir la revista publicada en l&#8217;edici\u00f3 2024 del Sal\u00f3 de l&#8217;Ensenyament amb tota la informaci\u00f3 d&#8217;itineraris.<\/p>\n","protected":false},"author":1,"featured_media":0,"parent":485,"menu_order":3,"comment_status":"closed","ping_status":"closed","template":"","meta":{"_bbp_topic_count":0,"_bbp_reply_count":0,"_bbp_total_topic_count":0,"_bbp_total_reply_count":0,"_bbp_voice_count":0,"_bbp_anonymous_reply_count":0,"_bbp_topic_count_hidden":0,"_bbp_reply_count_hidden":0,"_bbp_forum_subforum_count":0,"site-sidebar-layout":"default","site-content-layout":"","ast-site-content-layout":"default","site-content-style":"default","site-sidebar-style":"default","ast-global-header-display":"","ast-banner-title-visibility":"","ast-main-header-display":"","ast-hfb-above-header-display":"","ast-hfb-below-header-display":"","ast-hfb-mobile-header-display":"","site-post-title":"","ast-breadcrumbs-content":"","ast-featured-img":"","footer-sml-layout":"","theme-transparent-header-meta":"","adv-header-id-meta":"","stick-header-meta":"","header-above-stick-meta":"","header-main-stick-meta":"","header-below-stick-meta":"","astra-migrate-meta-layouts":"set","ast-page-background-enabled":"default","ast-page-background-meta":{"desktop":{"background-color":"var(--ast-global-color-4)","background-image":"","background-repeat":"repeat","background-position":"center center","background-size":"auto","background-attachment":"scroll","background-type":"","background-media":"","overlay-type":"","overlay-color":"","overlay-opacity":"","overlay-gradient":""},"tablet":{"background-color":"","background-image":"","background-repeat":"repeat","background-position":"center center","background-size":"auto","background-attachment":"scroll","background-type":"","background-media":"","overlay-type":"","overlay-color":"","overlay-opacity":"","overlay-gradient":""},"mobile":{"background-color":"","background-image":"","background-repeat":"repeat","background-position":"center center","background-size":"auto","background-attachment":"scroll","background-type":"","background-media":"","overlay-type":"","overlay-color":"","overlay-opacity":"","overlay-gradient":""}},"ast-content-background-meta":{"desktop":{"background-color":"var(--ast-global-color-5)","background-image":"","background-repeat":"repeat","background-position":"center center","background-size":"auto","background-attachment":"scroll","background-type":"","background-media":"","overlay-type":"","overlay-color":"","overlay-opacity":"","overlay-gradient":""},"tablet":{"background-color":"var(--ast-global-color-5)","background-image":"","background-repeat":"repeat","background-position":"center center","background-size":"auto","background-attachment":"scroll","background-type":"","background-media":"","overlay-type":"","overlay-color":"","overlay-opacity":"","overlay-gradient":""},"mobile":{"background-color":"var(--ast-global-color-5)","background-image":"","background-repeat":"repeat","background-position":"center center","background-size":"auto","background-attachment":"scroll","background-type":"","background-media":"","overlay-type":"","overlay-color":"","overlay-opacity":"","overlay-gradient":""}},"footnotes":""},"class_list":["post-2769","page","type-page","status-publish","hentry"],"post_mailing_queue_ids":[],"_links":{"self":[{"href":"https:\/\/agora.xtec.cat\/iesjulioantonio\/wp-json\/wp\/v2\/pages\/2769","targetHints":{"allow":["GET"]}}],"collection":[{"href":"https:\/\/agora.xtec.cat\/iesjulioantonio\/wp-json\/wp\/v2\/pages"}],"about":[{"href":"https:\/\/agora.xtec.cat\/iesjulioantonio\/wp-json\/wp\/v2\/types\/page"}],"author":[{"embeddable":true,"href":"https:\/\/agora.xtec.cat\/iesjulioantonio\/wp-json\/wp\/v2\/users\/1"}],"replies":[{"embeddable":true,"href":"https:\/\/agora.xtec.cat\/iesjulioantonio\/wp-json\/wp\/v2\/comments?post=2769"}],"version-history":[{"count":6,"href":"https:\/\/agora.xtec.cat\/iesjulioantonio\/wp-json\/wp\/v2\/pages\/2769\/revisions"}],"predecessor-version":[{"id":9018,"href":"https:\/\/agora.xtec.cat\/iesjulioantonio\/wp-json\/wp\/v2\/pages\/2769\/revisions\/9018"}],"up":[{"embeddable":true,"href":"https:\/\/agora.xtec.cat\/iesjulioantonio\/wp-json\/wp\/v2\/pages\/485"}],"wp:attachment":[{"href":"https:\/\/agora.xtec.cat\/iesjulioantonio\/wp-json\/wp\/v2\/media?parent=2769"}],"curies":[{"name":"wp","href":"https:\/\/api.w.org\/{rel}","templated":true}]}}