{"id":27,"date":"2014-09-17T16:24:03","date_gmt":"2014-09-17T16:24:03","guid":{"rendered":"http:\/\/agora.xtec.cat\/iesjulioantonio\/?page_id=27"},"modified":"2025-03-25T09:00:41","modified_gmt":"2025-03-25T08:00:41","slug":"historia","status":"publish","type":"page","link":"https:\/\/agora.xtec.cat\/iesjulioantonio\/linstitut\/historia\/","title":{"rendered":"Oferta educativa"},"content":{"rendered":"<h5>ESO<\/h5>\n<ul>\n<li>1r cicle<\/li>\n<li>2n cicle<\/li>\n<\/ul>\n<h5>BATXILLERAT<\/h5>\n<p><a href=\"https:\/\/agora.xtec.cat\/iesjulioantonio\/linstitut\/historia\/1r-de-batxillerat-curs-2022-23\/\"><strong>Fes clic aqu\u00ed per veure els itineraris<\/strong><\/a><\/p>\n<h5>FORMACI\u00d3 PROFESSIONAL<\/h5>\n<ul>\n<li>CFGM T\u00e8cnic en Gesti\u00f3 Administrativa.<\/li>\n<li>CFGM T\u00e8cnic en Electromec\u00e0nica de Vehicles Autom\u00f2bils.<\/li>\n<li>GFGM T\u00e8cnic en Sistemes Microinform\u00e0tica i Xarxes.<\/li>\n<li>CFGM T\u00e8cnic en Atenci\u00f3 a Persones en Situaci\u00f3 de Depend\u00e8ncia<\/li>\n<li>CFGS T\u00e8cnic superior en Educaci\u00f3 Infantil<\/li>\n<li>CFGS T\u00e8cnic superior en Animaci\u00f3 Sociocultural i Tur\u00edstica<\/li>\n<\/ul>\n<h5>(PFI) PROGRAMES DE FORMACI\u00d3 I INSERCI\u00d3<\/h5>\n<ul>\n<li>Programa de formaci\u00f3 i aprenentatge (FIAP): Auxiliar de serralleria i construccions met\u00e0l\u00b7liques<\/li>\n<li>Programa d\u2019iniciaci\u00f3 professional (PIP) Auxiliar de vendes, oficina i atenci\u00f3 al p\u00fablic<\/li>\n<\/ul>\n","protected":false},"excerpt":{"rendered":"<p>ESO 1r cicle 2n cicle BATXILLERAT Fes clic aqu\u00ed per veure els itineraris FORMACI\u00d3 PROFESSIONAL CFGM T\u00e8cnic en Gesti\u00f3 Administrativa. CFGM T\u00e8cnic en Electromec\u00e0nica de Vehicles Autom\u00f2bils. GFGM T\u00e8cnic en Sistemes Microinform\u00e0tica i Xarxes. CFGM T\u00e8cnic en Atenci\u00f3 a Persones en Situaci\u00f3 de Depend\u00e8ncia CFGS T\u00e8cnic superior en Educaci\u00f3 Infantil CFGS T\u00e8cnic superior en Animaci\u00f3 [&hellip;]<\/p>\n","protected":false},"author":1,"featured_media":0,"parent":19,"menu_order":6,"comment_status":"closed","ping_status":"closed","template":"page-templates\/side-menu.php","meta":{"_bbp_topic_count":0,"_bbp_reply_count":0,"_bbp_total_topic_count":0,"_bbp_total_reply_count":0,"_bbp_voice_count":0,"_bbp_anonymous_reply_count":0,"_bbp_topic_count_hidden":0,"_bbp_reply_count_hidden":0,"_bbp_forum_subforum_count":0,"site-sidebar-layout":"default","site-content-layout":"","ast-site-content-layout":"","site-content-style":"default","site-sidebar-style":"default","ast-global-header-display":"","ast-banner-title-visibility":"","ast-main-header-display":"","ast-hfb-above-header-display":"","ast-hfb-below-header-display":"","ast-hfb-mobile-header-display":"","site-post-title":"","ast-breadcrumbs-content":"","ast-featured-img":"","footer-sml-layout":"","theme-transparent-header-meta":"","adv-header-id-meta":"","stick-header-meta":"","header-above-stick-meta":"","header-main-stick-meta":"","header-below-stick-meta":"","astra-migrate-meta-layouts":"default","ast-page-background-enabled":"default","ast-page-background-meta":{"desktop":{"background-color":"var(--ast-global-color-4)","background-image":"","background-repeat":"repeat","background-position":"center center","background-size":"auto","background-attachment":"scroll","background-type":"","background-media":"","overlay-type":"","overlay-color":"","overlay-opacity":"","overlay-gradient":""},"tablet":{"background-color":"","background-image":"","background-repeat":"repeat","background-position":"center center","background-size":"auto","background-attachment":"scroll","background-type":"","background-media":"","overlay-type":"","overlay-color":"","overlay-opacity":"","overlay-gradient":""},"mobile":{"background-color":"","background-image":"","background-repeat":"repeat","background-position":"center center","background-size":"auto","background-attachment":"scroll","background-type":"","background-media":"","overlay-type":"","overlay-color":"","overlay-opacity":"","overlay-gradient":""}},"ast-content-background-meta":{"desktop":{"background-color":"var(--ast-global-color-5)","background-image":"","background-repeat":"repeat","background-position":"center center","background-size":"auto","background-attachment":"scroll","background-type":"","background-media":"","overlay-type":"","overlay-color":"","overlay-opacity":"","overlay-gradient":""},"tablet":{"background-color":"var(--ast-global-color-5)","background-image":"","background-repeat":"repeat","background-position":"center center","background-size":"auto","background-attachment":"scroll","background-type":"","background-media":"","overlay-type":"","overlay-color":"","overlay-opacity":"","overlay-gradient":""},"mobile":{"background-color":"var(--ast-global-color-5)","background-image":"","background-repeat":"repeat","background-position":"center center","background-size":"auto","background-attachment":"scroll","background-type":"","background-media":"","overlay-type":"","overlay-color":"","overlay-opacity":"","overlay-gradient":""}},"footnotes":""},"class_list":["post-27","page","type-page","status-publish","hentry"],"post_mailing_queue_ids":[],"_links":{"self":[{"href":"https:\/\/agora.xtec.cat\/iesjulioantonio\/wp-json\/wp\/v2\/pages\/27","targetHints":{"allow":["GET"]}}],"collection":[{"href":"https:\/\/agora.xtec.cat\/iesjulioantonio\/wp-json\/wp\/v2\/pages"}],"about":[{"href":"https:\/\/agora.xtec.cat\/iesjulioantonio\/wp-json\/wp\/v2\/types\/page"}],"author":[{"embeddable":true,"href":"https:\/\/agora.xtec.cat\/iesjulioantonio\/wp-json\/wp\/v2\/users\/1"}],"replies":[{"embeddable":true,"href":"https:\/\/agora.xtec.cat\/iesjulioantonio\/wp-json\/wp\/v2\/comments?post=27"}],"version-history":[{"count":5,"href":"https:\/\/agora.xtec.cat\/iesjulioantonio\/wp-json\/wp\/v2\/pages\/27\/revisions"}],"predecessor-version":[{"id":8250,"href":"https:\/\/agora.xtec.cat\/iesjulioantonio\/wp-json\/wp\/v2\/pages\/27\/revisions\/8250"}],"up":[{"embeddable":true,"href":"https:\/\/agora.xtec.cat\/iesjulioantonio\/wp-json\/wp\/v2\/pages\/19"}],"wp:attachment":[{"href":"https:\/\/agora.xtec.cat\/iesjulioantonio\/wp-json\/wp\/v2\/media?parent=27"}],"curies":[{"name":"wp","href":"https:\/\/api.w.org\/{rel}","templated":true}]}}