{"id":2697,"date":"2019-05-20T09:23:50","date_gmt":"2019-05-20T07:23:50","guid":{"rendered":"http:\/\/agora.xtec.cat\/iesjulioantonio\/?page_id=2697"},"modified":"2025-09-07T07:03:49","modified_gmt":"2025-09-07T05:03:49","slug":"geografia-i-historia","status":"publish","type":"page","link":"https:\/\/agora.xtec.cat\/iesjulioantonio\/departaments\/geografia-i-historia\/","title":{"rendered":"Ci\u00e8ncies socials"},"content":{"rendered":"<table style=\"border-collapse: collapse; width: 86.3893%; height: 355px;\" border=\"1\">\n<tbody>\n<tr style=\"height: 30px;\">\n<td style=\"background-color: #eb662d; height: 27px; text-align: center; width: 50%;\" colspan=\"2\">Geografia i Hist\u00f2ria<\/td>\n<\/tr>\n<tr style=\"height: 30px;\">\n<td style=\"width: 25%; height: 30px;\">Manolo Bobes<\/td>\n<td style=\"width: 25%; height: 30px;\">Cap de Departament<\/td>\n<\/tr>\n<tr style=\"height: 30px;\">\n<td style=\"width: 25%; height: 30px;\">Joan Ventura (0,5)<\/td>\n<td style=\"width: 25%; height: 30px;\"><\/td>\n<\/tr>\n<tr>\n<td style=\"width: 25%;\">Francesc Fuguet<\/td>\n<td style=\"width: 25%;\"><\/td>\n<\/tr>\n<tr style=\"height: 32px;\">\n<td style=\"width: 25%; height: 32px;\">Miquel Perell\u00f3<\/td>\n<td style=\"width: 25%; height: 32px;\"><\/td>\n<\/tr>\n<tr style=\"height: 30px;\">\n<td style=\"height: 20px; background-color: #eb662d; text-align: center; width: 50%;\" colspan=\"2\">Filosofia<\/td>\n<\/tr>\n<tr style=\"height: 30px;\">\n<td style=\"background-color: #ffffff; height: 30px; text-align: left; width: 25%;\">Jordi Mart\u00ed<\/td>\n<td style=\"background-color: #ffffff; height: 30px; width: 25%; text-align: left;\"><\/td>\n<\/tr>\n<tr style=\"height: 30px;\">\n<td style=\"height: 30px; width: 50%; background-color: #eb662d; text-align: center;\" colspan=\"2\">Economia<\/td>\n<\/tr>\n<tr style=\"height: 30px;\">\n<td style=\"text-align: left; height: 30px;\">Eva Pr\u00edncep<\/td>\n<td style=\"text-align: left; height: 30px;\"><\/td>\n<\/tr>\n<tr style=\"height: 32px;\">\n<td style=\"background-color: #eb662d; text-align: center; height: 32px;\" colspan=\"2\">Religi\u00f3<\/td>\n<\/tr>\n<tr style=\"height: 32px;\">\n<td style=\"text-align: left; height: 32px;\">Laia Manresa<\/td>\n<td style=\"text-align: left; height: 32px;\"><\/td>\n<\/tr>\n<\/tbody>\n<\/table>\n","protected":false},"excerpt":{"rendered":"<p>Geografia i Hist\u00f2ria Manolo Bobes Cap de Departament Joan Ventura (0,5) Francesc Fuguet Miquel Perell\u00f3 Filosofia Jordi Mart\u00ed Economia Eva Pr\u00edncep Religi\u00f3 Laia Manresa<\/p>\n","protected":false},"author":1,"featured_media":0,"parent":2553,"menu_order":0,"comment_status":"closed","ping_status":"closed","template":"","meta":{"_bbp_topic_count":0,"_bbp_reply_count":0,"_bbp_total_topic_count":0,"_bbp_total_reply_count":0,"_bbp_voice_count":0,"_bbp_anonymous_reply_count":0,"_bbp_topic_count_hidden":0,"_bbp_reply_count_hidden":0,"_bbp_forum_subforum_count":0,"site-sidebar-layout":"default","site-content-layout":"","ast-site-content-layout":"default","site-content-style":"default","site-sidebar-style":"default","ast-global-header-display":"","ast-banner-title-visibility":"","ast-main-header-display":"","ast-hfb-above-header-display":"","ast-hfb-below-header-display":"","ast-hfb-mobile-header-display":"","site-post-title":"","ast-breadcrumbs-content":"","ast-featured-img":"","footer-sml-layout":"","theme-transparent-header-meta":"","adv-header-id-meta":"","stick-header-meta":"","header-above-stick-meta":"","header-main-stick-meta":"","header-below-stick-meta":"","astra-migrate-meta-layouts":"set","ast-page-background-enabled":"default","ast-page-background-meta":{"desktop":{"background-color":"var(--ast-global-color-4)","background-image":"","background-repeat":"repeat","background-position":"center center","background-size":"auto","background-attachment":"scroll","background-type":"","background-media":"","overlay-type":"","overlay-color":"","overlay-opacity":"","overlay-gradient":""},"tablet":{"background-color":"","background-image":"","background-repeat":"repeat","background-position":"center center","background-size":"auto","background-attachment":"scroll","background-type":"","background-media":"","overlay-type":"","overlay-color":"","overlay-opacity":"","overlay-gradient":""},"mobile":{"background-color":"","background-image":"","background-repeat":"repeat","background-position":"center center","background-size":"auto","background-attachment":"scroll","background-type":"","background-media":"","overlay-type":"","overlay-color":"","overlay-opacity":"","overlay-gradient":""}},"ast-content-background-meta":{"desktop":{"background-color":"var(--ast-global-color-5)","background-image":"","background-repeat":"repeat","background-position":"center center","background-size":"auto","background-attachment":"scroll","background-type":"","background-media":"","overlay-type":"","overlay-color":"","overlay-opacity":"","overlay-gradient":""},"tablet":{"background-color":"var(--ast-global-color-5)","background-image":"","background-repeat":"repeat","background-position":"center center","background-size":"auto","background-attachment":"scroll","background-type":"","background-media":"","overlay-type":"","overlay-color":"","overlay-opacity":"","overlay-gradient":""},"mobile":{"background-color":"var(--ast-global-color-5)","background-image":"","background-repeat":"repeat","background-position":"center center","background-size":"auto","background-attachment":"scroll","background-type":"","background-media":"","overlay-type":"","overlay-color":"","overlay-opacity":"","overlay-gradient":""}},"footnotes":""},"class_list":["post-2697","page","type-page","status-publish","hentry"],"post_mailing_queue_ids":[],"_links":{"self":[{"href":"https:\/\/agora.xtec.cat\/iesjulioantonio\/wp-json\/wp\/v2\/pages\/2697","targetHints":{"allow":["GET"]}}],"collection":[{"href":"https:\/\/agora.xtec.cat\/iesjulioantonio\/wp-json\/wp\/v2\/pages"}],"about":[{"href":"https:\/\/agora.xtec.cat\/iesjulioantonio\/wp-json\/wp\/v2\/types\/page"}],"author":[{"embeddable":true,"href":"https:\/\/agora.xtec.cat\/iesjulioantonio\/wp-json\/wp\/v2\/users\/1"}],"replies":[{"embeddable":true,"href":"https:\/\/agora.xtec.cat\/iesjulioantonio\/wp-json\/wp\/v2\/comments?post=2697"}],"version-history":[{"count":5,"href":"https:\/\/agora.xtec.cat\/iesjulioantonio\/wp-json\/wp\/v2\/pages\/2697\/revisions"}],"predecessor-version":[{"id":8730,"href":"https:\/\/agora.xtec.cat\/iesjulioantonio\/wp-json\/wp\/v2\/pages\/2697\/revisions\/8730"}],"up":[{"embeddable":true,"href":"https:\/\/agora.xtec.cat\/iesjulioantonio\/wp-json\/wp\/v2\/pages\/2553"}],"wp:attachment":[{"href":"https:\/\/agora.xtec.cat\/iesjulioantonio\/wp-json\/wp\/v2\/media?parent=2697"}],"curies":[{"name":"wp","href":"https:\/\/api.w.org\/{rel}","templated":true}]}}