{"id":2683,"date":"2019-05-20T09:02:05","date_gmt":"2019-05-20T07:02:05","guid":{"rendered":"http:\/\/agora.xtec.cat\/iesjulioantonio\/?page_id=2683"},"modified":"2025-09-07T07:05:58","modified_gmt":"2025-09-07T05:05:58","slug":"llengua-castellana","status":"publish","type":"page","link":"https:\/\/agora.xtec.cat\/iesjulioantonio\/departaments\/llengua-castellana\/","title":{"rendered":"Lengua Castellana i Literatura"},"content":{"rendered":"<table style=\"border-collapse: collapse; width: 86.3893%; height: 292px;\" border=\"1\">\n<tbody>\n<tr style=\"height: 30px;\">\n<td style=\"background-color: #eb662d; height: 27px; text-align: center; width: 50%;\" colspan=\"2\">Professorat<\/td>\n<\/tr>\n<tr style=\"height: 30px;\">\n<td style=\"width: 25%; height: 30px;\">Marta Pros<\/td>\n<td style=\"width: 25%; height: 30px;\">Cap de Departament<\/td>\n<\/tr>\n<tr style=\"height: 30px;\">\n<td style=\"width: 25%; height: 30px;\">(Ana Bel\u00e9n Granja) &#8211; Carol Alguer\u00f3 (S)<\/td>\n<td style=\"width: 25%; height: 30px;\"><\/td>\n<\/tr>\n<tr style=\"height: 30px;\">\n<td style=\"width: 25%; height: 30px;\">Joan Farn\u00f3s<\/td>\n<td style=\"width: 25%; height: 30px;\">Director<\/td>\n<\/tr>\n<tr style=\"height: 30px;\">\n<td style=\"width: 25%; height: 30px;\">Sergio Prats<\/td>\n<td style=\"width: 25%; height: 30px;\">Cap d&#8217;Estudis<\/td>\n<\/tr>\n<tr style=\"height: 29px;\">\n<td style=\"width: 25%; height: 29px;\">Quique S\u00e1nchez<\/td>\n<td style=\"width: 25%; height: 29px;\"><\/td>\n<\/tr>\n<tr style=\"height: 26px;\">\n<td style=\"width: 25%; height: 26px;\">(Gema Mestre) &#8211; Marta Vilar\u00f3 (I)<\/td>\n<td style=\"width: 25%; height: 26px;\"><\/td>\n<\/tr>\n<tr style=\"height: 30px;\">\n<td style=\"height: 30px; background-color: #eb662d; text-align: center; width: 50%;\" colspan=\"2\">Lleng\u00fces Cl\u00e0ssiques<\/td>\n<\/tr>\n<tr style=\"height: 30px;\">\n<td style=\"text-align: left; height: 30px; width: 25%;\">(Erika Benavent) &#8211; (Carla Arb\u00f3) &#8211; Xavier Cervera (I)<\/td>\n<td style=\"text-align: left; width: 25%; height: 30px;\"><\/td>\n<\/tr>\n<tr style=\"height: 30px;\">\n<td style=\"height: 30px; text-align: left; width: 25%;\">Lara Faci<\/td>\n<td style=\"text-align: left; width: 25%; height: 30px;\">Cap d&#8217;Estudis adjunt<\/td>\n<\/tr>\n<\/tbody>\n<\/table>\n","protected":false},"excerpt":{"rendered":"<p>Professorat Marta Pros Cap de Departament (Ana Bel\u00e9n Granja) &#8211; Carol Alguer\u00f3 (S) Joan Farn\u00f3s Director Sergio Prats Cap d&#8217;Estudis Quique S\u00e1nchez (Gema Mestre) &#8211; Marta Vilar\u00f3 (I) Lleng\u00fces Cl\u00e0ssiques (Erika Benavent) &#8211; (Carla Arb\u00f3) &#8211; Xavier Cervera (I) Lara Faci Cap d&#8217;Estudis adjunt<\/p>\n","protected":false},"author":1,"featured_media":0,"parent":2553,"menu_order":0,"comment_status":"closed","ping_status":"closed","template":"","meta":{"_bbp_topic_count":0,"_bbp_reply_count":0,"_bbp_total_topic_count":0,"_bbp_total_reply_count":0,"_bbp_voice_count":0,"_bbp_anonymous_reply_count":0,"_bbp_topic_count_hidden":0,"_bbp_reply_count_hidden":0,"_bbp_forum_subforum_count":0,"site-sidebar-layout":"default","site-content-layout":"","ast-site-content-layout":"default","site-content-style":"default","site-sidebar-style":"default","ast-global-header-display":"","ast-banner-title-visibility":"","ast-main-header-display":"","ast-hfb-above-header-display":"","ast-hfb-below-header-display":"","ast-hfb-mobile-header-display":"","site-post-title":"","ast-breadcrumbs-content":"","ast-featured-img":"","footer-sml-layout":"","theme-transparent-header-meta":"","adv-header-id-meta":"","stick-header-meta":"","header-above-stick-meta":"","header-main-stick-meta":"","header-below-stick-meta":"","astra-migrate-meta-layouts":"set","ast-page-background-enabled":"default","ast-page-background-meta":{"desktop":{"background-color":"var(--ast-global-color-4)","background-image":"","background-repeat":"repeat","background-position":"center center","background-size":"auto","background-attachment":"scroll","background-type":"","background-media":"","overlay-type":"","overlay-color":"","overlay-opacity":"","overlay-gradient":""},"tablet":{"background-color":"","background-image":"","background-repeat":"repeat","background-position":"center center","background-size":"auto","background-attachment":"scroll","background-type":"","background-media":"","overlay-type":"","overlay-color":"","overlay-opacity":"","overlay-gradient":""},"mobile":{"background-color":"","background-image":"","background-repeat":"repeat","background-position":"center center","background-size":"auto","background-attachment":"scroll","background-type":"","background-media":"","overlay-type":"","overlay-color":"","overlay-opacity":"","overlay-gradient":""}},"ast-content-background-meta":{"desktop":{"background-color":"var(--ast-global-color-5)","background-image":"","background-repeat":"repeat","background-position":"center center","background-size":"auto","background-attachment":"scroll","background-type":"","background-media":"","overlay-type":"","overlay-color":"","overlay-opacity":"","overlay-gradient":""},"tablet":{"background-color":"var(--ast-global-color-5)","background-image":"","background-repeat":"repeat","background-position":"center center","background-size":"auto","background-attachment":"scroll","background-type":"","background-media":"","overlay-type":"","overlay-color":"","overlay-opacity":"","overlay-gradient":""},"mobile":{"background-color":"var(--ast-global-color-5)","background-image":"","background-repeat":"repeat","background-position":"center center","background-size":"auto","background-attachment":"scroll","background-type":"","background-media":"","overlay-type":"","overlay-color":"","overlay-opacity":"","overlay-gradient":""}},"footnotes":""},"class_list":["post-2683","page","type-page","status-publish","hentry"],"post_mailing_queue_ids":[],"_links":{"self":[{"href":"https:\/\/agora.xtec.cat\/iesjulioantonio\/wp-json\/wp\/v2\/pages\/2683","targetHints":{"allow":["GET"]}}],"collection":[{"href":"https:\/\/agora.xtec.cat\/iesjulioantonio\/wp-json\/wp\/v2\/pages"}],"about":[{"href":"https:\/\/agora.xtec.cat\/iesjulioantonio\/wp-json\/wp\/v2\/types\/page"}],"author":[{"embeddable":true,"href":"https:\/\/agora.xtec.cat\/iesjulioantonio\/wp-json\/wp\/v2\/users\/1"}],"replies":[{"embeddable":true,"href":"https:\/\/agora.xtec.cat\/iesjulioantonio\/wp-json\/wp\/v2\/comments?post=2683"}],"version-history":[{"count":4,"href":"https:\/\/agora.xtec.cat\/iesjulioantonio\/wp-json\/wp\/v2\/pages\/2683\/revisions"}],"predecessor-version":[{"id":8731,"href":"https:\/\/agora.xtec.cat\/iesjulioantonio\/wp-json\/wp\/v2\/pages\/2683\/revisions\/8731"}],"up":[{"embeddable":true,"href":"https:\/\/agora.xtec.cat\/iesjulioantonio\/wp-json\/wp\/v2\/pages\/2553"}],"wp:attachment":[{"href":"https:\/\/agora.xtec.cat\/iesjulioantonio\/wp-json\/wp\/v2\/media?parent=2683"}],"curies":[{"name":"wp","href":"https:\/\/api.w.org\/{rel}","templated":true}]}}