{"id":2602,"date":"2019-05-12T18:26:15","date_gmt":"2019-05-12T16:26:15","guid":{"rendered":"http:\/\/agora.xtec.cat\/iesjulioantonio\/?page_id=2602"},"modified":"2025-09-07T07:08:25","modified_gmt":"2025-09-07T05:08:25","slug":"naturals","status":"publish","type":"page","link":"https:\/\/agora.xtec.cat\/iesjulioantonio\/departaments\/naturals\/","title":{"rendered":"Ci\u00e8ncies experimentals"},"content":{"rendered":"<table style=\"border-collapse: collapse; width: 62.3487%; height: 148px;\" border=\"1\">\n<tbody>\n<tr style=\"height: 30px;\">\n<td style=\"background-color: #eb662d; height: 27px; text-align: center; width: 62.3487%;\" colspan=\"2\">Biologia<\/td>\n<\/tr>\n<tr style=\"height: 10px;\">\n<td style=\"width: 33.963%; height: 10px;\">M\u00f2nica Amor\u00f3s<\/td>\n<td style=\"width: 28.3857%; height: 10px;\"><\/td>\n<\/tr>\n<tr>\n<td style=\"width: 33.963%;\">Robert Costa<\/td>\n<td style=\"width: 28.3857%;\"><\/td>\n<\/tr>\n<tr>\n<td style=\"width: 33.963%;\">Teresa Fondevilla<\/td>\n<td style=\"width: 28.3857%;\"><\/td>\n<\/tr>\n<tr>\n<td style=\"width: 33.963%;\">Roman Borr\u00e0s<\/td>\n<td style=\"width: 28.3857%;\"><\/td>\n<\/tr>\n<tr style=\"height: 30px;\">\n<td style=\"height: 30px; background-color: #eb662d; text-align: center; width: 62.3487%;\" colspan=\"2\">F\u00edsica i qu\u00edmica<\/td>\n<\/tr>\n<tr style=\"height: 30px;\">\n<td style=\"width: 33.963%; height: 30px;\">Ernest Serrat<\/td>\n<td style=\"width: 28.3857%; height: 30px;\">Cap de Departament<\/td>\n<\/tr>\n<tr>\n<td style=\"width: 33.963%;\">Carles Torras<\/td>\n<td style=\"width: 28.3857%;\">Secretari<\/td>\n<\/tr>\n<tr>\n<td style=\"width: 33.963%;\">Roger Ribes (I)<\/td>\n<td style=\"width: 28.3857%;\"><\/td>\n<\/tr>\n<tr>\n<td style=\"width: 33.963%;\">(Antonio Arroyo) &#8211; Sandra Piculla (I)<\/td>\n<td style=\"width: 28.3857%;\"><\/td>\n<\/tr>\n<\/tbody>\n<\/table>\n<p>Per reservar els laboratoris del Departament de Ci\u00e8ncies, pots fer-ho mitjan\u00e7ant <a href=\"https:\/\/uslabce.iesjulioantonio.cat\/\">aquest aplicatiu web<\/a>.<\/p>\n<h3>Aplicaci\u00f3 web per la pr\u00e0ctica del c\u00e0lcul de concentracions<\/h3>\n<p>Hi ha disponible <a href=\"https:\/\/concentracions.iesjulioantonio.cat\">aquesta aplicaci\u00f3 web<\/a> per practicar el c\u00e0lcul de concentracions. \u00c9s una versi\u00f3 beta (millorable en diversos aspectes) en qu\u00e8 es generen dades aleat\u00f2riament per practicar aquest tipus de c\u00e0lcul. Es segueix una determinada metodologia que podeu consultar en <a href=\"https:\/\/agora.xtec.cat\/iesjulioantonio\/wp-content\/uploads\/usu942\/2023\/09\/20230926_Concentracions_ctorras_GuiaDidactica.pdf\">aquest document<\/a>. Finalment, en aquest v\u00eddeo, podeu veure el manual d&#8217;\u00fas de l&#8217;aplicaci\u00f3.<\/p>\n<div style=\"width: 1448px;\" class=\"wp-video\"><!--[if lt IE 9]><script>document.createElement('video');<\/script><![endif]-->\n<video class=\"wp-video-shortcode\" id=\"video-2602-1\" width=\"1448\" height=\"1080\" preload=\"metadata\" controls=\"controls\"><source type=\"video\/mp4\" src=\"https:\/\/agora.xtec.cat\/iesjulioantonio\/wp-content\/uploads\/usu942\/2023\/09\/20230926_Concentracions_ctorras_GuiaUs_web.mp4?_=1\" \/><a href=\"https:\/\/agora.xtec.cat\/iesjulioantonio\/wp-content\/uploads\/usu942\/2023\/09\/20230926_Concentracions_ctorras_GuiaUs_web.mp4\">https:\/\/agora.xtec.cat\/iesjulioantonio\/wp-content\/uploads\/usu942\/2023\/09\/20230926_Concentracions_ctorras_GuiaUs_web.mp4<\/a><\/video><\/div>\n","protected":false},"excerpt":{"rendered":"<p>Biologia M\u00f2nica Amor\u00f3s Robert Costa Teresa Fondevilla Roman Borr\u00e0s F\u00edsica i qu\u00edmica Ernest Serrat Cap de Departament Carles Torras Secretari Roger Ribes (I) (Antonio Arroyo) &#8211; Sandra Piculla (I) Per reservar els laboratoris del Departament de Ci\u00e8ncies, pots fer-ho mitjan\u00e7ant aquest aplicatiu web. Aplicaci\u00f3 web per la pr\u00e0ctica del c\u00e0lcul de concentracions Hi ha disponible [&hellip;]<\/p>\n","protected":false},"author":1,"featured_media":0,"parent":2553,"menu_order":0,"comment_status":"closed","ping_status":"closed","template":"","meta":{"_bbp_topic_count":0,"_bbp_reply_count":0,"_bbp_total_topic_count":0,"_bbp_total_reply_count":0,"_bbp_voice_count":0,"_bbp_anonymous_reply_count":0,"_bbp_topic_count_hidden":0,"_bbp_reply_count_hidden":0,"_bbp_forum_subforum_count":0,"site-sidebar-layout":"default","site-content-layout":"","ast-site-content-layout":"default","site-content-style":"default","site-sidebar-style":"default","ast-global-header-display":"","ast-banner-title-visibility":"","ast-main-header-display":"","ast-hfb-above-header-display":"","ast-hfb-below-header-display":"","ast-hfb-mobile-header-display":"","site-post-title":"","ast-breadcrumbs-content":"","ast-featured-img":"","footer-sml-layout":"","theme-transparent-header-meta":"","adv-header-id-meta":"","stick-header-meta":"","header-above-stick-meta":"","header-main-stick-meta":"","header-below-stick-meta":"","astra-migrate-meta-layouts":"set","ast-page-background-enabled":"default","ast-page-background-meta":{"desktop":{"background-color":"var(--ast-global-color-4)","background-image":"","background-repeat":"repeat","background-position":"center center","background-size":"auto","background-attachment":"scroll","background-type":"","background-media":"","overlay-type":"","overlay-color":"","overlay-opacity":"","overlay-gradient":""},"tablet":{"background-color":"","background-image":"","background-repeat":"repeat","background-position":"center center","background-size":"auto","background-attachment":"scroll","background-type":"","background-media":"","overlay-type":"","overlay-color":"","overlay-opacity":"","overlay-gradient":""},"mobile":{"background-color":"","background-image":"","background-repeat":"repeat","background-position":"center center","background-size":"auto","background-attachment":"scroll","background-type":"","background-media":"","overlay-type":"","overlay-color":"","overlay-opacity":"","overlay-gradient":""}},"ast-content-background-meta":{"desktop":{"background-color":"var(--ast-global-color-5)","background-image":"","background-repeat":"repeat","background-position":"center center","background-size":"auto","background-attachment":"scroll","background-type":"","background-media":"","overlay-type":"","overlay-color":"","overlay-opacity":"","overlay-gradient":""},"tablet":{"background-color":"var(--ast-global-color-5)","background-image":"","background-repeat":"repeat","background-position":"center center","background-size":"auto","background-attachment":"scroll","background-type":"","background-media":"","overlay-type":"","overlay-color":"","overlay-opacity":"","overlay-gradient":""},"mobile":{"background-color":"var(--ast-global-color-5)","background-image":"","background-repeat":"repeat","background-position":"center center","background-size":"auto","background-attachment":"scroll","background-type":"","background-media":"","overlay-type":"","overlay-color":"","overlay-opacity":"","overlay-gradient":""}},"footnotes":""},"class_list":["post-2602","page","type-page","status-publish","hentry"],"post_mailing_queue_ids":[],"_links":{"self":[{"href":"https:\/\/agora.xtec.cat\/iesjulioantonio\/wp-json\/wp\/v2\/pages\/2602","targetHints":{"allow":["GET"]}}],"collection":[{"href":"https:\/\/agora.xtec.cat\/iesjulioantonio\/wp-json\/wp\/v2\/pages"}],"about":[{"href":"https:\/\/agora.xtec.cat\/iesjulioantonio\/wp-json\/wp\/v2\/types\/page"}],"author":[{"embeddable":true,"href":"https:\/\/agora.xtec.cat\/iesjulioantonio\/wp-json\/wp\/v2\/users\/1"}],"replies":[{"embeddable":true,"href":"https:\/\/agora.xtec.cat\/iesjulioantonio\/wp-json\/wp\/v2\/comments?post=2602"}],"version-history":[{"count":5,"href":"https:\/\/agora.xtec.cat\/iesjulioantonio\/wp-json\/wp\/v2\/pages\/2602\/revisions"}],"predecessor-version":[{"id":8733,"href":"https:\/\/agora.xtec.cat\/iesjulioantonio\/wp-json\/wp\/v2\/pages\/2602\/revisions\/8733"}],"up":[{"embeddable":true,"href":"https:\/\/agora.xtec.cat\/iesjulioantonio\/wp-json\/wp\/v2\/pages\/2553"}],"wp:attachment":[{"href":"https:\/\/agora.xtec.cat\/iesjulioantonio\/wp-json\/wp\/v2\/media?parent=2602"}],"curies":[{"name":"wp","href":"https:\/\/api.w.org\/{rel}","templated":true}]}}