{"id":2579,"date":"2019-05-12T15:39:11","date_gmt":"2019-05-12T13:39:11","guid":{"rendered":"http:\/\/agora.xtec.cat\/iesjulioantonio\/?page_id=2579"},"modified":"2024-10-24T09:20:27","modified_gmt":"2024-10-24T07:20:27","slug":"cicles-formatius-2","status":"publish","type":"page","link":"https:\/\/agora.xtec.cat\/iesjulioantonio\/cicles-formatius-2\/","title":{"rendered":"Cicles Formatius"},"content":{"rendered":"<h5>PROFESSORAT<\/h5>\n<table style=\"border-collapse: collapse; width: 82.324%;\">\n<tbody>\n<tr>\n<td style=\"width: 40.3478%; background-color: #000000;\"><span style=\"color: #ffffff;\"><strong>\u00c0mbit Tecnol\u00f2gic<\/strong><\/span><\/td>\n<td style=\"width: 38.0437%; background-color: #000000;\"><span style=\"color: #ffffff;\"><strong>\u00c0mbit Serveis<\/strong><\/span><\/td>\n<td style=\"width: 27.3286%; background-color: #000000;\"><span style=\"color: #ffffff;\"><strong>PFI<\/strong><\/span><\/td>\n<\/tr>\n<tr>\n<td style=\"width: 40.3478%;\">\u00c0lex Subirats (cap de departament)<\/td>\n<td style=\"width: 38.0437%;\"><span style=\"background-color: #ffffff;\">N\u00faria Sayas (cap de departament)<\/span><\/td>\n<td style=\"width: 27.3286%;\">Dani L\u00f3pez<\/td>\n<\/tr>\n<tr>\n<td style=\"width: 40.3478%;\">Jordi \u00c0vila<\/td>\n<td style=\"width: 38.0437%;\">Gerard Monteverde<\/td>\n<td style=\"width: 27.3286%;\">V\u00edctor Angl\u00e9s<\/td>\n<\/tr>\n<tr>\n<td style=\"width: 40.3478%;\">Arnau Vidal<\/td>\n<td style=\"width: 38.0437%;\">Sofia Royo<\/td>\n<td style=\"width: 27.3286%;\">Marina Llop<\/td>\n<\/tr>\n<tr>\n<td style=\"width: 40.3478%;\">Mireia Simon<\/td>\n<td style=\"width: 38.0437%;\">Rub\u00e9n Castell\u00e0<\/td>\n<td style=\"width: 27.3286%;\">Salvador Porres<\/td>\n<\/tr>\n<tr>\n<td style=\"width: 40.3478%;\">David Caminero<\/td>\n<td style=\"width: 38.0437%;\">Donato G\u00f3mez<\/td>\n<td style=\"width: 27.3286%;\"><\/td>\n<\/tr>\n<tr>\n<td style=\"width: 40.3478%;\">Marc Fuertes<\/td>\n<td style=\"width: 38.0437%;\">Merc\u00e8 Guti\u00e9rrez<\/td>\n<td style=\"width: 27.3286%;\"><\/td>\n<\/tr>\n<tr>\n<td style=\"width: 40.3478%;\">Ivan Roche<\/td>\n<td style=\"width: 38.0437%;\">Agust\u00ed Cerveto<\/td>\n<td style=\"width: 27.3286%;\"><\/td>\n<\/tr>\n<tr>\n<td style=\"width: 40.3478%;\">\u00d3scar Capilla<\/td>\n<td style=\"width: 38.0437%;\">Felisa Dell\u00e0<\/td>\n<td style=\"width: 27.3286%;\"><\/td>\n<\/tr>\n<tr>\n<td style=\"width: 40.3478%;\">Domingo Jos\u00e9 Vidal<\/td>\n<td style=\"width: 38.0437%;\">Maria Mir\u00f3<\/td>\n<td style=\"width: 27.3286%;\"><\/td>\n<\/tr>\n<tr>\n<td style=\"width: 40.3478%;\">Marc Blanco<\/td>\n<td style=\"width: 38.0437%;\">Esther Orts<\/td>\n<td style=\"width: 27.3286%;\"><\/td>\n<\/tr>\n<\/tbody>\n<\/table>\n<p><strong style=\"font-family: inherit; font-size: 1em;\">CICLES FORMATIUS DE GRAU B\u00c0SIC<\/strong><\/p>\n<ul>\n<li><a href=\"https:\/\/agora.xtec.cat\/iesjulioantonio\/cicles-formatius-2\/cfgb-informatica-doficina\/\">Inform\u00e0tica d&#8217;oficina<\/a><\/li>\n<\/ul>\n<p><strong>CICLES FORMATIUS DE GRAU MITJ\u00c0<\/strong><\/p>\n<ul>\n<li><a href=\"https:\/\/agora.xtec.cat\/iesjulioantonio\/cicles-formatius-2\/automocio\/\">Electromec\u00e0nica de vehicles autom\u00f2bils<\/a><\/li>\n<li><a href=\"http:\/\/agora.xtec.cat\/iesjulioantonio\/cicles-formatius-2\/gestio-administrativa\/\">Gesti\u00f3 administrativa<\/a><\/li>\n<li><a href=\"https:\/\/agora.xtec.cat\/iesjulioantonio\/cicles-formatius-2\/atencio-persones-situacio-dependencia\/?preview_id=2821&amp;preview_nonce=b5fb821498&amp;preview=true\">Atenci\u00f3 a persones en situaci\u00f3 de depend\u00e8ncia<\/a><\/li>\n<li><a href=\"http:\/\/agora.xtec.cat\/iesjulioantonio\/cicles-formatius-2\/sistemes-microinformatics-i-xarxes\/\">Sistemes Microinform\u00e0tics i Xarxes<\/a><\/li>\n<\/ul>\n<p><strong>CICLES FORMATIUS DE GRAU SUPERIOR<\/strong><\/p>\n<ul>\n<li><a href=\"http:\/\/agora.xtec.cat\/iesjulioantonio\/cicles-formatius-2\/educacio-infantil\/\">Educaci\u00f3 Infantil<\/a><\/li>\n<li><a href=\"https:\/\/agora.xtec.cat\/iesjulioantonio\/cicles-formatius-2\/grau-superior-administracio-de-sistemes-informatics-i-xarxes\/\">Administracio\u0301 de Sistemes Informa\u0300tics i Xarxes<\/a><\/li>\n<\/ul>\n<p><strong>PROGRAMES DE FORMACI\u00d3 I INSERCI\u00d3 (PFI)<\/strong><\/p>\n<ul>\n<li><a href=\"https:\/\/agora.xtec.cat\/iesjulioantonio\/cicles-formatius-2\/programes-de-formacio-i-insercio-pfi\/\">Programes de formaci\u00f3 i inserci\u00f3<\/a><\/li>\n<\/ul>\n<p><a href=\"http:\/\/ensenyament.gencat.cat\/ca\/arees-actuacio\/fp\/\">Nou web de l&#8217;FP a Catalunya<\/a>: Espai que aglutina tota l&#8217;oferta de Formaci\u00f3 Professional<\/p>\n<div style=\"width: 1280px;\" class=\"wp-video\"><!--[if lt IE 9]><script>document.createElement('video');<\/script><![endif]-->\n<video class=\"wp-video-shortcode\" id=\"video-2579-1\" width=\"1280\" height=\"720\" preload=\"metadata\" controls=\"controls\"><source type=\"video\/mp4\" src=\"https:\/\/agora.xtec.cat\/iesjulioantonio\/wp-content\/uploads\/usu942\/2021\/04\/promo_general.m4v?_=1\" \/><a href=\"https:\/\/agora.xtec.cat\/iesjulioantonio\/wp-content\/uploads\/usu942\/2021\/04\/promo_general.m4v\">https:\/\/agora.xtec.cat\/iesjulioantonio\/wp-content\/uploads\/usu942\/2021\/04\/promo_general.m4v<\/a><\/video><\/div>\n","protected":false},"excerpt":{"rendered":"<p>PROFESSORAT \u00c0mbit Tecnol\u00f2gic \u00c0mbit Serveis PFI \u00c0lex Subirats (cap de departament) N\u00faria Sayas (cap de departament) Dani L\u00f3pez Jordi \u00c0vila Gerard Monteverde V\u00edctor Angl\u00e9s Arnau Vidal Sofia Royo Marina Llop Mireia Simon Rub\u00e9n Castell\u00e0 Salvador Porres David Caminero Donato G\u00f3mez Marc Fuertes Merc\u00e8 Guti\u00e9rrez Ivan Roche Agust\u00ed Cerveto \u00d3scar Capilla Felisa Dell\u00e0 Domingo Jos\u00e9 Vidal [&hellip;]<\/p>\n","protected":false},"author":1,"featured_media":0,"parent":0,"menu_order":0,"comment_status":"closed","ping_status":"closed","template":"page-templates\/side-menu.php","meta":{"_bbp_topic_count":0,"_bbp_reply_count":0,"_bbp_total_topic_count":0,"_bbp_total_reply_count":0,"_bbp_voice_count":0,"_bbp_anonymous_reply_count":0,"_bbp_topic_count_hidden":0,"_bbp_reply_count_hidden":0,"_bbp_forum_subforum_count":0,"site-sidebar-layout":"default","site-content-layout":"","ast-site-content-layout":"","site-content-style":"default","site-sidebar-style":"default","ast-global-header-display":"","ast-banner-title-visibility":"","ast-main-header-display":"","ast-hfb-above-header-display":"","ast-hfb-below-header-display":"","ast-hfb-mobile-header-display":"","site-post-title":"","ast-breadcrumbs-content":"","ast-featured-img":"","footer-sml-layout":"","theme-transparent-header-meta":"","adv-header-id-meta":"","stick-header-meta":"","header-above-stick-meta":"","header-main-stick-meta":"","header-below-stick-meta":"","astra-migrate-meta-layouts":"default","ast-page-background-enabled":"default","ast-page-background-meta":{"desktop":{"background-color":"var(--ast-global-color-4)","background-image":"","background-repeat":"repeat","background-position":"center center","background-size":"auto","background-attachment":"scroll","background-type":"","background-media":"","overlay-type":"","overlay-color":"","overlay-opacity":"","overlay-gradient":""},"tablet":{"background-color":"","background-image":"","background-repeat":"repeat","background-position":"center center","background-size":"auto","background-attachment":"scroll","background-type":"","background-media":"","overlay-type":"","overlay-color":"","overlay-opacity":"","overlay-gradient":""},"mobile":{"background-color":"","background-image":"","background-repeat":"repeat","background-position":"center center","background-size":"auto","background-attachment":"scroll","background-type":"","background-media":"","overlay-type":"","overlay-color":"","overlay-opacity":"","overlay-gradient":""}},"ast-content-background-meta":{"desktop":{"background-color":"var(--ast-global-color-5)","background-image":"","background-repeat":"repeat","background-position":"center center","background-size":"auto","background-attachment":"scroll","background-type":"","background-media":"","overlay-type":"","overlay-color":"","overlay-opacity":"","overlay-gradient":""},"tablet":{"background-color":"var(--ast-global-color-5)","background-image":"","background-repeat":"repeat","background-position":"center center","background-size":"auto","background-attachment":"scroll","background-type":"","background-media":"","overlay-type":"","overlay-color":"","overlay-opacity":"","overlay-gradient":""},"mobile":{"background-color":"var(--ast-global-color-5)","background-image":"","background-repeat":"repeat","background-position":"center center","background-size":"auto","background-attachment":"scroll","background-type":"","background-media":"","overlay-type":"","overlay-color":"","overlay-opacity":"","overlay-gradient":""}},"footnotes":""},"class_list":["post-2579","page","type-page","status-publish","hentry"],"post_mailing_queue_ids":[],"_links":{"self":[{"href":"https:\/\/agora.xtec.cat\/iesjulioantonio\/wp-json\/wp\/v2\/pages\/2579","targetHints":{"allow":["GET"]}}],"collection":[{"href":"https:\/\/agora.xtec.cat\/iesjulioantonio\/wp-json\/wp\/v2\/pages"}],"about":[{"href":"https:\/\/agora.xtec.cat\/iesjulioantonio\/wp-json\/wp\/v2\/types\/page"}],"author":[{"embeddable":true,"href":"https:\/\/agora.xtec.cat\/iesjulioantonio\/wp-json\/wp\/v2\/users\/1"}],"replies":[{"embeddable":true,"href":"https:\/\/agora.xtec.cat\/iesjulioantonio\/wp-json\/wp\/v2\/comments?post=2579"}],"version-history":[{"count":8,"href":"https:\/\/agora.xtec.cat\/iesjulioantonio\/wp-json\/wp\/v2\/pages\/2579\/revisions"}],"predecessor-version":[{"id":8072,"href":"https:\/\/agora.xtec.cat\/iesjulioantonio\/wp-json\/wp\/v2\/pages\/2579\/revisions\/8072"}],"wp:attachment":[{"href":"https:\/\/agora.xtec.cat\/iesjulioantonio\/wp-json\/wp\/v2\/media?parent=2579"}],"curies":[{"name":"wp","href":"https:\/\/api.w.org\/{rel}","templated":true}]}}