{"id":19,"date":"2014-09-17T14:56:56","date_gmt":"2014-09-17T14:56:56","guid":{"rendered":"http:\/\/agora.xtec.cat\/iesjulioantonio\/?page_id=19"},"modified":"2020-09-12T22:53:55","modified_gmt":"2020-09-12T20:53:55","slug":"linstitut","status":"publish","type":"page","link":"https:\/\/agora.xtec.cat\/iesjulioantonio\/linstitut\/","title":{"rendered":"L&#8217;institut"},"content":{"rendered":"<p><a href=\"https:\/\/agora.xtec.cat\/iesjulioantonio\/wp-content\/uploads\/usu942\/2019\/05\/iesjulioantonio-e1557914167402.png\"><img loading=\"lazy\" decoding=\"async\" class=\"wp-image-2626 aligncenter\" src=\"https:\/\/agora.xtec.cat\/iesjulioantonio\/wp-content\/uploads\/usu942\/2019\/05\/iesjulioantonio-1024x229.png\" alt=\"\" width=\"460\" height=\"103\" \/><\/a><\/p>\n<p>L&#8217;institut \u201cJulio Antonio\u201d es troba ubicat a la capital de la comarca de la Ribera d\u2019Ebre. Aquesta t\u00e9 una extensi\u00f3 de 825 Km. i es troba situada a les zones d\u2019influ\u00e8ncia de les \u00e0rees del Baix Camp i de les Terres de l\u2019Ebre, essent centre geogr\u00e0fic natural de tres focus econ\u00f2mics importants -Barcelona, Saragossa i Val\u00e8ncia- . La Ribera forma una estreta franja per on discorre l\u2019Ebre amb terres a les dues bandes. Segons les darreres dades (1996) compta amb una poblaci\u00f3 de 22.830 habitants.<\/p>\n<p>Cal puntualitzar que tradicionalment ha estat una comarca b\u00e0sicament agr\u00edcola a excepci\u00f3 de Flix \u2013 ind\u00fastria qu\u00edmica -, per\u00f2 d\u2019en\u00e7\u00e0 de la construcci\u00f3 de les centrals nuclears d\u2019Asc\u00f3 ha sofert una forta transformaci\u00f3. Avui en dia, el sector primari es troba en retroc\u00e9s generalitzat amb l\u2019excepci\u00f3 del regadiu ( a Benissanet, Miravet, Ginestar,\u2026); la ind\u00fastria no acaba de consolidar-se, malgrat les favorableL&#8217;institut \u201cJulio Antonio\u201d es troba ubicat a la capital de la comarca de la Ribera d\u2019Ebre. Aquesta t\u00e9 una extensi\u00f3 de 825 Km. i es troba situada a les zones d\u2019influ\u00e8ncia de les \u00e0rees del Baix Camp i de les Terres de l\u2019Ebre, essent centre geogr\u00e0fic natural de tres focus econ\u00f2mics importants -Barcelona, Saragossa i Val\u00e8ncia- . La Ribera forma una estreta franja per on discorre l\u2019Ebre amb terres a les dues bs condicions que presenta la comarca; i els serveis es troben concentrats a M\u00f3ra d\u2019Ebre, sobre tot, i tamb\u00e9 a Flix i M\u00f3ra la Nova. Amb tot cal dir que les nuclears d\u2019Asc\u00f3 tenen un pes decisiu en l\u2019economia de la comarca, sigui directament o indirectament, amb tot el que aix\u00f2 suposa.<\/p>\n<p>Tamb\u00e9 voldr\u00edem dir que la Ribera d\u2019Ebre, i en concret M\u00f3ra d\u2019Ebre, pel seu car\u00e0cter comercial i pel fet d\u2019albergar un hospital comarcal, atreu poblaci\u00f3 de les comarques ve\u00efnes de la Terra Alta i del Priorat i, en menys grau, del Baix Ebre. La comarca es troba dividida amb dues clares \u00e0rees d\u2019influ\u00e8ncia al voltant de M\u00f3ra d\u2019Ebre i Flix respectivament que tamb\u00e9 ens poden ajudar a entendre la seva realitat i tarann\u00e0.<\/p>\n<p>M\u00d3RA D\u2019EBRE<\/p>\n<p>M\u00f3ra d\u2019Ebre \u00e9s una poblaci\u00f3 situada a la riba dreta del riu Ebre, a una altitud de 38 m sobre el nivell del mar i amb una extensi\u00f3 de 44,7 km2. \u00ed\u2030s la capital de la Ribera d\u2019Ebre, comarca que juntament amb les ve\u00efnes Terra Alta, Baix Ebre i Montsi\u00e0, configuren les anomenades Terres de l\u2019Ebre, que tenen com a capital la ciutat de Tortosa. Tot i aquesta capitalitat, el Camp de Tarragona, amb les ciutats de Reus i Tarragona; i el Segri\u00e0, amb Lleida, s\u00f3n poblacions referencials de la nostra vila, sobretot pel que fa al comer\u00e7 i als serveis.<\/p>\n<p>La poblaci\u00f3 de M\u00f3ra d\u2019Ebre gira al voltant dels 5 mil habitants (5.098 habitants, l\u2019any 2005), sobre els poc m\u00e9s de 23 mil de la Ribera d\u2019Ebre.<\/p>\n<p>Pel que fa a l\u2019ocupaci\u00f3, M\u00f3ra \u00e9s b\u00e0sicament una poblaci\u00f3 de serveis (60 %) on es concentren bona part dels serveis comarcals (IES Julio Antonio, Hospital Comarcal, Consell Comarcal, comer\u00e7\u2026). La ind\u00fastria (21 %), la construcci\u00f3 (14 %) i l\u2019agricultura (5 %) (sec\u00e0- ametller, olivera- regadiu \u2013 horta, fruiters-) completen els sectors econ\u00f2mics morencs. Actualment, l\u2019\u00edndex d\u2019atur de la poblaci\u00f3 est\u00e0 al voltant del 9 % de la poblaci\u00f3 activa. Darrerament est\u00e0 augmentant la poblaci\u00f3 d\u2019immigrants, sobretot magrebins, per a treballar en feines de poca qualificaci\u00f3.<\/p>\n<p>El turisme \u00e9s una aposta de futur de la nostra vila. La recuperaci\u00f3 de l\u2019antiga navegaci\u00f3 pel riu \u00e9s la refer\u00e8ncia obligada. Podem visitar l\u2019Aubadera -zona d\u2019esbarjo vora el riu-, el castell \u2013 d\u2019origen isl\u00e0mic-, l\u2019esgl\u00e9sia Prioral -dedicada a Sant Joan Baptista-, el nucli antic, el paratge de Sant Jeroni (amb les ermites de Sant Jeroni i Santa Madrona, al peu de la Picossa (486 m), la muntanya m\u00e9s alta del terme), el convent de les monges M\u00ednimes i el monument dedicat a l\u2019escultor fill de la vila, Julio Antonio, empla\u00e7at a la pla\u00e7a de Dalt. Tamb\u00e9 \u00e9s digne de ser contemplat des de el passeig del Pont, el pont de les Arcades, que uneix les dues ribes amb la poblaci\u00f3 ve\u00efna de M\u00f3ra la Nova.<\/p>\n<p>Les festes m\u00e9s significades de la nostra poblaci\u00f3 s\u00f3n:<\/p>\n<p>\u2013 Sant Antoni, el 17 de gener, amb venda de coques i carrosses.<\/p>\n<p>\u2013 Carnaval, amb la cl\u00e0ssica rua el dissabte al vespre.<\/p>\n<p>\u2013 Setmana Cultural, per Sant Jordi, amb exposicions, confer\u00e8ncies, llibres, roses\u2026<\/p>\n<p>\u2013 Romiatge a l\u2019ermita de Sant Jeroni, amb el t\u00edpic ranxo, l\u20191 de maig.<\/p>\n<p>\u2013 Aplec de Sardanes, tamb\u00e9 a Sant Jeroni, el darrer diumenge de maig.<\/p>\n<p>\u2013 Nits d\u2019estiu a la Vora del Riu, caps de setmana de juliol i agost (ball,concerts\u2026)<\/p>\n<p>\u2013 Festes Majors, amb la Fira la M\u00f3ra Morisca, a principis de juliol.<\/p>\n<p>\u2013 Fira del Ca\u00e7ador, a Sant Jeroni, segon cap de setmana de setembre.<\/p>\n<p>\u2013 Festes de Nadal, amb la Fira de Nadal a la pla\u00e7a de Dalt.<\/p>\n","protected":false},"excerpt":{"rendered":"<p>L&#8217;institut \u201cJulio Antonio\u201d es troba ubicat a la capital de la comarca de la Ribera d\u2019Ebre. Aquesta t\u00e9 una extensi\u00f3 de 825 Km. i es troba situada a les zones d\u2019influ\u00e8ncia de les \u00e0rees del Baix Camp i de les Terres de l\u2019Ebre, essent centre geogr\u00e0fic natural de tres focus econ\u00f2mics importants -Barcelona, Saragossa i [&hellip;]<\/p>\n","protected":false},"author":1,"featured_media":0,"parent":0,"menu_order":0,"comment_status":"closed","ping_status":"closed","template":"page-templates\/side-menu.php","meta":{"_bbp_topic_count":0,"_bbp_reply_count":0,"_bbp_total_topic_count":0,"_bbp_total_reply_count":0,"_bbp_voice_count":0,"_bbp_anonymous_reply_count":0,"_bbp_topic_count_hidden":0,"_bbp_reply_count_hidden":0,"_bbp_forum_subforum_count":0,"site-sidebar-layout":"default","site-content-layout":"","ast-site-content-layout":"","site-content-style":"default","site-sidebar-style":"default","ast-global-header-display":"","ast-banner-title-visibility":"","ast-main-header-display":"","ast-hfb-above-header-display":"","ast-hfb-below-header-display":"","ast-hfb-mobile-header-display":"","site-post-title":"","ast-breadcrumbs-content":"","ast-featured-img":"","footer-sml-layout":"","theme-transparent-header-meta":"","adv-header-id-meta":"","stick-header-meta":"","header-above-stick-meta":"","header-main-stick-meta":"","header-below-stick-meta":"","astra-migrate-meta-layouts":"default","ast-page-background-enabled":"default","ast-page-background-meta":{"desktop":{"background-color":"var(--ast-global-color-4)","background-image":"","background-repeat":"repeat","background-position":"center center","background-size":"auto","background-attachment":"scroll","background-type":"","background-media":"","overlay-type":"","overlay-color":"","overlay-opacity":"","overlay-gradient":""},"tablet":{"background-color":"","background-image":"","background-repeat":"repeat","background-position":"center center","background-size":"auto","background-attachment":"scroll","background-type":"","background-media":"","overlay-type":"","overlay-color":"","overlay-opacity":"","overlay-gradient":""},"mobile":{"background-color":"","background-image":"","background-repeat":"repeat","background-position":"center center","background-size":"auto","background-attachment":"scroll","background-type":"","background-media":"","overlay-type":"","overlay-color":"","overlay-opacity":"","overlay-gradient":""}},"ast-content-background-meta":{"desktop":{"background-color":"var(--ast-global-color-5)","background-image":"","background-repeat":"repeat","background-position":"center center","background-size":"auto","background-attachment":"scroll","background-type":"","background-media":"","overlay-type":"","overlay-color":"","overlay-opacity":"","overlay-gradient":""},"tablet":{"background-color":"var(--ast-global-color-5)","background-image":"","background-repeat":"repeat","background-position":"center center","background-size":"auto","background-attachment":"scroll","background-type":"","background-media":"","overlay-type":"","overlay-color":"","overlay-opacity":"","overlay-gradient":""},"mobile":{"background-color":"var(--ast-global-color-5)","background-image":"","background-repeat":"repeat","background-position":"center center","background-size":"auto","background-attachment":"scroll","background-type":"","background-media":"","overlay-type":"","overlay-color":"","overlay-opacity":"","overlay-gradient":""}},"footnotes":""},"class_list":["post-19","page","type-page","status-publish","hentry"],"post_mailing_queue_ids":[],"_links":{"self":[{"href":"https:\/\/agora.xtec.cat\/iesjulioantonio\/wp-json\/wp\/v2\/pages\/19","targetHints":{"allow":["GET"]}}],"collection":[{"href":"https:\/\/agora.xtec.cat\/iesjulioantonio\/wp-json\/wp\/v2\/pages"}],"about":[{"href":"https:\/\/agora.xtec.cat\/iesjulioantonio\/wp-json\/wp\/v2\/types\/page"}],"author":[{"embeddable":true,"href":"https:\/\/agora.xtec.cat\/iesjulioantonio\/wp-json\/wp\/v2\/users\/1"}],"replies":[{"embeddable":true,"href":"https:\/\/agora.xtec.cat\/iesjulioantonio\/wp-json\/wp\/v2\/comments?post=19"}],"version-history":[{"count":3,"href":"https:\/\/agora.xtec.cat\/iesjulioantonio\/wp-json\/wp\/v2\/pages\/19\/revisions"}],"predecessor-version":[{"id":4033,"href":"https:\/\/agora.xtec.cat\/iesjulioantonio\/wp-json\/wp\/v2\/pages\/19\/revisions\/4033"}],"wp:attachment":[{"href":"https:\/\/agora.xtec.cat\/iesjulioantonio\/wp-json\/wp\/v2\/media?parent=19"}],"curies":[{"name":"wp","href":"https:\/\/api.w.org\/{rel}","templated":true}]}}