{"id":182,"date":"2013-11-08T23:49:09","date_gmt":"2013-11-08T22:49:09","guid":{"rendered":"http:\/\/iesjulioantonio.xtec.cat\/web\/?page_id=182"},"modified":"2013-11-08T23:49:09","modified_gmt":"2013-11-08T22:49:09","slug":"horari","status":"publish","type":"page","link":"https:\/\/agora.xtec.cat\/iesjulioantonio\/horari\/","title":{"rendered":"Horari"},"content":{"rendered":"<p><a href=\"https:\/\/agora.xtec.cat\/iesjulioantonio\/wp-content\/uploads\/usu942\/2013\/11\/horori.jpg\"><img loading=\"lazy\" decoding=\"async\" class=\"alignnone size-full wp-image-337\" src=\"https:\/\/agora.xtec.cat\/iesjulioantonio\/wp-content\/uploads\/usu942\/2013\/11\/horori.jpg\" alt=\"horori\" width=\"300\" height=\"168\" \/><\/a><\/p>\n<p>El centre romandr\u00e0 obert de dilluns a divendres en horari de 8 h. a 21:30 h.<\/p>\n<p>&nbsp;<\/p>\n<p>&nbsp;<\/p>\n<p><strong>Horari dels alumnes<\/strong><\/p>\n<p>&nbsp;<\/p>\n<p>En general:<\/p>\n<ul>\n<li>Mat\u00ed: 8;30 a 15<\/li>\n<li>Tarda: 15:30 a 21:30 (el PFI)<\/li>\n<\/ul>\n<p>&nbsp;<\/p>\n<p>&nbsp;<\/p>\n<table>\n<tbody>\n<tr>\n<td colspan=\"2\" width=\"576\"><strong>ESO<\/strong><\/td>\n<\/tr>\n<tr>\n<td width=\"67\">&nbsp;<\/td>\n<td width=\"509\">De dilluns a divendres de 8:30 h. a 15 h.<\/td>\n<\/tr>\n<\/tbody>\n<\/table>\n<p>&nbsp;<\/p>\n<p>&nbsp;<\/p>\n<table>\n<tbody>\n<tr>\n<td colspan=\"2\" width=\"576\"><strong>BATXILLERAT<\/strong><\/td>\n<\/tr>\n<tr>\n<td width=\"67\">&nbsp;<\/td>\n<td width=\"509\">De dilluns a divendres de 8:30 h. a 15 h.<\/td>\n<\/tr>\n<\/tbody>\n<\/table>\n<p>&nbsp;<\/p>\n<p>&nbsp;<\/p>\n<p>&nbsp;<\/p>\n<table>\n<tbody>\n<tr>\n<td colspan=\"2\" width=\"576\"><strong>CICLES FORMATIUS FP<\/strong><\/td>\n<\/tr>\n<tr>\n<td width=\"198\">CFGM Gesti\u00f3 Administrativa<\/td>\n<td width=\"378\"><strong>1r:<\/strong> Dill, Dc i Dj acaben14 h. Dt a les 15h i \u00a0Dv a les 14 h.<\/td>\n<\/tr>\n<tr>\n<td width=\"198\">&nbsp;<\/td>\n<td width=\"378\"><strong>2n: <\/strong>Dill, Dt i Dc acaben a14 h. Dj i Dv a les 13 h.<\/td>\n<\/tr>\n<tr>\n<td rowspan=\"2\" width=\"198\">CFGM Electromec\u00e0nica<\/td>\n<td width=\"378\"><strong>1r:<\/strong> Dill, Dc, Dj i Dv acaben a les 14 h, Dt fins les 15 h.<\/td>\n<\/tr>\n<tr>\n<td width=\"378\"><strong>2n:<\/strong> Dill, Dt i Dj acaben 14h. Dc\u00a0 i Dv 13 h.<\/td>\n<\/tr>\n<tr>\n<td rowspan=\"2\" width=\"198\">CFGM Inform\u00e0tica<\/td>\n<td width=\"378\"><strong>1r:<\/strong> Dill i Dt acaben 15h. \u00a0Dc, Dj i Dv 14 h.<\/td>\n<\/tr>\n<tr>\n<td width=\"378\"><strong>2n:<\/strong> Dill, Dc, Dj i Dv acaben a les 14 h, Dt fins les 15 h.<\/td>\n<\/tr>\n<tr>\n<td rowspan=\"2\" width=\"198\">CFGM Atenci\u00f3 a persones en situaci\u00f3 de depend\u00e8ncia<\/td>\n<td width=\"378\"><strong>1r:<\/strong> Tots els dies acaben a les 15 h.<\/td>\n<\/tr>\n<tr>\n<td width=\"378\"><strong>2n<\/strong>: \u00a0Dill no hi ha classe.Dt i Dc acaben 15h. Dj i Dv a les 14 h.<\/td>\n<\/tr>\n<tr>\n<td rowspan=\"2\" width=\"198\">CFGS Educaci\u00f3 Infantil<\/td>\n<td width=\"378\"><strong>1r:<\/strong> Dill, Dt, Dc acaben a les 15 h. Dj i dv a les 14 h.<\/td>\n<\/tr>\n<tr>\n<td width=\"378\"><strong>2n<\/strong>:\u00a0 Dill fins les 15 h. Dt, Dc i Dj caben 14h. Dv no hi ha classe.<\/td>\n<\/tr>\n<\/tbody>\n<\/table>\n<p>&nbsp;<\/p>\n<p>&nbsp;<\/p>\n<table>\n<tbody>\n<tr>\n<td colspan=\"2\" width=\"576\"><strong>PFI<\/strong><\/td>\n<\/tr>\n<tr>\n<td width=\"85\">Serralleria<\/td>\n<td width=\"491\">De dilluns a divendres de 15 h.\u00a0 a 21:30 h.<\/td>\n<\/tr>\n<tr>\n<td width=\"85\">Vendes<\/td>\n<td width=\"491\">De dilluns a divendres de 15 h.\u00a0 a 21:30 h.<\/td>\n<\/tr>\n<\/tbody>\n<\/table>\n<p>&nbsp;<\/p>\n<p>&nbsp;<\/p>\n<p>&nbsp;<\/p>\n<table>\n<tbody>\n<tr>\n<td width=\"261\"><strong>ESBARJO<\/strong><\/td>\n<td width=\"163\">&nbsp;<\/td>\n<\/tr>\n<tr>\n<td width=\"261\"><strong>ESO-BATXILLERAT I CF\/<\/strong><\/td>\n<td width=\"163\">11:30 &#8211; 12<\/td>\n<\/tr>\n<tr>\n<td width=\"261\"><strong>PFI Vendes<\/strong><\/td>\n<td width=\"163\">18 \u2013 18:30<\/td>\n<\/tr>\n<tr>\n<td width=\"261\"><strong>PFI Serralleria<\/strong><\/td>\n<td width=\"163\">18 \u2013 18:30<\/td>\n<\/tr>\n<\/tbody>\n<\/table>\n<p><a href=\"https:\/\/agora.xtec.cat\/iesjulioantonio\/wp-content\/uploads\/usu942\/2013\/11\/horori.jpg\">\u00a0<\/a><\/p>\n","protected":false},"excerpt":{"rendered":"<p>El centre romandr\u00e0 obert de dilluns a divendres en horari de 8 h. a 21:30 h. &nbsp; &nbsp; Horari dels alumnes &nbsp; En general: Mat\u00ed: 8;30 a 15 Tarda: 15:30 a 21:30 (el PFI) &nbsp; &nbsp; ESO &nbsp; De dilluns a divendres de 8:30 h. a 15 h. &nbsp; &nbsp; BATXILLERAT &nbsp; De dilluns a [&hellip;]<\/p>\n","protected":false},"author":1,"featured_media":0,"parent":0,"menu_order":0,"comment_status":"closed","ping_status":"closed","template":"","meta":{"_bbp_topic_count":0,"_bbp_reply_count":0,"_bbp_total_topic_count":0,"_bbp_total_reply_count":0,"_bbp_voice_count":0,"_bbp_anonymous_reply_count":0,"_bbp_topic_count_hidden":0,"_bbp_reply_count_hidden":0,"_bbp_forum_subforum_count":0,"site-sidebar-layout":"default","site-content-layout":"","ast-site-content-layout":"","site-content-style":"default","site-sidebar-style":"default","ast-global-header-display":"","ast-banner-title-visibility":"","ast-main-header-display":"","ast-hfb-above-header-display":"","ast-hfb-below-header-display":"","ast-hfb-mobile-header-display":"","site-post-title":"","ast-breadcrumbs-content":"","ast-featured-img":"","footer-sml-layout":"","theme-transparent-header-meta":"","adv-header-id-meta":"","stick-header-meta":"","header-above-stick-meta":"","header-main-stick-meta":"","header-below-stick-meta":"","astra-migrate-meta-layouts":"default","ast-page-background-enabled":"default","ast-page-background-meta":{"desktop":{"background-color":"var(--ast-global-color-4)","background-image":"","background-repeat":"repeat","background-position":"center center","background-size":"auto","background-attachment":"scroll","background-type":"","background-media":"","overlay-type":"","overlay-color":"","overlay-opacity":"","overlay-gradient":""},"tablet":{"background-color":"","background-image":"","background-repeat":"repeat","background-position":"center center","background-size":"auto","background-attachment":"scroll","background-type":"","background-media":"","overlay-type":"","overlay-color":"","overlay-opacity":"","overlay-gradient":""},"mobile":{"background-color":"","background-image":"","background-repeat":"repeat","background-position":"center center","background-size":"auto","background-attachment":"scroll","background-type":"","background-media":"","overlay-type":"","overlay-color":"","overlay-opacity":"","overlay-gradient":""}},"ast-content-background-meta":{"desktop":{"background-color":"var(--ast-global-color-5)","background-image":"","background-repeat":"repeat","background-position":"center center","background-size":"auto","background-attachment":"scroll","background-type":"","background-media":"","overlay-type":"","overlay-color":"","overlay-opacity":"","overlay-gradient":""},"tablet":{"background-color":"var(--ast-global-color-5)","background-image":"","background-repeat":"repeat","background-position":"center center","background-size":"auto","background-attachment":"scroll","background-type":"","background-media":"","overlay-type":"","overlay-color":"","overlay-opacity":"","overlay-gradient":""},"mobile":{"background-color":"var(--ast-global-color-5)","background-image":"","background-repeat":"repeat","background-position":"center center","background-size":"auto","background-attachment":"scroll","background-type":"","background-media":"","overlay-type":"","overlay-color":"","overlay-opacity":"","overlay-gradient":""}},"footnotes":""},"class_list":["post-182","page","type-page","status-publish","hentry"],"post_mailing_queue_ids":[],"_links":{"self":[{"href":"https:\/\/agora.xtec.cat\/iesjulioantonio\/wp-json\/wp\/v2\/pages\/182","targetHints":{"allow":["GET"]}}],"collection":[{"href":"https:\/\/agora.xtec.cat\/iesjulioantonio\/wp-json\/wp\/v2\/pages"}],"about":[{"href":"https:\/\/agora.xtec.cat\/iesjulioantonio\/wp-json\/wp\/v2\/types\/page"}],"author":[{"embeddable":true,"href":"https:\/\/agora.xtec.cat\/iesjulioantonio\/wp-json\/wp\/v2\/users\/1"}],"replies":[{"embeddable":true,"href":"https:\/\/agora.xtec.cat\/iesjulioantonio\/wp-json\/wp\/v2\/comments?post=182"}],"version-history":[{"count":0,"href":"https:\/\/agora.xtec.cat\/iesjulioantonio\/wp-json\/wp\/v2\/pages\/182\/revisions"}],"wp:attachment":[{"href":"https:\/\/agora.xtec.cat\/iesjulioantonio\/wp-json\/wp\/v2\/media?parent=182"}],"curies":[{"name":"wp","href":"https:\/\/api.w.org\/{rel}","templated":true}]}}