{"id":132,"date":"2013-11-08T17:49:56","date_gmt":"2013-11-08T16:49:56","guid":{"rendered":"http:\/\/iesjulioantonio.xtec.cat\/web\/?page_id=132"},"modified":"2013-11-08T17:49:56","modified_gmt":"2013-11-08T16:49:56","slug":"oferta-educativa","status":"publish","type":"page","link":"https:\/\/agora.xtec.cat\/iesjulioantonio\/oferta-educativa\/","title":{"rendered":"Oferta Educativa"},"content":{"rendered":"<p>A l&#8217;Institut Julio Antonio s&#8217;imparteixen els seg\u00fcents tipus d&#8217;estudis:<\/p>\n<p>ESO<\/p>\n<p>1r cicle<br \/>\n2n cicle<\/p>\n<p>BATXILLERAT<\/p>\n<p>Modalitat de batxillerat de Ci\u00e8ncies i tecnolog\u00eda<br \/>\nModalitat de batxillerat d&#8217;Humanitats i Ci\u00e8ncies Socials.<\/p>\n<p>FORMACI\u00d3 PROFESSIONAL<\/p>\n<p>CFGM T\u00e8cnic en gesti\u00f3 administrativa.<br \/>\nCFGM Electromec\u00e0nica de vehicles.<br \/>\nGFGM Sistemes microinform\u00e0tics i xarxes.<br \/>\nCFGM Atenci\u00f3 a persones en situaci\u00f3 de depend\u00e8ncia<br \/>\nCFGS T\u00e8cnic superior en edicaci\u00f3 infantil<\/p>\n<p>PQPI<\/p>\n<p>PQPI Auxiliar en vendes<br \/>\nPQPI Auxiliar de serralleria i construccions met\u00e0l&#8221;\u00a2liques<\/p>\n","protected":false},"excerpt":{"rendered":"<p>A l&#8217;Institut Julio Antonio s&#8217;imparteixen els seg\u00fcents tipus d&#8217;estudis: ESO 1r cicle 2n cicle BATXILLERAT Modalitat de batxillerat de Ci\u00e8ncies i tecnolog\u00eda Modalitat de batxillerat d&#8217;Humanitats i Ci\u00e8ncies Socials. FORMACI\u00d3 PROFESSIONAL CFGM T\u00e8cnic en gesti\u00f3 administrativa. CFGM Electromec\u00e0nica de vehicles. GFGM Sistemes microinform\u00e0tics i xarxes. CFGM Atenci\u00f3 a persones en situaci\u00f3 de depend\u00e8ncia CFGS T\u00e8cnic [&hellip;]<\/p>\n","protected":false},"author":1,"featured_media":0,"parent":0,"menu_order":0,"comment_status":"closed","ping_status":"closed","template":"","meta":{"_bbp_topic_count":0,"_bbp_reply_count":0,"_bbp_total_topic_count":0,"_bbp_total_reply_count":0,"_bbp_voice_count":0,"_bbp_anonymous_reply_count":0,"_bbp_topic_count_hidden":0,"_bbp_reply_count_hidden":0,"_bbp_forum_subforum_count":0,"site-sidebar-layout":"default","site-content-layout":"","ast-site-content-layout":"","site-content-style":"default","site-sidebar-style":"default","ast-global-header-display":"","ast-banner-title-visibility":"","ast-main-header-display":"","ast-hfb-above-header-display":"","ast-hfb-below-header-display":"","ast-hfb-mobile-header-display":"","site-post-title":"","ast-breadcrumbs-content":"","ast-featured-img":"","footer-sml-layout":"","theme-transparent-header-meta":"","adv-header-id-meta":"","stick-header-meta":"","header-above-stick-meta":"","header-main-stick-meta":"","header-below-stick-meta":"","astra-migrate-meta-layouts":"default","ast-page-background-enabled":"default","ast-page-background-meta":{"desktop":{"background-color":"var(--ast-global-color-4)","background-image":"","background-repeat":"repeat","background-position":"center center","background-size":"auto","background-attachment":"scroll","background-type":"","background-media":"","overlay-type":"","overlay-color":"","overlay-opacity":"","overlay-gradient":""},"tablet":{"background-color":"","background-image":"","background-repeat":"repeat","background-position":"center center","background-size":"auto","background-attachment":"scroll","background-type":"","background-media":"","overlay-type":"","overlay-color":"","overlay-opacity":"","overlay-gradient":""},"mobile":{"background-color":"","background-image":"","background-repeat":"repeat","background-position":"center center","background-size":"auto","background-attachment":"scroll","background-type":"","background-media":"","overlay-type":"","overlay-color":"","overlay-opacity":"","overlay-gradient":""}},"ast-content-background-meta":{"desktop":{"background-color":"var(--ast-global-color-5)","background-image":"","background-repeat":"repeat","background-position":"center center","background-size":"auto","background-attachment":"scroll","background-type":"","background-media":"","overlay-type":"","overlay-color":"","overlay-opacity":"","overlay-gradient":""},"tablet":{"background-color":"var(--ast-global-color-5)","background-image":"","background-repeat":"repeat","background-position":"center center","background-size":"auto","background-attachment":"scroll","background-type":"","background-media":"","overlay-type":"","overlay-color":"","overlay-opacity":"","overlay-gradient":""},"mobile":{"background-color":"var(--ast-global-color-5)","background-image":"","background-repeat":"repeat","background-position":"center center","background-size":"auto","background-attachment":"scroll","background-type":"","background-media":"","overlay-type":"","overlay-color":"","overlay-opacity":"","overlay-gradient":""}},"footnotes":""},"class_list":["post-132","page","type-page","status-publish","hentry"],"post_mailing_queue_ids":[],"_links":{"self":[{"href":"https:\/\/agora.xtec.cat\/iesjulioantonio\/wp-json\/wp\/v2\/pages\/132","targetHints":{"allow":["GET"]}}],"collection":[{"href":"https:\/\/agora.xtec.cat\/iesjulioantonio\/wp-json\/wp\/v2\/pages"}],"about":[{"href":"https:\/\/agora.xtec.cat\/iesjulioantonio\/wp-json\/wp\/v2\/types\/page"}],"author":[{"embeddable":true,"href":"https:\/\/agora.xtec.cat\/iesjulioantonio\/wp-json\/wp\/v2\/users\/1"}],"replies":[{"embeddable":true,"href":"https:\/\/agora.xtec.cat\/iesjulioantonio\/wp-json\/wp\/v2\/comments?post=132"}],"version-history":[{"count":0,"href":"https:\/\/agora.xtec.cat\/iesjulioantonio\/wp-json\/wp\/v2\/pages\/132\/revisions"}],"wp:attachment":[{"href":"https:\/\/agora.xtec.cat\/iesjulioantonio\/wp-json\/wp\/v2\/media?parent=132"}],"curies":[{"name":"wp","href":"https:\/\/api.w.org\/{rel}","templated":true}]}}