{"id":1126,"date":"2019-07-25T14:30:33","date_gmt":"2019-07-25T12:30:33","guid":{"rendered":"http:\/\/iesjulioantonio.cat\/?page_id=1126"},"modified":"2026-04-08T10:42:56","modified_gmt":"2026-04-08T08:42:56","slug":"matricula-batxillerat","status":"publish","type":"page","link":"https:\/\/agora.xtec.cat\/iesjulioantonio\/pagines-dinici\/pagina-dinici-buida\/preinscripcions\/matricula-batxillerat\/","title":{"rendered":"Preinscripci\u00f3 i Matr\u00edcula al Batxillerat. Curs 2026-2027"},"content":{"rendered":"<div>08\/04\/2026:\u00a0\u00a0 <a href=\"https:\/\/agora.xtec.cat\/iesjulioantonio\/wp-content\/uploads\/usu942\/2026\/04\/INFORME_OFERTA_OME_INFORME_OFERTA-1.pdf\">Publicaci\u00f3 de l&#8217;oferta inicial de places <\/a><\/div>\n<div>\n<p>Tota la informaci\u00f3 sobre el proc\u00e9s de preinscripci\u00f3 la trobareu al web per a la preinscripci\u00f3 en l\u00ednia:\u00a0 <strong style=\"font-family: inherit; font-size: 1em;\">\u200b<\/strong><a style=\"font-family: inherit; font-size: 1em;\" href=\"https:\/\/preinscripcio.gencat.cat\/ca\/estudis\/batxillerat\/inici\/\"><strong>preinscripcio.gencat.cat<\/strong><\/a><\/p>\n<\/div>\n<div>\n<p><a href=\"https:\/\/preinscripcio.gencat.cat\/ca\/estudis\/batxillerat\/preinscriute\/dubtes\/\">Tens dubtes? Preguntes m\u00e9s freq\u00fcents<\/a><\/p>\n<p>Tota l\u2019oferta educativa la trobar\u00e0s a: <a href=\"https:\/\/triaeducativa.gencat.cat\/ca\/inici\/\">triaeducativa.gencat.cat\u200b<\/a><\/p>\n<\/div>\n","protected":false},"excerpt":{"rendered":"<p>08\/04\/2026:\u00a0\u00a0 Publicaci\u00f3 de l&#8217;oferta inicial de places Tota la informaci\u00f3 sobre el proc\u00e9s de preinscripci\u00f3 la trobareu al web per a la preinscripci\u00f3 en l\u00ednia:\u00a0 \u200bpreinscripcio.gencat.cat Tens dubtes? Preguntes m\u00e9s freq\u00fcents Tota l\u2019oferta educativa la trobar\u00e0s a: triaeducativa.gencat.cat\u200b<\/p>\n","protected":false},"author":1,"featured_media":0,"parent":3517,"menu_order":0,"comment_status":"closed","ping_status":"closed","template":"","meta":{"_bbp_topic_count":0,"_bbp_reply_count":0,"_bbp_total_topic_count":0,"_bbp_total_reply_count":0,"_bbp_voice_count":0,"_bbp_anonymous_reply_count":0,"_bbp_topic_count_hidden":0,"_bbp_reply_count_hidden":0,"_bbp_forum_subforum_count":0,"site-sidebar-layout":"default","site-content-layout":"","ast-site-content-layout":"default","site-content-style":"default","site-sidebar-style":"default","ast-global-header-display":"","ast-banner-title-visibility":"","ast-main-header-display":"","ast-hfb-above-header-display":"","ast-hfb-below-header-display":"","ast-hfb-mobile-header-display":"","site-post-title":"","ast-breadcrumbs-content":"","ast-featured-img":"","footer-sml-layout":"","theme-transparent-header-meta":"","adv-header-id-meta":"","stick-header-meta":"","header-above-stick-meta":"","header-main-stick-meta":"","header-below-stick-meta":"","astra-migrate-meta-layouts":"set","ast-page-background-enabled":"default","ast-page-background-meta":{"desktop":{"background-color":"var(--ast-global-color-4)","background-image":"","background-repeat":"repeat","background-position":"center center","background-size":"auto","background-attachment":"scroll","background-type":"","background-media":"","overlay-type":"","overlay-color":"","overlay-opacity":"","overlay-gradient":""},"tablet":{"background-color":"","background-image":"","background-repeat":"repeat","background-position":"center center","background-size":"auto","background-attachment":"scroll","background-type":"","background-media":"","overlay-type":"","overlay-color":"","overlay-opacity":"","overlay-gradient":""},"mobile":{"background-color":"","background-image":"","background-repeat":"repeat","background-position":"center center","background-size":"auto","background-attachment":"scroll","background-type":"","background-media":"","overlay-type":"","overlay-color":"","overlay-opacity":"","overlay-gradient":""}},"ast-content-background-meta":{"desktop":{"background-color":"var(--ast-global-color-5)","background-image":"","background-repeat":"repeat","background-position":"center center","background-size":"auto","background-attachment":"scroll","background-type":"","background-media":"","overlay-type":"","overlay-color":"","overlay-opacity":"","overlay-gradient":""},"tablet":{"background-color":"var(--ast-global-color-5)","background-image":"","background-repeat":"repeat","background-position":"center center","background-size":"auto","background-attachment":"scroll","background-type":"","background-media":"","overlay-type":"","overlay-color":"","overlay-opacity":"","overlay-gradient":""},"mobile":{"background-color":"var(--ast-global-color-5)","background-image":"","background-repeat":"repeat","background-position":"center center","background-size":"auto","background-attachment":"scroll","background-type":"","background-media":"","overlay-type":"","overlay-color":"","overlay-opacity":"","overlay-gradient":""}},"footnotes":""},"class_list":["post-1126","page","type-page","status-publish","hentry"],"post_mailing_queue_ids":[],"_links":{"self":[{"href":"https:\/\/agora.xtec.cat\/iesjulioantonio\/wp-json\/wp\/v2\/pages\/1126","targetHints":{"allow":["GET"]}}],"collection":[{"href":"https:\/\/agora.xtec.cat\/iesjulioantonio\/wp-json\/wp\/v2\/pages"}],"about":[{"href":"https:\/\/agora.xtec.cat\/iesjulioantonio\/wp-json\/wp\/v2\/types\/page"}],"author":[{"embeddable":true,"href":"https:\/\/agora.xtec.cat\/iesjulioantonio\/wp-json\/wp\/v2\/users\/1"}],"replies":[{"embeddable":true,"href":"https:\/\/agora.xtec.cat\/iesjulioantonio\/wp-json\/wp\/v2\/comments?post=1126"}],"version-history":[{"count":6,"href":"https:\/\/agora.xtec.cat\/iesjulioantonio\/wp-json\/wp\/v2\/pages\/1126\/revisions"}],"predecessor-version":[{"id":9032,"href":"https:\/\/agora.xtec.cat\/iesjulioantonio\/wp-json\/wp\/v2\/pages\/1126\/revisions\/9032"}],"up":[{"embeddable":true,"href":"https:\/\/agora.xtec.cat\/iesjulioantonio\/wp-json\/wp\/v2\/pages\/3517"}],"wp:attachment":[{"href":"https:\/\/agora.xtec.cat\/iesjulioantonio\/wp-json\/wp\/v2\/media?parent=1126"}],"curies":[{"name":"wp","href":"https:\/\/api.w.org\/{rel}","templated":true}]}}