{"id":1057,"date":"2016-04-25T08:52:23","date_gmt":"2016-04-25T07:52:23","guid":{"rendered":"http:\/\/iesjulioantonio.cat\/?page_id=1057"},"modified":"2025-09-26T11:58:33","modified_gmt":"2025-09-26T09:58:33","slug":"tutories","status":"publish","type":"page","link":"https:\/\/agora.xtec.cat\/iesjulioantonio\/alumnat\/tutories\/","title":{"rendered":"Tutories"},"content":{"rendered":"\n<h4 class=\"wp-block-heading\">Tutories del curs 25\/26<\/h4>\n\n\n\n<p>&nbsp;<\/p>\n\n\n\n<figure class=\"wp-block-table is-style-stripes has-medium-font-size\"><table class=\"has-ast-global-color-1-background-color has-background has-fixed-layout\" style=\"border-style:none;border-width:0px\"><thead><tr><th>ESO<\/th><\/tr><\/thead><tbody><tr><td>1r A<\/td><td>Teresa Fondevilla<\/td><\/tr><tr><td>1r B<\/td><td>Robert Costa<\/td><\/tr><tr><td>1r C<\/td><td>Alba Serrano<\/td><\/tr><tr><td>1r D<\/td><td>Rosanna Cabac\u00e9s<\/td><\/tr><tr><td>2n A<\/td><td>Mart\u00ed Margalef<\/td><\/tr><tr><td>2n B<\/td><td>Tere Grau<\/td><\/tr><tr><td>2n C<\/td><td>M\u00edriam March<\/td><\/tr><tr><td>2n D<\/td><td>Roger Ribes<\/td><\/tr><tr><td>3r A<\/td><td>Ernest Serrat<\/td><\/tr><tr><td>3r B<\/td><td>Ana B. Granja<\/td><\/tr><tr><td>3r C<\/td><td>Ivan Gas<\/td><\/tr><tr><td>3r D<\/td><td>M\u00f2nica Amor\u00f3s<\/td><\/tr><tr><td>4t A<\/td><td>Quique S\u00e1nchez<\/td><\/tr><tr><td>4t B<\/td><td>Neus Jornet<\/td><\/tr><tr><td>4t C<\/td><td>M\u00edriam Borr\u00e0s<\/td><\/tr><tr><td>1r B<\/td><td>Montse P\u00e9rez<\/td><\/tr><tr><td>1r C<\/td><td>Marga V\u00e1zquez<\/td><\/tr><\/tbody><\/table><\/figure>\n\n\n\n<figure class=\"wp-block-table is-style-stripes has-medium-font-size\"><table class=\"has-ast-global-color-1-background-color has-background has-fixed-layout\" style=\"border-width:1px\"><thead><tr><th>BATXILLERAT<\/th><th><\/th><\/tr><\/thead><tbody><tr><td>1r A<\/td><td>Miquel Perell\u00f3<\/td><\/tr><tr><td>1r B<\/td><td>Montse P\u00e9rez<\/td><\/tr><tr><td>1r C<\/td><td>Marga V\u00e1zquez<\/td><\/tr><tr><td>&nbsp;<\/td><td>&nbsp;<\/td><\/tr><tr><td>2n A<\/td><td>Rhian Bush<\/td><\/tr><tr><td>2n B<\/td><td>Jordi Mart\u00ed<\/td><\/tr><\/tbody><\/table><\/figure>\n\n\n\n<figure class=\"wp-block-table is-style-stripes has-medium-font-size\"><table class=\"has-ast-global-color-1-background-color has-background has-fixed-layout\" style=\"border-width:1px\"><thead><tr><th>CICLES FORMATIUS<\/th><th><\/th><\/tr><\/thead><tbody><tr><td>FP B\u00e0sica 1r<\/td><td>Agust\u00ed Cerveto<\/td><\/tr><tr><td>FP B\u00e0sica 2n<\/td><td>Sofia Royo<\/td><\/tr><tr><td>CFGM Depend\u00e8ncia<\/td><td>Cristina Sancho<\/td><\/tr><tr><td>CFGM Electromec\u00e0nica Vehicles 1r<\/td><td>Arnau Vidal<\/td><\/tr><tr><td>CFGM Electromec\u00e0nica Vehicles 2n<\/td><td>Jordi \u00c0vila<\/td><\/tr><tr><td>CFGM Gesti\u00f3<\/td><td>David Luc\u00eda<\/td><\/tr><tr><td>CFGM Inform\u00e0tica 1r<\/td><td>Mireia Simon<\/td><\/tr><tr><td>CFGM Inform\u00e0tica 2n<\/td><td>David Caminero<\/td><\/tr><tr><td>CFGS Educaci\u00f3 Infantil<\/td><td>Er\u00f2nides S\u00e9rvulo<\/td><\/tr><tr><td>CFGS Asix 1r<\/td><td>Ivan Roche<\/td><\/tr><tr><td>CFGS Asix 2n<\/td><td>\u00d2scar Capilla<\/td><\/tr><\/tbody><\/table><\/figure>\n\n\n\n<figure class=\"wp-block-table is-style-stripes has-medium-font-size\"><table class=\"has-ast-global-color-1-background-color has-background has-fixed-layout\"><thead><tr><th>PFI<\/th><th><\/th><\/tr><\/thead><tbody><tr><td>Serralleria<\/td><td>Isabel Sancho<\/td><\/tr><tr><td>Vendes<\/td><td>Aina Aragon\u00e8s<\/td><\/tr><tr><td><\/td><td><\/td><\/tr><\/tbody><\/table><\/figure>\n","protected":false},"excerpt":{"rendered":"<p>Tutories del curs 25\/26 &nbsp; ESO 1r A Teresa Fondevilla 1r B Robert Costa 1r C Alba Serrano 1r D Rosanna Cabac\u00e9s 2n A Mart\u00ed Margalef 2n B Tere Grau 2n C M\u00edriam March 2n D Roger Ribes 3r A Ernest Serrat 3r B Ana B. Granja 3r C Ivan Gas 3r D M\u00f2nica Amor\u00f3s [&hellip;]<\/p>\n","protected":false},"author":1,"featured_media":0,"parent":485,"menu_order":2,"comment_status":"closed","ping_status":"closed","template":"","meta":{"_bbp_topic_count":0,"_bbp_reply_count":0,"_bbp_total_topic_count":0,"_bbp_total_reply_count":0,"_bbp_voice_count":0,"_bbp_anonymous_reply_count":0,"_bbp_topic_count_hidden":0,"_bbp_reply_count_hidden":0,"_bbp_forum_subforum_count":0,"site-sidebar-layout":"default","site-content-layout":"","ast-site-content-layout":"default","site-content-style":"default","site-sidebar-style":"default","ast-global-header-display":"","ast-banner-title-visibility":"","ast-main-header-display":"","ast-hfb-above-header-display":"","ast-hfb-below-header-display":"","ast-hfb-mobile-header-display":"","site-post-title":"","ast-breadcrumbs-content":"","ast-featured-img":"","footer-sml-layout":"","theme-transparent-header-meta":"","adv-header-id-meta":"","stick-header-meta":"","header-above-stick-meta":"","header-main-stick-meta":"","header-below-stick-meta":"","astra-migrate-meta-layouts":"set","ast-page-background-enabled":"default","ast-page-background-meta":{"desktop":{"background-color":"var(--ast-global-color-4)","background-image":"","background-repeat":"repeat","background-position":"center center","background-size":"auto","background-attachment":"scroll","background-type":"","background-media":"","overlay-type":"","overlay-color":"","overlay-opacity":"","overlay-gradient":""},"tablet":{"background-color":"","background-image":"","background-repeat":"repeat","background-position":"center center","background-size":"auto","background-attachment":"scroll","background-type":"","background-media":"","overlay-type":"","overlay-color":"","overlay-opacity":"","overlay-gradient":""},"mobile":{"background-color":"","background-image":"","background-repeat":"repeat","background-position":"center center","background-size":"auto","background-attachment":"scroll","background-type":"","background-media":"","overlay-type":"","overlay-color":"","overlay-opacity":"","overlay-gradient":""}},"ast-content-background-meta":{"desktop":{"background-color":"var(--ast-global-color-5)","background-image":"","background-repeat":"repeat","background-position":"center center","background-size":"auto","background-attachment":"scroll","background-type":"","background-media":"","overlay-type":"","overlay-color":"","overlay-opacity":"","overlay-gradient":""},"tablet":{"background-color":"var(--ast-global-color-5)","background-image":"","background-repeat":"repeat","background-position":"center center","background-size":"auto","background-attachment":"scroll","background-type":"","background-media":"","overlay-type":"","overlay-color":"","overlay-opacity":"","overlay-gradient":""},"mobile":{"background-color":"var(--ast-global-color-5)","background-image":"","background-repeat":"repeat","background-position":"center center","background-size":"auto","background-attachment":"scroll","background-type":"","background-media":"","overlay-type":"","overlay-color":"","overlay-opacity":"","overlay-gradient":""}},"footnotes":""},"class_list":["post-1057","page","type-page","status-publish","hentry"],"post_mailing_queue_ids":[],"_links":{"self":[{"href":"https:\/\/agora.xtec.cat\/iesjulioantonio\/wp-json\/wp\/v2\/pages\/1057","targetHints":{"allow":["GET"]}}],"collection":[{"href":"https:\/\/agora.xtec.cat\/iesjulioantonio\/wp-json\/wp\/v2\/pages"}],"about":[{"href":"https:\/\/agora.xtec.cat\/iesjulioantonio\/wp-json\/wp\/v2\/types\/page"}],"author":[{"embeddable":true,"href":"https:\/\/agora.xtec.cat\/iesjulioantonio\/wp-json\/wp\/v2\/users\/1"}],"replies":[{"embeddable":true,"href":"https:\/\/agora.xtec.cat\/iesjulioantonio\/wp-json\/wp\/v2\/comments?post=1057"}],"version-history":[{"count":6,"href":"https:\/\/agora.xtec.cat\/iesjulioantonio\/wp-json\/wp\/v2\/pages\/1057\/revisions"}],"predecessor-version":[{"id":8774,"href":"https:\/\/agora.xtec.cat\/iesjulioantonio\/wp-json\/wp\/v2\/pages\/1057\/revisions\/8774"}],"up":[{"embeddable":true,"href":"https:\/\/agora.xtec.cat\/iesjulioantonio\/wp-json\/wp\/v2\/pages\/485"}],"wp:attachment":[{"href":"https:\/\/agora.xtec.cat\/iesjulioantonio\/wp-json\/wp\/v2\/media?parent=1057"}],"curies":[{"name":"wp","href":"https:\/\/api.w.org\/{rel}","templated":true}]}}