{"id":699,"date":"2017-02-14T12:42:05","date_gmt":"2017-02-14T11:42:05","guid":{"rendered":"http:\/\/agora.xtec.cat\/iesjuliaminguell\/?page_id=699"},"modified":"2022-11-30T13:38:18","modified_gmt":"2022-11-30T12:38:18","slug":"accidents-escolars","status":"publish","type":"page","link":"https:\/\/agora.xtec.cat\/iesjuliaminguell\/secretaria\/accidents-escolars\/","title":{"rendered":"Accidents escolars"},"content":{"rendered":"<p style=\"text-align: justify;\">Pel que fa als accidents ocorreguts al centre o en hores lectives fora del centre durant activitats curriculars, si cal una visita m\u00e8dica o anar a l\u2019hospital:<\/p>\n<ul style=\"text-align: justify;\">\n<li><u>L\u2019alumnat de 1r i 2n d\u2019ESO<\/u> no t\u00e9 cobertura de l\u2019asseguran\u00e7a escolar, de manera que des del centre s\u2019informar\u00e0 als pares o tutors legals de l\u2019accident per a qu\u00e8 aquests, amb la seva pr\u00f2pia asseguran\u00e7a m\u00e8dica, es facin c\u00e0rrec dels tr\u00e0mits m\u00e8dics.<\/li>\n<\/ul>\n<ul style=\"text-align: justify;\">\n<li><u>L\u2019alumnat de 3r i 4t d\u2019ESO, Batxillerat i Cicle Formatiu<\/u> est\u00e0 cobert per <a href=\"http:\/\/www.seg-social.es\/Internet_2\/Masinformacion\/TramitesyGestiones\/Seguroescolar\/index.htm\">l\u2019asseguran\u00e7a escolar<\/a> fins als 28 anys.<\/li>\n<\/ul>\n<p style=\"text-align: justify;\">Quan un\/una alumne\/a pren mal el primer que ha de fer \u00e9s passar per la secretaria del centre a emplenar l\u2019impr\u00e8s de comunicat d\u2019accident escolar que haur\u00e0 de portar, juntament amb la documentaci\u00f3 que se li faciliti, a un dels centres m\u00e8dics concertats que se li indicar\u00e0.<\/p>\n<p style=\"text-align: justify;\">Nom\u00e9s si la urg\u00e8ncia ho requereix, la documentaci\u00f3 es pot presentar posteriorment a l\u2019actuaci\u00f3 que calgui dur a terme.<\/p>\n<p style=\"text-align: justify;\"><strong>NO ES PODR\u00c0 FER \u00daS DE L\u2019ASSEGURAN\u00c7A ESCOLAR SI EL CENTRE NO DISPOSA DE C\u00d2PIA DEL DOCUMENT D\u2019IDENTITAT O AQUEST EST\u00c0 CADUCAT.<\/strong><\/p>\n<p><span style=\"border-radius: 2px; text-indent: 20px; width: auto; padding: 0px 4px 0px 0px; text-align: center; font: bold 11px\/20px 'Helvetica Neue',Helvetica,sans-serif; color: #ffffff; background: #bd081c  no-repeat scroll 3px 50% \/ 14px 14px; position: absolute; opacity: 1; z-index: 8675309; display: none; cursor: pointer; top: 11px; left: 66px;\">Guardar<\/span><\/p>\n","protected":false},"excerpt":{"rendered":"<p>Pel que fa als accidents ocorreguts al centre o en hores lectives fora del centre durant activitats curriculars, si cal una visita m\u00e8dica o anar a l\u2019hospital:<\/p>\n<ul style=\"text-align: justify;\">\n<li>L\u2019alumnat de 1r i 2n d\u2019ESO no t\u00e9 cobertura de l\u2019asseguran\u00e7a escolar, de manera que des del&hellip;  <a href=\"https:\/\/agora.xtec.cat\/iesjuliaminguell\/secretaria\/accidents-escolars\/\" title=\"Read Accidents escolars\">Llegeix m\u00e9s\u00bb<\/a><br \/>\n","protected":false},"author":1,"featured_media":0,"parent":81,"menu_order":6,"comment_status":"closed","ping_status":"closed","template":"page-templates\/side-menu.php","meta":{"_bbp_topic_count":0,"_bbp_reply_count":0,"_bbp_total_topic_count":0,"_bbp_total_reply_count":0,"_bbp_voice_count":0,"_bbp_anonymous_reply_count":0,"_bbp_topic_count_hidden":0,"_bbp_reply_count_hidden":0,"_bbp_forum_subforum_count":0,"footnotes":""},"class_list":["post-699","page","type-page","status-publish","hentry"],"post_mailing_queue_ids":[],"_links":{"self":[{"href":"https:\/\/agora.xtec.cat\/iesjuliaminguell\/wp-json\/wp\/v2\/pages\/699","targetHints":{"allow":["GET"]}}],"collection":[{"href":"https:\/\/agora.xtec.cat\/iesjuliaminguell\/wp-json\/wp\/v2\/pages"}],"about":[{"href":"https:\/\/agora.xtec.cat\/iesjuliaminguell\/wp-json\/wp\/v2\/types\/page"}],"author":[{"embeddable":true,"href":"https:\/\/agora.xtec.cat\/iesjuliaminguell\/wp-json\/wp\/v2\/users\/1"}],"replies":[{"embeddable":true,"href":"https:\/\/agora.xtec.cat\/iesjuliaminguell\/wp-json\/wp\/v2\/comments?post=699"}],"version-history":[{"count":3,"href":"https:\/\/agora.xtec.cat\/iesjuliaminguell\/wp-json\/wp\/v2\/pages\/699\/revisions"}],"predecessor-version":[{"id":704,"href":"https:\/\/agora.xtec.cat\/iesjuliaminguell\/wp-json\/wp\/v2\/pages\/699\/revisions\/704"}],"up":[{"embeddable":true,"href":"https:\/\/agora.xtec.cat\/iesjuliaminguell\/wp-json\/wp\/v2\/pages\/81"}],"wp:attachment":[{"href":"https:\/\/agora.xtec.cat\/iesjuliaminguell\/wp-json\/wp\/v2\/media?parent=699"}],"curies":[{"name":"wp","href":"https:\/\/api.w.org\/{rel}","templated":true}]}}