{"id":677,"date":"2017-02-13T17:17:36","date_gmt":"2017-02-13T16:17:36","guid":{"rendered":"http:\/\/agora.xtec.cat\/iesjuliaminguell\/?page_id=677"},"modified":"2017-03-13T13:44:24","modified_gmt":"2017-03-13T12:44:24","slug":"gep","status":"publish","type":"page","link":"https:\/\/agora.xtec.cat\/iesjuliaminguell\/projecte-educatiu\/gep\/","title":{"rendered":"Grup d&#8217;Experimentaci\u00f3 per al Pluriling\u00fcisme (GEP)"},"content":{"rendered":"<div class=\"basic_text_peq col-xs-12\">\n<div class=\"pd-15x\" style=\"text-align: justify;\">\n<p style=\"text-align: justify;\">El\u00a0<a href=\"http:\/\/xtec.gencat.cat\/ca\/projectes\/plurilinguisme\/programes\/pluri\/gep\/\" target=\"_blank\">Grup d&#8217;Experimentaci\u00f3 per al Pluriling\u00fcisme (GEP)<\/a> es posa en marxa per assolir els objectius d&#8217;<a href=\"http:\/\/ec.europa.eu\/europe2020\/index_en.htm\" target=\"_blank\">Europa 2020<\/a>\u00a0vers la competitivitat europea, els principis d&#8217;internacionalitzaci\u00f3 i d&#8217;\u00e8xit escolar de\u00a0l&#8217;<a href=\"http:\/\/www.govern.cat\/pres_gov\/AppJava\/govern\/govern\/consell-executiu\/acords-govern\/notapremsa-209708.html?mode=static\" target=\"_blank\">acord de govern<\/a>, \u00a0i s&#8217;alinea amb els compromisos de qualitat del Marc per al pluriling\u00fcisme del sistema educatiu a Catalunya.<\/p>\n<p style=\"text-align: justify;\">Les actuacions innovadores en els \u00e0mbits d&#8217;organitzaci\u00f3 escolar, disseny curricular i aplicaci\u00f3 metodol\u00f2gica a l&#8217;aula donen continu\u00eftat a l&#8217;autonomia de centre en el seu desplegament i consolidaci\u00f3 al Projecte Ling\u00fc\u00edstic, i les l\u00ednies d&#8217;aplicaci\u00f3 del pla de lectura escolar, el treball transversal de les compet\u00e8ncies b\u00e0siques i les accions de col\u00b7laboraci\u00f3 per a la resoluci\u00f3 de problemes previstes en els plantejaments avaluadors de la\u00a0<a href=\"http:\/\/www.oecd.org\/pisa\/pisaproducts\/pisa2015draftframeworks.htm\" target=\"_blank\">OCDE 2015<\/a>. El coneixement i l\u2019\u00fas de diferents lleng\u00fces ha esdevingut una necessitat fonamental\u00a0i un dret per als ciutadans d\u2019una societat global com la nostra. El coneixement d\u2019una\u00a0o m\u00e9s lleng\u00fces estrangeres, a m\u00e9s de les oficials i\/o pr\u00f2pies de l\u2019individu, garanteix\u00a0l\u2019adquisici\u00f3 dels processos d\u2019aprenentatge i la millora cont\u00ednua de l\u2019aprenent.<\/p>\n<p style=\"text-align: justify;\">L\u2019\u00fas de diferents lleng\u00fces per a accedir al coneixement \u00e9s una pr\u00e0ctica\u00a0que l\u2019individu ha de desenvolupar des de l&#8217;edat escolar per tal d\u2019establir les bases que li\u00a0permetran aprendre qualsevol llengua de forma eficient.\u00a0Aix\u00ed doncs, es recomana que a les aules, els continguts de les diferents \u00e0rees es treballin\u00a0mitjan\u00e7ant la utilitzaci\u00f3 d\u2019una tipologia de textos variada, emprant fonts i recursos\u00a0diferents i sense limitaci\u00f3 en l\u2019\u00fas de les lleng\u00fces.<\/p>\n<p style=\"text-align: justify;\">Els centres escolars treballen en la reflexi\u00f3 i l&#8217;acci\u00f3 per tal d&#8217;establir\u00a0el paper de les\u00a0lleng\u00fces\u00a0en la comunitat educativa:<\/p>\n<ul>\n<li style=\"text-align: justify;\">Els usos ling\u00fc\u00edstics de la llengua catalana en el centre, i el paper de les altres lleng\u00fces oficials<\/li>\n<li style=\"text-align: justify;\">El desplegament d&#8217;accions docents per a l&#8217;aprenentatge de les lleng\u00fces estrangeres curriculars<\/li>\n<li style=\"text-align: justify;\">Les accions de context per a incorporar a la comunitat educativa l&#8217;aprenentatge de les lleng\u00fces no curriculars que s\u00f3n pr\u00f2pies de l&#8217;alumnat i de les seves fam\u00edlies.<\/li>\n<\/ul>\n<\/div>\n<\/div>\n","protected":false},"excerpt":{"rendered":"<p>El\u00a0<a href=\"http:\/\/xtec.gencat.cat\/ca\/projectes\/plurilinguisme\/programes\/pluri\/gep\/\" target=\"_blank\">Grup d&#8217;Experimentaci\u00f3 per al Pluriling\u00fcisme (GEP)<\/a> es posa en marxa per assolir els objectius d&#8217;<a href=\"http:\/\/ec.europa.eu\/europe2020\/index_en.htm\" target=\"_blank\">Europa 2020<\/a>\u00a0vers la competitivitat europea, els principis d&#8217;internacionalitzaci\u00f3 i d&#8217;\u00e8xit escolar de\u00a0l&#8217;<a href=\"http:\/\/www.govern.cat\/pres_gov\/AppJava\/govern\/govern\/consell-executiu\/acords-govern\/notapremsa-209708.html?mode=static\" target=\"_blank\">acord de govern<\/a>, \u00a0i s&#8217;alinea amb els compromisos de qualitat del Marc per al&hellip;  <a href=\"https:\/\/agora.xtec.cat\/iesjuliaminguell\/projecte-educatiu\/gep\/\" title=\"Read Grup d&#8217;Experimentaci\u00f3 per al Pluriling\u00fcisme (GEP)\">Llegeix m\u00e9s\u00bb<\/a><\/p>\n","protected":false},"author":1,"featured_media":0,"parent":57,"menu_order":98,"comment_status":"closed","ping_status":"closed","template":"page-templates\/side-menu.php","meta":{"_bbp_topic_count":0,"_bbp_reply_count":0,"_bbp_total_topic_count":0,"_bbp_total_reply_count":0,"_bbp_voice_count":0,"_bbp_anonymous_reply_count":0,"_bbp_topic_count_hidden":0,"_bbp_reply_count_hidden":0,"_bbp_forum_subforum_count":0,"footnotes":""},"class_list":["post-677","page","type-page","status-publish","hentry"],"post_mailing_queue_ids":[],"_links":{"self":[{"href":"https:\/\/agora.xtec.cat\/iesjuliaminguell\/wp-json\/wp\/v2\/pages\/677","targetHints":{"allow":["GET"]}}],"collection":[{"href":"https:\/\/agora.xtec.cat\/iesjuliaminguell\/wp-json\/wp\/v2\/pages"}],"about":[{"href":"https:\/\/agora.xtec.cat\/iesjuliaminguell\/wp-json\/wp\/v2\/types\/page"}],"author":[{"embeddable":true,"href":"https:\/\/agora.xtec.cat\/iesjuliaminguell\/wp-json\/wp\/v2\/users\/1"}],"replies":[{"embeddable":true,"href":"https:\/\/agora.xtec.cat\/iesjuliaminguell\/wp-json\/wp\/v2\/comments?post=677"}],"version-history":[{"count":3,"href":"https:\/\/agora.xtec.cat\/iesjuliaminguell\/wp-json\/wp\/v2\/pages\/677\/revisions"}],"predecessor-version":[{"id":1008,"href":"https:\/\/agora.xtec.cat\/iesjuliaminguell\/wp-json\/wp\/v2\/pages\/677\/revisions\/1008"}],"up":[{"embeddable":true,"href":"https:\/\/agora.xtec.cat\/iesjuliaminguell\/wp-json\/wp\/v2\/pages\/57"}],"wp:attachment":[{"href":"https:\/\/agora.xtec.cat\/iesjuliaminguell\/wp-json\/wp\/v2\/media?parent=677"}],"curies":[{"name":"wp","href":"https:\/\/api.w.org\/{rel}","templated":true}]}}