{"id":587,"date":"2017-01-31T10:34:56","date_gmt":"2017-01-31T09:34:56","guid":{"rendered":"http:\/\/agora.xtec.cat\/iesjuliaminguell\/?page_id=587"},"modified":"2017-01-31T12:41:17","modified_gmt":"2017-01-31T11:41:17","slug":"bones-practiques-ambientals","status":"publish","type":"page","link":"https:\/\/agora.xtec.cat\/iesjuliaminguell\/projecte-educatiu\/bones-practiques-ambientals\/","title":{"rendered":"Bones pr\u00e0ctiques ambientals"},"content":{"rendered":"<p style=\"text-align: justify;\"><strong>Codi de bones pr\u00e0ctiques d\u2019estalvi<\/strong><\/p>\n<p style=\"text-align: justify;\"><strong>Estalvi d\u2019energia<\/strong><\/p>\n<ul>\n<li>Encenem els llums de les aules, despatxos i espais comuns (WC, escales, passadissos, gimn\u00e0s, etc.) nom\u00e9s quan la llum natural sigui insuficient.<\/li>\n<li>Tanquem els llums de les aules i despatxos quan no hi ha ning\u00fa.<\/li>\n<li>Apaguem els ordinadors, monitors i impressores en finalitzar les activitats di\u00e0ries.<\/li>\n<li>Quan tinguem encesa la calefacci\u00f3, mantinguem tancades les finestres per evitar p\u00e8rdues de calor.<\/li>\n<li>No deixar enc\u00e8s el can\u00f3 de projecci\u00f3 de la PDI sin\u00f3 s&#8217;utilitza.<\/li>\n<li>No \u00e9s aconsellable tancar un fluorescent electromagn\u00e8tic amb un marge de temps de 5 minuts, aproximadament, fins a la segona encesa, ja que en el moment de l\u2019encesa consumeix el 20 % m\u00e9s. (Per aix\u00f2, potser no cal tancar-lo entre classe i classe si se sap que cinc minuts despr\u00e9s vindran uns altres alumnes a ocupar aquella aula.)<\/li>\n<li>Fomentar, a l\u2019entrada a l\u2019aula, obrir primer les persianes, abans d\u2019encendre els llums; cal aprofitar al m\u00e0xim la llum natural.<\/li>\n<li>Valorar di\u00e0riament a l\u2019aula si n\u2019hi ha prou amb la llum natural que entra o cal encendre els llums; i si s\u2019han d\u2019encendre tots els llums de l\u2019aula, o amb els d\u2019una zona ja n\u2019hi ha prou (encendre els llums de la pissarra o d\u2019una zona, abans que els de tota l\u2019aula).<\/li>\n<li>Valorar, juntament amb el professor, quants ordinadors cal encendre segons la feina que s\u2019ha de fer durant una activitat i si quan s\u2019han d\u2019apagar.<\/li>\n<\/ul>\n<p><strong>Estalvi d\u2019aigua<\/strong><\/p>\n<ul>\n<li>L\u2019aigua \u00e9s un b\u00e9 esc\u00e0s: consumim-ne nom\u00e9s la quantitat m\u00ednima necess\u00e0ria: vigilem aixetes, fonts del pati&#8230;<\/li>\n<\/ul>\n<p><strong>Paper i fotoc\u00f2pies<\/strong><\/p>\n<ul>\n<li>Fem les impressions i fotoc\u00f2pies estrictament necess\u00e0ries i procurem fer-les a doble cara per estalviar paper. Si es tracta de documents que no requereixen d\u2019una presentaci\u00f3 perfecta, els podem imprimir en qualitat d\u2019impressi\u00f3 \u201cborrador\u201d per estalviar tinta.<\/li>\n<li>Sempre que sigui possible treballem i guardem els documents en format electr\u00f2nic.<\/li>\n<li>Utilitzem les noves tecnologies (correu electr\u00f2nic, portal web, Moodle, etc.) i els plafons, suros i pissarres del centre per difondre informacions i compartir documents.<\/li>\n<li>Reutilitzem el paper usat com a paper d\u2019esborrany, per fer blocs de notes, etc.<\/li>\n<\/ul>\n<p><strong>Neteja<\/strong><\/p>\n<ul>\n<li>Col\u00b7laborar en la neteja del centre \u00e9s responsabilitat de tota la comunitat educativa:<\/li>\n<li>No generar residus innecessaris (no utilitzar paper d\u2019alumini en els entrepans, reduir l\u2019\u00fas de bosses de pl\u00e0stic&#8230;).<\/li>\n<li>Utilitzar les papereres.<\/li>\n<li>Mantenir nets els espais del centre (aules, passadissos, pati&#8230;)<\/li>\n<li>En acabar les classes de l\u2019espai corresponent apujar les cadires i comprovar que les finestres queden tancades.<\/li>\n<\/ul>\n<p><strong>Manteniment<\/strong><\/p>\n<ul>\n<li>Per a fer possible la reducci\u00f3 de la despesa de manteniment del centre, \u00e9s necess\u00e0ria la pres\u00e8ncia del professorat en els espais on es troba l\u2019alumnat habitualment (lavabos, passadissos, aules&#8230;)<\/li>\n<\/ul>\n","protected":false},"excerpt":{"rendered":"<p>Codi de bones pr\u00e0ctiques d\u2019estalvi<br \/>\nEstalvi d\u2019energia<\/p>\n<ul>\n<li>Encenem els llums de les aules, despatxos i espais comuns (WC, escales, passadissos, gimn\u00e0s, etc.) nom\u00e9s quan la llum natural sigui insuficient.<\/li>\n<li>Tanquem els llums de les aules i despatxos quan no hi ha ning\u00fa.<\/li>\n<li>Apaguem els ordinadors, monitors i impressores en&hellip;  <a href=\"https:\/\/agora.xtec.cat\/iesjuliaminguell\/projecte-educatiu\/bones-practiques-ambientals\/\" title=\"Read Bones pr\u00e0ctiques ambientals\">Llegeix m\u00e9s\u00bb<\/a><br \/>\n","protected":false},"author":1,"featured_media":0,"parent":57,"menu_order":99,"comment_status":"closed","ping_status":"closed","template":"page-templates\/side-menu.php","meta":{"_bbp_topic_count":0,"_bbp_reply_count":0,"_bbp_total_topic_count":0,"_bbp_total_reply_count":0,"_bbp_voice_count":0,"_bbp_anonymous_reply_count":0,"_bbp_topic_count_hidden":0,"_bbp_reply_count_hidden":0,"_bbp_forum_subforum_count":0,"footnotes":""},"class_list":["post-587","page","type-page","status-publish","hentry"],"post_mailing_queue_ids":[],"_links":{"self":[{"href":"https:\/\/agora.xtec.cat\/iesjuliaminguell\/wp-json\/wp\/v2\/pages\/587","targetHints":{"allow":["GET"]}}],"collection":[{"href":"https:\/\/agora.xtec.cat\/iesjuliaminguell\/wp-json\/wp\/v2\/pages"}],"about":[{"href":"https:\/\/agora.xtec.cat\/iesjuliaminguell\/wp-json\/wp\/v2\/types\/page"}],"author":[{"embeddable":true,"href":"https:\/\/agora.xtec.cat\/iesjuliaminguell\/wp-json\/wp\/v2\/users\/1"}],"replies":[{"embeddable":true,"href":"https:\/\/agora.xtec.cat\/iesjuliaminguell\/wp-json\/wp\/v2\/comments?post=587"}],"version-history":[{"count":2,"href":"https:\/\/agora.xtec.cat\/iesjuliaminguell\/wp-json\/wp\/v2\/pages\/587\/revisions"}],"predecessor-version":[{"id":599,"href":"https:\/\/agora.xtec.cat\/iesjuliaminguell\/wp-json\/wp\/v2\/pages\/587\/revisions\/599"}],"up":[{"embeddable":true,"href":"https:\/\/agora.xtec.cat\/iesjuliaminguell\/wp-json\/wp\/v2\/pages\/57"}],"wp:attachment":[{"href":"https:\/\/agora.xtec.cat\/iesjuliaminguell\/wp-json\/wp\/v2\/media?parent=587"}],"curies":[{"name":"wp","href":"https:\/\/api.w.org\/{rel}","templated":true}]}}