{"id":5855,"date":"2024-09-10T19:11:37","date_gmt":"2024-09-10T17:11:37","guid":{"rendered":"https:\/\/agora.xtec.cat\/iesjuliaminguell\/?page_id=5855"},"modified":"2025-09-08T13:29:34","modified_gmt":"2025-09-08T11:29:34","slug":"el-sites-del-julia","status":"publish","type":"page","link":"https:\/\/agora.xtec.cat\/iesjuliaminguell\/el-sites-del-julia\/","title":{"rendered":"El SITES del J\u00daLIA"},"content":{"rendered":"<h4><a href=\"https:\/\/agora.xtec.cat\/iesjuliaminguell\/wp-content\/uploads\/usu1213\/2024\/09\/baixa.png\"><img loading=\"lazy\" decoding=\"async\" class=\"aligncenter size-full wp-image-5859\" src=\"https:\/\/agora.xtec.cat\/iesjuliaminguell\/wp-content\/uploads\/usu1213\/2024\/09\/baixa.png\" alt=\"\" width=\"284\" height=\"177\" \/><\/a>Aqu\u00ed teniu l&#8217;acc\u00e9s al nostre Sites globalitzat del J\u00falia per al professorat.<\/h4>\n<h3><\/h3>\n<h3>\u21d2 <a href=\"https:\/\/sites.google.com\/xtec.cat\/institut-julia-minguell\/p%C3%A0gina-principal\">ENLLA\u00c7 SITES DEL J\u00daLIA MINGUELL<\/a><\/h3>\n","protected":false},"excerpt":{"rendered":"<p><a href=\"https:\/\/agora.xtec.cat\/iesjuliaminguell\/wp-content\/uploads\/usu1213\/2024\/09\/baixa.png\"><\/a>Aqu\u00ed teniu l&#8217;acc\u00e9s al nostre Sites globalitzat del J\u00falia per al professorat.<\/p>\n<p>\u21d2 <a href=\"https:\/\/sites.google.com\/xtec.cat\/institut-julia-minguell\/p%C3%A0gina-principal\">ENLLA\u00c7 SITES DEL J\u00daLIA MINGUELL<\/a><\/p>\n","protected":false},"author":1,"featured_media":0,"parent":0,"menu_order":0,"comment_status":"closed","ping_status":"closed","template":"","meta":{"_bbp_topic_count":0,"_bbp_reply_count":0,"_bbp_total_topic_count":0,"_bbp_total_reply_count":0,"_bbp_voice_count":0,"_bbp_anonymous_reply_count":0,"_bbp_topic_count_hidden":0,"_bbp_reply_count_hidden":0,"_bbp_forum_subforum_count":0,"footnotes":""},"class_list":["post-5855","page","type-page","status-publish","hentry"],"post_mailing_queue_ids":[],"_links":{"self":[{"href":"https:\/\/agora.xtec.cat\/iesjuliaminguell\/wp-json\/wp\/v2\/pages\/5855","targetHints":{"allow":["GET"]}}],"collection":[{"href":"https:\/\/agora.xtec.cat\/iesjuliaminguell\/wp-json\/wp\/v2\/pages"}],"about":[{"href":"https:\/\/agora.xtec.cat\/iesjuliaminguell\/wp-json\/wp\/v2\/types\/page"}],"author":[{"embeddable":true,"href":"https:\/\/agora.xtec.cat\/iesjuliaminguell\/wp-json\/wp\/v2\/users\/1"}],"replies":[{"embeddable":true,"href":"https:\/\/agora.xtec.cat\/iesjuliaminguell\/wp-json\/wp\/v2\/comments?post=5855"}],"version-history":[{"count":5,"href":"https:\/\/agora.xtec.cat\/iesjuliaminguell\/wp-json\/wp\/v2\/pages\/5855\/revisions"}],"predecessor-version":[{"id":6426,"href":"https:\/\/agora.xtec.cat\/iesjuliaminguell\/wp-json\/wp\/v2\/pages\/5855\/revisions\/6426"}],"wp:attachment":[{"href":"https:\/\/agora.xtec.cat\/iesjuliaminguell\/wp-json\/wp\/v2\/media?parent=5855"}],"curies":[{"name":"wp","href":"https:\/\/api.w.org\/{rel}","templated":true}]}}