{"id":4694,"date":"2023-03-07T12:24:51","date_gmt":"2023-03-07T11:24:51","guid":{"rendered":"https:\/\/agora.xtec.cat\/iesjuliaminguell\/?page_id=4694"},"modified":"2026-03-25T12:33:14","modified_gmt":"2026-03-25T11:33:14","slug":"cicle-superior-aeao-ensenyament-i-animacio-socioesportiva","status":"publish","type":"page","link":"https:\/\/agora.xtec.cat\/iesjuliaminguell\/secretaria\/preinscripcio\/cicle-superior-aeao-ensenyament-i-animacio-socioesportiva\/","title":{"rendered":"CICLE SUPERIOR AEAO (Ensenyament i animaci\u00f3 socioesportiva)"},"content":{"rendered":"<p>Informaci\u00f3:<em>\u00a0\u00a0\u00a0 <\/em><\/p>\n<p><a href=\"https:\/\/agora.xtec.cat\/iesjuliaminguell\/wp-content\/uploads\/usu1213\/2023\/06\/new-e1686304152287.gif\"><img loading=\"lazy\" decoding=\"async\" class=\" wp-image-4993 alignnone\" src=\"https:\/\/agora.xtec.cat\/iesjuliaminguell\/wp-content\/uploads\/usu1213\/2023\/06\/new-e1686304152287.gif\" alt=\"Novetat\" width=\"76\" height=\"76\" \/><\/a><\/p>\n<table style=\"height: 142px; width: 87.751%; border-collapse: collapse; border-color: #000000;\">\n<tbody>\n<tr style=\"height: 142px;\">\n<td style=\"width: 100%; height: 142px; border-color: #f21616; border-style: solid;\">\n<p style=\"text-align: center;\"><span style=\"color: #ff0000;\"><strong>Aquest curs acad\u00e8mic 2026\/2027 com a Novetat hi hauran 2 per\u00edodes d&#8217;assignaci\u00f3 de places, matr\u00edcula ON LINE i <\/strong><\/span><\/p>\n<p style=\"text-align: center;\"><span style=\"color: #ff0000;\"><strong>completar la matr\u00edcula al Centre:<\/strong><\/span><\/p>\n<ul>\n<li style=\"text-align: left;\">La primera assignaci\u00f3 ser\u00e0 per l&#8217;alumnat que li atorguin la <strong>1a opci\u00f3 demanada<\/strong> (periode de matr\u00edcula ON LINE del 10 al 14 de juliol, completar la matr\u00edcula al centre fins el 16 de juliol).<\/li>\n<li style=\"text-align: left;\">La segona assignaci\u00f3 ser\u00e0 per l&#8217;alumnat que li atorguin les <strong>altres opcions demanades<\/strong> (periode de matr\u00edcula ON LINE del 24 al 28 de julol, completar la matr\u00edcula al centre fins el 3 de setembre).<\/li>\n<li>La gesti\u00f3 de les places vacants al setembre es far\u00e0 a cada centre de manera aut\u00f2noma entre el 8 i 10 de setembre. El dia 7 de setembre, el Departament d&#8217;Educaci\u00f3 i Formaci\u00f3 Professional, publicar\u00e0 al web de preinscripci\u00f3 la relaci\u00f3 de les places vacants existents a cada centre i cicle.<\/li>\n<\/ul>\n<\/td>\n<\/tr>\n<\/tbody>\n<\/table>\n<table style=\"border-collapse: collapse; width: 100%;\">\n<tbody>\n<tr>\n<td style=\"width: 100%; border-color: #e80707; border-style: double;\">\n<p style=\"text-align: center;\"><strong><span style=\"color: #ff0000;\">EQUIPARACI\u00d3 DE PLACES OFERTADES PER LA VIA DE BATXILLERAT I T\u00c8CNIC\/A DE GRAU MITJ\u00c0<\/span><\/strong><\/p>\n<p>L&#8217;alumnat que vulgui accedir al Grau Superior per la via de Batxillerat o t\u00e8cnic\/a de Grau mitj\u00e0 <span style=\"text-decoration: underline;\">entraran per la mateixa via<\/span> (VIA 1) amb una reserva de places del 80% de les oferides; D&#8217;aquest 80%, el 50% seran per Batxillerat i el 50% per als t\u00e8cnics\/ques de grau mitj\u00e0 (i aquestes es dividiran en afins i no afins).<\/p>\n<p>Per l&#8217;alumnat d&#8217;aquestes vies (Batxillerat i t\u00edtol de t\u00e8cnic de Grau mitj\u00e0), la qualificaci\u00f3 mitjana obtinguda <strong>es multiplicar\u00e0 per 1,7<\/strong> quan la modalitat del Batxillerat o la fam\u00edlia professional sigui preferent (cicles afins).<\/td>\n<\/tr>\n<\/tbody>\n<\/table>\n<p><a href=\"https:\/\/agora.xtec.cat\/iesjuliaminguell\/wp-content\/uploads\/usu1213\/2026\/03\/CALENDARICFPS.pdf\" target=\"_blank\" rel=\"noopener\">Calendari 2026-2027<\/a><\/p>\n<p><a href=\"https:\/\/agora.xtec.cat\/iesjuliaminguell\/wp-content\/uploads\/usu1213\/2026\/03\/Resum-baremdocumentacio-CFPS.pdf\" target=\"_blank\" rel=\"noopener\">Documentaci\u00f3 i barem<\/a><\/p>\n<p><strong><a href=\"https:\/\/tramits.gencat.cat\/ca\/tramits\/tramits-temes\/preinscripcio-fp-gs\" target=\"_blank\" rel=\"noopener\">Presenta la sol\u00b7licitud de preinscripci\u00f3 (del 26 de maig a l&#8217;1 de juny de 2026)<\/a><br \/>\n<\/strong><\/p>\n<p>Aquest any s&#8217;ha habilitat a la web del Departament d&#8217;Educaci\u00f3 i Formaci\u00f3 Professional un <a href=\"https:\/\/preinscripcio.gencat.cat\/ca\/detalls\/noticia\/20250514-whatsapp-preinscripciofp\" target=\"_blank\" rel=\"noopener\">Canal WhatsApp<\/a> per ajudar-vos en el tr\u00e0mit de preinscripci\u00f3.<\/p>\n<p><strong>LListats<\/strong>:<\/p>\n<p>-Oferta inicial de places<\/p>\n<p>-Llistat amb la puntuaci\u00f3 provisional<\/p>\n<p>La llista est\u00e0 ordenada per (2 lletres del nom, 2 lletres dels cognoms). A l&#8217;alumnat que NO se li ha carregat la qualificaci\u00f3 mitjana, haureu de fer una reclamaci\u00f3 <a href=\"https:\/\/preinscripcio.gencat.cat\/ca\/estudis\/fp-grau-superior\/preinscriute\/seguiment-sollicitud\/llista-sollicituds\/\" target=\"_blank\" rel=\"noopener\">aqu\u00ed<\/a> i adjuntar certificat del centre de proced\u00e8ncia amb la nota mitjana (del 27 de juny al 2 de juliol).<\/p>\n<p>-El n\u00famero per determinar l&#8217;ordre en cas d&#8217;empat <strong>\u00a0<\/strong>(n\u00fameros assignats totals: ).<\/p>\n<p>-Llistat amb la puntuaci\u00f3 (un cop resoltes les reclamacions).<\/p>\n<p>-Oferta final de places<\/p>\n<p>-Llistat d&#8217;alumnat assignat al centre 1a assignaci\u00f3 (amb indicaci\u00f3 de la 1a petici\u00f3)<\/p>\n<p>-Llistat d&#8217;alumnat preinscrit al centre (amb indicaci\u00f3 de l&#8217;assignaci\u00f3 i ordre de petici\u00f3)<\/p>\n<p><strong>&#8211; 1r termini de matr\u00edcula on line Generalitat (de l&#8217;al\u00a0 de juliol). Completar la matr\u00edcula al centre de juliol.<\/strong><\/p>\n<p>L&#8217;alumnat assignat rebreu un correu electr\u00f2nic amb la documentaci\u00f3 i informaci\u00f3 per a realitzar la matr\u00edcula presencialment amb cita pr\u00e8via. Preguem que respecteu el dia i hora assignats. Molt\u00edssimes gr\u00e0cies per la vostra col\u00b7laboraci\u00f3.<\/p>\n<p>-LListat d&#8217;alumnat assignat al centre 2a tanda d&#8217;assignaci\u00f3 (amb indicaci\u00f3 de l&#8217;ordre de petici\u00f3)<\/p>\n<p><strong>&#8211; 2n termini de matr\u00edcula on line Generalitat (i\u00a0 de juliol). Completar la matr\u00edcula al centre de juliol.<\/strong><\/p>\n<p>L&#8217;alumnat assignat en aquesta 2a fase d&#8217;admissi\u00f3, rebreu un correu electr\u00f2nic amb la documentaci\u00f3 i informaci\u00f3 per a realitzar la matr\u00edcula presencialment amb horari de cita pr\u00e8via per el dia de juliol. Preguem que respecteu l&#8217;hora que se us assigni. Molt\u00edssimes gr\u00e0cies per la vostra col\u00b7laboraci\u00f3.<\/p>\n<p>-Llistat d&#8217;alumnat assignat al cenre 3a tanda d&#8217;assignaci\u00f3.<\/p>\n<p><strong>&#8211; 3r termini de matr\u00edcula on line Generalitat (i\u00a0 de juliol). Completar la matr\u00edcula al centre\u00a0 de setembre.<\/strong><\/p>\n<p>L&#8217;alumnat assignat en aquesta 3a fase d&#8217;admissi\u00f3, rebreu un correu electr\u00f2nic amb la documentaci\u00f3 i informaci\u00f3 per a realitzar la matr\u00edcula presencialment en el centre amb horari de cita pr\u00e8via per el dia\u00a0 de setembre. Preguem que respecteu l&#8217;hora que se us assigni. Molt\u00edssimes gr\u00e0cies per la vostra col\u00b7laboraci\u00f3.<\/p>\n<p>&nbsp;<\/p>\n<p>&nbsp;<\/p>\n<p>&nbsp;<\/p>\n","protected":false},"excerpt":{"rendered":"<p>Informaci\u00f3:\u00a0\u00a0\u00a0<br \/>\n<a href=\"https:\/\/agora.xtec.cat\/iesjuliaminguell\/wp-content\/uploads\/usu1213\/2023\/06\/new-e1686304152287.gif\"><\/a><\/p>\n<p>Aquest curs acad\u00e8mic 2026\/2027 com a Novetat hi hauran 2 per\u00edodes d&#8217;assignaci\u00f3 de places, matr\u00edcula ON LINE i<br \/>\ncompletar la matr\u00edcula al Centre:<\/p>\n<ul>\n<li style=\"text-align: left;\">La primera assignaci\u00f3 ser\u00e0 per l&#8217;alumnat que li atorguin la 1a opci\u00f3 demanada (periode de matr\u00edcula ON LINE del&hellip;  <a href=\"https:\/\/agora.xtec.cat\/iesjuliaminguell\/secretaria\/preinscripcio\/cicle-superior-aeao-ensenyament-i-animacio-socioesportiva\/\" title=\"Read CICLE SUPERIOR AEAO (Ensenyament i animaci\u00f3 socioesportiva)\">Llegeix m\u00e9s\u00bb<\/a><br \/>\n","protected":false},"author":1,"featured_media":0,"parent":1029,"menu_order":3,"comment_status":"closed","ping_status":"closed","template":"","meta":{"_bbp_topic_count":0,"_bbp_reply_count":0,"_bbp_total_topic_count":0,"_bbp_total_reply_count":0,"_bbp_voice_count":0,"_bbp_anonymous_reply_count":0,"_bbp_topic_count_hidden":0,"_bbp_reply_count_hidden":0,"_bbp_forum_subforum_count":0,"footnotes":""},"class_list":["post-4694","page","type-page","status-publish","hentry"],"post_mailing_queue_ids":[],"_links":{"self":[{"href":"https:\/\/agora.xtec.cat\/iesjuliaminguell\/wp-json\/wp\/v2\/pages\/4694","targetHints":{"allow":["GET"]}}],"collection":[{"href":"https:\/\/agora.xtec.cat\/iesjuliaminguell\/wp-json\/wp\/v2\/pages"}],"about":[{"href":"https:\/\/agora.xtec.cat\/iesjuliaminguell\/wp-json\/wp\/v2\/types\/page"}],"author":[{"embeddable":true,"href":"https:\/\/agora.xtec.cat\/iesjuliaminguell\/wp-json\/wp\/v2\/users\/1"}],"replies":[{"embeddable":true,"href":"https:\/\/agora.xtec.cat\/iesjuliaminguell\/wp-json\/wp\/v2\/comments?post=4694"}],"version-history":[{"count":6,"href":"https:\/\/agora.xtec.cat\/iesjuliaminguell\/wp-json\/wp\/v2\/pages\/4694\/revisions"}],"predecessor-version":[{"id":6624,"href":"https:\/\/agora.xtec.cat\/iesjuliaminguell\/wp-json\/wp\/v2\/pages\/4694\/revisions\/6624"}],"up":[{"embeddable":true,"href":"https:\/\/agora.xtec.cat\/iesjuliaminguell\/wp-json\/wp\/v2\/pages\/1029"}],"wp:attachment":[{"href":"https:\/\/agora.xtec.cat\/iesjuliaminguell\/wp-json\/wp\/v2\/media?parent=4694"}],"curies":[{"name":"wp","href":"https:\/\/api.w.org\/{rel}","templated":true}]}}