{"id":4691,"date":"2023-03-07T12:23:24","date_gmt":"2023-03-07T11:23:24","guid":{"rendered":"https:\/\/agora.xtec.cat\/iesjuliaminguell\/?page_id=4691"},"modified":"2026-04-08T09:40:46","modified_gmt":"2026-04-08T07:40:46","slug":"batxillerat","status":"publish","type":"page","link":"https:\/\/agora.xtec.cat\/iesjuliaminguell\/secretaria\/preinscripcio\/batxillerat\/","title":{"rendered":"BATXILLERAT"},"content":{"rendered":"<p>Informaci\u00f3 Batxillerat 2026-2027: <a href=\"https:\/\/triaeducativa.gencat.cat\/ca\/batxillerat\/\" target=\"_blank\" rel=\"noopener\">aqu\u00ed<\/a> trobareu tota la informaci\u00f3 del Departament.<\/p>\n<p><a href=\"https:\/\/agora.xtec.cat\/iesjuliaminguell\/wp-content\/uploads\/usu1213\/2026\/03\/CALENDARI-BTX.pdf\" target=\"_blank\" rel=\"noopener\">Calendari 2026\/2027 Batxillerat<\/a><\/p>\n<p><a href=\"https:\/\/agora.xtec.cat\/iesjuliaminguell\/wp-content\/uploads\/usu1213\/2026\/03\/Resum-baremdocumentacio-BATX.pdf\" target=\"_blank\" rel=\"noopener\">Barems, prioritat i documentaci\u00f3 Batxillerat 2026-2027<\/a><\/p>\n<p>Sol\u00b7licitud de preinscripci\u00f3 (<a href=\"https:\/\/tramits.gencat.cat\/ca\/tramits\/tramits-temes\/preinscripcio-batxillerat?&amp;moda=1\" target=\"_blank\" rel=\"noopener\">aqu\u00ed<\/a>)<\/p>\n<p>LLISTATS:<\/p>\n<ul style=\"list-style-type: square;\">\n<li><a href=\"https:\/\/agora.xtec.cat\/iesjuliaminguell\/wp-content\/uploads\/usu1213\/2026\/04\/20260408_INFORME_OFERTA_OME_INFORME_OFERTA-8.pdf\" target=\"_blank\" rel=\"noopener\">08\/04\/2026 Oferta inicial de places<\/a><\/li>\n<li>-Llistat amb el barem provisional (puntuaci\u00f3)<\/li>\n<\/ul>\n<p>La Llista est\u00e0 ordenada per les 2 primeres lletres del nom, 2 primeres lletres dels cognoms. Heu de comprovar que la puntuaci\u00f3 amb les dades al\u00b7legades a la sol\u00b7licitud afegint la nota dels estudis que permeten l&#8217;acc\u00e9s, sigui correcte.<\/p>\n<ul style=\"list-style-type: square;\">\n<li>-Llistat amb la puntuaci\u00f3 (un cop resoltes les reclamacions)<\/li>\n<\/ul>\n<ul>\n<li>-Sorteig per establir el n\u00famero per determinar l\u2019ordre en cas d\u2019empat a les preinscripcions, d\u2019un total de\u00a0 sol\u00b7licituds. El n\u00famero \u00e9s:<\/li>\n<\/ul>\n<table style=\"height: 41px; width: 4.36282%; border-collapse: collapse; border-style: double; border-color: #f20f0f;\">\n<tbody>\n<tr style=\"height: 41px;\">\n<td style=\"width: 100%; border-color: #f50f44; height: 41px;\">\n<h3><\/h3>\n<\/td>\n<\/tr>\n<\/tbody>\n<\/table>\n<ul>\n<li>-Llista ordenada definitiva<\/li>\n<li>-Llistat d&#8217;admesos<\/li>\n<li>-Llistat d&#8217;alumnat preinscrit al centre (assignats a altres centres)<\/li>\n<li>-Llista d&#8217;espera<\/li>\n<\/ul>\n<table style=\"border-collapse: collapse; width: 100%;\">\n<tbody>\n<tr>\n<td style=\"width: 100%; border-color: #f70a0a;\"><span style=\"color: #ff0000;\">L&#8217;alumnat adm\u00e8s rebreu entre el i\u00a0 de juny de 2026, un correu electr\u00f2nic amb la documentaci\u00f3 i cita pr\u00e8via per a realitzar la matr\u00edcula (una part on line i l&#8217;altre presencialment). Preguem que respecteu el dia i hora assignats. Gr\u00e0cies.<\/span><\/td>\n<\/tr>\n<\/tbody>\n<\/table>\n","protected":false},"excerpt":{"rendered":"<p>Informaci\u00f3 Batxillerat 2026-2027: <a href=\"https:\/\/triaeducativa.gencat.cat\/ca\/batxillerat\/\" target=\"_blank\" rel=\"noopener\">aqu\u00ed<\/a> trobareu tota la informaci\u00f3 del Departament.<br \/>\n<a href=\"https:\/\/agora.xtec.cat\/iesjuliaminguell\/wp-content\/uploads\/usu1213\/2026\/03\/CALENDARI-BTX.pdf\" target=\"_blank\" rel=\"noopener\">Calendari 2026\/2027 Batxillerat<\/a><br \/>\n<a href=\"https:\/\/agora.xtec.cat\/iesjuliaminguell\/wp-content\/uploads\/usu1213\/2026\/03\/Resum-baremdocumentacio-BATX.pdf\" target=\"_blank\" rel=\"noopener\">Barems, prioritat i documentaci\u00f3 Batxillerat 2026-2027<\/a><br \/>\nSol\u00b7licitud de preinscripci\u00f3 (<a href=\"https:\/\/tramits.gencat.cat\/ca\/tramits\/tramits-temes\/preinscripcio-batxillerat?&amp;moda=1\" target=\"_blank\" rel=\"noopener\">aqu\u00ed<\/a>)<br \/>\nLLISTATS:<\/p>\n<ul style=\"list-style-type: square;\">\n<li><a href=\"https:\/\/agora.xtec.cat\/iesjuliaminguell\/wp-content\/uploads\/usu1213\/2026\/04\/20260408_INFORME_OFERTA_OME_INFORME_OFERTA-8.pdf\" target=\"_blank\" rel=\"noopener\">08\/04\/2026 Oferta inicial de places<\/a><\/li>\n<li>-Llistat amb el barem provisional&hellip;  <a href=\"https:\/\/agora.xtec.cat\/iesjuliaminguell\/secretaria\/preinscripcio\/batxillerat\/\" title=\"Read BATXILLERAT\">Llegeix m\u00e9s\u00bb<\/a><br \/>\n","protected":false},"author":1,"featured_media":0,"parent":1029,"menu_order":2,"comment_status":"closed","ping_status":"closed","template":"page-templates\/side-menu.php","meta":{"_bbp_topic_count":0,"_bbp_reply_count":0,"_bbp_total_topic_count":0,"_bbp_total_reply_count":0,"_bbp_voice_count":0,"_bbp_anonymous_reply_count":0,"_bbp_topic_count_hidden":0,"_bbp_reply_count_hidden":0,"_bbp_forum_subforum_count":0,"footnotes":""},"class_list":["post-4691","page","type-page","status-publish","hentry"],"post_mailing_queue_ids":[],"_links":{"self":[{"href":"https:\/\/agora.xtec.cat\/iesjuliaminguell\/wp-json\/wp\/v2\/pages\/4691","targetHints":{"allow":["GET"]}}],"collection":[{"href":"https:\/\/agora.xtec.cat\/iesjuliaminguell\/wp-json\/wp\/v2\/pages"}],"about":[{"href":"https:\/\/agora.xtec.cat\/iesjuliaminguell\/wp-json\/wp\/v2\/types\/page"}],"author":[{"embeddable":true,"href":"https:\/\/agora.xtec.cat\/iesjuliaminguell\/wp-json\/wp\/v2\/users\/1"}],"replies":[{"embeddable":true,"href":"https:\/\/agora.xtec.cat\/iesjuliaminguell\/wp-json\/wp\/v2\/comments?post=4691"}],"version-history":[{"count":6,"href":"https:\/\/agora.xtec.cat\/iesjuliaminguell\/wp-json\/wp\/v2\/pages\/4691\/revisions"}],"predecessor-version":[{"id":6636,"href":"https:\/\/agora.xtec.cat\/iesjuliaminguell\/wp-json\/wp\/v2\/pages\/4691\/revisions\/6636"}],"up":[{"embeddable":true,"href":"https:\/\/agora.xtec.cat\/iesjuliaminguell\/wp-json\/wp\/v2\/pages\/1029"}],"wp:attachment":[{"href":"https:\/\/agora.xtec.cat\/iesjuliaminguell\/wp-json\/wp\/v2\/media?parent=4691"}],"curies":[{"name":"wp","href":"https:\/\/api.w.org\/{rel}","templated":true}]}}