{"id":4689,"date":"2023-03-07T12:23:43","date_gmt":"2023-03-07T11:23:43","guid":{"rendered":"https:\/\/agora.xtec.cat\/iesjuliaminguell\/?page_id=4689"},"modified":"2026-04-15T11:07:37","modified_gmt":"2026-04-15T09:07:37","slug":"eso","status":"publish","type":"page","link":"https:\/\/agora.xtec.cat\/iesjuliaminguell\/secretaria\/preinscripcio\/eso\/","title":{"rendered":"ESO"},"content":{"rendered":"<h3><span style=\"color: #ff0000;\">RECOMANEM QUE <\/span><span style=\"color: #ff0000;\">VISIONEU ELS V\u00cdDEOS \ud83d\udcfd I <\/span><span style=\"color: #ff0000;\">LLEGIU DETINGUDAMENT TOTA LA INFORMACI\u00d3 \ud83d\udcf0 ABANS DE REALITZAR LA PREINSCRIPCI\u00d3<\/span><\/h3>\n<p>Per con\u00e9ixer tota la informaci\u00f3 disponible al <a href=\"https:\/\/preinscripcio.gencat.cat\/ca\/estudis\/eso\/inici\/\" target=\"_blank\" rel=\"noopener\">web<\/a> del Departament d&#8217;Educaci\u00f3 i Formaci\u00f3 Professional.<\/p>\n<p>Com digitalitzar documents per adjuntar a la preinscripci\u00f3 \ud83d\udcf0\ud83d\udcc4<\/p>\n<p><iframe loading=\"lazy\" title=\"Saps com digitalitzar documents per fer els tr\u00e0mits?\" width=\"500\" height=\"281\" src=\"https:\/\/www.youtube.com\/embed\/kAm26LWm51U?feature=oembed\" frameborder=\"0\" allow=\"accelerometer; autoplay; clipboard-write; encrypted-media; gyroscope; picture-in-picture; web-share\" referrerpolicy=\"strict-origin-when-cross-origin\" allowfullscreen><\/iframe><\/p>\n<p>Com adjuntar la documentaci\u00f3 a la preinscripci\u00f3 \ud83d\udce5\u270f<\/p>\n<p><iframe loading=\"lazy\" title=\"Com adjuntar documentaci\u00f3 en la sol\u00b7licitud de preinscripci\u00f3\" width=\"500\" height=\"281\" src=\"https:\/\/www.youtube.com\/embed\/A6Ru3PwTvPc?feature=oembed\" frameborder=\"0\" allow=\"accelerometer; autoplay; clipboard-write; encrypted-media; gyroscope; picture-in-picture; web-share\" referrerpolicy=\"strict-origin-when-cross-origin\" allowfullscreen><\/iframe><\/p>\n<h2><em><a href=\"https:\/\/preinscripcio.gencat.cat\/ca\/estudis\/eso\/inici\/\" target=\"_blank\" rel=\"noopener\">Informaci\u00f3 del proc\u00e9s de preinscripci\u00f3 i matr\u00edcula<\/a><\/em><\/h2>\n<p><a href=\"https:\/\/agora.xtec.cat\/iesjuliaminguell\/wp-content\/uploads\/usu1213\/2026\/03\/1-Explicacio-portes-obertes-26-27.pdf\" target=\"_blank\" rel=\"noopener\">Informaci\u00f3 d&#8217;inter\u00e8s (tel\u00e8fon de consultes de Secretaria)<\/a><\/p>\n<p>La nostra zona d&#8217;escolaritzaci\u00f3 d&#8217;ESO de Badalona \u00e9s la <strong>A<\/strong>. El nostre codi de centre \u00e9s <strong>08052888<\/strong>, poseu-lo a la primera opci\u00f3 de la sol\u00b7licitud.\u00a0<a href=\"https:\/\/agora.xtec.cat\/iesjuliaminguell\/wp-content\/uploads\/usu1213\/2026\/02\/adscripcio-centres-pri-eso-BAR.pdf\" target=\"_blank\" rel=\"noopener\">Aqu\u00ed<\/a> podreu comprovar les escoles adscrites al J\u00falia Minguell.<\/p>\n<p>El curs escolar 2025-2026 la quota satisfeta per les fam\u00edlies en concepte de material i AMPA, va ser de 65\u20ac que es paga en un \u00fanic pagament a trav\u00e9s del Banc en el moment de realitzar la matr\u00edcula.<\/p>\n<p><a href=\"https:\/\/agora.xtec.cat\/iesjuliaminguell\/wp-content\/uploads\/usu1213\/2023\/03\/Annex-als-aclariments-sobre-la-preinscripcio.pdf\" target=\"_blank\" rel=\"noopener\">Aclariments<\/a> sobre la preinscripci\u00f3. IMPORTANT: Heu de tenir en compte que l&#8217;adre\u00e7a on est\u00e0 empadronat\/a l&#8217;alumne\/a ha de coincidir amb el progenitor que fa la sol\u00b7licitud, en cas de separaci\u00f3 heu de fer constar com a OVT (Oficina virtual de tr\u00e0mits) al progenitor amb el qual conviu i est\u00e0 empadronat l&#8217;alumne\/a, en cas contrari, pot donar error la puntuaci\u00f3 de lloc de resid\u00e8ncia i ens haureu de fer arribar un certificat de conviv\u00e8ncia o full d&#8217;empadronament actualitzat.<\/p>\n<p><a href=\"https:\/\/agora.xtec.cat\/iesjuliaminguell\/wp-content\/uploads\/usu1213\/2026\/02\/CALENDARIESO-26-27.pdf\" target=\"_blank\" rel=\"noopener\">Calendari ESO 2026-2027<\/a><\/p>\n<p><a href=\"https:\/\/agora.xtec.cat\/iesjuliaminguell\/wp-content\/uploads\/usu1213\/2026\/02\/Resum-baremdocumentacio-ESO-25-26.pdf\" target=\"_blank\" rel=\"noopener\">Explicaci\u00f3 del barem (criteri espec\u00edfic, prioritaris i complementaris) 2026-2027<\/a><\/p>\n<p>Per tal de fer la sol\u00b7licitud de preinscripci\u00f3 dirigiu-vos al seg\u00fcent enlla\u00e7 del <span style=\"text-decoration: underline;\">6 al 18 de mar\u00e7<\/span>: <a href=\"https:\/\/tramits.gencat.cat\/ca\/tramits\/tramits-temes\/perinscripcio-obligatoris?moda=3\" target=\"_blank\" rel=\"noopener\">Sol\u00b7licitud de preinscripci\u00f3 ESO 2026\/2027<\/a><\/p>\n<table style=\"width: 100%; border-collapse: collapse; border-style: solid; border-color: #f54720;\">\n<tbody>\n<tr>\n<td style=\"width: 100%;\"><span style=\"color: #ff6600;\"><strong>ACLARIMENTS<\/strong>: En les sol\u00b7licituds sense certificat digital, se us demana que adjunteu la documentaci\u00f3 seg\u00fcent:<\/span><\/p>\n<p><span style=\"color: #ff6600;\">&#8211; DNI del\/la sol\u00b7licitant (en aquest cas \u00e9s el pare, mare o tutor\/a legal), fotoc\u00f2pia o foto per ambdues cares.<\/span><\/p>\n<p><span style=\"color: #ff6600;\">&#8211; Document de filiaci\u00f3 (\u00e9s el llibre de fam\u00edlia, fotoc\u00f2pia o foto de la p\u00e0gina dels pares i de l&#8217;alumne\/a o partida de naixement de l&#8217;alumne\/a).<\/span><\/td>\n<\/tr>\n<\/tbody>\n<\/table>\n<p>&nbsp;<\/p>\n<h3><span style=\"text-decoration: underline;\"><strong><span style=\"color: #ff0000; text-decoration: underline;\">LLISTATS<\/span><\/strong><\/span><\/h3>\n<ul>\n<li><a href=\"https:\/\/agora.xtec.cat\/iesjuliaminguell\/wp-content\/uploads\/usu1213\/2026\/03\/20260303_INFORME_OFERTA_OME_INFORME_OFERTA-8.pdf\" target=\"_blank\" rel=\"noopener\">03\/03\/2026-Oferta inicial de places<\/a><\/li>\n<li><a href=\"https:\/\/agora.xtec.cat\/iesjuliaminguell\/wp-content\/uploads\/usu1213\/2026\/04\/20260415-INFORME_BAREM_PROVISIONAL_BAREM.pdf\" target=\"_blank\" rel=\"noopener\">15\/04\/2026-Llistat amb la puntuaci\u00f3 provisional<\/a><\/li>\n<\/ul>\n<p><strong>ACLARIMENT<\/strong> al llistat de puntuaci\u00f3: La tercera columna on especifica germans (1) a la nota al peu posa: germans que demanen pla\u00e7a pel mateix centre, ensenyament i curs (aix\u00f2 vol dir que tinguin germans bessons o no, que entrin al mateix moment a 1r d&#8217;ESO en la preinscripci\u00f3), NO vol dir que tinguin germans matriculats al centre (aix\u00f2 ho veureu en la columna de criteris prioritaris 50 punts), segons especificat m\u00e9s amunt al document de barems.<\/p>\n<p><strong><em>El llistat est\u00e0 ordenat per les 2 primeres lletres del nom, 2 primeres lletres dels cognoms.<\/em><\/strong><\/p>\n<p>Si una vegada revisada la vostra puntuaci\u00f3 provisional considereu que no \u00e9s correcte, podeu fer <strong>reclamaci\u00f3<\/strong>. Us passem un v\u00eddeo amb les instruccions de com fer-la.<\/p>\n<p><iframe loading=\"lazy\" title=\"Reclamaci\u00f3 sobre la llista provisional de la preinscripci\u00f3\" width=\"500\" height=\"281\" src=\"https:\/\/www.youtube.com\/embed\/Y1HTJ25ueeY?feature=oembed\" frameborder=\"0\" allow=\"accelerometer; autoplay; clipboard-write; encrypted-media; gyroscope; picture-in-picture; web-share\" referrerpolicy=\"strict-origin-when-cross-origin\" allowfullscreen><\/iframe><\/p>\n<p>&#8211; Llistat amb la puntuaci\u00f3 definitiva (un cop resoltes les reclamacions)<\/p>\n<p>Aquest llistat afegeix el n\u00famero per al desempat. Si alguna <strong>reclamaci\u00f3 no s&#8217;ha pogut tramita<\/strong>r o la fam\u00edlia considera que no s&#8217;ha resolt la seva reclamaci\u00f3, pot presentar-ne una altra davant la <strong>Comissi\u00f3 de Garanties d&#8217;Admissi\u00f3<\/strong>. Per fer-ho, ja no hi ha tr\u00e0mit electr\u00f2nic, s&#8217;ha de presentar a la seu de la Comissi\u00f3 o als Serveis Territorials de Barcelona Comarques.<\/p>\n<p>&#8211; Sorteig per establir el n\u00famero per determinar l&#8217;ordre en cas d&#8217;empat a les preinscripcions, d&#8217;un total de \u00a0sol\u00b7licituds. El n\u00famero \u00e9s:<\/p>\n<p>-Llista ordenada definitiva, per ordre de barem i n\u00famero de desempat<\/p>\n<ul>\n<li>-Oferta final de places <span style=\"color: #ff0000;\">(IMPORTANT COMPROVAR-HO!!)<\/span> <a href=\"https:\/\/agora.xtec.cat\/iesjuliaminguell\/wp-content\/uploads\/usu1213\/2023\/06\/new.gif\"><img loading=\"lazy\" decoding=\"async\" class=\"alignnone wp-image-4993\" src=\"https:\/\/agora.xtec.cat\/iesjuliaminguell\/wp-content\/uploads\/usu1213\/2023\/06\/new.gif\" alt=\"\" width=\"32\" height=\"32\" \/><\/a><\/li>\n<li>-Alumnat assignat al centre (amb indicaci\u00f3 de la 1a petici\u00f3)<\/li>\n<li>-Alumnat preinscrit al centre (amb indicaci\u00f3 del centre assignat &#8211; assignats a altres centres)<\/li>\n<li>-Alumnat en llista d&#8217;espera<\/li>\n<\/ul>\n<table style=\"width: 100%; border-collapse: collapse; border-color: #ed0937; height: 63px;\">\n<tbody>\n<tr style=\"height: 63px;\">\n<td style=\"width: 100%; height: 63px; border-color: #f50c0c;\"><span style=\"color: #ff0000;\">Les fam\u00edlies de l&#8217;alumnat assignat al centre rebreu a partir d&#8217;avui (16 de juny) o durant la setmana pr\u00f2xima, un correu electr\u00f2nic amb informaci\u00f3 i documentaci\u00f3 per a realitzar la matr\u00edcula (presencial). Se us assignar\u00e0 un dia i hora per a realitzar la matr\u00edcula i entrevista amb la Direcci\u00f3 del centre. Preguem que respecteu aquesta data i horari. Gr\u00e0cies.<\/span><\/td>\n<\/tr>\n<\/tbody>\n<\/table>\n<ul>\n<li>Llistat d&#8217;alumnat matriculat al centre (preinscripci\u00f3 o admissi\u00f3)<\/li>\n<\/ul>\n","protected":false},"excerpt":{"rendered":"<p>RECOMANEM QUE VISIONEU ELS V\u00cdDEOS \ud83d\udcfd I LLEGIU DETINGUDAMENT TOTA LA INFORMACI\u00d3 \ud83d\udcf0 ABANS DE REALITZAR LA PREINSCRIPCI\u00d3<br \/>\nPer con\u00e9ixer tota la informaci\u00f3 disponible al <a href=\"https:\/\/preinscripcio.gencat.cat\/ca\/estudis\/eso\/inici\/\" target=\"_blank\" rel=\"noopener\">web<\/a> del Departament d&#8217;Educaci\u00f3 i Formaci\u00f3 Professional.<br \/>\nCom digitalitzar documents per adjuntar a la preinscripci\u00f3 \ud83d\udcf0\ud83d\udcc4<\/p>\n<p>Com adjuntar la documentaci\u00f3&hellip;  <a href=\"https:\/\/agora.xtec.cat\/iesjuliaminguell\/secretaria\/preinscripcio\/eso\/\" title=\"Read ESO\">Llegeix m\u00e9s\u00bb<\/a><\/p>\n","protected":false},"author":1,"featured_media":0,"parent":1029,"menu_order":1,"comment_status":"closed","ping_status":"closed","template":"page-templates\/side-menu.php","meta":{"_bbp_topic_count":0,"_bbp_reply_count":0,"_bbp_total_topic_count":0,"_bbp_total_reply_count":0,"_bbp_voice_count":0,"_bbp_anonymous_reply_count":0,"_bbp_topic_count_hidden":0,"_bbp_reply_count_hidden":0,"_bbp_forum_subforum_count":0,"footnotes":""},"class_list":["post-4689","page","type-page","status-publish","hentry"],"post_mailing_queue_ids":[],"_links":{"self":[{"href":"https:\/\/agora.xtec.cat\/iesjuliaminguell\/wp-json\/wp\/v2\/pages\/4689","targetHints":{"allow":["GET"]}}],"collection":[{"href":"https:\/\/agora.xtec.cat\/iesjuliaminguell\/wp-json\/wp\/v2\/pages"}],"about":[{"href":"https:\/\/agora.xtec.cat\/iesjuliaminguell\/wp-json\/wp\/v2\/types\/page"}],"author":[{"embeddable":true,"href":"https:\/\/agora.xtec.cat\/iesjuliaminguell\/wp-json\/wp\/v2\/users\/1"}],"replies":[{"embeddable":true,"href":"https:\/\/agora.xtec.cat\/iesjuliaminguell\/wp-json\/wp\/v2\/comments?post=4689"}],"version-history":[{"count":6,"href":"https:\/\/agora.xtec.cat\/iesjuliaminguell\/wp-json\/wp\/v2\/pages\/4689\/revisions"}],"predecessor-version":[{"id":6505,"href":"https:\/\/agora.xtec.cat\/iesjuliaminguell\/wp-json\/wp\/v2\/pages\/4689\/revisions\/6505"}],"up":[{"embeddable":true,"href":"https:\/\/agora.xtec.cat\/iesjuliaminguell\/wp-json\/wp\/v2\/pages\/1029"}],"wp:attachment":[{"href":"https:\/\/agora.xtec.cat\/iesjuliaminguell\/wp-json\/wp\/v2\/media?parent=4689"}],"curies":[{"name":"wp","href":"https:\/\/api.w.org\/{rel}","templated":true}]}}